{"id":5861,"date":"2016-12-19T11:51:06","date_gmt":"2016-12-19T10:51:06","guid":{"rendered":"http:\/\/scolopi.org\/?page_id=5861\/"},"modified":"2016-12-19T11:51:06","modified_gmt":"2016-12-19T10:51:06","slug":"praefatio","status":"publish","type":"page","link":"https:\/\/scolopi.org\/en\/praefatio\/","title":{"rendered":"Praefatio"},"content":{"rendered":"[et_pb_section admin_label=&#8221;section&#8221;][et_pb_row admin_label=&#8221;row&#8221;][et_pb_column type=&#8221;4_4&#8243;][et_pb_image admin_label=&#8221;Imagen&#8221; src=&#8221;https:\/\/scolopi.org\/wp-content\/uploads\/2016\/12\/praefatium.jpg&#8221; show_in_lightbox=&#8221;off&#8221; url_new_window=&#8221;off&#8221; use_overlay=&#8221;off&#8221; animation=&#8221;fade_in&#8221; sticky=&#8221;off&#8221; align=&#8221;left&#8221; force_fullwidth=&#8221;off&#8221; always_center_on_mobile=&#8221;on&#8221; use_border_color=&#8221;off&#8221; border_color=&#8221;#ffffff&#8221; border_style=&#8221;solid&#8221;] [\/et_pb_image][et_pb_divider admin_label=&#8221;Separador&#8221; color=&#8221;#0c71c3&#8243; show_divider=&#8221;on&#8221; divider_style=&#8221;solid&#8221; divider_position=&#8221;top&#8221; hide_on_mobile=&#8221;on&#8221; height=&#8221;2&#8243;] [\/et_pb_divider][et_pb_accordion admin_label=&#8221;Acorde\u00f3n&#8221; use_border_color=&#8221;off&#8221; border_color=&#8221;#ffffff&#8221; border_style=&#8221;solid&#8221;] [et_pb_accordion_item title=&#8221;Prefacio, San Jos\u00e9 de Calasanz, fiel cooperador de la verdad&#8221;]\n<p>Prefacio propio para San Jos\u00e9 de Calasanz<\/p>\n<p>Compartimos con todos ustedes la alegr\u00eda y acci\u00f3n de gracias a Dios por este A\u00f1o Jubilar que estamos comenzando y que deseamos vivir intensamente, abiertos a los dones del Esp\u00edritu. \u00a0La Santa Sede ha concedido un Prefacio Propio para la Misa de San Jos\u00e9 de Calasanz. Ya est\u00e1 aprobado en ocho idiomas (lat\u00edn, ingl\u00e9s, franc\u00e9s, espa\u00f1ol, italiano, alem\u00e1n, catal\u00e1n y polaco), para su uso lit\u00fargico en la celebraci\u00f3n de la Misa propia de Nuestro Santo Padre.<\/p>\n<p>&nbsp;<\/p>\n<a href='https:\/\/scolopi.org\/wp-content\/uploads\/2016\/12\/espa\u00f1ol.pdf' class='small-button smallblue' target=\"_blank\">Espa\u00f1ol<\/a>[\/et_pb_accordion_item][et_pb_accordion_item title=&#8221;Preface. Saint Joseph Calasanz, faithful cooperator of the truth&#8221;]\n<p class=\"default\">Preface Proper for Saint Joseph Calasanz<\/p>\n<p class=\"default\"><span style=\"font-size: 11.0pt;\">We greet you with affection in these first days of the Calasanctian Jubilee Year. We share with you the joy and thanksgiving to God for this Jubilee Year that we are just beginning and want to live intensely, open to the gifts of the Spirit. <\/span><\/p>\n<p class=\"default\"><span style=\"font-size: 11.0pt;\">We inform you that the Holy See has granted a Preface Proper for the Mass of Saint\u00a0Joseph Calasanz. It is already approved in eight languages (Latin, English, French, Spanish, Italian, German, Catalan and Polish) for liturgical use in the celebration of the mass of Our Holy Father.<\/span><\/p>\n<p class=\"default\"><a href='https:\/\/scolopi.org\/wp-content\/uploads\/2016\/12\/english.pdf' class='small-button smallblue' target=\"_blank\">English<\/a>[\/et_pb_accordion_item][et_pb_accordion_item title=&#8221;Pr\u00e9face. Sain Joseph Calasanz, fid\u00e8le serviteur de la v\u00e9rit\u00e9&#8221;]\n<p class=\"default\">Pr\u00e9face Propre de Saint Joseph de Calasanz<\/p>\n<p class=\"default\"><span style=\"font-size: 11.0pt;\">Nous vous saluons avec affection dans ces premiers jours de l&#8217;Ann\u00e9e Jubilaire Calasanctienne.\u00a0Nous partageons avec vous la joie et l\u2019action de gr\u00e2ces \u00e0 Dieu pour cette ann\u00e9e de Jubilaire que vient de commencer et que nous souhaitons vivre intens\u00e9ment, ouverts aux dons de l\u2019Esprit. <\/span><\/p>\n<p class=\"default\"><span style=\"font-size: 11.0pt;\">Nous vous informons que le Saint-Si\u00e8ge a accord\u00e9 une Pr\u00e9face Propre<b>\u00a0<\/b>de la Messe de Saint Joseph de Calasanz. Elle est d\u00e9j\u00e0 approuv\u00e9e en huit langues (latin, anglais, fran\u00e7ais, espagnol, italien, allemand, catalan et polonais) pour l\u2019usage liturgique dans la c\u00e9l\u00e9bration de la Messe propre de Notre Saint P\u00e8re.<\/span><\/p>\n<p class=\"default\"><a href='https:\/\/scolopi.org\/wp-content\/uploads\/2016\/12\/francais.pdf' class='small-button smallblue' target=\"_blank\">Fran\u00e7ais<\/a>[\/et_pb_accordion_item][et_pb_accordion_item title=&#8221;Prefazio. San Giuseppe Calasanzio, fedele cooperatore della verit\u00e0&#8221;]\n<p class=\"default\">Prefazio Proprio di San Giuseppe Calasanzio<\/p>\n<p class=\"default\">\u00a0<span style=\"font-size: 11.0pt;\">Vi salutiamo con affetto in questi primi giorni dell&#8217;Anno Giubilare Calasanziano. Condividiamo con tutti voi la gioia e il ringraziamento a Dio per questo Anno Giubilare che stiamo per cominciare e che vogliamo vivere intensamente, aperti ai doni dello Spirito. <\/span><\/p>\n<p class=\"default\"><span style=\"font-size: 11.0pt;\">Vi informiamo che la Santa Sede ha concesso un Prefazio Proprio\u00a0della Messa di San Giuseppe Calasanzio. \u00c8 gi\u00e0 stato approvato in otto lingue (latino, inglese, francese, spagnolo, italiano, tedesco catalano e polacco) per il suo uso liturgico nella celebrazione della Messa del Nostro Santo Padre.<\/span><\/p>\n<p class=\"default\"><a href='https:\/\/scolopi.org\/wp-content\/uploads\/2016\/12\/Italiano.pdf' class='small-button smallblue' target=\"_blank\">Italiano<\/a>[\/et_pb_accordion_item] [\/et_pb_accordion][\/et_pb_column][\/et_pb_row][et_pb_row admin_label=&#8221;Fila&#8221;][et_pb_column type=&#8221;4_4&#8243;][et_pb_divider admin_label=&#8221;Separador&#8221; color=&#8221;#0c71c3&#8243; show_divider=&#8221;on&#8221; height=&#8221;2&#8243; divider_style=&#8221;solid&#8221; divider_position=&#8221;top&#8221; hide_on_mobile=&#8221;on&#8221;] [\/et_pb_divider][\/et_pb_column][\/et_pb_row][et_pb_row admin_label=&#8221;Fila&#8221;][et_pb_column type=&#8221;1_4&#8243;][et_pb_button admin_label=&#8221;Bot\u00f3n&#8221; button_url=&#8221;https:\/\/scolopi.org\/wp-content\/uploads\/2016\/12\/catala.pdf&#8221; url_new_window=&#8221;on&#8221; button_text=&#8221;Catal\u00e0&#8221; button_alignment=&#8221;center&#8221; background_layout=&#8221;light&#8221; custom_button=&#8221;off&#8221; button_letter_spacing=&#8221;0&#8243; button_use_icon=&#8221;default&#8221; button_icon_placement=&#8221;right&#8221; button_on_hover=&#8221;on&#8221; button_letter_spacing_hover=&#8221;0&#8243;] [\/et_pb_button][\/et_pb_column][et_pb_column type=&#8221;1_4&#8243;][et_pb_button admin_label=&#8221;Bot\u00f3n&#8221; button_url=&#8221;https:\/\/scolopi.org\/wp-content\/uploads\/2016\/12\/deutsch.pdf&#8221; url_new_window=&#8221;on&#8221; button_text=&#8221;Deutsch&#8221; button_alignment=&#8221;center&#8221; background_layout=&#8221;light&#8221; custom_button=&#8221;off&#8221; button_letter_spacing=&#8221;0&#8243; button_use_icon=&#8221;default&#8221; button_icon_placement=&#8221;right&#8221; button_on_hover=&#8221;on&#8221; button_letter_spacing_hover=&#8221;0&#8243;] [\/et_pb_button][\/et_pb_column][et_pb_column type=&#8221;1_4&#8243;][et_pb_button admin_label=&#8221;Bot\u00f3n&#8221; button_url=&#8221;https:\/\/scolopi.org\/wp-content\/uploads\/2016\/12\/latin.pdf&#8221; url_new_window=&#8221;on&#8221; button_text=&#8221;Latin&#8221; button_alignment=&#8221;center&#8221; background_layout=&#8221;light&#8221; custom_button=&#8221;off&#8221; button_letter_spacing=&#8221;0&#8243; button_use_icon=&#8221;default&#8221; button_icon_placement=&#8221;right&#8221; button_on_hover=&#8221;on&#8221; button_letter_spacing_hover=&#8221;0&#8243;] [\/et_pb_button][\/et_pb_column][et_pb_column type=&#8221;1_4&#8243;][et_pb_button admin_label=&#8221;Bot\u00f3n&#8221; button_url=&#8221;https:\/\/scolopi.org\/wp-content\/uploads\/2016\/12\/polski.pdf&#8221; url_new_window=&#8221;on&#8221; button_text=&#8221;Polski&#8221; button_alignment=&#8221;center&#8221; background_layout=&#8221;light&#8221; custom_button=&#8221;off&#8221; button_letter_spacing=&#8221;0&#8243; button_use_icon=&#8221;default&#8221; button_icon_placement=&#8221;right&#8221; button_on_hover=&#8221;on&#8221; button_letter_spacing_hover=&#8221;0&#8243;] [\/et_pb_button][\/et_pb_column][\/et_pb_row][\/et_pb_section]\n","protected":false},"excerpt":{"rendered":"<p>Prefacio propio para San Jos&eacute; de Calasanz Compartimos con todos ustedes la alegr&iacute;a y acci&oacute;n de gracias a Dios por este A&ntilde;o Jubilar que estamos comenzando y que deseamos vivir intensamente, abiertos a los dones del Esp&iacute;ritu. &nbsp;La Santa Sede ha concedido un Prefacio Propio para la Misa de San Jos&eacute; de Calasanz. Ya est&aacute; [&hellip;]<\/p>\n","protected":false},"author":2,"featured_media":5815,"parent":0,"menu_order":0,"comment_status":"closed","ping_status":"closed","template":"","meta":{"_et_pb_use_builder":"on","_et_pb_old_content":"","_et_gb_content_width":"","footnotes":""},"class_list":["post-5861","page","type-page","status-publish","has-post-thumbnail","hentry"],"yoast_head":"<!-- This site is optimized with the Yoast SEO plugin v24.6 - https:\/\/yoast.com\/wordpress\/plugins\/seo\/ -->\n<title>Praefatio - Order of the Pious Schools<\/title>\n<meta name=\"robots\" content=\"index, follow, max-snippet:-1, max-image-preview:large, max-video-preview:-1\" \/>\n<link rel=\"canonical\" href=\"https:\/\/scolopi.org\/praefatio\/\" \/>\n<meta property=\"og:locale\" content=\"en_US\" \/>\n<meta property=\"og:type\" content=\"article\" \/>\n<meta property=\"og:title\" content=\"Praefatio - Order of the Pious Schools\" \/>\n<meta property=\"og:description\" content=\"Prefacio propio para San Jos&eacute; de Calasanz Compartimos con todos ustedes la alegr&iacute;a y acci&oacute;n de gracias a Dios por este A&ntilde;o Jubilar que estamos comenzando y que deseamos vivir intensamente, abiertos a los dones del Esp&iacute;ritu. &nbsp;La Santa Sede ha concedido un Prefacio Propio para la Misa de San Jos&eacute; de Calasanz. Ya est&aacute; [&hellip;]\" \/>\n<meta property=\"og:url\" content=\"https:\/\/scolopi.org\/praefatio\/\" \/>\n<meta property=\"og:site_name\" content=\"Order of the Pious Schools\" \/>\n<meta property=\"og:image\" content=\"https:\/\/scolopi.org\/wp-content\/uploads\/2016\/12\/praefatium.jpg\" \/>\n\t<meta property=\"og:image:width\" content=\"2339\" \/>\n\t<meta property=\"og:image:height\" content=\"877\" \/>\n\t<meta property=\"og:image:type\" content=\"image\/jpeg\" \/>\n<meta name=\"twitter:card\" content=\"summary_large_image\" \/>\n<meta name=\"twitter:label1\" content=\"Est. reading time\" \/>\n\t<meta name=\"twitter:data1\" content=\"5 minutes\" \/>\n<script type=\"application\/ld+json\" class=\"yoast-schema-graph\">{\"@context\":\"https:\/\/schema.org\",\"@graph\":[{\"@type\":\"WebPage\",\"@id\":\"https:\/\/scolopi.org\/praefatio\/\",\"url\":\"https:\/\/scolopi.org\/praefatio\/\",\"name\":\"Praefatio - Order of the Pious Schools\",\"isPartOf\":{\"@id\":\"https:\/\/scolopi.org\/#website\"},\"primaryImageOfPage\":{\"@id\":\"https:\/\/scolopi.org\/praefatio\/#primaryimage\"},\"image\":{\"@id\":\"https:\/\/scolopi.org\/praefatio\/#primaryimage\"},\"thumbnailUrl\":\"https:\/\/scolopi.org\/wp-content\/uploads\/2016\/12\/praefatium.jpg\",\"datePublished\":\"2016-12-19T10:51:06+00:00\",\"breadcrumb\":{\"@id\":\"https:\/\/scolopi.org\/praefatio\/#breadcrumb\"},\"inLanguage\":\"en-US\",\"potentialAction\":[{\"@type\":\"ReadAction\",\"target\":[\"https:\/\/scolopi.org\/praefatio\/\"]}]},{\"@type\":\"ImageObject\",\"inLanguage\":\"en-US\",\"@id\":\"https:\/\/scolopi.org\/praefatio\/#primaryimage\",\"url\":\"https:\/\/scolopi.org\/wp-content\/uploads\/2016\/12\/praefatium.jpg\",\"contentUrl\":\"https:\/\/scolopi.org\/wp-content\/uploads\/2016\/12\/praefatium.jpg\",\"width\":2339,\"height\":877},{\"@type\":\"BreadcrumbList\",\"@id\":\"https:\/\/scolopi.org\/praefatio\/#breadcrumb\",\"itemListElement\":[{\"@type\":\"ListItem\",\"position\":1,\"name\":\"Portada\",\"item\":\"https:\/\/scolopi.org\/en\/\"},{\"@type\":\"ListItem\",\"position\":2,\"name\":\"Praefatio\"}]},{\"@type\":\"WebSite\",\"@id\":\"https:\/\/scolopi.org\/#website\",\"url\":\"https:\/\/scolopi.org\/\",\"name\":\"Order of the Pious Schools\",\"description\":\"Web Oficial de la Orden de las Escuelas P\u00edas\",\"potentialAction\":[{\"@type\":\"SearchAction\",\"target\":{\"@type\":\"EntryPoint\",\"urlTemplate\":\"https:\/\/scolopi.org\/?s={search_term_string}\"},\"query-input\":{\"@type\":\"PropertyValueSpecification\",\"valueRequired\":true,\"valueName\":\"search_term_string\"}}],\"inLanguage\":\"en-US\"}]}<\/script>\n<!-- \/ Yoast SEO plugin. -->","yoast_head_json":{"title":"Praefatio - Order of the Pious Schools","robots":{"index":"index","follow":"follow","max-snippet":"max-snippet:-1","max-image-preview":"max-image-preview:large","max-video-preview":"max-video-preview:-1"},"canonical":"https:\/\/scolopi.org\/praefatio\/","og_locale":"en_US","og_type":"article","og_title":"Praefatio - Order of the Pious Schools","og_description":"Prefacio propio para San Jos&eacute; de Calasanz Compartimos con todos ustedes la alegr&iacute;a y acci&oacute;n de gracias a Dios por este A&ntilde;o Jubilar que estamos comenzando y que deseamos vivir intensamente, abiertos a los dones del Esp&iacute;ritu. &nbsp;La Santa Sede ha concedido un Prefacio Propio para la Misa de San Jos&eacute; de Calasanz. Ya est&aacute; [&hellip;]","og_url":"https:\/\/scolopi.org\/praefatio\/","og_site_name":"Order of the Pious Schools","og_image":[{"width":2339,"height":877,"url":"https:\/\/scolopi.org\/wp-content\/uploads\/2016\/12\/praefatium.jpg","type":"image\/jpeg"}],"twitter_card":"summary_large_image","twitter_misc":{"Est. reading time":"5 minutes"},"schema":{"@context":"https:\/\/schema.org","@graph":[{"@type":"WebPage","@id":"https:\/\/scolopi.org\/praefatio\/","url":"https:\/\/scolopi.org\/praefatio\/","name":"Praefatio - Order of the Pious Schools","isPartOf":{"@id":"https:\/\/scolopi.org\/#website"},"primaryImageOfPage":{"@id":"https:\/\/scolopi.org\/praefatio\/#primaryimage"},"image":{"@id":"https:\/\/scolopi.org\/praefatio\/#primaryimage"},"thumbnailUrl":"https:\/\/scolopi.org\/wp-content\/uploads\/2016\/12\/praefatium.jpg","datePublished":"2016-12-19T10:51:06+00:00","breadcrumb":{"@id":"https:\/\/scolopi.org\/praefatio\/#breadcrumb"},"inLanguage":"en-US","potentialAction":[{"@type":"ReadAction","target":["https:\/\/scolopi.org\/praefatio\/"]}]},{"@type":"ImageObject","inLanguage":"en-US","@id":"https:\/\/scolopi.org\/praefatio\/#primaryimage","url":"https:\/\/scolopi.org\/wp-content\/uploads\/2016\/12\/praefatium.jpg","contentUrl":"https:\/\/scolopi.org\/wp-content\/uploads\/2016\/12\/praefatium.jpg","width":2339,"height":877},{"@type":"BreadcrumbList","@id":"https:\/\/scolopi.org\/praefatio\/#breadcrumb","itemListElement":[{"@type":"ListItem","position":1,"name":"Portada","item":"https:\/\/scolopi.org\/en\/"},{"@type":"ListItem","position":2,"name":"Praefatio"}]},{"@type":"WebSite","@id":"https:\/\/scolopi.org\/#website","url":"https:\/\/scolopi.org\/","name":"Order of the Pious Schools","description":"Web Oficial de la Orden de las Escuelas P\u00edas","potentialAction":[{"@type":"SearchAction","target":{"@type":"EntryPoint","urlTemplate":"https:\/\/scolopi.org\/?s={search_term_string}"},"query-input":{"@type":"PropertyValueSpecification","valueRequired":true,"valueName":"search_term_string"}}],"inLanguage":"en-US"}]}},"_links":{"self":[{"href":"https:\/\/scolopi.org\/en\/wp-json\/wp\/v2\/pages\/5861"}],"collection":[{"href":"https:\/\/scolopi.org\/en\/wp-json\/wp\/v2\/pages"}],"about":[{"href":"https:\/\/scolopi.org\/en\/wp-json\/wp\/v2\/types\/page"}],"author":[{"embeddable":true,"href":"https:\/\/scolopi.org\/en\/wp-json\/wp\/v2\/users\/2"}],"replies":[{"embeddable":true,"href":"https:\/\/scolopi.org\/en\/wp-json\/wp\/v2\/comments?post=5861"}],"version-history":[{"count":0,"href":"https:\/\/scolopi.org\/en\/wp-json\/wp\/v2\/pages\/5861\/revisions"}],"wp:featuredmedia":[{"embeddable":true,"href":"https:\/\/scolopi.org\/en\/wp-json\/wp\/v2\/media\/5815"}],"wp:attachment":[{"href":"https:\/\/scolopi.org\/en\/wp-json\/wp\/v2\/media?parent=5861"}],"curies":[{"name":"wp","href":"https:\/\/api.w.org\/{rel}","templated":true}]}}