{"id":18971,"date":"2018-04-25T11:22:50","date_gmt":"2018-04-25T09:22:50","guid":{"rendered":"https:\/\/scolopi.org\/aviso-legal\/"},"modified":"2018-05-10T13:09:37","modified_gmt":"2018-05-10T11:09:37","slug":"mentions-legales","status":"publish","type":"page","link":"https:\/\/scolopi.org\/fr\/mentions-legales\/","title":{"rendered":"Mentions l\u00e9gales"},"content":{"rendered":"<h2 style=\"text-align: center;\"><\/h2>\n<h2 style=\"text-align: center;\"><strong>Mentions l\u00e9gales <\/strong><strong>SCOLOPI.ORG<\/strong><\/h2>\n<p>Le responsable de ce site Web est: \u00a0\u00bb Delegaci\u00f3n General Escuelas P\u00edas <a href=\"https:\/\/maps.google.com\/?q=Espa%C3%B1a+%0D%0A%0D%0A+Conde+de%0D%0APe%C3%B1alver,+51&amp;entry=gmail&amp;source=g\">Espa\u00f1a<\/a>.\u00a0\u00bb, entit\u00e9 inscrite au num\u00e9ro 954-\/0-SE\/B dans le Registre des Entit\u00e9s Religieuses du Minist\u00e8re de Justice, avec C.I.F. R-2800024-H, et si\u00e8ge social dans la rue Conde de Pe\u00f1alver, 51, 28006 Madrid.<\/p>\n<p>Vous pouvez \u00e9galement nous contacter par t\u00e9l\u00e9phone au + 34 914 449 401 ou par courriel: <a href=\"mailto:Scolopi@scolopi.net\">scolopi@scolopi.net<\/a><\/p>\n<p>&nbsp;<\/p>\n<h2 style=\"text-align: center;\"><strong>POLITIQUE DE CONFIDENTIALIT\u00c9<\/strong><\/h2>\n<p>FORMULAIRE DE CONTACT ET INFORMATIONS COMMERCIALES<\/p>\n<p>Conform\u00e9ment au R\u00e8glement sur la Protection des Donn\u00e9es \u00e0 Caract\u00e8re Personnel, nous vous informons que les donn\u00e9es personnelles qui vous sont collect\u00e9es seront incorpor\u00e9es dans un dossier dont le d\u00e9tenteur est \u00ab\u00a0General delegation P\u00cdAS Schools Spain.\u00a0\u00bb, avec C.I. F R-2800024-H, et domicile dans Calle Conde de Pe\u00f1alver, 51, 28006 de Madrid.<\/p>\n<p>Le traitement trouve sa base juridique dans le consentement fourni par vous en cliquant sur la case \u00ab\u00a0J&rsquo;accepte la politique de confidentialit\u00e9\u00a0\u00bb, et en acceptant en cons\u00e9quence que leur collecte a les fins suivantes<em>: gestion des utilisateurs du site Web; gestion des services offerts par le biais du site Web; gestion du formulaire de contact<\/em>.<\/p>\n<p>Nous vous informons que vous pouvez exercer les droits de: acc\u00e8s, rectification, suppression, limitation, transf\u00e9rabilit\u00e9, opposition, pour d\u00e9poser une r\u00e9clamation devant une autorit\u00e9 de contr\u00f4le, et retirer le consentement \u00e0 tout moment, par lettre, en joignant Photocopie de votre FNI\/NIE\/passeport \u00e0 l&rsquo;adresse postale indiqu\u00e9e ci-dessus.<\/p>\n<p>Nous indiquons \u00e9galement qu&rsquo;ils seront conserv\u00e9s tant qu\u2019on maintiendra les relations entre les parties ou pendant les ann\u00e9es n\u00e9cessaires pour se conformer aux obligations l\u00e9gales.<\/p>\n<p>&nbsp;<\/p>\n<h2 style=\"text-align: center;\">CONDITIONS G\u00c9N\u00c9RALES DU SITE SCOLOPI<\/h2>\n<p>1.-Objet.<\/p>\n<p>Les pr\u00e9sentes conditions g\u00e9n\u00e9rales (ci-apr\u00e8s Conditions G\u00e9n\u00e9rales), r\u00e9glementent l&rsquo;acc\u00e8s et l&rsquo;utilisation du site Web sous le domaine scolopi.org (ci-apr\u00e8s le site Web), dont le titulaire est \u00a0\u00bb Delegaci\u00f3n General Escuelas P\u00edas <a href=\"https:\/\/maps.google.com\/?q=Espa%C3%B1a+%0D%0A%0D%0A+Conde+de%0D%0APe%C3%B1alver,+51&amp;entry=gmail&amp;source=g\">Espa\u00f1a<\/a>\u00a0\u00bb (ci-apr\u00e8s ESCOLAPIOS), mis \u00e0 Disposition des utilisateurs (ci-apr\u00e8s Utilisateur \/s).<\/p>\n<p>Si vous avez des questions concernant l&rsquo;utilisation et l&rsquo;acc\u00e8s au site Web ou aux pr\u00e9sentes conditions g\u00e9n\u00e9rales, vous pouvez \u00e9crire un courriel avec votre demande et les coordonn\u00e9es de webmaster@escolapiosbetanio.es. Vous pouvez \u00e9galement nous contacter par courrier ordinaire, en dirigeant votre demande et les coordonn\u00e9es \u00e0:<\/p>\n<p>Delegaci\u00f3n General Escuelas P\u00edas <a href=\"https:\/\/maps.google.com\/?q=Espa%C3%B1a+%0D%0A%0D%0A+Conde+de%0D%0APe%C3%B1alver,+51&amp;entry=gmail&amp;source=g\">Espa\u00f1a<\/a><br \/>\nConde de Pe\u00f1alver, 51<br \/>\n28006 Madrid<\/p>\n<p>2,0-conformit\u00e9 aux pr\u00e9sentes Conditions G\u00e9n\u00e9rales.<\/p>\n<p><em><u>L&rsquo;utilisation du site Web implique l&rsquo;acceptation totale par l&rsquo;Utilisateur de toutes les Conditions G\u00e9n\u00e9rales en vigueur \u00e0 tout moment o\u00f9 l&rsquo;Utilisateur acc\u00e8de au m\u00eame. Par cons\u00e9quent, si vous n&rsquo;\u00eates pas d&rsquo;accord avec l&rsquo;une des conditions \u00e9nonc\u00e9es ici, vous devez vous abstenir d&rsquo;utiliser ce site Web.<\/u><\/em><\/p>\n<p>Par cons\u00e9quent, l&rsquo;utilisateur doit lire attentivement les Conditions G\u00e9n\u00e9rales chaque fois qu&rsquo;il\/elle se propose d&rsquo;utiliser le site Web.<\/p>\n<p>En tout \u00e9tat de cause, ESCOLAPIOS se r\u00e9serve le droit de modifier, sans pr\u00e9avis et \u00e0 tout moment les pr\u00e9sentes Conditions G\u00e9n\u00e9rales, ainsi que sa configuration, son emplacement et tout autre terme g\u00e9n\u00e9ral ou particulier, les r\u00e9glementations d&rsquo;utilisation, Instructions ou les avis qui r\u00e9sultent de l&rsquo;application. De m\u00eame, ESCOLAPIOS se r\u00e9serve le droit de suspendre, interrompre ou arr\u00eater l&rsquo;exploitation du site Web \u00e0 tout moment.<\/p>\n<p>\u00ab<em>Utilisation du site Web<\/em>\u00bb d\u00e9signe tout Utilisateur qui acc\u00e8de et navigue sur le site Web ind\u00e9pendamment des formulaires d&rsquo;inscription.<\/p>\n<p>3.-Conditions d&rsquo;acc\u00e8s et d&rsquo;utilisation du site et de son contenu.<\/p>\n<p>L&rsquo;acc\u00e8s au site Web et\/ou au Contenu qu&rsquo;il contient n&rsquo;implique aucune garantie quant \u00e0 la pertinence du site Web et\/ou du Contenu qui y est contenu \u00e0 des fins particuli\u00e8res ou sp\u00e9cifiques aux Utilisateurs.<\/p>\n<p>ESCOLAPIOS peut \u00e9tablir des limitations et\/ou des conditions suppl\u00e9mentaires pour l&rsquo;utilisation et\/ou l&rsquo;acc\u00e8s au site Web et\/ou au contenu, qui doivent \u00eatre observ\u00e9es par les utilisateurs en tout cas.<\/p>\n<p><em>3,1-Acc\u00e8s et Utilisation du site Web.<\/em><\/p>\n<p>Sauf disposition contraire, l&rsquo;utilisation du site Web sera gratuite, sans pr\u00e9judice du co\u00fbt de connexion par l&rsquo;interm\u00e9diaire du r\u00e9seau de t\u00e9l\u00e9communications correspondant que l&rsquo;utilisateur a contract\u00e9.<\/p>\n<p>L&rsquo;Utilisateur reconna\u00eet \u00eatre \u00e2g\u00e9 plus de dix-huit ans, il est \u00e9galement conscient et accepte volontairement et express\u00e9ment que l&rsquo;utilisation du site est fait en tout cas sous sa seule et exclusive responsabilit\u00e9.<\/p>\n<p>L&rsquo;Utilisateur s\u2019oblige \u00e0 l&rsquo;accomplissement de ces conditions g\u00e9n\u00e9rales, ainsi que de se conformer aux avertissements ou instructions sp\u00e9ciaux contenus dans le site et de travailler toujours selon la Loi, aux bonnes coutumes et aux exigences de la bonne foi, en utilisant son attention maximale \u00e9tant donn\u00e9 la nature et la consid\u00e9ration du service dont il se sert. \u00c0 cette fin, il est interdit d&rsquo;utiliser le site Web de quelque mani\u00e8re que ce soit qui peut pr\u00e9venir, endommager ou alt\u00e9rer le fonctionnement normal de la m\u00eame, les biens ou les droits de ESCOLAPIOS, ses fournisseurs, ses distributeurs, le reste des utilisateurs ou en g\u00e9n\u00e9ral de tout tiers.<\/p>\n<p>Plus pr\u00e9cis\u00e9ment, et sans impliquer de restriction \u00e0 l&rsquo;obligation assum\u00e9e par l&rsquo;Utilisateur en g\u00e9n\u00e9ral conform\u00e9ment au paragraphe pr\u00e9c\u00e9dent, l&rsquo;utilisateur est tenu d&rsquo;utiliser le site Web:<\/p>\n<ol>\n<li>de ne pas introduire, stocker ou diffuser sur ou \u00e0 partir du site Internet des informations ou des documents diffamatoires, pr\u00e9judiciables, obsc\u00e8nes, mena\u00e7ants, x\u00e9nophobes, pornographiques, d&rsquo;apologie du terrorisme, d&rsquo;incitation \u00e0 la violence, de discrimination fond\u00e9e sur la race, le sexe, L&rsquo;id\u00e9ologie, la religion ou qui en quelque sorte endommager \u00e0 la forme, l&rsquo;ordre public, les droits fondamentaux, les libert\u00e9s publiques, l&rsquo;honneur, l&rsquo;intimit\u00e9 ou l&rsquo;image de la troisi\u00e8me et en g\u00e9n\u00e9ral les normes en vigueur.<\/li>\n<li>Ne pas introduire, stocker ou diffuser sur le site Internet un programme informatique, des donn\u00e9es, un virus, un code ou tout autre instrument ou dispositif \u00e9lectronique ou physique susceptible de causer des dommages au site Web, \u00e0 l&rsquo;un des services ou tout \u00e9quipement, syst\u00e8me ou r\u00e9seau de ESCOLAPIOS, de tout utilisateur, des fournisseurs ou distributeurs de ESCOLAPIOS ou en g\u00e9n\u00e9ral d&rsquo;un tiers, capable de causer tout type de modification ou d&#8217;emp\u00eacher le fonctionnement normal des m\u00eames.<\/li>\n<li>Ne pas introduire, stocker ou diffuser sur le site Internet tout contenu qui viole les r\u00e8gles de la propri\u00e9t\u00e9 intellectuelle, industrielle ou des droits de tiers, ou en g\u00e9n\u00e9ral tout contenu qui ne d\u00e9tient pas, conform\u00e9ment \u00e0 la Loi, le droit de le mettre \u00e0 Disposition de tierces parties.<\/li>\n<\/ol>\n<p><em>3,2-Acc\u00e8s et Utilisation du Contenu.<\/em><\/p>\n<p>Le Contenu du site Web est mis \u00e0 la disposition de l&rsquo;Utilisateur avec des informations \u00e9manant de sources propres ou tierces.<\/p>\n<p>ESCOLAPIOS s&rsquo;assure que le Contenu est de la plus haute qualit\u00e9 possible et est raisonnablement mis \u00e0 jour, mais ne garantit pas l&rsquo;utilit\u00e9, l&rsquo;exactitude, l&rsquo;exhaustivit\u00e9, la pertinence et\/ou l&rsquo;actualit\u00e9 du contenu.<\/p>\n<p>4.- Droits de Propri\u00e9t\u00e9 Intellectuelle et Industrielle.<\/p>\n<p>Dans ces Conditions G\u00e9n\u00e9rales, aucun droit de propri\u00e9t\u00e9 intellectuelle ou industrielle n&rsquo;est transf\u00e9r\u00e9 au site Web ou \u00e0 l&rsquo;un de ses \u00e9l\u00e9ments constitutifs, et l&rsquo;Utilisateur est express\u00e9ment interdit de jouer, de transformer, de distribuer, la communication publique, la disponibilit\u00e9, l&rsquo;extraction, la r\u00e9utilisation, le renvoi ou l&rsquo;utilisation de quelque nature que ce soit, par quelque moyen ou proc\u00e9dure que ce soit, sauf dans les cas o\u00f9 il est l\u00e9galement autoris\u00e9 ou autoris\u00e9 par le titulaire des droits correspondants.<\/p>\n<p>L&rsquo;Utilisateur sera en mesure d&rsquo;afficher et d&rsquo;obtenir une copie priv\u00e9e temporaire du contenu pour son usage personnel et priv\u00e9 exclusif dans ses syst\u00e8mes informatiques (logiciels et mat\u00e9riel), \u00e0 condition que ce ne soit pas dans le but de d\u00e9velopper des activit\u00e9s de caract\u00e8re commercial ou professionnel. L&rsquo;Utilisateur doit s&rsquo;abstenir d&rsquo;obtenir ou de tenter d&rsquo;obtenir le contenu par des moyens ou des proc\u00e9dures autres que ceux qui, dans chaque cas, ont \u00e9t\u00e9 mis \u00e0 sa disposition ou indiqu\u00e9s aux fins ou de ceux qui sont habituellement utilis\u00e9s sur l&rsquo;Internet (\u00e0 condition que ces derniers n\u2019impliquent un risque de dommages ou d&rsquo;inutilisation du site Web). L&rsquo;Utilisateur doit en tout temps respecter tous les droits de propri\u00e9t\u00e9 intellectuelle et industrielle sur le site, propri\u00e9t\u00e9 de ESCOLAPIOS ou de tierces parties.<\/p>\n<p>4.- D\u00e9ni de Garantie et Responsabilit\u00e9.<\/p>\n<p><em>4.1.-Exclusion des Garanties et de la Responsabilit\u00e9 du Fonctionnement du site Web.<\/em><\/p>\n<p>ESCOLAPIOS ne garantit pas la disponibilit\u00e9 et la continuit\u00e9 du fonctionnement du site Web et des services ou contenus qui y sont offerts, ni que le contenu existant sur son site est mis \u00e0 jour, \u00e9tant exon\u00e9r\u00e9 de toute responsabilit\u00e9 pour les dommages de toute nature qui peuvent d\u00e9couler de telles circonstances.<\/p>\n<p>ESCOLAPIOS effectuera, tant qu&rsquo;il n&rsquo;y a pas de circonstances qui rendent impossible ou difficile \u00e0 ex\u00e9cuter et d\u00e8s qu&rsquo;il a des nouvelles des erreurs, des d\u00e9connexions et\/ou l&rsquo;absence de mise \u00e0 jour du contenu, toutes ces t\u00e2ches pour rectifier le erreurs, restaurer la communication et\/ou mettre De m\u00eame, ESCOLAPIOS ne garantit pas la fiabilit\u00e9 technique de son site Web, ni l&rsquo;acc\u00e8s \u00e0 ses diff\u00e9rentes pages, \u00e9tant sous la m\u00eame forme exon\u00e9r\u00e9e de toute responsabilit\u00e9 pour les dommages de toute nature qui peuvent provenir de cette cause.<\/p>\n<p>En outre, ESCOLAPIOS n&rsquo;est pas responsable des erreurs ou des d\u00e9fauts de s\u00e9curit\u00e9 qui peuvent d\u00e9couler de l&rsquo;utilisation par l&rsquo;utilisateur d&rsquo;un navigateur d&rsquo;une version non mise \u00e0 jour ou non s\u00e9curis\u00e9e dans le navigateur, ou pour des dommages, des erreurs ou des inexactitudes. Qui pourrait d\u00e9couler du dysfonctionnement de la m\u00eame.<\/p>\n<p>Afin de r\u00e9duire le risque d&rsquo;introduction de virus dans le site Web, il utilise des programmes de d\u00e9tection de virus pour contr\u00f4ler tout le contenu qu&rsquo;il introduit sur le site Web. Toutefois, ESCOLAPIOS ne garantit pas l&rsquo;absence de virus ou d&rsquo;autres \u00e9l\u00e9ments du site Web introduits par des tiers en dehors de ESCOLAPIOS qui peuvent entra\u00eener des alt\u00e9rations dans les syst\u00e8mes physiques ou logiques des utilisateurs ou dans les documents et fichiers \u00e9lectroniques stock\u00e9es dans leurs syst\u00e8mes. Par cons\u00e9quent, ESCOLAPIOS ne sera en aucun cas responsable des dommages de quelque nature que ce soit r\u00e9sultant de la pr\u00e9sence de virus ou d&rsquo;autres \u00e9l\u00e9ments susceptibles de provoquer des alt\u00e9rations dans les syst\u00e8mes physiques ou logiques, des documents Fichiers \u00e9lectroniques ou utilisateurs.<\/p>\n<p>ESCOLAPIOS adopte diverses mesures de protection pour prot\u00e9ger le site Web, les donn\u00e9es collect\u00e9es et le contenu contre les attaques informatiques de tierces parties. Toutefois, ESCOLAPIOS ne garantit pas que les tiers non autoris\u00e9s peuvent acc\u00e9der au type d&rsquo;utilisation ou de navigation du site Web que l&rsquo;utilisateur fait ou aux conditions, caract\u00e9ristiques et circonstances dans lesquelles il est effectu\u00e9. Par cons\u00e9quent, ESCOLAPIOS ne pourra en aucun cas \u00eatre tenue responsable des dommages qui pourraient d\u00e9couler d&rsquo;un tel acc\u00e8s non autoris\u00e9.<\/p>\n<p>ESCOLAPIOS ne sera pas responsable en tout cas de l&rsquo;utilisation que les utilisateurs et\/ou les tiers pourraient faire du site Web ou du contenu, ni des dommages qui pourraient d\u00e9couler de la m\u00eame personne.<\/p>\n<p><em>4.2.-Exclusion des garanties et de la responsabilit\u00e9 du contenu.<\/em><\/p>\n<p>ESCOLAPIOS ne modifie pas le contenu des tierces parties publi\u00e9es sur le site Web et, par cons\u00e9quent, ne garantit pas ou ne sera pas responsable de la l\u00e9galit\u00e9, de la fiabilit\u00e9, de l&rsquo;utilit\u00e9, de la v\u00e9racit\u00e9, de l&rsquo;exactitude, de l&rsquo;exhaustivit\u00e9 et de l&rsquo;actualit\u00e9 de ce contenu, ainsi que des Contenu appartenant \u00e0 ESCOLAPIOS. ESCOLAPIOS ne sera en aucun cas responsable des dommages qui peuvent d\u00e9couler: (i) de l&rsquo;absence de l\u00e9galit\u00e9, de v\u00e9racit\u00e9, d&rsquo;exactitude, d&rsquo;exhaustivit\u00e9 et\/ou d&rsquo;actualit\u00e9 du contenu provenant de tiers et de leurs propres; (II) l&rsquo;insuffisance de toute finalit\u00e9 et la fraude des attentes engendr\u00e9es par le contenu; (III) les d\u00e9cisions ou les mesures prises ou \u00e9vit\u00e9es par l&rsquo;utilisateur en s&rsquo;appuyant sur les informations ou les donn\u00e9es fournies ou fournies dans le contenu, y compris, sans s&rsquo;y limiter, la perte de profits ou d&rsquo;occasions d&rsquo;affaires.<\/p>\n<ol start=\"5\">\n<li>&#8211; Hyperliens.<\/li>\n<\/ol>\n<p>Les personnes qui proposent d&rsquo;\u00e9tablir des hyperliens entre leur page Web et le site Web doivent observer et remplir les conditions suivantes:<\/p>\n<ol>\n<li>Aucune autorisation pr\u00e9alable ne sera requise lorsque le lien hypertexte permet d&rsquo;acc\u00e9der \u00e0 la page d&rsquo;accueil du site Web, mais qu&rsquo;il ne sera pas en mesure de le reproduire de quelque mani\u00e8re que ce soit. Toute autre forme de lien hypertexte n\u00e9cessitera l&rsquo;autorisation expresse et sans \u00e9quivoque par \u00e9crit de ESCOLAPIOS.<\/li>\n<li>La page Web dans laquelle le lien hypertexte est \u00e9tabli ne peut contenir que ce qui est strictement n\u00e9cessaire pour identifier la destination du lien hypertexte.<\/li>\n<\/ol>\n<ul>\n<li>La page Web dans laquelle le lien hypertexte est \u00e9tabli ne contiendra pas d&rsquo;informations ou de contenus illicites, contrairement \u00e0 la moralit\u00e9 et aux bonnes coutumes g\u00e9n\u00e9ralement accept\u00e9es et \u00e0 l&rsquo;ordre public, ainsi que ne contiendra pas de contenu contraire \u00e0 toute Droits des tierces parties.<\/li>\n<\/ul>\n<ol>\n<li>ESCOLAPIOS se r\u00e9serve le droit de bloquer les hyperliens dirig\u00e9s vers le site Web qui n&rsquo;ont pas d&rsquo;autorisation expresse pr\u00e9alable, m\u00eame en conformit\u00e9 avec les dispositions \u00e0 ce stade des conditions g\u00e9n\u00e9rales.<\/li>\n<\/ol>\n<p>6.- Actions en cas de non-respect.<\/p>\n<p>ESCOLAPIOS se r\u00e9serve le droit d&rsquo;exercer autant d&rsquo;actions que possible afin d&rsquo;exiger la responsabilit\u00e9 d\u00e9coulant de la violation de l&rsquo;une quelconque des dispositions des pr\u00e9sentes conditions g\u00e9n\u00e9rales du site par un utilisateur.<\/p>\n<p>7.- Nullit\u00e9 partielle.<\/p>\n<p>La d\u00e9claration de l&rsquo;une quelconque des clauses contenues dans les pr\u00e9sentes conditions g\u00e9n\u00e9rales comme nulle, invalide ou inefficace n&rsquo;affectera pas la validit\u00e9 ou l&rsquo;efficacit\u00e9 des autres dispositions qui resteront contraignantes entre les parties.<\/p>\n<p>8.- Droit applicable et Comp\u00e9tence.<\/p>\n<p>Ces conditions g\u00e9n\u00e9rales sont r\u00e9gies par les dispositions de la l\u00e9gislation espagnole.<\/p>\n<p>9.- Notifications.<\/p>\n<p>Aux fins de la pratique des notifications en temps opportun, ESCOLAPIOS d\u00e9signe comme adresse de contact indiqu\u00e9e dans l&rsquo;avis l\u00e9gal.<\/p>\n<p>Le courrier \u00e9lectronique fourni par l&rsquo;utilisateur pendant le processus d&rsquo;inscription sur le site Web sera utilis\u00e9 par ESCOLAPIOS dans le but de pratiquer des notifications \u00e0 l&rsquo;utilisateur.<\/p>\n<p>L&rsquo;utilisateur est tenu de tenir d\u00fbment \u00e0 jour les donn\u00e9es qui, aux fins des notifications, sont r\u00e9f\u00e9renc\u00e9es dans cette clause.<\/p>\n<p>Toutes les notifications faites par ESCOLAPIOS \u00e0 l&rsquo;Utilisateur seront consid\u00e9r\u00e9es comme valables si elles ont \u00e9t\u00e9 effectu\u00e9es en utilisant les donn\u00e9es et par les moyens susmentionn\u00e9s. ESCOLAPIOS n&rsquo;est pas responsable des dommages qui peuvent survenir en raison de la violation par l&rsquo;utilisateur de son obligation de maintenir ses coordonn\u00e9es.<\/p>\n","protected":false},"excerpt":{"rendered":"<p>Mentions l&eacute;gales SCOLOPI.ORG Le responsable de ce site Web est: &nbsp;&raquo; Delegaci&oacute;n General Escuelas P&iacute;as Espa&ntilde;a.&nbsp;&raquo;, entit&eacute; inscrite au num&eacute;ro 954-\/0-SE\/B dans le Registre des Entit&eacute;s Religieuses du Minist&egrave;re de Justice, avec C.I.F. R-2800024-H, et si&egrave;ge social dans la rue Conde de Pe&ntilde;alver, 51, 28006 Madrid. Vous pouvez &eacute;galement nous contacter par t&eacute;l&eacute;phone au + [&hellip;]<\/p>\n","protected":false},"author":1,"featured_media":0,"parent":0,"menu_order":0,"comment_status":"closed","ping_status":"closed","template":"","meta":{"_et_pb_use_builder":"","_et_pb_old_content":"","_et_gb_content_width":"","footnotes":""},"class_list":["post-18971","page","type-page","status-publish","hentry"],"yoast_head":"<!-- This site is optimized with the Yoast SEO plugin v24.6 - https:\/\/yoast.com\/wordpress\/plugins\/seo\/ -->\n<title>Mentions l\u00e9gales - Ordre des \u00c9coles Pies<\/title>\n<meta name=\"robots\" content=\"index, follow, max-snippet:-1, max-image-preview:large, max-video-preview:-1\" \/>\n<link rel=\"canonical\" href=\"https:\/\/scolopi.org\/aviso-legal\/\" \/>\n<meta property=\"og:locale\" content=\"fr_FR\" \/>\n<meta property=\"og:type\" content=\"article\" \/>\n<meta property=\"og:title\" content=\"Mentions l\u00e9gales - Ordre des \u00c9coles Pies\" \/>\n<meta property=\"og:description\" content=\"Mentions l&eacute;gales SCOLOPI.ORG Le responsable de ce site Web est: &nbsp;&raquo; Delegaci&oacute;n General Escuelas P&iacute;as Espa&ntilde;a.&nbsp;&raquo;, entit&eacute; inscrite au num&eacute;ro 954-\/0-SE\/B dans le Registre des Entit&eacute;s Religieuses du Minist&egrave;re de Justice, avec C.I.F. R-2800024-H, et si&egrave;ge social dans la rue Conde de Pe&ntilde;alver, 51, 28006 Madrid. Vous pouvez &eacute;galement nous contacter par t&eacute;l&eacute;phone au + [&hellip;]\" \/>\n<meta property=\"og:url\" content=\"https:\/\/scolopi.org\/aviso-legal\/\" \/>\n<meta property=\"og:site_name\" content=\"Ordre des \u00c9coles Pies\" \/>\n<meta property=\"article:modified_time\" content=\"2018-05-10T11:09:37+00:00\" \/>\n<meta name=\"twitter:card\" content=\"summary_large_image\" \/>\n<meta name=\"twitter:label1\" content=\"Dur\u00e9e de lecture estim\u00e9e\" \/>\n\t<meta name=\"twitter:data1\" content=\"12 minutes\" \/>\n<script type=\"application\/ld+json\" class=\"yoast-schema-graph\">{\"@context\":\"https:\/\/schema.org\",\"@graph\":[{\"@type\":\"WebPage\",\"@id\":\"https:\/\/scolopi.org\/aviso-legal\/\",\"url\":\"https:\/\/scolopi.org\/aviso-legal\/\",\"name\":\"Mentions l\u00e9gales - Ordre des \u00c9coles Pies\",\"isPartOf\":{\"@id\":\"https:\/\/scolopi.org\/#website\"},\"datePublished\":\"2018-04-25T09:22:50+00:00\",\"dateModified\":\"2018-05-10T11:09:37+00:00\",\"breadcrumb\":{\"@id\":\"https:\/\/scolopi.org\/aviso-legal\/#breadcrumb\"},\"inLanguage\":\"fr-FR\",\"potentialAction\":[{\"@type\":\"ReadAction\",\"target\":[\"https:\/\/scolopi.org\/aviso-legal\/\"]}]},{\"@type\":\"BreadcrumbList\",\"@id\":\"https:\/\/scolopi.org\/aviso-legal\/#breadcrumb\",\"itemListElement\":[{\"@type\":\"ListItem\",\"position\":1,\"name\":\"Portada\",\"item\":\"https:\/\/scolopi.org\/fr\/\"},{\"@type\":\"ListItem\",\"position\":2,\"name\":\"Mentions l\u00e9gales\"}]},{\"@type\":\"WebSite\",\"@id\":\"https:\/\/scolopi.org\/#website\",\"url\":\"https:\/\/scolopi.org\/\",\"name\":\"Ordre des \u00c9coles Pies\",\"description\":\"Site Internet Officiel de l\u2019Ordre des \u00c9coles Pies\",\"potentialAction\":[{\"@type\":\"SearchAction\",\"target\":{\"@type\":\"EntryPoint\",\"urlTemplate\":\"https:\/\/scolopi.org\/?s={search_term_string}\"},\"query-input\":{\"@type\":\"PropertyValueSpecification\",\"valueRequired\":true,\"valueName\":\"search_term_string\"}}],\"inLanguage\":\"fr-FR\"}]}<\/script>\n<!-- \/ Yoast SEO plugin. -->","yoast_head_json":{"title":"Mentions l\u00e9gales - Ordre des \u00c9coles Pies","robots":{"index":"index","follow":"follow","max-snippet":"max-snippet:-1","max-image-preview":"max-image-preview:large","max-video-preview":"max-video-preview:-1"},"canonical":"https:\/\/scolopi.org\/aviso-legal\/","og_locale":"fr_FR","og_type":"article","og_title":"Mentions l\u00e9gales - Ordre des \u00c9coles Pies","og_description":"Mentions l&eacute;gales SCOLOPI.ORG Le responsable de ce site Web est: &nbsp;&raquo; Delegaci&oacute;n General Escuelas P&iacute;as Espa&ntilde;a.&nbsp;&raquo;, entit&eacute; inscrite au num&eacute;ro 954-\/0-SE\/B dans le Registre des Entit&eacute;s Religieuses du Minist&egrave;re de Justice, avec C.I.F. R-2800024-H, et si&egrave;ge social dans la rue Conde de Pe&ntilde;alver, 51, 28006 Madrid. Vous pouvez &eacute;galement nous contacter par t&eacute;l&eacute;phone au + [&hellip;]","og_url":"https:\/\/scolopi.org\/aviso-legal\/","og_site_name":"Ordre des \u00c9coles Pies","article_modified_time":"2018-05-10T11:09:37+00:00","twitter_card":"summary_large_image","twitter_misc":{"Dur\u00e9e de lecture estim\u00e9e":"12 minutes"},"schema":{"@context":"https:\/\/schema.org","@graph":[{"@type":"WebPage","@id":"https:\/\/scolopi.org\/aviso-legal\/","url":"https:\/\/scolopi.org\/aviso-legal\/","name":"Mentions l\u00e9gales - Ordre des \u00c9coles Pies","isPartOf":{"@id":"https:\/\/scolopi.org\/#website"},"datePublished":"2018-04-25T09:22:50+00:00","dateModified":"2018-05-10T11:09:37+00:00","breadcrumb":{"@id":"https:\/\/scolopi.org\/aviso-legal\/#breadcrumb"},"inLanguage":"fr-FR","potentialAction":[{"@type":"ReadAction","target":["https:\/\/scolopi.org\/aviso-legal\/"]}]},{"@type":"BreadcrumbList","@id":"https:\/\/scolopi.org\/aviso-legal\/#breadcrumb","itemListElement":[{"@type":"ListItem","position":1,"name":"Portada","item":"https:\/\/scolopi.org\/fr\/"},{"@type":"ListItem","position":2,"name":"Mentions l\u00e9gales"}]},{"@type":"WebSite","@id":"https:\/\/scolopi.org\/#website","url":"https:\/\/scolopi.org\/","name":"Ordre des \u00c9coles Pies","description":"Site Internet Officiel de l\u2019Ordre des \u00c9coles Pies","potentialAction":[{"@type":"SearchAction","target":{"@type":"EntryPoint","urlTemplate":"https:\/\/scolopi.org\/?s={search_term_string}"},"query-input":{"@type":"PropertyValueSpecification","valueRequired":true,"valueName":"search_term_string"}}],"inLanguage":"fr-FR"}]}},"_links":{"self":[{"href":"https:\/\/scolopi.org\/fr\/wp-json\/wp\/v2\/pages\/18971"}],"collection":[{"href":"https:\/\/scolopi.org\/fr\/wp-json\/wp\/v2\/pages"}],"about":[{"href":"https:\/\/scolopi.org\/fr\/wp-json\/wp\/v2\/types\/page"}],"author":[{"embeddable":true,"href":"https:\/\/scolopi.org\/fr\/wp-json\/wp\/v2\/users\/1"}],"replies":[{"embeddable":true,"href":"https:\/\/scolopi.org\/fr\/wp-json\/wp\/v2\/comments?post=18971"}],"version-history":[{"count":0,"href":"https:\/\/scolopi.org\/fr\/wp-json\/wp\/v2\/pages\/18971\/revisions"}],"wp:attachment":[{"href":"https:\/\/scolopi.org\/fr\/wp-json\/wp\/v2\/media?parent=18971"}],"curies":[{"name":"wp","href":"https:\/\/api.w.org\/{rel}","templated":true}]}}