{"id":18985,"date":"2018-04-25T11:22:50","date_gmt":"2018-04-25T09:22:50","guid":{"rendered":"https:\/\/scolopi.org\/politica-de-cookies\/"},"modified":"2018-05-10T13:32:04","modified_gmt":"2018-05-10T11:32:04","slug":"politique-des-cookies","status":"publish","type":"page","link":"https:\/\/scolopi.org\/fr\/politique-des-cookies\/","title":{"rendered":"Politique des Cookies"},"content":{"rendered":"<p><strong>INFORMATIONS SUR LES COOKIES<\/strong>:<\/p>\n<p>Les cookies sont des fichiers qui peuvent \u00eatre t\u00e9l\u00e9charg\u00e9s sur votre ordinateur via des pages Web. Ce sont des outils qui ont un r\u00f4le essentiel pour la prestation de nombreux services de la soci\u00e9t\u00e9 de l&rsquo;information. Entre autres, ils permettent \u00e0 une page Web de stocker et de r\u00e9cup\u00e9rer des informations sur les habitudes de navigation d&rsquo;un utilisateur ou de son ordinateur et, selon les informations obtenues, peut \u00eatre utilis\u00e9 pour reconna\u00eetre l&rsquo;utilisateur et am\u00e9liorer le service offert.<\/p>\n<p><strong>Statistiques du site Google <\/strong><\/p>\n<p>Selon qui est l&rsquo;entit\u00e9 qui g\u00e8re le domaine \u00e0 partir duquel les cookies sont envoy\u00e9s et traite les donn\u00e9es obtenues, on peut distinguer deux types: cookies propres et cookies d\u2019un tiers. Il y a \u00e9galement une deuxi\u00e8me classification selon la p\u00e9riode pendant laquelle ils restent stock\u00e9s dans le navigateur du client, pouvant \u00eatre des cookies de session ou des cookies persistants. Enfin, il y a une autre classification avec cinq types de cookies selon le but pour lequel les donn\u00e9es obtenues sont trait\u00e9es: cookies techniques, cookies de personnalisation, cookies d&rsquo;analyse, cookies publicitaires et cookies publicitaires comportementaux.<\/p>\n<p><strong>COOKIES UTILIS\u00c9S SUR LE WEB<\/strong>: Par la suite on identifie les cookies qui sont utilis\u00e9s dans ce portail ainsi que leur typologie et leur fonction: Un cookie d&rsquo;un type technique appel\u00e9 PHPSESSID n\u00e9cessaire pour la navigation correcte des pages Web. Google Analytics cookies, un service d&rsquo;analyse Web d\u00e9velopp\u00e9 par Google, qui permet la mesure et l&rsquo;analyse de la navigation sur les pages Web. Dans votre navigateur, vous pourrez voir 4 cookies de ce service. Selon la typologie pr\u00e9c\u00e9dente, ils sont propres cookies, session et l&rsquo;analyse. Vous pouvez trouver plus d&rsquo;informations \u00e0 ce sujet et d\u00e9sactiver l&rsquo;utilisation de ces cookies dans: <a href=\"https:\/\/ssl.microsofttranslator.com\/bv.aspx?from=&amp;to=fr&amp;a=http:\/\/www.google.es\/Intl\/es_ALL\/Analytics\/Learn\/privacy.html\">http:\/\/www.google.es\/Intl\/es_ALL\/Analytics\/Learn\/privacy.html<\/a><\/p>\n<p>\u00c0 travers l\u2019analytique de la Web aucune information sur vos donn\u00e9es personnelles n&rsquo;est obtenue, garantissant la tutelle de la confidentialit\u00e9 des personnes surfant sur le Web. Les informations obtenues sont relatives au nombre d&rsquo;utilisateurs qui acc\u00e8dent au Web, au nombre de pages affich\u00e9es, \u00e0 la fr\u00e9quence et \u00e0 la r\u00e9p\u00e9tition des visites, \u00e0 leur dur\u00e9e, au navigateur utilis\u00e9, \u00e0 l&rsquo;op\u00e9rateur qui fournit le service, \u00e0 la langue, au terminal qui utilise , ou la ville \u00e0 laquelle votre adresse IP est attribu\u00e9e. Informations qui permettent un meilleur service et plus appropri\u00e9 par ce portail.<\/p>\n<p><strong>COMMENT MODIFIER LES PARAM\u00c8TRES DES COOKIES<\/strong>:<\/p>\n<p>Vous pouvez restreindre, bloquer ou supprimer les cookies de ce site ou de toute autre page Web, \u00e0 l&rsquo;aide de votre navigateur. Dans chaque navigateur l&rsquo;op\u00e9ration diff\u00e9rente, la fonction d&rsquo;aide vous montrera comment le faire.<\/p>\n<ul>\n<li><a href=\"http:\/\/windows.microsoft.com\/es-xl\/internet-explorer\/delete-manage-cookies#ie=ie-10\"><strong>Internet Explorer<\/strong><\/a><\/li>\n<li><a href=\"https:\/\/support.mozilla.org\/es\/kb\/Borrar%20cookies\"><strong>Firefox<\/strong><\/a><\/li>\n<li><a href=\"https:\/\/support.google.com\/chrome\/answer\/95647?hl=es\"><strong>Chrome<\/strong><\/a><\/li>\n<li><a href=\"https:\/\/www.youtube.com\/watch?v=gdfxTPW8eOo\"><strong>video para configurar el navegador CHROME<\/strong><\/a><\/li>\n<\/ul>\n","protected":false},"excerpt":{"rendered":"<p>INFORMATIONS SUR LES COOKIES: Les cookies sont des fichiers qui peuvent &ecirc;tre t&eacute;l&eacute;charg&eacute;s sur votre ordinateur via des pages Web. Ce sont des outils qui ont un r&ocirc;le essentiel pour la prestation de nombreux services de la soci&eacute;t&eacute; de l&rsquo;information. Entre autres, ils permettent &agrave; une page Web de stocker et de r&eacute;cup&eacute;rer des informations [&hellip;]<\/p>\n","protected":false},"author":1,"featured_media":0,"parent":0,"menu_order":0,"comment_status":"closed","ping_status":"closed","template":"","meta":{"_et_pb_use_builder":"","_et_pb_old_content":"","_et_gb_content_width":"","footnotes":""},"class_list":["post-18985","page","type-page","status-publish","hentry"],"yoast_head":"<!-- This site is optimized with the Yoast SEO plugin v24.6 - https:\/\/yoast.com\/wordpress\/plugins\/seo\/ -->\n<title>Politique des Cookies - Ordre des \u00c9coles Pies<\/title>\n<meta name=\"robots\" content=\"index, follow, max-snippet:-1, max-image-preview:large, max-video-preview:-1\" \/>\n<link rel=\"canonical\" href=\"https:\/\/scolopi.org\/politica-de-cookies\/\" \/>\n<meta property=\"og:locale\" content=\"fr_FR\" \/>\n<meta property=\"og:type\" content=\"article\" \/>\n<meta property=\"og:title\" content=\"Politique des Cookies - Ordre des \u00c9coles Pies\" \/>\n<meta property=\"og:description\" content=\"INFORMATIONS SUR LES COOKIES: Les cookies sont des fichiers qui peuvent &ecirc;tre t&eacute;l&eacute;charg&eacute;s sur votre ordinateur via des pages Web. Ce sont des outils qui ont un r&ocirc;le essentiel pour la prestation de nombreux services de la soci&eacute;t&eacute; de l&rsquo;information. Entre autres, ils permettent &agrave; une page Web de stocker et de r&eacute;cup&eacute;rer des informations [&hellip;]\" \/>\n<meta property=\"og:url\" content=\"https:\/\/scolopi.org\/politica-de-cookies\/\" \/>\n<meta property=\"og:site_name\" content=\"Ordre des \u00c9coles Pies\" \/>\n<meta property=\"article:modified_time\" content=\"2018-05-10T11:32:04+00:00\" \/>\n<meta name=\"twitter:card\" content=\"summary_large_image\" \/>\n<meta name=\"twitter:label1\" content=\"Dur\u00e9e de lecture estim\u00e9e\" \/>\n\t<meta name=\"twitter:data1\" content=\"2 minutes\" \/>\n<script type=\"application\/ld+json\" class=\"yoast-schema-graph\">{\"@context\":\"https:\/\/schema.org\",\"@graph\":[{\"@type\":\"WebPage\",\"@id\":\"https:\/\/scolopi.org\/politica-de-cookies\/\",\"url\":\"https:\/\/scolopi.org\/politica-de-cookies\/\",\"name\":\"Politique des Cookies - Ordre des \u00c9coles Pies\",\"isPartOf\":{\"@id\":\"https:\/\/scolopi.org\/#website\"},\"datePublished\":\"2018-04-25T09:22:50+00:00\",\"dateModified\":\"2018-05-10T11:32:04+00:00\",\"breadcrumb\":{\"@id\":\"https:\/\/scolopi.org\/politica-de-cookies\/#breadcrumb\"},\"inLanguage\":\"fr-FR\",\"potentialAction\":[{\"@type\":\"ReadAction\",\"target\":[\"https:\/\/scolopi.org\/politica-de-cookies\/\"]}]},{\"@type\":\"BreadcrumbList\",\"@id\":\"https:\/\/scolopi.org\/politica-de-cookies\/#breadcrumb\",\"itemListElement\":[{\"@type\":\"ListItem\",\"position\":1,\"name\":\"Portada\",\"item\":\"https:\/\/scolopi.org\/fr\/\"},{\"@type\":\"ListItem\",\"position\":2,\"name\":\"Politique des Cookies\"}]},{\"@type\":\"WebSite\",\"@id\":\"https:\/\/scolopi.org\/#website\",\"url\":\"https:\/\/scolopi.org\/\",\"name\":\"Ordre des \u00c9coles Pies\",\"description\":\"Site Internet Officiel de l\u2019Ordre des \u00c9coles Pies\",\"potentialAction\":[{\"@type\":\"SearchAction\",\"target\":{\"@type\":\"EntryPoint\",\"urlTemplate\":\"https:\/\/scolopi.org\/?s={search_term_string}\"},\"query-input\":{\"@type\":\"PropertyValueSpecification\",\"valueRequired\":true,\"valueName\":\"search_term_string\"}}],\"inLanguage\":\"fr-FR\"}]}<\/script>\n<!-- \/ Yoast SEO plugin. -->","yoast_head_json":{"title":"Politique des Cookies - Ordre des \u00c9coles Pies","robots":{"index":"index","follow":"follow","max-snippet":"max-snippet:-1","max-image-preview":"max-image-preview:large","max-video-preview":"max-video-preview:-1"},"canonical":"https:\/\/scolopi.org\/politica-de-cookies\/","og_locale":"fr_FR","og_type":"article","og_title":"Politique des Cookies - Ordre des \u00c9coles Pies","og_description":"INFORMATIONS SUR LES COOKIES: Les cookies sont des fichiers qui peuvent &ecirc;tre t&eacute;l&eacute;charg&eacute;s sur votre ordinateur via des pages Web. Ce sont des outils qui ont un r&ocirc;le essentiel pour la prestation de nombreux services de la soci&eacute;t&eacute; de l&rsquo;information. Entre autres, ils permettent &agrave; une page Web de stocker et de r&eacute;cup&eacute;rer des informations [&hellip;]","og_url":"https:\/\/scolopi.org\/politica-de-cookies\/","og_site_name":"Ordre des \u00c9coles Pies","article_modified_time":"2018-05-10T11:32:04+00:00","twitter_card":"summary_large_image","twitter_misc":{"Dur\u00e9e de lecture estim\u00e9e":"2 minutes"},"schema":{"@context":"https:\/\/schema.org","@graph":[{"@type":"WebPage","@id":"https:\/\/scolopi.org\/politica-de-cookies\/","url":"https:\/\/scolopi.org\/politica-de-cookies\/","name":"Politique des Cookies - Ordre des \u00c9coles Pies","isPartOf":{"@id":"https:\/\/scolopi.org\/#website"},"datePublished":"2018-04-25T09:22:50+00:00","dateModified":"2018-05-10T11:32:04+00:00","breadcrumb":{"@id":"https:\/\/scolopi.org\/politica-de-cookies\/#breadcrumb"},"inLanguage":"fr-FR","potentialAction":[{"@type":"ReadAction","target":["https:\/\/scolopi.org\/politica-de-cookies\/"]}]},{"@type":"BreadcrumbList","@id":"https:\/\/scolopi.org\/politica-de-cookies\/#breadcrumb","itemListElement":[{"@type":"ListItem","position":1,"name":"Portada","item":"https:\/\/scolopi.org\/fr\/"},{"@type":"ListItem","position":2,"name":"Politique des Cookies"}]},{"@type":"WebSite","@id":"https:\/\/scolopi.org\/#website","url":"https:\/\/scolopi.org\/","name":"Ordre des \u00c9coles Pies","description":"Site Internet Officiel de l\u2019Ordre des \u00c9coles Pies","potentialAction":[{"@type":"SearchAction","target":{"@type":"EntryPoint","urlTemplate":"https:\/\/scolopi.org\/?s={search_term_string}"},"query-input":{"@type":"PropertyValueSpecification","valueRequired":true,"valueName":"search_term_string"}}],"inLanguage":"fr-FR"}]}},"_links":{"self":[{"href":"https:\/\/scolopi.org\/fr\/wp-json\/wp\/v2\/pages\/18985"}],"collection":[{"href":"https:\/\/scolopi.org\/fr\/wp-json\/wp\/v2\/pages"}],"about":[{"href":"https:\/\/scolopi.org\/fr\/wp-json\/wp\/v2\/types\/page"}],"author":[{"embeddable":true,"href":"https:\/\/scolopi.org\/fr\/wp-json\/wp\/v2\/users\/1"}],"replies":[{"embeddable":true,"href":"https:\/\/scolopi.org\/fr\/wp-json\/wp\/v2\/comments?post=18985"}],"version-history":[{"count":0,"href":"https:\/\/scolopi.org\/fr\/wp-json\/wp\/v2\/pages\/18985\/revisions"}],"wp:attachment":[{"href":"https:\/\/scolopi.org\/fr\/wp-json\/wp\/v2\/media?parent=18985"}],"curies":[{"name":"wp","href":"https:\/\/api.w.org\/{rel}","templated":true}]}}