{"id":28705,"date":"2019-03-14T11:07:48","date_gmt":"2019-03-14T10:07:48","guid":{"rendered":"https:\/\/scolopi.org\/app-scolopi\/"},"modified":"2019-03-14T17:53:17","modified_gmt":"2019-03-14T16:53:17","slug":"app-scolopi","status":"publish","type":"page","link":"https:\/\/scolopi.org\/fr\/app-scolopi\/","title":{"rendered":"App Scolopi"},"content":{"rendered":"[et_pb_section bb_built=\u00a0\u00bb1&Prime; admin_label=\u00a0\u00bbsection\u00a0\u00bb][et_pb_row background_position=\u00a0\u00bbtop_left\u00a0\u00bb background_repeat=\u00a0\u00bbrepeat\u00a0\u00bb background_size=\u00a0\u00bbinitial\u00a0\u00bb][et_pb_column type=\u00a0\u00bb4_4&Prime;][et_pb_image src=\u00a0\u00bbhttps:\/\/scolopi.org\/wp-content\/uploads\/2019\/03\/mockup-tri-app-e1552565806246.jpg\u00a0\u00bb use_border_color=\u00a0\u00bboff\u00a0\u00bb animation_style=\u00a0\u00bbfade\u00a0\u00bb animation_duration=\u00a0\u00bb500ms\u00a0\u00bb animation_intensity_slide=\u00a0\u00bb10%\u00a0\u00bb _builder_version=\u00a0\u00bb3.20.2&Prime; \/][et_pb_divider color=\u00a0\u00bb#ffffff\u00a0\u00bb show_divider=\u00a0\u00bboff\u00a0\u00bb divider_style=\u00a0\u00bbsolid\u00a0\u00bb divider_position=\u00a0\u00bbtop\u00a0\u00bb hide_on_mobile=\u00a0\u00bbon\u00a0\u00bb disabled_on=\u00a0\u00bbon|on|off\u00a0\u00bb _builder_version=\u00a0\u00bb3.2&Prime; \/][\/et_pb_column][\/et_pb_row][et_pb_row][et_pb_column type=\u00a0\u00bb4_4&Prime;][et_pb_divider _builder_version=\u00a0\u00bb3.20.2&Prime; show_divider=\u00a0\u00bboff\u00a0\u00bb \/][\/et_pb_column][\/et_pb_row][et_pb_row background_position=\u00a0\u00bbtop_left\u00a0\u00bb background_repeat=\u00a0\u00bbrepeat\u00a0\u00bb background_size=\u00a0\u00bbinitial\u00a0\u00bb][et_pb_column type=\u00a0\u00bb1_4&Prime;][et_pb_text _builder_version=\u00a0\u00bb3.20.2&Prime;]\n<div id=\"attachment_28727\" style=\"width: 611px\" class=\"wp-caption aligncenter\"><a href=\"https:\/\/scolopi.org\/wp-content\/uploads\/2019\/03\/dossier-app-fra.pdf\"><img loading=\"lazy\" decoding=\"async\" aria-describedby=\"caption-attachment-28727\" class=\"wp-image-28727 \" src=\"https:\/\/scolopi.org\/wp-content\/uploads\/2019\/03\/fra.png\" alt=\"\" width=\"601\" height=\"424\" srcset=\"https:\/\/scolopi.org\/wp-content\/uploads\/2019\/03\/fra.png 962w, https:\/\/scolopi.org\/wp-content\/uploads\/2019\/03\/fra-300x211.png 300w, https:\/\/scolopi.org\/wp-content\/uploads\/2019\/03\/fra-768x541.png 768w\" sizes=\"(max-width: 601px) 100vw, 601px\" \/><\/a><p id=\"caption-attachment-28727\" class=\"wp-caption-text\">Dossier pdf<\/p><\/div>\n[\/et_pb_text][\/et_pb_column][et_pb_column type=\u00a0\u00bb3_4&Prime;][et_pb_text use_border_color=\u00a0\u00bboff\u00a0\u00bb background_position=\u00a0\u00bbtop_left\u00a0\u00bb background_repeat=\u00a0\u00bbrepeat\u00a0\u00bb background_size=\u00a0\u00bbinitial\u00a0\u00bb module_alignment=\u00a0\u00bbleft\u00a0\u00bb _builder_version=\u00a0\u00bb3.20.2&Prime;]\n<h1>App Scolopi<\/h1>\n[\/et_pb_text][et_pb_divider admin_label=\u00a0\u00bbSeparador Home\u00a0\u00bb color=\u00a0\u00bb#002f52&Prime; show_divider=\u00a0\u00bbon\u00a0\u00bb divider_style=\u00a0\u00bbdotted\u00a0\u00bb divider_position=\u00a0\u00bbtop\u00a0\u00bb hide_on_mobile=\u00a0\u00bbon\u00a0\u00bb height=\u00a0\u00bb4&Prime; divider_weight=\u00a0\u00bb2&Prime; saved_tabs=\u00a0\u00bball\u00a0\u00bb disabled_on=\u00a0\u00bbon|on|off\u00a0\u00bb _builder_version=\u00a0\u00bb3.20.2&Prime; \/][et_pb_text use_border_color=\u00a0\u00bboff\u00a0\u00bb background_position=\u00a0\u00bbtop_left\u00a0\u00bb background_repeat=\u00a0\u00bbrepeat\u00a0\u00bb background_size=\u00a0\u00bbinitial\u00a0\u00bb module_alignment=\u00a0\u00bbleft\u00a0\u00bb _builder_version=\u00a0\u00bb3.20.2&Prime;]\n<p><strong>Avec la devise \u00ab\u00a0Calasanz va avec toi\u00a0\u00bb, l\u2019Ordre des \u00c9coles Pies pr\u00e9sente la nouvelle APP con\u00e7ue et faite \u00ab\u00a0pour que tu portes Calasanz avec toi, dans ton quotidien\u00a0\u00bb.<\/strong><\/p>\n<p>L\u2019application permet de conna\u00eetre avec imm\u00e9diatet\u00e9 les faits saillants de l\u2019actualit\u00e9 des \u00c9coles Pies, ainsi que de conna\u00eetre leur charisme et leur mission, et de contacter \u00e0 tout moment et dans n\u2019importe quelle partie du monde avec les diff\u00e9rentes pr\u00e9sences piaristes.<\/p>\n<p>Dans\u00a0<em>Scolopi\u00a0<\/em>vous trouverez de diverses sections li\u00e9es \u00e0 Calasanz, la famille calasanctienne, ainsi que les \u00c9coles Pies dans le monde et son histoire. Gr\u00e2ce au moteur de recherche, vous pouvez localiser toute pr\u00e9sence d\u2019Piariste dans le monde, ainsi que les lieux calasanctiens pour tous ceux qui visitent Rome, berceau des \u00c9coles Pies. En outre,\u00a0<em>Scolopi\u00a0<\/em>permet l\u2019acc\u00e8s aux principales publications (<em>Analecta\u00a0<\/em>et\u00a0<em>Ephemerides Calasanctianae<\/em>), ainsi que les lettres du P\u00e8re G\u00e9n\u00e9ral et le\u00a0<em>Calendarium Ordinis<\/em>, qui comprend, entre autres, les donn\u00e9es et les anniversaires des religieux et des \u0153uvres piaristes.<\/p>\n<p>L\u2019application, tr\u00e8s facile \u00e0 utiliser, permet \u00e9galement de recevoir des notifications et de fournir des suggestions et des requ\u00eates par le biais de la bo\u00eete aux lettres.\u00a0<em>Scolopi\u00a0<\/em>est disponible pour n\u2019importe quel appareil, \u00e0 la fois dans les versions\u00a0<a href=\"https:\/\/itunes.apple.com\/us\/app\/scolopi\/id1446625988?mt=8&amp;ign-mpt=uo%3D2\">IOS<\/a>\u00a0et\u00a0<a href=\"https:\/\/play.google.com\/store\/apps\/details?id=com.bigbangbox.scolopi\">Android<\/a>, et est accessible dans les quatre langues de l\u2019Ordre.<\/p>\n[\/et_pb_text][et_pb_divider admin_label=\u00a0\u00bbSeparador Home\u00a0\u00bb color=\u00a0\u00bb#002f52&Prime; show_divider=\u00a0\u00bbon\u00a0\u00bb divider_style=\u00a0\u00bbdotted\u00a0\u00bb divider_position=\u00a0\u00bbtop\u00a0\u00bb hide_on_mobile=\u00a0\u00bbon\u00a0\u00bb height=\u00a0\u00bb4&Prime; divider_weight=\u00a0\u00bb2&Prime; saved_tabs=\u00a0\u00bball\u00a0\u00bb disabled_on=\u00a0\u00bbon|on|off\u00a0\u00bb _builder_version=\u00a0\u00bb3.20.2&Prime; \/][et_pb_divider _builder_version=\u00a0\u00bb3.20.2&Prime; show_divider=\u00a0\u00bboff\u00a0\u00bb \/][\/et_pb_column][\/et_pb_row][et_pb_row][et_pb_column type=\u00a0\u00bb1_6&Prime;][\/et_pb_column][et_pb_column type=\u00a0\u00bb1_6&Prime;][\/et_pb_column][et_pb_column type=\u00a0\u00bb1_6&Prime;][\/et_pb_column][et_pb_column type=\u00a0\u00bb1_6&Prime;][et_pb_image _builder_version=\u00a0\u00bb3.20.2&Prime; src=\u00a0\u00bbhttps:\/\/scolopi.org\/wp-content\/uploads\/2019\/03\/IOS.png\u00a0\u00bb url=\u00a0\u00bbhttps:\/\/itunes.apple.com\/us\/app\/scolopi\/id1446625988?mt=8&amp;ign-mpt=uo%3D2&Prime; url_new_window=\u00a0\u00bbon\u00a0\u00bb \/][\/et_pb_column][et_pb_column type=\u00a0\u00bb1_6&Prime;][et_pb_image _builder_version=\u00a0\u00bb3.20.2&Prime; src=\u00a0\u00bbhttps:\/\/scolopi.org\/wp-content\/uploads\/2019\/03\/GOOGLE.png\u00a0\u00bb url=\u00a0\u00bbhttps:\/\/play.google.com\/store\/apps\/details?id=com.bigbangbox.scolopi\u00a0\u00bb url_new_window=\u00a0\u00bbon\u00a0\u00bb \/][\/et_pb_column][et_pb_column type=\u00a0\u00bb1_6&Prime;][\/et_pb_column][\/et_pb_row][\/et_pb_section]\n","protected":false},"excerpt":{"rendered":"<p><div class=\"et_pb_row et_pb_row_0 et_pb_row_empty\">\n\t\t\t\t\n\t\t\t\t\n\t\t\t\t\n\t\t\t\t\n\t\t\t\t\n\t\t\t<\/div> App Scolopi Avec la devise &laquo;&nbsp;Calasanz va avec toi&nbsp;&raquo;, l&rsquo;Ordre des &Eacute;coles Pies pr&eacute;sente la nouvelle APP con&ccedil;ue et faite &laquo;&nbsp;pour que tu portes Calasanz avec toi, dans ton quotidien&nbsp;&raquo;.L&rsquo;application permet de conna&icirc;tre avec imm&eacute;diatet&eacute; les faits saillants de l&rsquo;actualit&eacute; des &Eacute;coles Pies, ainsi que de conna&icirc;tre leur charisme et leur mission, et de [&hellip;]<\/p>\n","protected":false},"author":2,"featured_media":0,"parent":0,"menu_order":0,"comment_status":"closed","ping_status":"closed","template":"","meta":{"_et_pb_use_builder":"on","_et_pb_old_content":"","_et_gb_content_width":"","footnotes":""},"class_list":["post-28705","page","type-page","status-publish","hentry"],"yoast_head":"<!-- This site is optimized with the Yoast SEO plugin v24.6 - https:\/\/yoast.com\/wordpress\/plugins\/seo\/ -->\n<title>App Scolopi - Ordre des \u00c9coles Pies<\/title>\n<meta name=\"robots\" content=\"index, follow, max-snippet:-1, max-image-preview:large, max-video-preview:-1\" \/>\n<link rel=\"canonical\" href=\"https:\/\/scolopi.org\/fr\/app-scolopi\/\" \/>\n<meta property=\"og:locale\" content=\"fr_FR\" \/>\n<meta property=\"og:type\" content=\"article\" \/>\n<meta property=\"og:title\" content=\"App Scolopi - Ordre des \u00c9coles Pies\" \/>\n<meta property=\"og:description\" content=\"App Scolopi Avec la devise &laquo;&nbsp;Calasanz va avec toi&nbsp;&raquo;, l&rsquo;Ordre des &Eacute;coles Pies pr&eacute;sente la nouvelle APP con&ccedil;ue et faite &laquo;&nbsp;pour que tu portes Calasanz avec toi, dans ton quotidien&nbsp;&raquo;.L&rsquo;application permet de conna&icirc;tre avec imm&eacute;diatet&eacute; les faits saillants de l&rsquo;actualit&eacute; des &Eacute;coles Pies, ainsi que de conna&icirc;tre leur charisme et leur mission, et de [&hellip;]\" \/>\n<meta property=\"og:url\" content=\"https:\/\/scolopi.org\/fr\/app-scolopi\/\" \/>\n<meta property=\"og:site_name\" content=\"Ordre des \u00c9coles Pies\" \/>\n<meta property=\"article:modified_time\" content=\"2019-03-14T16:53:17+00:00\" \/>\n<meta property=\"og:image\" content=\"https:\/\/scolopi.org\/wp-content\/uploads\/2019\/03\/fra.png\" \/>\n<meta name=\"twitter:card\" content=\"summary_large_image\" \/>\n<meta name=\"twitter:label1\" content=\"Dur\u00e9e de lecture estim\u00e9e\" \/>\n\t<meta name=\"twitter:data1\" content=\"3 minutes\" \/>\n<script type=\"application\/ld+json\" class=\"yoast-schema-graph\">{\"@context\":\"https:\/\/schema.org\",\"@graph\":[{\"@type\":\"WebPage\",\"@id\":\"https:\/\/scolopi.org\/fr\/app-scolopi\/\",\"url\":\"https:\/\/scolopi.org\/fr\/app-scolopi\/\",\"name\":\"App Scolopi - Ordre des \u00c9coles Pies\",\"isPartOf\":{\"@id\":\"https:\/\/scolopi.org\/#website\"},\"primaryImageOfPage\":{\"@id\":\"https:\/\/scolopi.org\/fr\/app-scolopi\/#primaryimage\"},\"image\":{\"@id\":\"https:\/\/scolopi.org\/fr\/app-scolopi\/#primaryimage\"},\"thumbnailUrl\":\"https:\/\/scolopi.org\/wp-content\/uploads\/2019\/03\/fra.png\",\"datePublished\":\"2019-03-14T10:07:48+00:00\",\"dateModified\":\"2019-03-14T16:53:17+00:00\",\"breadcrumb\":{\"@id\":\"https:\/\/scolopi.org\/fr\/app-scolopi\/#breadcrumb\"},\"inLanguage\":\"fr-FR\",\"potentialAction\":[{\"@type\":\"ReadAction\",\"target\":[\"https:\/\/scolopi.org\/fr\/app-scolopi\/\"]}]},{\"@type\":\"ImageObject\",\"inLanguage\":\"fr-FR\",\"@id\":\"https:\/\/scolopi.org\/fr\/app-scolopi\/#primaryimage\",\"url\":\"https:\/\/scolopi.org\/wp-content\/uploads\/2019\/03\/fra.png\",\"contentUrl\":\"https:\/\/scolopi.org\/wp-content\/uploads\/2019\/03\/fra.png\"},{\"@type\":\"BreadcrumbList\",\"@id\":\"https:\/\/scolopi.org\/fr\/app-scolopi\/#breadcrumb\",\"itemListElement\":[{\"@type\":\"ListItem\",\"position\":1,\"name\":\"Portada\",\"item\":\"https:\/\/scolopi.org\/fr\/\"},{\"@type\":\"ListItem\",\"position\":2,\"name\":\"App Scolopi\"}]},{\"@type\":\"WebSite\",\"@id\":\"https:\/\/scolopi.org\/#website\",\"url\":\"https:\/\/scolopi.org\/\",\"name\":\"Ordre des \u00c9coles Pies\",\"description\":\"Site Internet Officiel de l\u2019Ordre des \u00c9coles Pies\",\"potentialAction\":[{\"@type\":\"SearchAction\",\"target\":{\"@type\":\"EntryPoint\",\"urlTemplate\":\"https:\/\/scolopi.org\/?s={search_term_string}\"},\"query-input\":{\"@type\":\"PropertyValueSpecification\",\"valueRequired\":true,\"valueName\":\"search_term_string\"}}],\"inLanguage\":\"fr-FR\"}]}<\/script>\n<!-- \/ Yoast SEO plugin. -->","yoast_head_json":{"title":"App Scolopi - Ordre des \u00c9coles Pies","robots":{"index":"index","follow":"follow","max-snippet":"max-snippet:-1","max-image-preview":"max-image-preview:large","max-video-preview":"max-video-preview:-1"},"canonical":"https:\/\/scolopi.org\/fr\/app-scolopi\/","og_locale":"fr_FR","og_type":"article","og_title":"App Scolopi - Ordre des \u00c9coles Pies","og_description":"App Scolopi Avec la devise &laquo;&nbsp;Calasanz va avec toi&nbsp;&raquo;, l&rsquo;Ordre des &Eacute;coles Pies pr&eacute;sente la nouvelle APP con&ccedil;ue et faite &laquo;&nbsp;pour que tu portes Calasanz avec toi, dans ton quotidien&nbsp;&raquo;.L&rsquo;application permet de conna&icirc;tre avec imm&eacute;diatet&eacute; les faits saillants de l&rsquo;actualit&eacute; des &Eacute;coles Pies, ainsi que de conna&icirc;tre leur charisme et leur mission, et de [&hellip;]","og_url":"https:\/\/scolopi.org\/fr\/app-scolopi\/","og_site_name":"Ordre des \u00c9coles Pies","article_modified_time":"2019-03-14T16:53:17+00:00","og_image":[{"url":"https:\/\/scolopi.org\/wp-content\/uploads\/2019\/03\/fra.png","type":"","width":"","height":""}],"twitter_card":"summary_large_image","twitter_misc":{"Dur\u00e9e de lecture estim\u00e9e":"3 minutes"},"schema":{"@context":"https:\/\/schema.org","@graph":[{"@type":"WebPage","@id":"https:\/\/scolopi.org\/fr\/app-scolopi\/","url":"https:\/\/scolopi.org\/fr\/app-scolopi\/","name":"App Scolopi - Ordre des \u00c9coles Pies","isPartOf":{"@id":"https:\/\/scolopi.org\/#website"},"primaryImageOfPage":{"@id":"https:\/\/scolopi.org\/fr\/app-scolopi\/#primaryimage"},"image":{"@id":"https:\/\/scolopi.org\/fr\/app-scolopi\/#primaryimage"},"thumbnailUrl":"https:\/\/scolopi.org\/wp-content\/uploads\/2019\/03\/fra.png","datePublished":"2019-03-14T10:07:48+00:00","dateModified":"2019-03-14T16:53:17+00:00","breadcrumb":{"@id":"https:\/\/scolopi.org\/fr\/app-scolopi\/#breadcrumb"},"inLanguage":"fr-FR","potentialAction":[{"@type":"ReadAction","target":["https:\/\/scolopi.org\/fr\/app-scolopi\/"]}]},{"@type":"ImageObject","inLanguage":"fr-FR","@id":"https:\/\/scolopi.org\/fr\/app-scolopi\/#primaryimage","url":"https:\/\/scolopi.org\/wp-content\/uploads\/2019\/03\/fra.png","contentUrl":"https:\/\/scolopi.org\/wp-content\/uploads\/2019\/03\/fra.png"},{"@type":"BreadcrumbList","@id":"https:\/\/scolopi.org\/fr\/app-scolopi\/#breadcrumb","itemListElement":[{"@type":"ListItem","position":1,"name":"Portada","item":"https:\/\/scolopi.org\/fr\/"},{"@type":"ListItem","position":2,"name":"App Scolopi"}]},{"@type":"WebSite","@id":"https:\/\/scolopi.org\/#website","url":"https:\/\/scolopi.org\/","name":"Ordre des \u00c9coles Pies","description":"Site Internet Officiel de l\u2019Ordre des \u00c9coles Pies","potentialAction":[{"@type":"SearchAction","target":{"@type":"EntryPoint","urlTemplate":"https:\/\/scolopi.org\/?s={search_term_string}"},"query-input":{"@type":"PropertyValueSpecification","valueRequired":true,"valueName":"search_term_string"}}],"inLanguage":"fr-FR"}]}},"_links":{"self":[{"href":"https:\/\/scolopi.org\/fr\/wp-json\/wp\/v2\/pages\/28705"}],"collection":[{"href":"https:\/\/scolopi.org\/fr\/wp-json\/wp\/v2\/pages"}],"about":[{"href":"https:\/\/scolopi.org\/fr\/wp-json\/wp\/v2\/types\/page"}],"author":[{"embeddable":true,"href":"https:\/\/scolopi.org\/fr\/wp-json\/wp\/v2\/users\/2"}],"replies":[{"embeddable":true,"href":"https:\/\/scolopi.org\/fr\/wp-json\/wp\/v2\/comments?post=28705"}],"version-history":[{"count":0,"href":"https:\/\/scolopi.org\/fr\/wp-json\/wp\/v2\/pages\/28705\/revisions"}],"wp:attachment":[{"href":"https:\/\/scolopi.org\/fr\/wp-json\/wp\/v2\/media?parent=28705"}],"curies":[{"name":"wp","href":"https:\/\/api.w.org\/{rel}","templated":true}]}}