{"id":34225,"date":"2019-07-12T13:44:16","date_gmt":"2019-07-12T11:44:16","guid":{"rendered":"https:\/\/scolopi.org\/nuovi-superiori-maggiori-dellordine\/"},"modified":"2024-04-25T12:36:45","modified_gmt":"2024-04-25T10:36:45","slug":"nouveaux-superieurs-majeurs-de-lordre","status":"publish","type":"page","link":"https:\/\/scolopi.org\/fr\/nouveaux-superieurs-majeurs-de-lordre\/","title":{"rendered":"Sup\u00e9rieurs Majeurs de l&rsquo;Ordre"},"content":{"rendered":"<p>Nous pr\u00e9sentons l&rsquo;infogramme avec les compositions des diff\u00e9rentes congr\u00e9gations de d\u00e9marcation et des nouvelles \u00e9quipes apr\u00e8s les chapitres provinciaux et vice-provinciaux. Le graphique vous permet \u00e9galement de localiser la photo de chaque sup\u00e9rieur majeur, ainsi que la configuration des \u00e9quipes et des assistants. Ce mat\u00e9riel fait conna\u00eetre un peu plus ceux qui ont assum\u00e9 la responsabilit\u00e9 de guider la mission des piaristes dans les diff\u00e9rentes parties du monde. Nous vous souhaitons le meilleur dans le service dans l\u2019Ordre au sein de la d\u00e9marcation qui vous est confi\u00e9e.<\/p>\n<p><a href=\"https:\/\/scolopi.org\/wp-content\/uploads\/2024\/04\/orla-2024-marzo-1.pdf\"><strong>Vous pouvez le t\u00e9l\u00e9charger en haute r\u00e9solution (pdf) ici<\/strong><\/a><br \/>\nAct mai 2024<\/p>\n<p>&nbsp;<\/p>\n<p><img loading=\"lazy\" decoding=\"async\" class=\"aligncenter wp-image-104233 size-full\" src=\"https:\/\/scolopi.org\/wp-content\/uploads\/2024\/04\/orla-2024-marzo-scaled.jpg\" alt=\"\" width=\"2560\" height=\"1811\" srcset=\"https:\/\/scolopi.org\/wp-content\/uploads\/2024\/04\/orla-2024-marzo-scaled.jpg 2560w, https:\/\/scolopi.org\/wp-content\/uploads\/2024\/04\/orla-2024-marzo-1280x906.jpg 1280w, https:\/\/scolopi.org\/wp-content\/uploads\/2024\/04\/orla-2024-marzo-980x693.jpg 980w, https:\/\/scolopi.org\/wp-content\/uploads\/2024\/04\/orla-2024-marzo-480x340.jpg 480w\" sizes=\"(min-width: 0px) and (max-width: 480px) 480px, (min-width: 481px) and (max-width: 980px) 980px, (min-width: 981px) and (max-width: 1280px) 1280px, (min-width: 1281px) 2560px, 100vw\" \/><\/p>\n<p>&nbsp;<\/p>\n","protected":false},"excerpt":{"rendered":"<p>Nous pr&eacute;sentons l&rsquo;infogramme avec les compositions des diff&eacute;rentes congr&eacute;gations de d&eacute;marcation et des nouvelles &eacute;quipes apr&egrave;s les chapitres provinciaux et vice-provinciaux. Le graphique vous permet &eacute;galement de localiser la photo de chaque sup&eacute;rieur majeur, ainsi que la configuration des &eacute;quipes et des assistants. Ce mat&eacute;riel fait conna&icirc;tre un peu plus ceux qui ont assum&eacute; la [&hellip;]<\/p>\n","protected":false},"author":2,"featured_media":0,"parent":0,"menu_order":0,"comment_status":"closed","ping_status":"closed","template":"","meta":{"_et_pb_use_builder":"off","_et_pb_old_content":"","_et_gb_content_width":"","footnotes":""},"class_list":["post-34225","page","type-page","status-publish","hentry"],"yoast_head":"<!-- This site is optimized with the Yoast SEO plugin v24.6 - https:\/\/yoast.com\/wordpress\/plugins\/seo\/ -->\n<title>Sup\u00e9rieurs Majeurs de l&#039;Ordre - Ordre des \u00c9coles Pies<\/title>\n<meta name=\"robots\" content=\"index, follow, max-snippet:-1, max-image-preview:large, max-video-preview:-1\" \/>\n<link rel=\"canonical\" href=\"https:\/\/scolopi.org\/nuevos-superiores-mayores-de-la-orden\/\" \/>\n<meta property=\"og:locale\" content=\"fr_FR\" \/>\n<meta property=\"og:type\" content=\"article\" \/>\n<meta property=\"og:title\" content=\"Sup\u00e9rieurs Majeurs de l&#039;Ordre - Ordre des \u00c9coles Pies\" \/>\n<meta property=\"og:description\" content=\"Nous pr&eacute;sentons l&rsquo;infogramme avec les compositions des diff&eacute;rentes congr&eacute;gations de d&eacute;marcation et des nouvelles &eacute;quipes apr&egrave;s les chapitres provinciaux et vice-provinciaux. Le graphique vous permet &eacute;galement de localiser la photo de chaque sup&eacute;rieur majeur, ainsi que la configuration des &eacute;quipes et des assistants. Ce mat&eacute;riel fait conna&icirc;tre un peu plus ceux qui ont assum&eacute; la [&hellip;]\" \/>\n<meta property=\"og:url\" content=\"https:\/\/scolopi.org\/nuevos-superiores-mayores-de-la-orden\/\" \/>\n<meta property=\"og:site_name\" content=\"Ordre des \u00c9coles Pies\" \/>\n<meta property=\"article:modified_time\" content=\"2024-04-25T10:36:45+00:00\" \/>\n<meta property=\"og:image\" content=\"https:\/\/scolopi.org\/wp-content\/uploads\/2024\/04\/orla-2024-marzo-scaled.jpg\" \/>\n<meta name=\"twitter:card\" content=\"summary_large_image\" \/>\n<meta name=\"twitter:label1\" content=\"Dur\u00e9e de lecture estim\u00e9e\" \/>\n\t<meta name=\"twitter:data1\" content=\"1 minute\" \/>\n<script type=\"application\/ld+json\" class=\"yoast-schema-graph\">{\"@context\":\"https:\/\/schema.org\",\"@graph\":[{\"@type\":\"WebPage\",\"@id\":\"https:\/\/scolopi.org\/nuevos-superiores-mayores-de-la-orden\/\",\"url\":\"https:\/\/scolopi.org\/nuevos-superiores-mayores-de-la-orden\/\",\"name\":\"Sup\u00e9rieurs Majeurs de l'Ordre - Ordre des \u00c9coles Pies\",\"isPartOf\":{\"@id\":\"https:\/\/scolopi.org\/#website\"},\"primaryImageOfPage\":{\"@id\":\"https:\/\/scolopi.org\/nuevos-superiores-mayores-de-la-orden\/#primaryimage\"},\"image\":{\"@id\":\"https:\/\/scolopi.org\/nuevos-superiores-mayores-de-la-orden\/#primaryimage\"},\"thumbnailUrl\":\"https:\/\/scolopi.org\/wp-content\/uploads\/2024\/04\/orla-2024-marzo-scaled.jpg\",\"datePublished\":\"2019-07-12T11:44:16+00:00\",\"dateModified\":\"2024-04-25T10:36:45+00:00\",\"breadcrumb\":{\"@id\":\"https:\/\/scolopi.org\/nuevos-superiores-mayores-de-la-orden\/#breadcrumb\"},\"inLanguage\":\"fr-FR\",\"potentialAction\":[{\"@type\":\"ReadAction\",\"target\":[\"https:\/\/scolopi.org\/nuevos-superiores-mayores-de-la-orden\/\"]}]},{\"@type\":\"ImageObject\",\"inLanguage\":\"fr-FR\",\"@id\":\"https:\/\/scolopi.org\/nuevos-superiores-mayores-de-la-orden\/#primaryimage\",\"url\":\"https:\/\/scolopi.org\/wp-content\/uploads\/2024\/04\/orla-2024-marzo-scaled.jpg\",\"contentUrl\":\"https:\/\/scolopi.org\/wp-content\/uploads\/2024\/04\/orla-2024-marzo-scaled.jpg\"},{\"@type\":\"BreadcrumbList\",\"@id\":\"https:\/\/scolopi.org\/nuevos-superiores-mayores-de-la-orden\/#breadcrumb\",\"itemListElement\":[{\"@type\":\"ListItem\",\"position\":1,\"name\":\"Portada\",\"item\":\"https:\/\/scolopi.org\/fr\/\"},{\"@type\":\"ListItem\",\"position\":2,\"name\":\"Sup\u00e9rieurs Majeurs de l&#8217;Ordre\"}]},{\"@type\":\"WebSite\",\"@id\":\"https:\/\/scolopi.org\/#website\",\"url\":\"https:\/\/scolopi.org\/\",\"name\":\"Ordre des \u00c9coles Pies\",\"description\":\"Site Internet Officiel de l\u2019Ordre des \u00c9coles Pies\",\"potentialAction\":[{\"@type\":\"SearchAction\",\"target\":{\"@type\":\"EntryPoint\",\"urlTemplate\":\"https:\/\/scolopi.org\/?s={search_term_string}\"},\"query-input\":{\"@type\":\"PropertyValueSpecification\",\"valueRequired\":true,\"valueName\":\"search_term_string\"}}],\"inLanguage\":\"fr-FR\"}]}<\/script>\n<!-- \/ Yoast SEO plugin. -->","yoast_head_json":{"title":"Sup\u00e9rieurs Majeurs de l'Ordre - Ordre des \u00c9coles Pies","robots":{"index":"index","follow":"follow","max-snippet":"max-snippet:-1","max-image-preview":"max-image-preview:large","max-video-preview":"max-video-preview:-1"},"canonical":"https:\/\/scolopi.org\/nuevos-superiores-mayores-de-la-orden\/","og_locale":"fr_FR","og_type":"article","og_title":"Sup\u00e9rieurs Majeurs de l'Ordre - Ordre des \u00c9coles Pies","og_description":"Nous pr&eacute;sentons l&rsquo;infogramme avec les compositions des diff&eacute;rentes congr&eacute;gations de d&eacute;marcation et des nouvelles &eacute;quipes apr&egrave;s les chapitres provinciaux et vice-provinciaux. Le graphique vous permet &eacute;galement de localiser la photo de chaque sup&eacute;rieur majeur, ainsi que la configuration des &eacute;quipes et des assistants. Ce mat&eacute;riel fait conna&icirc;tre un peu plus ceux qui ont assum&eacute; la [&hellip;]","og_url":"https:\/\/scolopi.org\/nuevos-superiores-mayores-de-la-orden\/","og_site_name":"Ordre des \u00c9coles Pies","article_modified_time":"2024-04-25T10:36:45+00:00","og_image":[{"url":"https:\/\/scolopi.org\/wp-content\/uploads\/2024\/04\/orla-2024-marzo-scaled.jpg","type":"","width":"","height":""}],"twitter_card":"summary_large_image","twitter_misc":{"Dur\u00e9e de lecture estim\u00e9e":"1 minute"},"schema":{"@context":"https:\/\/schema.org","@graph":[{"@type":"WebPage","@id":"https:\/\/scolopi.org\/nuevos-superiores-mayores-de-la-orden\/","url":"https:\/\/scolopi.org\/nuevos-superiores-mayores-de-la-orden\/","name":"Sup\u00e9rieurs Majeurs de l'Ordre - Ordre des \u00c9coles Pies","isPartOf":{"@id":"https:\/\/scolopi.org\/#website"},"primaryImageOfPage":{"@id":"https:\/\/scolopi.org\/nuevos-superiores-mayores-de-la-orden\/#primaryimage"},"image":{"@id":"https:\/\/scolopi.org\/nuevos-superiores-mayores-de-la-orden\/#primaryimage"},"thumbnailUrl":"https:\/\/scolopi.org\/wp-content\/uploads\/2024\/04\/orla-2024-marzo-scaled.jpg","datePublished":"2019-07-12T11:44:16+00:00","dateModified":"2024-04-25T10:36:45+00:00","breadcrumb":{"@id":"https:\/\/scolopi.org\/nuevos-superiores-mayores-de-la-orden\/#breadcrumb"},"inLanguage":"fr-FR","potentialAction":[{"@type":"ReadAction","target":["https:\/\/scolopi.org\/nuevos-superiores-mayores-de-la-orden\/"]}]},{"@type":"ImageObject","inLanguage":"fr-FR","@id":"https:\/\/scolopi.org\/nuevos-superiores-mayores-de-la-orden\/#primaryimage","url":"https:\/\/scolopi.org\/wp-content\/uploads\/2024\/04\/orla-2024-marzo-scaled.jpg","contentUrl":"https:\/\/scolopi.org\/wp-content\/uploads\/2024\/04\/orla-2024-marzo-scaled.jpg"},{"@type":"BreadcrumbList","@id":"https:\/\/scolopi.org\/nuevos-superiores-mayores-de-la-orden\/#breadcrumb","itemListElement":[{"@type":"ListItem","position":1,"name":"Portada","item":"https:\/\/scolopi.org\/fr\/"},{"@type":"ListItem","position":2,"name":"Sup\u00e9rieurs Majeurs de l&#8217;Ordre"}]},{"@type":"WebSite","@id":"https:\/\/scolopi.org\/#website","url":"https:\/\/scolopi.org\/","name":"Ordre des \u00c9coles Pies","description":"Site Internet Officiel de l\u2019Ordre des \u00c9coles Pies","potentialAction":[{"@type":"SearchAction","target":{"@type":"EntryPoint","urlTemplate":"https:\/\/scolopi.org\/?s={search_term_string}"},"query-input":{"@type":"PropertyValueSpecification","valueRequired":true,"valueName":"search_term_string"}}],"inLanguage":"fr-FR"}]}},"_links":{"self":[{"href":"https:\/\/scolopi.org\/fr\/wp-json\/wp\/v2\/pages\/34225"}],"collection":[{"href":"https:\/\/scolopi.org\/fr\/wp-json\/wp\/v2\/pages"}],"about":[{"href":"https:\/\/scolopi.org\/fr\/wp-json\/wp\/v2\/types\/page"}],"author":[{"embeddable":true,"href":"https:\/\/scolopi.org\/fr\/wp-json\/wp\/v2\/users\/2"}],"replies":[{"embeddable":true,"href":"https:\/\/scolopi.org\/fr\/wp-json\/wp\/v2\/comments?post=34225"}],"version-history":[{"count":1,"href":"https:\/\/scolopi.org\/fr\/wp-json\/wp\/v2\/pages\/34225\/revisions"}],"predecessor-version":[{"id":104244,"href":"https:\/\/scolopi.org\/fr\/wp-json\/wp\/v2\/pages\/34225\/revisions\/104244"}],"wp:attachment":[{"href":"https:\/\/scolopi.org\/fr\/wp-json\/wp\/v2\/media?parent=34225"}],"curies":[{"name":"wp","href":"https:\/\/api.w.org\/{rel}","templated":true}]}}