{"id":4956,"date":"2016-05-11T11:17:03","date_gmt":"2016-05-11T11:17:03","guid":{"rendered":"http:\/\/scolopi.org\/fr\/calasanz\/"},"modified":"2018-11-03T08:07:08","modified_gmt":"2018-11-03T07:07:08","slug":"calasanz","status":"publish","type":"page","link":"https:\/\/scolopi.org\/fr\/calasanz\/","title":{"rendered":"Calasanz"},"content":{"rendered":"[et_pb_section bb_built=\u00a0\u00bb1&Prime; admin_label=\u00a0\u00bbsection\u00a0\u00bb][et_pb_row background_position=\u00a0\u00bbtop_left\u00a0\u00bb background_repeat=\u00a0\u00bbrepeat\u00a0\u00bb background_size=\u00a0\u00bbinitial\u00a0\u00bb][et_pb_column type=\u00a0\u00bb4_4&Prime;][et_pb_divider color=\u00a0\u00bb#ffffff\u00a0\u00bb show_divider=\u00a0\u00bboff\u00a0\u00bb height=\u00a0\u00bb8&Prime; divider_style=\u00a0\u00bbsolid\u00a0\u00bb divider_position=\u00a0\u00bbtop\u00a0\u00bb hide_on_mobile=\u00a0\u00bbon\u00a0\u00bb disabled_on=\u00a0\u00bbon|on|off\u00a0\u00bb]\n[\/et_pb_divider][\/et_pb_column][\/et_pb_row][et_pb_row admin_label=\u00a0\u00bbrow\u00a0\u00bb background_position=\u00a0\u00bbtop_left\u00a0\u00bb background_repeat=\u00a0\u00bbrepeat\u00a0\u00bb background_size=\u00a0\u00bbinitial\u00a0\u00bb][et_pb_column type=\u00a0\u00bb1_3&Prime;][et_pb_gallery fullwidth=\u00a0\u00bbon\u00a0\u00bb show_title_and_caption=\u00a0\u00bbon\u00a0\u00bb show_pagination=\u00a0\u00bbon\u00a0\u00bb background_layout=\u00a0\u00bblight\u00a0\u00bb auto=\u00a0\u00bbon\u00a0\u00bb hover_overlay_color=\u00a0\u00bbrgba(255,255,255,0.9)\u00a0\u00bb caption_all_caps=\u00a0\u00bboff\u00a0\u00bb use_border_color=\u00a0\u00bboff\u00a0\u00bb border_color=\u00a0\u00bb#ffffff\u00a0\u00bb border_style=\u00a0\u00bbsolid\u00a0\u00bb gallery_ids=\u00a0\u00bb3189&Prime;]\n[\/et_pb_gallery][\/et_pb_column][et_pb_column type=\u00a0\u00bb2_3&Prime;][et_pb_text background_layout=\u00a0\u00bblight\u00a0\u00bb text_orientation=\u00a0\u00bbleft\u00a0\u00bb use_border_color=\u00a0\u00bboff\u00a0\u00bb border_color=\u00a0\u00bb#ffffff\u00a0\u00bb border_style=\u00a0\u00bbsolid\u00a0\u00bb background_position=\u00a0\u00bbtop_left\u00a0\u00bb background_repeat=\u00a0\u00bbrepeat\u00a0\u00bb background_size=\u00a0\u00bbinitial\u00a0\u00bb]\n<h1>Saint Joseph de Calasanz<\/h1>\n[\/et_pb_text][et_pb_divider color=\u00a0\u00bb#727272&Prime; show_divider=\u00a0\u00bbon\u00a0\u00bb divider_style=\u00a0\u00bbsolid\u00a0\u00bb divider_position=\u00a0\u00bbtop\u00a0\u00bb hide_on_mobile=\u00a0\u00bbon\u00a0\u00bb height=\u00a0\u00bb2&Prime; saved_tabs=\u00a0\u00bball\u00a0\u00bb disabled_on=\u00a0\u00bbon|on|off\u00a0\u00bb]\n[\/et_pb_divider][et_pb_text background_layout=\u00a0\u00bblight\u00a0\u00bb text_orientation=\u00a0\u00bbleft\u00a0\u00bb use_border_color=\u00a0\u00bboff\u00a0\u00bb border_color=\u00a0\u00bb#ffffff\u00a0\u00bb border_style=\u00a0\u00bbsolid\u00a0\u00bb background_position=\u00a0\u00bbtop_left\u00a0\u00bb background_repeat=\u00a0\u00bbrepeat\u00a0\u00bb background_size=\u00a0\u00bbinitial\u00a0\u00bb]\n<p>San Joseph de Calasanz, le fondateur de la premi\u00e8re \u00e9cole populaire chr\u00e9tienne d\u2019Europe et des P\u00e8res Piaristes, est n\u00e9 en 1557 \u00e0 Peralta de la Sal (Aragon, Espagne). Dieu a pr\u00e9par\u00e9 dans la personne de Calasanz un m\u00e9diateur pour enrichir son \u00c9glise avec un nouveau don charismatique. Il lui a accord\u00e9 des dons naturels et l\u2019atmosph\u00e8re d\u2019une famille qui lui a donn\u00e9 une formation chr\u00e9tienne et culturelle longue et excellente.<\/p>\n<p>Dieu l\u2019a appel\u00e9 \u00e0 la pr\u00eatrise, dont le minist\u00e8re il a exerc\u00e9e sur diverses missions curiales et pastorales. Neuf ans apr\u00e8s \u00eatre ordonn\u00e9 pr\u00eatre, il est parti \u00e0 Rome, o\u00f9 marchant \u00e0 travers le quartier plus pauvre de la ville il a \u00e9t\u00e9 touch\u00e9 par la mis\u00e8re dans laquelle vivaient les enfants et les jeunes du lieu. Dans ce cadre est n\u00e9e sa vocation. Il entendit la voix du Seigneur, qui lui disait : \u00ab Jose, vous livrer aux pauvres. \u00bb Enseigne de ces enfants et se soucie d\u2019eux \u00bb.<\/p>\n<p>Josepf de Calasanz, au printemps de 1597, touch\u00e9 par la compassion envers les enfants pauvres et abandonn\u00e9s, a visit\u00e9 le quartier romain du Trastevere et dans la paroisse de Santa Dorotea a d\u00e9couvert une petite \u00e9cole paroissiale, qui a fait \u00e9clore dans son c\u0153ur la route d\u00e9cisive de sa vie. Alors il a fond\u00e9 la \u00ab premi\u00e8re \u00e9cole populaire et gratuite de l\u2019Europe \u00bb. Son but \u00e9ducatif a \u00e9t\u00e9 r\u00e9sum\u00e9e dans le slogan : \u00ab Pi\u00e9t\u00e9 et Lettres \u00bb, que nous pouvons traduire aujourd&rsquo;hui comme \u00ab Foi et Culture \u00bb. Il a appel\u00e9 son \u0153uvre les \u00ab \u00c9coles Pies \u00bb.<\/p>\n<p>Le centre de ses id\u00e9es p\u00e9dagogiques \u00e9tait le respect de la personnalit\u00e9 de chaque enfant et de voir en eux l\u2019image du Christ. Par le biais de ses \u00c9coles Pies, il a essay\u00e9 de servir les besoins intellectuelles, physiques et spirituelles des jeunes sous son soin. Calasanz \u00e9tait ami de Galil\u00e9e, le grand scientifique, et a donn\u00e9 beaucoup d\u2019importance aux sciences et aux math\u00e9matiques, ainsi qu\u2019aux sciences humaines, dans l\u2019\u00e9ducation de la jeunesse.<\/p>\n<p>Pour continuer son travail \u00e9ducatif il a fond\u00e9 l\u2019Ordre des \u00c9coles Pies, un ordre religieux dont les membres, appel\u00e9s les Piaristes, professons quatre v\u0153ux religieux solennels : pauvret\u00e9, chastet\u00e9, ob\u00e9issance et le d\u00e9vouement \u00e0 l\u2019\u00e9ducation de la jeunesse.<\/p>\n<p>Le r\u00eave de Saint Joseph de Calasanz d\u2019\u00e9duquer tous les enfants, ses \u00e9coles pour les pauvres, son soutien \u00e0 la science de Galil\u00e9e et sa vie de saintet\u00e9 au service des enfants et des jeunes, lui ont gagn\u00e9 l\u2019opposition d\u2019un grand nombre de dirigeants de la soci\u00e9t\u00e9 et aussi d\u2019une bonne partie de la hi\u00e9rarchie eccl\u00e9siastique. Mais Calasanz a d\u00e9montr\u00e9 une patience exemplaire face aux probl\u00e8mes et les adversit\u00e9s de la vie.<\/p>\n<p>Ce charisme a \u00e9t\u00e9 re\u00e7u par Calasanz, tout d\u2019abord, comme l\u2019acceptation d\u2019une nouvelle mission \u00e9vang\u00e9lisatrice et \u00e9ducative dont ses premiers compagnons ont particip\u00e9 ; il a donn\u00e9 lieu ensuite \u00e0 une relation particuli\u00e8re avec eux en partageant, en plus du minist\u00e8re, le logement, la pri\u00e8re et les possessions dans une communaut\u00e9 plus stable ; et enfin, il s\u2019est concr\u00e9tis\u00e9 quand Calasanz et un petit groupe de disciples ont embrass\u00e9 une forme de vie religieuse, qui a renforc\u00e9 et donn\u00e9 unit\u00e9 \u00e0 tout ce qui avait \u00e9t\u00e9 r\u00e9alis\u00e9 et v\u00e9cu jusqu\u2019alors. L\u2019\u00c9glise l\u2019a approuv\u00e9 comme Congr\u00e9gation en 1617 et comme Ordre avec un sp\u00e9cifique v\u0153u de d\u00e9vouement \u00e0 l\u2019\u00e9ducation de la jeunesse, en 1622, avec le nom de Clercs R\u00e9guliers Pauvres de la M\u00e8re de Dieu des \u00c9coles Pies.<\/p>\n<p>Dans les ann\u00e9es suivantes jusqu&rsquo;\u00e0 sa mort, Joseph de Calasanz a favoris\u00e9 l\u2019expansion du charisme, a soign\u00e9 attentivement l\u2019incarnation du don fondateur et l\u2019a prot\u00e9g\u00e9 contre les exp\u00e9riences et les interpr\u00e9tations qui ne r\u00e9pondaient pas \u00e0 l\u2019intuition des origines.<\/p>\n<p>Fondateur du premier Ordre religieux d\u00e9di\u00e9 sp\u00e9cifiquement \u00e0 l\u2019\u00e9ducation chr\u00e9tienne populaire \u00e0 travers l\u2019\u00e9cole, il a toujours insist\u00e9 dans les trois caract\u00e9ristiques charismatiques, pr\u00e9sents en germe d\u00e8s le d\u00e9but, confirm\u00e9es explicitement dans les Constitutions de 1621 et d\u00e9velopp\u00e9es dans les ann\u00e9es d\u2019expansion et de conflit : donner priorit\u00e9 \u00e0 l\u2019\u00e9ducation d\u00e8s l\u2019enfance, l\u2019\u00e9ducation des pauvres et l\u2019\u00e9ducation dans la pi\u00e9t\u00e9.<\/p>\n<p>Il mourut \u00e0 Rome le 25 ao\u00fbt 1648, convaincu que son Ordre et son r\u00eave ne mourraient pas. Et ainsi s\u2019est pass\u00e9, car il a \u00e9t\u00e9 d\u00e9clar\u00e9 saint en 1767, et le Pape Pie XII le d\u00e9clara en 1948 \u00ab patron c\u00e9leste de toutes les \u00e9coles populaires chr\u00e9tiennes \u00bb. Le Pape Jean Paul II a dit que Saint Joseph de Calasanz a pris comme mod\u00e8le le Christ et il a essay\u00e9 de transmettre aux jeunes, en plus de la science profane, la sagesse de l\u2019\u00c9vangile en leur enseignant l\u2019action amoureuse de Dieu.<\/p>\n[\/et_pb_text][et_pb_image animation_style=\u00a0\u00bbfade\u00a0\u00bb animation_duration=\u00a0\u00bb500ms\u00a0\u00bb animation_intensity_slide=\u00a0\u00bb10%\u00a0\u00bb animation_direction=\u00a0\u00bbcenter\u00a0\u00bb show_bottom_space=\u00a0\u00bbon\u00a0\u00bb]\n[\/et_pb_image][\/et_pb_column][\/et_pb_row][\/et_pb_section]\n","protected":false},"excerpt":{"rendered":"<p>Saint Joseph de Calasanz San Joseph de Calasanz, le fondateur de la premi&egrave;re &eacute;cole populaire chr&eacute;tienne d&rsquo;Europe et des P&egrave;res Piaristes, est n&eacute; en 1557 &agrave; Peralta de la Sal (Aragon, Espagne). Dieu a pr&eacute;par&eacute; dans la personne de Calasanz un m&eacute;diateur pour enrichir son &Eacute;glise avec un nouveau don charismatique. Il lui a accord&eacute; [&hellip;]<\/p>\n","protected":false},"author":1,"featured_media":0,"parent":0,"menu_order":0,"comment_status":"closed","ping_status":"closed","template":"","meta":{"_et_pb_use_builder":"on","_et_pb_old_content":"<p>San Jos\u00e9 de Calasanz, el fundador de la primera escuela popular cristiana de Europa y de los Padres Escolapios, naci\u00f3 en 1557, en Peralta de la Sal (Arag\u00f3n, Espa\u00f1a). Dios prepar\u00f3 en la persona de Calasanz a un mediador para enriquecer a su Iglesia con un nuevo don carism\u00e1tico. Le concedi\u00f3 dones naturales y el ambiente de una familia que le facilit\u00f3 una excelente y larga formaci\u00f3n cristiana y cultural.<\/p><p>Dios le llam\u00f3 al sacerdocio, cuyo ministerio ejerci\u00f3 en diversas misiones curiales y pastorales. Nueve a\u00f1os despu\u00e9s de ser ordenado sacerdote, parti\u00f3 hacia Roma, donde caminando por el barrio m\u00e1s pobre de la ciudad se conmovi\u00f3 frente a la miseria en la que viv\u00edan los j\u00f3venes y ni\u00f1os del lugar. En este marco surge su vocaci\u00f3n. Escuch\u00f3 la voz del Se\u00f1or, que le dijo: \"Jos\u00e9, entr\u00e9gate a los pobres. Ense\u00f1a a estos ni\u00f1os y cuida de ellos\u201d.<\/p><p>Jos\u00e9 de Calasanz, en la primavera de 1597, movido por la compasi\u00f3n hacia los ni\u00f1os pobres y abandonados visit\u00f3 la vecindad romana del Trastevere y en la parroquia de Santa Dorotea descubri\u00f3 una peque\u00f1a escuela parroquial, que hizo eclosionar en su coraz\u00f3n el camino decisivo de su vida. Funda as\u00ed la \"primera escuela popular y gratuita de Europa\". Su meta educativa qued\u00f3 resumida en el lema: \u201cPiedad y Letras\", que hoy podemos traducir como \"fe y cultura\". Llam\u00f3 a su obra las \u201cEscuelas P\u00edas\".<\/p><p>El centro de sus ideas educativas era el respeto por la personalidad de cada ni\u00f1o y el ver en ellos la imagen de Cristo. Por medio de sus Escuelas P\u00edas, trat\u00f3 de servir las necesidades intelectuales, f\u00edsicas y espirituales de los j\u00f3venes bajo su cuidado. Calasanz fue amigo de Galileo, el destacado cient\u00edfico, y dio gran importancia a las ciencias y a las matem\u00e1ticas, as\u00ed como a las humanidades, en la educaci\u00f3n de la juventud.<\/p><p>Para continuar su labor educativ<img class=\"size-medium wp-image-3184 alignleft\" src=\"https:\/\/scolopi.org.mialias.net\/wp-content\/uploads\/2016\/05\/iconografia_calasanziana-300x205.jpg\" alt=\"iconografia_calasanziana\" width=\"300\" height=\"205\" \/>a fund\u00f3 la Orden de las Escuelas P\u00edas, una orden religiosa cuyos miembros, conocidos como los Escolapios, profesamos cuatro votos religiosos solemnes: pobreza, castidad, obediencia, y el de la dedicaci\u00f3n a la educaci\u00f3n de la juventud.<\/p><p>El sue\u00f1o de San Jos\u00e9 de Calasanz de educar a todos los ni\u00f1os, sus escuelas para los pobres, su apoyo a la ciencia de Galileo, y su vida de santidad en servicio a los ni\u00f1os y j\u00f3venes, le ganaron la oposici\u00f3n de muchos de las clases dirigentes de la sociedad y tambi\u00e9n de buena parte de la jerarqu\u00eda eclesi\u00e1stica. Pero Calasanz mostr\u00f3 una paciencia ejemplar frente a los problemas y adversidades de la vida.<\/p><p>Este carisma fue recibido por Calasanz, ante todo, como la aceptaci\u00f3n de una nueva misi\u00f3n evangelizadora y educativa de la que participaron sus primeros compa\u00f1eros; dio lugar despu\u00e9s a una relaci\u00f3n particular con ellos al compartir, adem\u00e1s del ministerio, vivienda, oraci\u00f3n y bienes en una comunidad m\u00e1s estable; y finalmente se expres\u00f3 cuando Calasanz y un peque\u00f1o grupo de sus seguidores abrazaron una forma de vida religiosa, que consolid\u00f3 y dio unidad a lo realizado y vivido hasta entonces. La Iglesia la aprob\u00f3 como Congregaci\u00f3n en 1617 y como Orden con un voto espec\u00edfico de dedicaci\u00f3n a la educaci\u00f3n de la juventud, en 1622, con el nombre de Cl\u00e9rigos Regulares Pobres de la Madre de Dios de las Escuelas P\u00edas.<\/p><p>En los a\u00f1os sucesivos hasta su muerte, Jos\u00e9 de Calasanz promovi\u00f3 la expansi\u00f3n del carisma, cuid\u00f3 atentamente la encarnaci\u00f3n del don fundacional y lo defendi\u00f3 frente a experiencias e interpretaciones que no respond\u00edan a la intuici\u00f3n de los or\u00edgenes.<\/p><p>Fundador de la primera Orden religiosa dedicada espec\u00edficamente a la educaci\u00f3n cristiana popular a trav\u00e9s de la escuela, insisti\u00f3 siempre en tres rasgos carism\u00e1ticos de la misma, presentes germinalmente desde el principio, afirmados expl\u00edcitamente en las Constituciones de 1621 y perfilados en los a\u00f1os de expansi\u00f3n y de conflicto: dar prioridad a la educaci\u00f3n desde la infancia, a la educaci\u00f3n de los pobres y a la educaci\u00f3n en la piedad.<\/p><p>Muri\u00f3 en Roma el 25 de agosto de 1648, convencido de que su orden y su sue\u00f1o no morir\u00edan. Y as\u00ed fue, pues fue declarado santo en 1767, y el Papa P\u00edo XII le declar\u00f3 en 1948 \"celestial patrono de todas las escuelas populares cristianas\". El Papa Juan Pablo II afirm\u00f3 que San Jos\u00e9 de Calasanz tom\u00f3 por modelo a Cristo e intent\u00f3 transmitir a los j\u00f3venes, adem\u00e1s de la ciencia profana, la sabidur\u00eda del Evangelio ense\u00f1\u00e1ndoles a captar la acci\u00f3n amorosa de Dios.<\/p>","_et_gb_content_width":"","footnotes":""},"class_list":["post-4956","page","type-page","status-publish","hentry"],"yoast_head":"<!-- This site is optimized with the Yoast SEO plugin v24.6 - https:\/\/yoast.com\/wordpress\/plugins\/seo\/ -->\n<title>Calasanz - Ordre des \u00c9coles Pies<\/title>\n<meta name=\"robots\" content=\"index, follow, max-snippet:-1, max-image-preview:large, max-video-preview:-1\" \/>\n<link rel=\"canonical\" href=\"https:\/\/scolopi.org\/calasanz\/\" \/>\n<meta property=\"og:locale\" content=\"fr_FR\" \/>\n<meta property=\"og:type\" content=\"article\" \/>\n<meta property=\"og:title\" content=\"Calasanz - Ordre des \u00c9coles Pies\" \/>\n<meta property=\"og:description\" content=\"Saint Joseph de Calasanz San Joseph de Calasanz, le fondateur de la premi&egrave;re &eacute;cole populaire chr&eacute;tienne d&rsquo;Europe et des P&egrave;res Piaristes, est n&eacute; en 1557 &agrave; Peralta de la Sal (Aragon, Espagne). Dieu a pr&eacute;par&eacute; dans la personne de Calasanz un m&eacute;diateur pour enrichir son &Eacute;glise avec un nouveau don charismatique. Il lui a accord&eacute; [&hellip;]\" \/>\n<meta property=\"og:url\" content=\"https:\/\/scolopi.org\/calasanz\/\" \/>\n<meta property=\"og:site_name\" content=\"Ordre des \u00c9coles Pies\" \/>\n<meta property=\"article:modified_time\" content=\"2018-11-03T07:07:08+00:00\" \/>\n<meta name=\"twitter:card\" content=\"summary_large_image\" \/>\n<meta name=\"twitter:label1\" content=\"Dur\u00e9e de lecture estim\u00e9e\" \/>\n\t<meta name=\"twitter:data1\" content=\"5 minutes\" \/>\n<script type=\"application\/ld+json\" class=\"yoast-schema-graph\">{\"@context\":\"https:\/\/schema.org\",\"@graph\":[{\"@type\":\"WebPage\",\"@id\":\"https:\/\/scolopi.org\/calasanz\/\",\"url\":\"https:\/\/scolopi.org\/calasanz\/\",\"name\":\"Calasanz - Ordre des \u00c9coles Pies\",\"isPartOf\":{\"@id\":\"https:\/\/scolopi.org\/#website\"},\"datePublished\":\"2016-05-11T11:17:03+00:00\",\"dateModified\":\"2018-11-03T07:07:08+00:00\",\"breadcrumb\":{\"@id\":\"https:\/\/scolopi.org\/calasanz\/#breadcrumb\"},\"inLanguage\":\"fr-FR\",\"potentialAction\":[{\"@type\":\"ReadAction\",\"target\":[\"https:\/\/scolopi.org\/calasanz\/\"]}]},{\"@type\":\"BreadcrumbList\",\"@id\":\"https:\/\/scolopi.org\/calasanz\/#breadcrumb\",\"itemListElement\":[{\"@type\":\"ListItem\",\"position\":1,\"name\":\"Portada\",\"item\":\"https:\/\/scolopi.org\/fr\/\"},{\"@type\":\"ListItem\",\"position\":2,\"name\":\"Calasanz\"}]},{\"@type\":\"WebSite\",\"@id\":\"https:\/\/scolopi.org\/#website\",\"url\":\"https:\/\/scolopi.org\/\",\"name\":\"Ordre des \u00c9coles Pies\",\"description\":\"Site Internet Officiel de l\u2019Ordre des \u00c9coles Pies\",\"potentialAction\":[{\"@type\":\"SearchAction\",\"target\":{\"@type\":\"EntryPoint\",\"urlTemplate\":\"https:\/\/scolopi.org\/?s={search_term_string}\"},\"query-input\":{\"@type\":\"PropertyValueSpecification\",\"valueRequired\":true,\"valueName\":\"search_term_string\"}}],\"inLanguage\":\"fr-FR\"}]}<\/script>\n<!-- \/ Yoast SEO plugin. -->","yoast_head_json":{"title":"Calasanz - Ordre des \u00c9coles Pies","robots":{"index":"index","follow":"follow","max-snippet":"max-snippet:-1","max-image-preview":"max-image-preview:large","max-video-preview":"max-video-preview:-1"},"canonical":"https:\/\/scolopi.org\/calasanz\/","og_locale":"fr_FR","og_type":"article","og_title":"Calasanz - Ordre des \u00c9coles Pies","og_description":"Saint Joseph de Calasanz San Joseph de Calasanz, le fondateur de la premi&egrave;re &eacute;cole populaire chr&eacute;tienne d&rsquo;Europe et des P&egrave;res Piaristes, est n&eacute; en 1557 &agrave; Peralta de la Sal (Aragon, Espagne). Dieu a pr&eacute;par&eacute; dans la personne de Calasanz un m&eacute;diateur pour enrichir son &Eacute;glise avec un nouveau don charismatique. Il lui a accord&eacute; [&hellip;]","og_url":"https:\/\/scolopi.org\/calasanz\/","og_site_name":"Ordre des \u00c9coles Pies","article_modified_time":"2018-11-03T07:07:08+00:00","twitter_card":"summary_large_image","twitter_misc":{"Dur\u00e9e de lecture estim\u00e9e":"5 minutes"},"schema":{"@context":"https:\/\/schema.org","@graph":[{"@type":"WebPage","@id":"https:\/\/scolopi.org\/calasanz\/","url":"https:\/\/scolopi.org\/calasanz\/","name":"Calasanz - Ordre des \u00c9coles Pies","isPartOf":{"@id":"https:\/\/scolopi.org\/#website"},"datePublished":"2016-05-11T11:17:03+00:00","dateModified":"2018-11-03T07:07:08+00:00","breadcrumb":{"@id":"https:\/\/scolopi.org\/calasanz\/#breadcrumb"},"inLanguage":"fr-FR","potentialAction":[{"@type":"ReadAction","target":["https:\/\/scolopi.org\/calasanz\/"]}]},{"@type":"BreadcrumbList","@id":"https:\/\/scolopi.org\/calasanz\/#breadcrumb","itemListElement":[{"@type":"ListItem","position":1,"name":"Portada","item":"https:\/\/scolopi.org\/fr\/"},{"@type":"ListItem","position":2,"name":"Calasanz"}]},{"@type":"WebSite","@id":"https:\/\/scolopi.org\/#website","url":"https:\/\/scolopi.org\/","name":"Ordre des \u00c9coles Pies","description":"Site Internet Officiel de l\u2019Ordre des \u00c9coles Pies","potentialAction":[{"@type":"SearchAction","target":{"@type":"EntryPoint","urlTemplate":"https:\/\/scolopi.org\/?s={search_term_string}"},"query-input":{"@type":"PropertyValueSpecification","valueRequired":true,"valueName":"search_term_string"}}],"inLanguage":"fr-FR"}]}},"_links":{"self":[{"href":"https:\/\/scolopi.org\/fr\/wp-json\/wp\/v2\/pages\/4956"}],"collection":[{"href":"https:\/\/scolopi.org\/fr\/wp-json\/wp\/v2\/pages"}],"about":[{"href":"https:\/\/scolopi.org\/fr\/wp-json\/wp\/v2\/types\/page"}],"author":[{"embeddable":true,"href":"https:\/\/scolopi.org\/fr\/wp-json\/wp\/v2\/users\/1"}],"replies":[{"embeddable":true,"href":"https:\/\/scolopi.org\/fr\/wp-json\/wp\/v2\/comments?post=4956"}],"version-history":[{"count":0,"href":"https:\/\/scolopi.org\/fr\/wp-json\/wp\/v2\/pages\/4956\/revisions"}],"wp:attachment":[{"href":"https:\/\/scolopi.org\/fr\/wp-json\/wp\/v2\/media?parent=4956"}],"curies":[{"name":"wp","href":"https:\/\/api.w.org\/{rel}","templated":true}]}}