{"id":4996,"date":"2016-06-23T14:10:07","date_gmt":"2016-06-23T14:10:07","guid":{"rendered":"http:\/\/scolopi.org\/fr\/mision\/"},"modified":"2016-10-21T13:06:47","modified_gmt":"2016-10-21T11:06:47","slug":"mission","status":"publish","type":"page","link":"https:\/\/scolopi.org\/fr\/mission\/","title":{"rendered":"Mission"},"content":{"rendered":"[et_pb_section admin_label=\u00a0\u00bbsection\u00a0\u00bb][et_pb_row admin_label=\u00a0\u00bbrow\u00a0\u00bb][et_pb_column type=\u00a0\u00bb1_3&Prime;][et_pb_image admin_label=\u00a0\u00bbImagen\u00a0\u00bb src=\u00a0\u00bbhttps:\/\/scolopi.org\/wp-content\/uploads\/2016\/06\/13442587_10154260852282292_8846160399813651505_o-e1466693001686.jpg\u00a0\u00bb show_in_lightbox=\u00a0\u00bboff\u00a0\u00bb url_new_window=\u00a0\u00bboff\u00a0\u00bb use_overlay=\u00a0\u00bboff\u00a0\u00bb animation=\u00a0\u00bbfade_in\u00a0\u00bb sticky=\u00a0\u00bboff\u00a0\u00bb align=\u00a0\u00bbleft\u00a0\u00bb force_fullwidth=\u00a0\u00bboff\u00a0\u00bb always_center_on_mobile=\u00a0\u00bbon\u00a0\u00bb use_border_color=\u00a0\u00bboff\u00a0\u00bb border_color=\u00a0\u00bb#ffffff\u00a0\u00bb border_style=\u00a0\u00bbsolid\u00a0\u00bb] [\/et_pb_image][et_pb_testimonial admin_label=\u00a0\u00bbRecomendaci\u00f3n\u00a0\u00bb url_new_window=\u00a0\u00bboff\u00a0\u00bb quote_icon=\u00a0\u00bbon\u00a0\u00bb use_background_color=\u00a0\u00bbon\u00a0\u00bb background_color=\u00a0\u00bb#f5f5f5&Prime; background_layout=\u00a0\u00bblight\u00a0\u00bb text_orientation=\u00a0\u00bbleft\u00a0\u00bb use_border_color=\u00a0\u00bboff\u00a0\u00bb border_color=\u00a0\u00bb#ffffff\u00a0\u00bb border_style=\u00a0\u00bbsolid\u00a0\u00bb]\n<p>\u00c9vang\u00e9liser en \u00e9duquant d\u00e8s la premi\u00e8re enfance les enfants et les jeunes, particuli\u00e8rement les plus pauvres, par le biais de l\u2019int\u00e9gration de la Foi et la Culture (Pi\u00e9t\u00e9 et Lettres) pour renouveler l\u2019\u00c9glise et transformer la soci\u00e9t\u00e9 selon les valeurs de l\u2019\u00c9vangile, en cr\u00e9ant fraternit\u00e9.<\/p>\n[\/et_pb_testimonial][\/et_pb_column][et_pb_column type=\u00a0\u00bb2_3&Prime;][et_pb_text admin_label=\u00a0\u00bbTexto\u00a0\u00bb background_layout=\u00a0\u00bblight\u00a0\u00bb text_orientation=\u00a0\u00bbleft\u00a0\u00bb use_border_color=\u00a0\u00bboff\u00a0\u00bb border_color=\u00a0\u00bb#ffffff\u00a0\u00bb border_style=\u00a0\u00bbsolid\u00a0\u00bb]\n<h1>Mission<\/h1>\n[\/et_pb_text][et_pb_divider admin_label=\u00a0\u00bbSeparador\u00a0\u00bb color=\u00a0\u00bb#727272&Prime; show_divider=\u00a0\u00bbon\u00a0\u00bb divider_style=\u00a0\u00bbsolid\u00a0\u00bb divider_position=\u00a0\u00bbtop\u00a0\u00bb hide_on_mobile=\u00a0\u00bbon\u00a0\u00bb height=\u00a0\u00bb2&Prime;] [\/et_pb_divider][et_pb_text admin_label=\u00a0\u00bbTexto\u00a0\u00bb background_layout=\u00a0\u00bblight\u00a0\u00bb text_orientation=\u00a0\u00bbleft\u00a0\u00bb use_border_color=\u00a0\u00bboff\u00a0\u00bb border_color=\u00a0\u00bb#ffffff\u00a0\u00bb border_style=\u00a0\u00bbsolid\u00a0\u00bb]\n<p>\u00c9vang\u00e9liser en \u00e9duquant d\u00e8s la premi\u00e8re enfance les enfants et les jeunes, particuli\u00e8rement les plus pauvres, par le biais de l\u2019int\u00e9gration de la Foi et la Culture (Pi\u00e9t\u00e9 et Lettres) pour renouveler l\u2019\u00c9glise et transformer la soci\u00e9t\u00e9 selon les valeurs de l\u2019\u00c9vangile, en cr\u00e9ant fraternit\u00e9.<\/p>\n<p>Aujourd&rsquo;hui, dans la plupart des nations, l\u2019\u00e9ducation publique est consid\u00e9r\u00e9e comme quelque chose de normal, un droit incontest\u00e9. Saint Joseph de Calasanz et les premiers piaristes, au XVII\u00e8me si\u00e8cle ont commenc\u00e9 quelque chose que le monde ne connaissait pas. Ils ont cru, et aujourd&rsquo;hui nous en sommes toujours convaincus, que la soci\u00e9t\u00e9 ne peut avancer que si elle \u00e9duque tous les membres, sans discrimination aucune, en particulier les enfants. Les Piaristes ont ainsi commenc\u00e9 ce que beaucoup de monde consid\u00e8re le premier syst\u00e8me d\u2019\u00e9ducation publique. Nous nous consacrons \u00e0 l\u2019\u00e9ducation des enfants et des jeunes n\u00e9cessiteux et \u00e0 leur instruire afin qu\u2019ils soient des citoyens qualifi\u00e9s et chr\u00e9tiens.<\/p>\n<p>Maintenant, le r\u00eave de donner \u00e0 tous les enfants une \u00e9ducation chr\u00e9tienne reste intact. Nous les P\u00e8res Piaristes suivons J\u00e9sus le Christ au moyen de l\u2019\u00e9ducation de la jeunesse en Am\u00e9rique, Europe, Afrique et Asie. Nous avons \u00e9t\u00e9 promoteurs de l\u2019\u00e9ducation pendant plus de quatre si\u00e8cles et encore nous soucions des r\u00eaves et des aspirations des jeunes. Notre vie religieuse communautaire t\u00e9moigne de l\u2019\u00c9vangile de plusieurs fa\u00e7ons : par le biais de l\u2019\u00e9ducation, dans la salle de classe, en inspirant les jeunes dans des groupes de jeunes et les guidant pour avoir une exp\u00e9rience de Dieu.<\/p>\n<p>Nous les piaristes d\u00e9couvrons J\u00e9sus dans les enfants et partageons \u00a0l\u2019appel de Dieu \u00e0 leur servir au moyen d\u2019un v\u0153u religieux sp\u00e9cifique de d\u00e9vouement \u00e0 l\u2019\u00e9ducation chr\u00e9tienne de la jeunesse. C\u2019est pourquoi nous d\u00e9dier \u00e0 l\u2019\u00e9ducation des enfants et des jeunes est pour nous, piaristes, une vocation sacr\u00e9e.<\/p>\n[\/et_pb_text][et_pb_image admin_label=\u00a0\u00bbImagen\u00a0\u00bb src=\u00a0\u00bbhttps:\/\/scolopi.org\/wp-content\/uploads\/2016\/06\/missione-fra.jpg\u00a0\u00bb show_in_lightbox=\u00a0\u00bboff\u00a0\u00bb url_new_window=\u00a0\u00bbon\u00a0\u00bb use_overlay=\u00a0\u00bboff\u00a0\u00bb animation=\u00a0\u00bbfade_in\u00a0\u00bb sticky=\u00a0\u00bbon\u00a0\u00bb align=\u00a0\u00bbleft\u00a0\u00bb force_fullwidth=\u00a0\u00bboff\u00a0\u00bb always_center_on_mobile=\u00a0\u00bbon\u00a0\u00bb use_border_color=\u00a0\u00bboff\u00a0\u00bb border_color=\u00a0\u00bb#ffffff\u00a0\u00bb border_style=\u00a0\u00bbsolid\u00a0\u00bb url=\u00a0\u00bbhttps:\/\/scolopi.org\/wp-content\/uploads\/2016\/06\/mision-ESP.pdf\u00a0\u00bb] [\/et_pb_image][et_pb_text admin_label=\u00a0\u00bbTexto\u00a0\u00bb background_layout=\u00a0\u00bblight\u00a0\u00bb text_orientation=\u00a0\u00bbleft\u00a0\u00bb use_border_color=\u00a0\u00bboff\u00a0\u00bb border_color=\u00a0\u00bb#ffffff\u00a0\u00bb border_style=\u00a0\u00bbsolid\u00a0\u00bb]\n<p>&nbsp;<\/p>\n<p>T\u00e9l\u00e9chargez l\u2019image en cliquant\u00a0 \ud83d\ude42<\/p>\n[\/et_pb_text][\/et_pb_column][\/et_pb_row][\/et_pb_section]\n","protected":false},"excerpt":{"rendered":"<p>&Eacute;vang&eacute;liser en &eacute;duquant d&egrave;s la premi&egrave;re enfance les enfants et les jeunes, particuli&egrave;rement les plus pauvres, par le biais de l&rsquo;int&eacute;gration de la Foi et la Culture (Pi&eacute;t&eacute; et Lettres) pour renouveler l&rsquo;&Eacute;glise et transformer la soci&eacute;t&eacute; selon les valeurs de l&rsquo;&Eacute;vangile, en cr&eacute;ant fraternit&eacute;. Mission &Eacute;vang&eacute;liser en &eacute;duquant d&egrave;s la premi&egrave;re enfance les enfants [&hellip;]<\/p>\n","protected":false},"author":2,"featured_media":0,"parent":0,"menu_order":0,"comment_status":"closed","ping_status":"closed","template":"","meta":{"_et_pb_use_builder":"on","_et_pb_old_content":"","_et_gb_content_width":"","footnotes":""},"class_list":["post-4996","page","type-page","status-publish","hentry"],"yoast_head":"<!-- This site is optimized with the Yoast SEO plugin v24.6 - https:\/\/yoast.com\/wordpress\/plugins\/seo\/ -->\n<title>Mission - Ordre des \u00c9coles Pies<\/title>\n<meta name=\"robots\" content=\"index, follow, max-snippet:-1, max-image-preview:large, max-video-preview:-1\" \/>\n<link rel=\"canonical\" href=\"https:\/\/scolopi.org\/mision\/\" \/>\n<meta property=\"og:locale\" content=\"fr_FR\" \/>\n<meta property=\"og:type\" content=\"article\" \/>\n<meta property=\"og:title\" content=\"Mission - Ordre des \u00c9coles Pies\" \/>\n<meta property=\"og:description\" content=\"&Eacute;vang&eacute;liser en &eacute;duquant d&egrave;s la premi&egrave;re enfance les enfants et les jeunes, particuli&egrave;rement les plus pauvres, par le biais de l&rsquo;int&eacute;gration de la Foi et la Culture (Pi&eacute;t&eacute; et Lettres) pour renouveler l&rsquo;&Eacute;glise et transformer la soci&eacute;t&eacute; selon les valeurs de l&rsquo;&Eacute;vangile, en cr&eacute;ant fraternit&eacute;. Mission &Eacute;vang&eacute;liser en &eacute;duquant d&egrave;s la premi&egrave;re enfance les enfants [&hellip;]\" \/>\n<meta property=\"og:url\" content=\"https:\/\/scolopi.org\/mision\/\" \/>\n<meta property=\"og:site_name\" content=\"Ordre des \u00c9coles Pies\" \/>\n<meta property=\"article:modified_time\" content=\"2016-10-21T11:06:47+00:00\" \/>\n<meta name=\"twitter:card\" content=\"summary_large_image\" \/>\n<meta name=\"twitter:label1\" content=\"Dur\u00e9e de lecture estim\u00e9e\" \/>\n\t<meta name=\"twitter:data1\" content=\"3 minutes\" \/>\n<script type=\"application\/ld+json\" class=\"yoast-schema-graph\">{\"@context\":\"https:\/\/schema.org\",\"@graph\":[{\"@type\":\"WebPage\",\"@id\":\"https:\/\/scolopi.org\/mision\/\",\"url\":\"https:\/\/scolopi.org\/mision\/\",\"name\":\"Mission - Ordre des \u00c9coles Pies\",\"isPartOf\":{\"@id\":\"https:\/\/scolopi.org\/#website\"},\"datePublished\":\"2016-06-23T14:10:07+00:00\",\"dateModified\":\"2016-10-21T11:06:47+00:00\",\"breadcrumb\":{\"@id\":\"https:\/\/scolopi.org\/mision\/#breadcrumb\"},\"inLanguage\":\"fr-FR\",\"potentialAction\":[{\"@type\":\"ReadAction\",\"target\":[\"https:\/\/scolopi.org\/mision\/\"]}]},{\"@type\":\"BreadcrumbList\",\"@id\":\"https:\/\/scolopi.org\/mision\/#breadcrumb\",\"itemListElement\":[{\"@type\":\"ListItem\",\"position\":1,\"name\":\"Portada\",\"item\":\"https:\/\/scolopi.org\/fr\/\"},{\"@type\":\"ListItem\",\"position\":2,\"name\":\"Mission\"}]},{\"@type\":\"WebSite\",\"@id\":\"https:\/\/scolopi.org\/#website\",\"url\":\"https:\/\/scolopi.org\/\",\"name\":\"Ordre des \u00c9coles Pies\",\"description\":\"Site Internet Officiel de l\u2019Ordre des \u00c9coles Pies\",\"potentialAction\":[{\"@type\":\"SearchAction\",\"target\":{\"@type\":\"EntryPoint\",\"urlTemplate\":\"https:\/\/scolopi.org\/?s={search_term_string}\"},\"query-input\":{\"@type\":\"PropertyValueSpecification\",\"valueRequired\":true,\"valueName\":\"search_term_string\"}}],\"inLanguage\":\"fr-FR\"}]}<\/script>\n<!-- \/ Yoast SEO plugin. -->","yoast_head_json":{"title":"Mission - Ordre des \u00c9coles Pies","robots":{"index":"index","follow":"follow","max-snippet":"max-snippet:-1","max-image-preview":"max-image-preview:large","max-video-preview":"max-video-preview:-1"},"canonical":"https:\/\/scolopi.org\/mision\/","og_locale":"fr_FR","og_type":"article","og_title":"Mission - Ordre des \u00c9coles Pies","og_description":"&Eacute;vang&eacute;liser en &eacute;duquant d&egrave;s la premi&egrave;re enfance les enfants et les jeunes, particuli&egrave;rement les plus pauvres, par le biais de l&rsquo;int&eacute;gration de la Foi et la Culture (Pi&eacute;t&eacute; et Lettres) pour renouveler l&rsquo;&Eacute;glise et transformer la soci&eacute;t&eacute; selon les valeurs de l&rsquo;&Eacute;vangile, en cr&eacute;ant fraternit&eacute;. Mission &Eacute;vang&eacute;liser en &eacute;duquant d&egrave;s la premi&egrave;re enfance les enfants [&hellip;]","og_url":"https:\/\/scolopi.org\/mision\/","og_site_name":"Ordre des \u00c9coles Pies","article_modified_time":"2016-10-21T11:06:47+00:00","twitter_card":"summary_large_image","twitter_misc":{"Dur\u00e9e de lecture estim\u00e9e":"3 minutes"},"schema":{"@context":"https:\/\/schema.org","@graph":[{"@type":"WebPage","@id":"https:\/\/scolopi.org\/mision\/","url":"https:\/\/scolopi.org\/mision\/","name":"Mission - Ordre des \u00c9coles Pies","isPartOf":{"@id":"https:\/\/scolopi.org\/#website"},"datePublished":"2016-06-23T14:10:07+00:00","dateModified":"2016-10-21T11:06:47+00:00","breadcrumb":{"@id":"https:\/\/scolopi.org\/mision\/#breadcrumb"},"inLanguage":"fr-FR","potentialAction":[{"@type":"ReadAction","target":["https:\/\/scolopi.org\/mision\/"]}]},{"@type":"BreadcrumbList","@id":"https:\/\/scolopi.org\/mision\/#breadcrumb","itemListElement":[{"@type":"ListItem","position":1,"name":"Portada","item":"https:\/\/scolopi.org\/fr\/"},{"@type":"ListItem","position":2,"name":"Mission"}]},{"@type":"WebSite","@id":"https:\/\/scolopi.org\/#website","url":"https:\/\/scolopi.org\/","name":"Ordre des \u00c9coles Pies","description":"Site Internet Officiel de l\u2019Ordre des \u00c9coles Pies","potentialAction":[{"@type":"SearchAction","target":{"@type":"EntryPoint","urlTemplate":"https:\/\/scolopi.org\/?s={search_term_string}"},"query-input":{"@type":"PropertyValueSpecification","valueRequired":true,"valueName":"search_term_string"}}],"inLanguage":"fr-FR"}]}},"_links":{"self":[{"href":"https:\/\/scolopi.org\/fr\/wp-json\/wp\/v2\/pages\/4996"}],"collection":[{"href":"https:\/\/scolopi.org\/fr\/wp-json\/wp\/v2\/pages"}],"about":[{"href":"https:\/\/scolopi.org\/fr\/wp-json\/wp\/v2\/types\/page"}],"author":[{"embeddable":true,"href":"https:\/\/scolopi.org\/fr\/wp-json\/wp\/v2\/users\/2"}],"replies":[{"embeddable":true,"href":"https:\/\/scolopi.org\/fr\/wp-json\/wp\/v2\/comments?post=4996"}],"version-history":[{"count":0,"href":"https:\/\/scolopi.org\/fr\/wp-json\/wp\/v2\/pages\/4996\/revisions"}],"wp:attachment":[{"href":"https:\/\/scolopi.org\/fr\/wp-json\/wp\/v2\/media?parent=4996"}],"curies":[{"name":"wp","href":"https:\/\/api.w.org\/{rel}","templated":true}]}}