{"id":56815,"date":"2021-02-26T16:22:28","date_gmt":"2021-02-26T15:22:28","guid":{"rendered":"https:\/\/scolopi.org\/escolapio-laico\/"},"modified":"2021-03-04T17:39:37","modified_gmt":"2021-03-04T16:39:37","slug":"le-piariste-laic","status":"publish","type":"page","link":"https:\/\/scolopi.org\/fr\/le-piariste-laic\/","title":{"rendered":"Le Piariste La\u00efc"},"content":{"rendered":"[et_pb_section fb_built=\u00a0\u00bb1&Prime; admin_label=\u00a0\u00bbsection\u00a0\u00bb _builder_version=\u00a0\u00bb3.22&Prime;][et_pb_row column_structure=\u00a0\u00bb1_3,2_3&Prime; _builder_version=\u00a0\u00bb3.25&Prime; background_size=\u00a0\u00bbinitial\u00a0\u00bb background_position=\u00a0\u00bbtop_left\u00a0\u00bb background_repeat=\u00a0\u00bbrepeat\u00a0\u00bb max_width=\u00a0\u00bb1080px\u00a0\u00bb][et_pb_column type=\u00a0\u00bb1_3&Prime; _builder_version=\u00a0\u00bb3.25&Prime; custom_padding=\u00a0\u00bb|||\u00a0\u00bb custom_padding__hover=\u00a0\u00bb|||\u00a0\u00bb][et_pb_image src=\u00a0\u00bbhttps:\/\/scolopi.org\/wp-content\/uploads\/2021\/02\/banner-seccion-web-laico.jpg\u00a0\u00bb title_text=\u00a0\u00bbbanner seccion web laico\u00a0\u00bb _builder_version=\u00a0\u00bb4.9.0&Prime; _module_preset=\u00a0\u00bbdefault\u00a0\u00bb][\/et_pb_image][\/et_pb_column][et_pb_column type=\u00a0\u00bb2_3&Prime; _builder_version=\u00a0\u00bb3.25&Prime; custom_padding=\u00a0\u00bb|||\u00a0\u00bb custom_padding__hover=\u00a0\u00bb|||\u00a0\u00bb][et_pb_text _builder_version=\u00a0\u00bb4.9.0&Prime; background_size=\u00a0\u00bbinitial\u00a0\u00bb background_position=\u00a0\u00bbtop_left\u00a0\u00bb background_repeat=\u00a0\u00bbrepeat\u00a0\u00bb hover_enabled=\u00a0\u00bb0&Prime; use_border_color=\u00a0\u00bboff\u00a0\u00bb border_color=\u00a0\u00bb#ffffff\u00a0\u00bb border_style=\u00a0\u00bbsolid\u00a0\u00bb sticky_enabled=\u00a0\u00bb0&Prime;]\n<h1>Le Piariste La\u00efc<\/h1>\n[\/et_pb_text][et_pb_divider color=\u00a0\u00bb#727272&Prime; disabled_on=\u00a0\u00bbon|on|off\u00a0\u00bb _builder_version=\u00a0\u00bb3.2&Prime; height=\u00a0\u00bb2px\u00a0\u00bb hide_on_mobile=\u00a0\u00bbon\u00a0\u00bb saved_tabs=\u00a0\u00bball\u00a0\u00bb]\n[\/et_pb_divider][et_pb_text _builder_version=\u00a0\u00bb4.9.0&Prime; background_size=\u00a0\u00bbinitial\u00a0\u00bb background_position=\u00a0\u00bbtop_left\u00a0\u00bb background_repeat=\u00a0\u00bbrepeat\u00a0\u00bb use_border_color=\u00a0\u00bboff\u00a0\u00bb border_color=\u00a0\u00bb#ffffff\u00a0\u00bb border_style=\u00a0\u00bbsolid\u00a0\u00bb]\n<p>INT\u00c9GRATION CHARISMATIQUE ET JURIDIQUE DANS LES \u00c9COLES PIES<\/p>\n<p>Les piaristes la\u00efcs et la\u00efques vivons avec une joie profonde le partage de la spiritualit\u00e9, de la vie et de la mission avec les piaristes religieux. Nous avons choisi de faire pr\u00e9sent avec notre mode de vie le charisme de Calasanz dans le monde, dans la soci\u00e9t\u00e9 et parmi les gens avec lesquels nous vivons et partageons notre vie et notre temps.<\/p>\n<p>Nous sommes des disciples de J\u00e9sus qui veulent vivre pleinement notre vocation dans le style de Calasanz. Cette vocation se concr\u00e9tise dans le <u>Directoire<\/u> de Participation aux \u00c9coles Pies, approuv\u00e9 par le 47e Chapitre G\u00e9n\u00e9ral, o\u00f9 se d\u00e9veloppent les lignes \u00e0 partir desquelles l\u2019Ordre Piariste propose le d\u00e9veloppement de l\u2019extraordinaire d\u00e9fi de communion entre religieux et la\u00efcs.<\/p>\n<p>Les piaristes la\u00efcs sont \u00ab\u00a0des gens qui, avec une exp\u00e9rience charismatique piaristes dans la Fraternit\u00e9, font partie de l\u2019Ordre avec un engagement juridique, dans leur condition la\u00efque, apr\u00e8s un processus de discernement avec leur demande et l\u2019acceptation ult\u00e9rieure\u00a0\u00bb\u00a0<\/p>\n<p>Le 15 juin 2002, nous avons fait la promise \u00e0 cette vocation les 7 premiers piaristes la\u00efcs\/ques dans la chapelle de l\u2019\u00c9cole Calasancio de Bilbao. Dans cette lettre, nous voulons pr\u00e9senter bri\u00e8vement comment nous r\u00e9alisons depuis lors cette forme de participation dans la Province Emma\u00fcs.<\/p>\n<p>Comme l\u2019explique le P. General, Pedro Aguado, \u00ab nous sommes confront\u00e9s \u00e0 une vocation qui doit \u00eatre tr\u00e8s attentivement soign\u00e9e et valoris\u00e9e, reconnue chez les personnes ayant un parcours vocationnel clair et une formation coh\u00e9rente, finalement accept\u00e9e par les sup\u00e9rieurs majeurs en tenant compte de l\u2019avis du Conseil de la Fraternit\u00e9 \u00bb. \u00ab Nous remercions Dieu pour le don de la pluralit\u00e9 vocationnelle piariste, et pour sa bont\u00e9 infinie, nous esp\u00e9rons que nous pourrons tous comprendre qu\u2019il n\u2019y a qu\u2019une seule fa\u00e7on de vivre la vocation piariste (religieuse ou la\u00efque) que nous avons re\u00e7ue : intens\u00e9ment, pleinement, dans la poursuite honn\u00eate de l\u2019authenticit\u00e9. Ce n\u2019est qu\u2019ainsi que la pluralit\u00e9 vocationnelle sera f\u00e9conde et pour le bien des enfants et des jeunes, en particulier des pauvres\u00a0\u00bb.<\/p>\n[\/et_pb_text][et_pb_divider color=\u00a0\u00bb#afafaf\u00a0\u00bb disabled_on=\u00a0\u00bbon|on|off\u00a0\u00bb _builder_version=\u00a0\u00bb4.9.0&Prime; height=\u00a0\u00bb2px\u00a0\u00bb hide_on_mobile=\u00a0\u00bbon\u00a0\u00bb saved_tabs=\u00a0\u00bball\u00a0\u00bb]\n[\/et_pb_divider][\/et_pb_column][\/et_pb_row][et_pb_row column_structure=\u00a0\u00bb1_5,1_5,1_5,1_5,1_5&Prime; _builder_version=\u00a0\u00bb3.25&Prime; background_size=\u00a0\u00bbinitial\u00a0\u00bb background_position=\u00a0\u00bbtop_left\u00a0\u00bb background_repeat=\u00a0\u00bbrepeat\u00a0\u00bb max_width=\u00a0\u00bb1080px\u00a0\u00bb][et_pb_column type=\u00a0\u00bb1_5&Prime; _builder_version=\u00a0\u00bb3.25&Prime; custom_padding=\u00a0\u00bb|||\u00a0\u00bb custom_padding__hover=\u00a0\u00bb|||\u00a0\u00bb][\/et_pb_column][et_pb_column type=\u00a0\u00bb1_5&Prime; _builder_version=\u00a0\u00bb3.25&Prime; custom_padding=\u00a0\u00bb|||\u00a0\u00bb custom_padding__hover=\u00a0\u00bb|||\u00a0\u00bb][\/et_pb_column][et_pb_column type=\u00a0\u00bb1_5&Prime; _builder_version=\u00a0\u00bb3.25&Prime; custom_padding=\u00a0\u00bb|||\u00a0\u00bb custom_padding__hover=\u00a0\u00bb|||\u00a0\u00bb][et_pb_image src=\u00a0\u00bbhttps:\/\/scolopi.org\/wp-content\/uploads\/2021\/02\/mockup1.png\u00a0\u00bb alt=\u00a0\u00bbDownload\u00a0\u00bb title_text=\u00a0\u00bbDownload\u00a0\u00bb url=\u00a0\u00bbhttps:\/\/scolopi.org\/wp-content\/uploads\/2021\/02\/LAICO-EEPP-I.pdf\u00a0\u00bb url_new_window=\u00a0\u00bbon\u00a0\u00bb _builder_version=\u00a0\u00bb4.9.0&Prime; _module_preset=\u00a0\u00bbdefault\u00a0\u00bb][\/et_pb_image][\/et_pb_column][et_pb_column type=\u00a0\u00bb1_5&Prime; _builder_version=\u00a0\u00bb3.25&Prime; custom_padding=\u00a0\u00bb|||\u00a0\u00bb custom_padding__hover=\u00a0\u00bb|||\u00a0\u00bb][et_pb_image src=\u00a0\u00bbhttps:\/\/scolopi.org\/wp-content\/uploads\/2021\/02\/mockup2.png\u00a0\u00bb title_text=\u00a0\u00bbDownload\u00a0\u00bb url=\u00a0\u00bbhttps:\/\/scolopi.org\/wp-content\/uploads\/2021\/02\/LAICO-EEPP-II.pdf\u00a0\u00bb url_new_window=\u00a0\u00bbon\u00a0\u00bb _builder_version=\u00a0\u00bb4.9.0&Prime; _module_preset=\u00a0\u00bbdefault\u00a0\u00bb][\/et_pb_image][\/et_pb_column][et_pb_column type=\u00a0\u00bb1_5&Prime; _builder_version=\u00a0\u00bb3.25&Prime; custom_padding=\u00a0\u00bb|||\u00a0\u00bb custom_padding__hover=\u00a0\u00bb|||\u00a0\u00bb][et_pb_image src=\u00a0\u00bbhttps:\/\/scolopi.org\/wp-content\/uploads\/2021\/02\/mockup3.png\u00a0\u00bb title_text=\u00a0\u00bbDownload\u00a0\u00bb url=\u00a0\u00bbhttps:\/\/scolopi.org\/wp-content\/uploads\/2021\/02\/LAICO-EEPP-III.pdf\u00a0\u00bb url_new_window=\u00a0\u00bbon\u00a0\u00bb _builder_version=\u00a0\u00bb4.9.0&Prime; _module_preset=\u00a0\u00bbdefault\u00a0\u00bb][\/et_pb_image][\/et_pb_column][\/et_pb_row][\/et_pb_section]\n","protected":false},"excerpt":{"rendered":"<p>Le Piariste La&iuml;c INT&Eacute;GRATION CHARISMATIQUE ET JURIDIQUE DANS LES &Eacute;COLES PIES Les piaristes la&iuml;cs et la&iuml;ques vivons avec une joie profonde le partage de la spiritualit&eacute;, de la vie et de la mission avec les piaristes religieux. Nous avons choisi de faire pr&eacute;sent avec notre mode de vie le charisme de Calasanz dans le monde, [&hellip;]<\/p>\n","protected":false},"author":2,"featured_media":0,"parent":0,"menu_order":0,"comment_status":"closed","ping_status":"closed","template":"","meta":{"_et_pb_use_builder":"on","_et_pb_old_content":"","_et_gb_content_width":"","footnotes":""},"class_list":["post-56815","page","type-page","status-publish","hentry"],"yoast_head":"<!-- This site is optimized with the Yoast SEO plugin v24.6 - https:\/\/yoast.com\/wordpress\/plugins\/seo\/ -->\n<title>Le Piariste La\u00efc - Ordre des \u00c9coles Pies<\/title>\n<meta name=\"robots\" content=\"index, follow, max-snippet:-1, max-image-preview:large, max-video-preview:-1\" \/>\n<link rel=\"canonical\" href=\"https:\/\/scolopi.org\/escolapio-laico\/\" \/>\n<meta property=\"og:locale\" content=\"fr_FR\" \/>\n<meta property=\"og:type\" content=\"article\" \/>\n<meta property=\"og:title\" content=\"Le Piariste La\u00efc - Ordre des \u00c9coles Pies\" \/>\n<meta property=\"og:description\" content=\"Le Piariste La&iuml;c INT&Eacute;GRATION CHARISMATIQUE ET JURIDIQUE DANS LES &Eacute;COLES PIES Les piaristes la&iuml;cs et la&iuml;ques vivons avec une joie profonde le partage de la spiritualit&eacute;, de la vie et de la mission avec les piaristes religieux. Nous avons choisi de faire pr&eacute;sent avec notre mode de vie le charisme de Calasanz dans le monde, [&hellip;]\" \/>\n<meta property=\"og:url\" content=\"https:\/\/scolopi.org\/escolapio-laico\/\" \/>\n<meta property=\"og:site_name\" content=\"Ordre des \u00c9coles Pies\" \/>\n<meta property=\"article:modified_time\" content=\"2021-03-04T16:39:37+00:00\" \/>\n<meta name=\"twitter:card\" content=\"summary_large_image\" \/>\n<meta name=\"twitter:label1\" content=\"Dur\u00e9e de lecture estim\u00e9e\" \/>\n\t<meta name=\"twitter:data1\" content=\"4 minutes\" \/>\n<script type=\"application\/ld+json\" class=\"yoast-schema-graph\">{\"@context\":\"https:\/\/schema.org\",\"@graph\":[{\"@type\":\"WebPage\",\"@id\":\"https:\/\/scolopi.org\/escolapio-laico\/\",\"url\":\"https:\/\/scolopi.org\/escolapio-laico\/\",\"name\":\"Le Piariste La\u00efc - Ordre des \u00c9coles Pies\",\"isPartOf\":{\"@id\":\"https:\/\/scolopi.org\/#website\"},\"datePublished\":\"2021-02-26T15:22:28+00:00\",\"dateModified\":\"2021-03-04T16:39:37+00:00\",\"breadcrumb\":{\"@id\":\"https:\/\/scolopi.org\/escolapio-laico\/#breadcrumb\"},\"inLanguage\":\"fr-FR\",\"potentialAction\":[{\"@type\":\"ReadAction\",\"target\":[\"https:\/\/scolopi.org\/escolapio-laico\/\"]}]},{\"@type\":\"BreadcrumbList\",\"@id\":\"https:\/\/scolopi.org\/escolapio-laico\/#breadcrumb\",\"itemListElement\":[{\"@type\":\"ListItem\",\"position\":1,\"name\":\"Portada\",\"item\":\"https:\/\/scolopi.org\/fr\/\"},{\"@type\":\"ListItem\",\"position\":2,\"name\":\"Le Piariste La\u00efc\"}]},{\"@type\":\"WebSite\",\"@id\":\"https:\/\/scolopi.org\/#website\",\"url\":\"https:\/\/scolopi.org\/\",\"name\":\"Ordre des \u00c9coles Pies\",\"description\":\"Site Internet Officiel de l\u2019Ordre des \u00c9coles Pies\",\"potentialAction\":[{\"@type\":\"SearchAction\",\"target\":{\"@type\":\"EntryPoint\",\"urlTemplate\":\"https:\/\/scolopi.org\/?s={search_term_string}\"},\"query-input\":{\"@type\":\"PropertyValueSpecification\",\"valueRequired\":true,\"valueName\":\"search_term_string\"}}],\"inLanguage\":\"fr-FR\"}]}<\/script>\n<!-- \/ Yoast SEO plugin. -->","yoast_head_json":{"title":"Le Piariste La\u00efc - Ordre des \u00c9coles Pies","robots":{"index":"index","follow":"follow","max-snippet":"max-snippet:-1","max-image-preview":"max-image-preview:large","max-video-preview":"max-video-preview:-1"},"canonical":"https:\/\/scolopi.org\/escolapio-laico\/","og_locale":"fr_FR","og_type":"article","og_title":"Le Piariste La\u00efc - Ordre des \u00c9coles Pies","og_description":"Le Piariste La&iuml;c INT&Eacute;GRATION CHARISMATIQUE ET JURIDIQUE DANS LES &Eacute;COLES PIES Les piaristes la&iuml;cs et la&iuml;ques vivons avec une joie profonde le partage de la spiritualit&eacute;, de la vie et de la mission avec les piaristes religieux. Nous avons choisi de faire pr&eacute;sent avec notre mode de vie le charisme de Calasanz dans le monde, [&hellip;]","og_url":"https:\/\/scolopi.org\/escolapio-laico\/","og_site_name":"Ordre des \u00c9coles Pies","article_modified_time":"2021-03-04T16:39:37+00:00","twitter_card":"summary_large_image","twitter_misc":{"Dur\u00e9e de lecture estim\u00e9e":"4 minutes"},"schema":{"@context":"https:\/\/schema.org","@graph":[{"@type":"WebPage","@id":"https:\/\/scolopi.org\/escolapio-laico\/","url":"https:\/\/scolopi.org\/escolapio-laico\/","name":"Le Piariste La\u00efc - Ordre des \u00c9coles Pies","isPartOf":{"@id":"https:\/\/scolopi.org\/#website"},"datePublished":"2021-02-26T15:22:28+00:00","dateModified":"2021-03-04T16:39:37+00:00","breadcrumb":{"@id":"https:\/\/scolopi.org\/escolapio-laico\/#breadcrumb"},"inLanguage":"fr-FR","potentialAction":[{"@type":"ReadAction","target":["https:\/\/scolopi.org\/escolapio-laico\/"]}]},{"@type":"BreadcrumbList","@id":"https:\/\/scolopi.org\/escolapio-laico\/#breadcrumb","itemListElement":[{"@type":"ListItem","position":1,"name":"Portada","item":"https:\/\/scolopi.org\/fr\/"},{"@type":"ListItem","position":2,"name":"Le Piariste La\u00efc"}]},{"@type":"WebSite","@id":"https:\/\/scolopi.org\/#website","url":"https:\/\/scolopi.org\/","name":"Ordre des \u00c9coles Pies","description":"Site Internet Officiel de l\u2019Ordre des \u00c9coles Pies","potentialAction":[{"@type":"SearchAction","target":{"@type":"EntryPoint","urlTemplate":"https:\/\/scolopi.org\/?s={search_term_string}"},"query-input":{"@type":"PropertyValueSpecification","valueRequired":true,"valueName":"search_term_string"}}],"inLanguage":"fr-FR"}]}},"_links":{"self":[{"href":"https:\/\/scolopi.org\/fr\/wp-json\/wp\/v2\/pages\/56815"}],"collection":[{"href":"https:\/\/scolopi.org\/fr\/wp-json\/wp\/v2\/pages"}],"about":[{"href":"https:\/\/scolopi.org\/fr\/wp-json\/wp\/v2\/types\/page"}],"author":[{"embeddable":true,"href":"https:\/\/scolopi.org\/fr\/wp-json\/wp\/v2\/users\/2"}],"replies":[{"embeddable":true,"href":"https:\/\/scolopi.org\/fr\/wp-json\/wp\/v2\/comments?post=56815"}],"version-history":[{"count":0,"href":"https:\/\/scolopi.org\/fr\/wp-json\/wp\/v2\/pages\/56815\/revisions"}],"wp:attachment":[{"href":"https:\/\/scolopi.org\/fr\/wp-json\/wp\/v2\/media?parent=56815"}],"curies":[{"name":"wp","href":"https:\/\/api.w.org\/{rel}","templated":true}]}}