{"id":64942,"date":"2021-10-05T10:44:34","date_gmt":"2021-10-05T08:44:34","guid":{"rendered":"https:\/\/scolopi.org\/48cg\/materiales\/"},"modified":"2021-10-13T20:41:08","modified_gmt":"2021-10-13T18:41:08","slug":"materiaux","status":"publish","type":"page","link":"https:\/\/scolopi.org\/fr\/48cg\/materiaux\/","title":{"rendered":"Mat\u00e9riaux"},"content":{"rendered":"[et_pb_section fb_built=\u00a0\u00bb1&Prime; fullwidth=\u00a0\u00bbon\u00a0\u00bb _builder_version=\u00a0\u00bb4.11.1&Prime; _module_preset=\u00a0\u00bbdefault\u00a0\u00bb global_colors_info=\u00a0\u00bb{}\u00a0\u00bb][et_pb_fullwidth_menu menu_id=\u00a0\u00bb266&Prime; active_link_color=\u00a0\u00bb#FFFFFF\u00a0\u00bb _builder_version=\u00a0\u00bb4.11.1&Prime; _module_preset=\u00a0\u00bbdefault\u00a0\u00bb menu_text_color=\u00a0\u00bb#FFFFFF\u00a0\u00bb menu_font_size=\u00a0\u00bb18px\u00a0\u00bb background_color=\u00a0\u00bb#0C71C3&Prime; hover_enabled=\u00a0\u00bb0&Prime; global_colors_info=\u00a0\u00bb{}\u00a0\u00bb sticky_position=\u00a0\u00bbtop\u00a0\u00bb sticky_enabled=\u00a0\u00bb0&Prime;][\/et_pb_fullwidth_menu][\/et_pb_section][et_pb_section fb_built=\u00a0\u00bb1&Prime; next_background_color=\u00a0\u00bb#ffffff\u00a0\u00bb admin_label=\u00a0\u00bbHero Section\u00a0\u00bb _builder_version=\u00a0\u00bb4.11.1&Prime; use_background_color_gradient=\u00a0\u00bbon\u00a0\u00bb background_color_gradient_start=\u00a0\u00bbrgba(0,0,0,0.4)\u00a0\u00bb background_color_gradient_end=\u00a0\u00bbrgba(0,0,0,0.4)\u00a0\u00bb background_color_gradient_overlays_image=\u00a0\u00bbon\u00a0\u00bb background_image=\u00a0\u00bbhttps:\/\/scolopi.org\/wp-content\/uploads\/2020\/10\/entradilla-48cg.png\u00a0\u00bb background_position=\u00a0\u00bbcenter_right\u00a0\u00bb vertical_offset_tablet=\u00a0\u00bb0&Prime; horizontal_offset_tablet=\u00a0\u00bb0&Prime; min_height=\u00a0\u00bb270px\u00a0\u00bb max_height=\u00a0\u00bb500px\u00a0\u00bb custom_padding=\u00a0\u00bb12.8%||0%|||\u00a0\u00bb bottom_divider_style=\u00a0\u00bbslant\u00a0\u00bb bottom_divider_height=\u00a0\u00bb60px\u00a0\u00bb box_shadow_horizontal_tablet=\u00a0\u00bb0px\u00a0\u00bb box_shadow_vertical_tablet=\u00a0\u00bb0px\u00a0\u00bb box_shadow_blur_tablet=\u00a0\u00bb40px\u00a0\u00bb box_shadow_spread_tablet=\u00a0\u00bb0px\u00a0\u00bb global_colors_info=\u00a0\u00bb{}\u00a0\u00bb background_color_gradient_direction__hover=\u00a0\u00bb180deg\u00a0\u00bb background_color_gradient_direction__hover_enabled=\u00a0\u00bb180deg\u00a0\u00bb background_color_gradient_start_position__hover=\u00a0\u00bb0%\u00a0\u00bb background_color_gradient_start_position__hover_enabled=\u00a0\u00bb0%\u00a0\u00bb background_color_gradient_end_position__hover=\u00a0\u00bb100%\u00a0\u00bb background_color_gradient_end_position__hover_enabled=\u00a0\u00bb100%\u00a0\u00bb][et_pb_row _builder_version=\u00a0\u00bb4.6.5&Prime; vertical_offset_tablet=\u00a0\u00bb0&Prime; horizontal_offset_tablet=\u00a0\u00bb0&Prime; z_index_tablet=\u00a0\u00bb0&Prime; box_shadow_horizontal_tablet=\u00a0\u00bb0px\u00a0\u00bb box_shadow_vertical_tablet=\u00a0\u00bb0px\u00a0\u00bb box_shadow_blur_tablet=\u00a0\u00bb40px\u00a0\u00bb box_shadow_spread_tablet=\u00a0\u00bb0px\u00a0\u00bb global_colors_info=\u00a0\u00bb{}\u00a0\u00bb][et_pb_column type=\u00a0\u00bb4_4&Prime; _builder_version=\u00a0\u00bb3.0.47&Prime; custom_padding=\u00a0\u00bb|||\u00a0\u00bb global_colors_info=\u00a0\u00bb{}\u00a0\u00bb custom_padding__hover=\u00a0\u00bb|||\u00a0\u00bb][et_pb_text admin_label=\u00a0\u00bbHero Section Title\u00a0\u00bb _builder_version=\u00a0\u00bb4.11.1&Prime; text_font=\u00a0\u00bb|||on|||||\u00a0\u00bb header_font=\u00a0\u00bbMontserrat|600|||||||\u00a0\u00bb header_font_size=\u00a0\u00bb48px\u00a0\u00bb header_letter_spacing=\u00a0\u00bb3px\u00a0\u00bb header_line_height=\u00a0\u00bb1.3em\u00a0\u00bb header_2_font=\u00a0\u00bbMontserrat|700|||||||\u00a0\u00bb header_2_text_color=\u00a0\u00bbrgba(255,255,255,0.6)\u00a0\u00bb header_2_font_size=\u00a0\u00bb90px\u00a0\u00bb header_2_letter_spacing=\u00a0\u00bb3px\u00a0\u00bb header_2_line_height=\u00a0\u00bb1.1em\u00a0\u00bb vertical_offset_tablet=\u00a0\u00bb0&Prime; horizontal_offset_tablet=\u00a0\u00bb0&Prime; text_orientation=\u00a0\u00bbcenter\u00a0\u00bb background_layout=\u00a0\u00bbdark\u00a0\u00bb module_alignment=\u00a0\u00bbcenter\u00a0\u00bb custom_margin=\u00a0\u00bb||60px|\u00a0\u00bb animation_style=\u00a0\u00bbslide\u00a0\u00bb animation_direction=\u00a0\u00bbbottom\u00a0\u00bb animation_intensity_slide=\u00a0\u00bb5%\u00a0\u00bb header_font_size_tablet=\u00a0\u00bb\u00a0\u00bb header_font_size_phone=\u00a0\u00bb28px\u00a0\u00bb header_font_size_last_edited=\u00a0\u00bbon|phone\u00a0\u00bb header_2_font_size_tablet=\u00a0\u00bb\u00a0\u00bb header_2_font_size_phone=\u00a0\u00bb50px\u00a0\u00bb header_2_font_size_last_edited=\u00a0\u00bbon|phone\u00a0\u00bb z_index_tablet=\u00a0\u00bb0&Prime; text_text_shadow_horizontal_length_tablet=\u00a0\u00bb0px\u00a0\u00bb text_text_shadow_vertical_length_tablet=\u00a0\u00bb0px\u00a0\u00bb text_text_shadow_blur_strength_tablet=\u00a0\u00bb1px\u00a0\u00bb link_text_shadow_horizontal_length_tablet=\u00a0\u00bb0px\u00a0\u00bb link_text_shadow_vertical_length_tablet=\u00a0\u00bb0px\u00a0\u00bb link_text_shadow_blur_strength_tablet=\u00a0\u00bb1px\u00a0\u00bb ul_text_shadow_horizontal_length_tablet=\u00a0\u00bb0px\u00a0\u00bb ul_text_shadow_vertical_length_tablet=\u00a0\u00bb0px\u00a0\u00bb ul_text_shadow_blur_strength_tablet=\u00a0\u00bb1px\u00a0\u00bb ol_text_shadow_horizontal_length_tablet=\u00a0\u00bb0px\u00a0\u00bb ol_text_shadow_vertical_length_tablet=\u00a0\u00bb0px\u00a0\u00bb ol_text_shadow_blur_strength_tablet=\u00a0\u00bb1px\u00a0\u00bb quote_text_shadow_horizontal_length_tablet=\u00a0\u00bb0px\u00a0\u00bb quote_text_shadow_vertical_length_tablet=\u00a0\u00bb0px\u00a0\u00bb quote_text_shadow_blur_strength_tablet=\u00a0\u00bb1px\u00a0\u00bb header_text_shadow_horizontal_length_tablet=\u00a0\u00bb0px\u00a0\u00bb header_text_shadow_vertical_length_tablet=\u00a0\u00bb0px\u00a0\u00bb header_text_shadow_blur_strength_tablet=\u00a0\u00bb1px\u00a0\u00bb header_2_text_shadow_horizontal_length_tablet=\u00a0\u00bb0px\u00a0\u00bb header_2_text_shadow_vertical_length_tablet=\u00a0\u00bb0px\u00a0\u00bb header_2_text_shadow_blur_strength_tablet=\u00a0\u00bb1px\u00a0\u00bb header_3_text_shadow_horizontal_length_tablet=\u00a0\u00bb0px\u00a0\u00bb header_3_text_shadow_vertical_length_tablet=\u00a0\u00bb0px\u00a0\u00bb header_3_text_shadow_blur_strength_tablet=\u00a0\u00bb1px\u00a0\u00bb header_4_text_shadow_horizontal_length_tablet=\u00a0\u00bb0px\u00a0\u00bb header_4_text_shadow_vertical_length_tablet=\u00a0\u00bb0px\u00a0\u00bb header_4_text_shadow_blur_strength_tablet=\u00a0\u00bb1px\u00a0\u00bb header_5_text_shadow_horizontal_length_tablet=\u00a0\u00bb0px\u00a0\u00bb header_5_text_shadow_vertical_length_tablet=\u00a0\u00bb0px\u00a0\u00bb header_5_text_shadow_blur_strength_tablet=\u00a0\u00bb1px\u00a0\u00bb header_6_text_shadow_horizontal_length_tablet=\u00a0\u00bb0px\u00a0\u00bb header_6_text_shadow_vertical_length_tablet=\u00a0\u00bb0px\u00a0\u00bb header_6_text_shadow_blur_strength_tablet=\u00a0\u00bb1px\u00a0\u00bb box_shadow_horizontal_tablet=\u00a0\u00bb0px\u00a0\u00bb box_shadow_vertical_tablet=\u00a0\u00bb0px\u00a0\u00bb box_shadow_blur_tablet=\u00a0\u00bb40px\u00a0\u00bb box_shadow_spread_tablet=\u00a0\u00bb0px\u00a0\u00bb global_colors_info=\u00a0\u00bb{}\u00a0\u00bb]\n<h1>Mat\u00e9riaux<\/h1>\n<h1>#48CG<\/h1>\n[\/et_pb_text][\/et_pb_column][\/et_pb_row][\/et_pb_section][et_pb_section fb_built=\u00a0\u00bb1&Prime; _builder_version=\u00a0\u00bb4.10.7&Prime; _module_preset=\u00a0\u00bbdefault\u00a0\u00bb min_height=\u00a0\u00bb649.9px\u00a0\u00bb global_colors_info=\u00a0\u00bb{}\u00a0\u00bb][et_pb_row column_structure=\u00a0\u00bb1_5,3_5,1_5&Prime; _builder_version=\u00a0\u00bb4.10.7&Prime; _module_preset=\u00a0\u00bbdefault\u00a0\u00bb global_colors_info=\u00a0\u00bb{}\u00a0\u00bb][et_pb_column type=\u00a0\u00bb1_5&Prime; _builder_version=\u00a0\u00bb4.10.7&Prime; _module_preset=\u00a0\u00bbdefault\u00a0\u00bb global_colors_info=\u00a0\u00bb{}\u00a0\u00bb][et_pb_image src=\u00a0\u00bbhttps:\/\/scolopi.org\/wp-content\/uploads\/2021\/10\/CARTEL01.png\u00a0\u00bb title_text=\u00a0\u00bbCARTEL01&Prime; _builder_version=\u00a0\u00bb4.11.1&Prime; _module_preset=\u00a0\u00bbdefault\u00a0\u00bb global_colors_info=\u00a0\u00bb{}\u00a0\u00bb][\/et_pb_image][\/et_pb_column][et_pb_column type=\u00a0\u00bb3_5&Prime; _builder_version=\u00a0\u00bb4.10.7&Prime; _module_preset=\u00a0\u00bbdefault\u00a0\u00bb global_colors_info=\u00a0\u00bb{}\u00a0\u00bb][et_pb_text _builder_version=\u00a0\u00bb4.11.1&Prime; _module_preset=\u00a0\u00bbdefault\u00a0\u00bb global_colors_info=\u00a0\u00bb{}\u00a0\u00bb]\n<h2>Explication de la devise<\/h2>\n<p>La devise du 48e Chapitre g\u00e9n\u00e9ral (\u00ab\u00a0Sous la conduite du Saint-Esprit\u00a0\u00bb) comprend une citation des Constitutions et sous-tend le graphisme du logo o\u00f9 la force expressive et \u00e9vang\u00e9lisatrice de la flamme et de la colombe reprend le devant de la sc\u00e8ne, refl\u00e9tant la dynamisme de certaines \u00c9coles P\u00edas en Salida, \u00e0 la base desquelles se distingue l&rsquo;anagramme officiel de l&rsquo;Ordre, repr\u00e9sentant l&rsquo;h\u00e9ritage de la vie d&rsquo;une institution avec plus de 400 ans d&rsquo;histoire.<\/p>\n<p>De m\u00eame, le dessin de l&rsquo;isotype fait un clin d&rsquo;\u0153il \u00e0 la d\u00e9marcation qui accueille les P\u00e8res capitulaires, puisque l&rsquo;espace inf\u00e9rieur imite la g\u00e9ographie du Mexique, pays d&rsquo;accueil. La couleur rouge de la marque renforce l&rsquo;id\u00e9e de \u00ab vie \u00bb et de revitalisation de l&rsquo;Ordre.<\/p>\n<p>La composition de l&rsquo;ensemble est compens\u00e9e par le reste des \u00e9l\u00e9ments typographiques, que ce soit dans leur version simple ou plus compl\u00e8te, avec les slogans inclus. Toujours dans sa version abr\u00e9g\u00e9e, le hashtag qui commencera \u00e0 \u00eatre utilis\u00e9 dans tous les documents officiels \u00e0 partir de cette ann\u00e9e sera utilis\u00e9 : # 48CG. Le r\u00e9sultat est une marque moderne, simple, claire et facile \u00e0 mettre en \u0153uvre sur n&rsquo;importe quel mat\u00e9riau, support ou surface.<\/p>\n<p>&nbsp;<\/p>\n[\/et_pb_text][et_pb_image src=\u00a0\u00bbhttps:\/\/scolopi.org\/wp-content\/uploads\/2021\/10\/INFO-LOGO.jpg\u00a0\u00bb title_text=\u00a0\u00bbINFO LOGO\u00a0\u00bb _builder_version=\u00a0\u00bb4.11.1&Prime; _module_preset=\u00a0\u00bbdefault\u00a0\u00bb global_colors_info=\u00a0\u00bb{}\u00a0\u00bb][\/et_pb_image][\/et_pb_column][et_pb_column type=\u00a0\u00bb1_5&Prime; _builder_version=\u00a0\u00bb4.10.7&Prime; _module_preset=\u00a0\u00bbdefault\u00a0\u00bb global_colors_info=\u00a0\u00bb{}\u00a0\u00bb][et_pb_image src=\u00a0\u00bbhttps:\/\/scolopi.org\/wp-content\/uploads\/2021\/10\/logo-48cg.png\u00a0\u00bb title_text=\u00a0\u00bblogo 48cg\u00a0\u00bb _builder_version=\u00a0\u00bb4.11.1&Prime; _module_preset=\u00a0\u00bbdefault\u00a0\u00bb width=\u00a0\u00bb100%\u00a0\u00bb custom_margin=\u00a0\u00bb|-10px||||\u00a0\u00bb global_colors_info=\u00a0\u00bb{}\u00a0\u00bb][\/et_pb_image][et_pb_button button_url=\u00a0\u00bbhttps:\/\/scolopi.org\/wp-content\/uploads\/2021\/10\/LOGO-48CG.zip\u00a0\u00bb button_text=\u00a0\u00bbT\u00e9l\u00e9charger le logo dans diff\u00e9rents formats\u00a0\u00bb _builder_version=\u00a0\u00bb4.11.1&Prime; _module_preset=\u00a0\u00bbdefault\u00a0\u00bb global_colors_info=\u00a0\u00bb{}\u00a0\u00bb][\/et_pb_button][et_pb_text _builder_version=\u00a0\u00bb4.11.1&Prime; _module_preset=\u00a0\u00bbdefault\u00a0\u00bb global_colors_info=\u00a0\u00bb{}\u00a0\u00bb]\n<hr \/>\n<p>Si vous avez besoin du logo dans n\u2019importe quel autre format, vous pouvez le demander \u00e0 <a href=\"mailto:scolopi@scolopi.net\">scolopi@scolopi.net<\/a><\/p>\n[\/et_pb_text][\/et_pb_column][\/et_pb_row][et_pb_row _builder_version=\u00a0\u00bb4.10.7&Prime; _module_preset=\u00a0\u00bbdefault\u00a0\u00bb global_colors_info=\u00a0\u00bb{}\u00a0\u00bb][et_pb_column type=\u00a0\u00bb4_4&Prime; _builder_version=\u00a0\u00bb4.10.7&Prime; _module_preset=\u00a0\u00bbdefault\u00a0\u00bb global_colors_info=\u00a0\u00bb{}\u00a0\u00bb][et_pb_divider _builder_version=\u00a0\u00bb4.10.7&Prime; _module_preset=\u00a0\u00bbdefault\u00a0\u00bb global_colors_info=\u00a0\u00bb{}\u00a0\u00bb][\/et_pb_divider][\/et_pb_column][\/et_pb_row][et_pb_row column_structure=\u00a0\u00bb2_5,3_5&Prime; _builder_version=\u00a0\u00bb4.10.7&Prime; _module_preset=\u00a0\u00bbdefault\u00a0\u00bb custom_margin=\u00a0\u00bb|auto|43px|auto||\u00a0\u00bb global_colors_info=\u00a0\u00bb{}\u00a0\u00bb][et_pb_column type=\u00a0\u00bb2_5&Prime; _builder_version=\u00a0\u00bb4.10.7&Prime; _module_preset=\u00a0\u00bbdefault\u00a0\u00bb global_colors_info=\u00a0\u00bb{}\u00a0\u00bb][et_pb_gallery gallery_ids=\u00a0\u00bb64409,64413,64417,64421,64425&Prime; gallery_orderby=\u00a0\u00bbrand\u00a0\u00bb fullwidth=\u00a0\u00bbon\u00a0\u00bb _builder_version=\u00a0\u00bb4.11.1&Prime; _module_preset=\u00a0\u00bbdefault\u00a0\u00bb global_colors_info=\u00a0\u00bb{}\u00a0\u00bb][\/et_pb_gallery][et_pb_text _builder_version=\u00a0\u00bb4.11.1&Prime; _module_preset=\u00a0\u00bbdefault\u00a0\u00bb global_colors_info=\u00a0\u00bb{}\u00a0\u00bb]\n<hr \/>\n<p>Si vous avez besoin du logo dans n\u2019importe quel autre format, vous pouvez le demander \u00e0 <a href=\"mailto:scolopi@scolopi.net\">scolopi@scolopi.net<\/a><\/p>\n[\/et_pb_text][\/et_pb_column][et_pb_column type=\u00a0\u00bb3_5&Prime; _builder_version=\u00a0\u00bb4.10.7&Prime; _module_preset=\u00a0\u00bbdefault\u00a0\u00bb global_colors_info=\u00a0\u00bb{}\u00a0\u00bb][et_pb_text _builder_version=\u00a0\u00bb4.11.1&Prime; _module_preset=\u00a0\u00bbdefault\u00a0\u00bb global_colors_info=\u00a0\u00bb{}\u00a0\u00bb]\n<h1>Affichage<\/h1>\n<p>&nbsp;<\/p>\n<h4>La s\u00e9rie d\u2019images du #48CG vise \u00e0 refl\u00e9ter l\u2019essence de l\u2019\u00eatre piariste \u00e0 travers une esth\u00e9tique minimaliste et moderne. <\/p>\n<\/h4>\n<p>&nbsp;<\/p>\n<p>Le petit (le jeune, la personne&#8230;) au centre, sur lequel gravite l\u2019\u00eatre piariste, est le protagoniste de l\u2019image du #48CG. L\u2019enfant de toute culture, de n\u2019importe quelle soci\u00e9t\u00e9. Ainsi, brut, sur fond faible. L\u2019enfant dans son int\u00e9grit\u00e9, de corps entier \u00e0 l\u2019occasion. Le fond, encapsul\u00e9 sous une forme organique, montre le contexte du petit, car c\u2019est l\u00e0 que travaille \u00e9galement le piariste et, au fond, c\u2019est l\u2019objectif ultime: transformer les structures et les synergies qui facilitent ou renforcent les contextes de marginalisation et d\u2019in\u00e9galit\u00e9 dans lesquels les petits sont les plus impuissants. L\u2019\u00e9ducation, nous le savons, est en ce sens l\u2019une des armes les plus puissantes.<\/p>\n<p>Les diff\u00e9rentes affiches pr\u00e9sentent diff\u00e9rents domaines o\u00f9 les piaristes et les jeunes se d\u00e9veloppent et, bien qu\u2019il existe des contextes explicitement \u00e9ducatifs, d\u2019autres environnements parascolaires (camps, etc.) sont \u00e9galement refl\u00e9t\u00e9s en r\u00e9f\u00e9rence \u00e0 cette \u00e9cole \u00ab \u00e0 temps plein \u00bb, au-del\u00e0 des heures d\u2019\u00e9cole.<\/p>\n<p>La composition moderne n\u2019est pas une question de posture circonstancielle. Moderne, comme nos \u00c9coles Pies, qui travaillent \u00e0 mettre \u00e0 jour le message de J\u00e9sus et de l\u2019\u00c9glise aux temps nouveaux \u00e0 travers tant d\u2019initiatives, une impulsion constante de cr\u00e9ativit\u00e9 et de soin continu pour l\u2019accueil du petit. Il s\u2019agit de r\u00e9pondre aux nouveaux d\u00e9fis de chacune des pr\u00e9sences et de relever les d\u00e9fis constants de cette soci\u00e9t\u00e9 en constante transformation et parfois si d\u00e9raut\u00e9e. D\u2019o\u00f9 l\u2019esth\u00e9tique moderne, qui se connecte au monde d\u2019aujourd\u2019hui et est visible \u00e0 tous les niveaux, de la composition, des couleurs, de la typographie&#8230; il s\u2019agit aussi de se connecter avec les nouvelles g\u00e9n\u00e9rations. Enfin, le pigeon et les nuages renvoient clairement au domaine spirituel et de foi, c\u2019est un \u00e9l\u00e9ment graphique qui nous aide \u00e0 int\u00e9grer les \u00e9l\u00e9ments dans l\u2019affiche et est une r\u00e9f\u00e9rence explicite au logo.<\/p>\n[\/et_pb_text][\/et_pb_column][\/et_pb_row][et_pb_row column_structure=\u00a0\u00bb1_3,1_3,1_3&Prime; _builder_version=\u00a0\u00bb4.11.1&Prime; _module_preset=\u00a0\u00bbdefault\u00a0\u00bb global_colors_info=\u00a0\u00bb{}\u00a0\u00bb][et_pb_column type=\u00a0\u00bb1_3&Prime; _builder_version=\u00a0\u00bb4.11.1&Prime; _module_preset=\u00a0\u00bbdefault\u00a0\u00bb global_colors_info=\u00a0\u00bb{}\u00a0\u00bb][et_pb_divider _builder_version=\u00a0\u00bb4.11.1&Prime; _module_preset=\u00a0\u00bbdefault\u00a0\u00bb global_colors_info=\u00a0\u00bb{}\u00a0\u00bb][\/et_pb_divider][et_pb_text _builder_version=\u00a0\u00bb4.11.1&Prime; _module_preset=\u00a0\u00bbdefault\u00a0\u00bb global_colors_info=\u00a0\u00bb{}\u00a0\u00bb]\n<p>INFOGRAPHIE<\/p>\n<h3>Cl\u00e9s du #48CG<\/h3>\n[\/et_pb_text][et_pb_image src=\u00a0\u00bbhttps:\/\/scolopi.org\/wp-content\/uploads\/2021\/10\/PORTADA-CLAVES-FRA.png\u00a0\u00bb title_text=\u00a0\u00bbPORTADA CLAVES FRA\u00a0\u00bb url=\u00a0\u00bbhttps:\/\/scolopi.org\/wp-content\/uploads\/2021\/10\/CLAVES-48cg-fra.pdf\u00a0\u00bb _builder_version=\u00a0\u00bb4.11.1&Prime; _module_preset=\u00a0\u00bbdefault\u00a0\u00bb global_colors_info=\u00a0\u00bb{}\u00a0\u00bb][\/et_pb_image][\/et_pb_column][et_pb_column type=\u00a0\u00bb1_3&Prime; _builder_version=\u00a0\u00bb4.11.1&Prime; _module_preset=\u00a0\u00bbdefault\u00a0\u00bb global_colors_info=\u00a0\u00bb{}\u00a0\u00bb][et_pb_divider _builder_version=\u00a0\u00bb4.11.1&Prime; _module_preset=\u00a0\u00bbdefault\u00a0\u00bb global_colors_info=\u00a0\u00bb{}\u00a0\u00bb][\/et_pb_divider][et_pb_text _builder_version=\u00a0\u00bb4.11.1&Prime; _module_preset=\u00a0\u00bbdefault\u00a0\u00bb global_colors_info=\u00a0\u00bb{}\u00a0\u00bb]\n<p>PRI\u00c8RE<\/p>\n<h3>Pri\u00e8re pour le #48CG<\/h3>\n[\/et_pb_text][et_pb_image src=\u00a0\u00bbhttps:\/\/scolopi.org\/wp-content\/uploads\/2021\/10\/ORACION-48cg-IMAGEN-FRA.png\u00a0\u00bb title_text=\u00a0\u00bbORACION 48cg IMAGEN FRA\u00a0\u00bb url=\u00a0\u00bbhttps:\/\/scolopi.org\/wp-content\/uploads\/2021\/10\/oracion-48cg-fra.pdf\u00a0\u00bb _builder_version=\u00a0\u00bb4.11.1&Prime; _module_preset=\u00a0\u00bbdefault\u00a0\u00bb global_colors_info=\u00a0\u00bb{}\u00a0\u00bb][\/et_pb_image][\/et_pb_column][et_pb_column type=\u00a0\u00bb1_3&Prime; _builder_version=\u00a0\u00bb4.11.1&Prime; _module_preset=\u00a0\u00bbdefault\u00a0\u00bb global_colors_info=\u00a0\u00bb{}\u00a0\u00bb][\/et_pb_column][\/et_pb_row][\/et_pb_section]\n","protected":false},"excerpt":{"rendered":"<p>Mat&eacute;riaux #48CGExplication de la devise La devise du 48e Chapitre g&eacute;n&eacute;ral (\u00ab\u00a0Sous la conduite du Saint-Esprit\u00a0\u00bb) comprend une citation des Constitutions et sous-tend le graphisme du logo o&ugrave; la force expressive et &eacute;vang&eacute;lisatrice de la flamme et de la colombe reprend le devant de la sc&egrave;ne, refl&eacute;tant la dynamisme de certaines &Eacute;coles P&iacute;as en Salida, [&hellip;]<\/p>\n","protected":false},"author":2,"featured_media":0,"parent":64916,"menu_order":0,"comment_status":"closed","ping_status":"closed","template":"","meta":{"_et_pb_use_builder":"on","_et_pb_old_content":"","_et_gb_content_width":"","footnotes":""},"class_list":["post-64942","page","type-page","status-publish","hentry"],"yoast_head":"<!-- This site is optimized with the Yoast SEO plugin v24.6 - https:\/\/yoast.com\/wordpress\/plugins\/seo\/ -->\n<title>Mat\u00e9riaux - Ordre des \u00c9coles Pies<\/title>\n<meta name=\"robots\" content=\"index, follow, max-snippet:-1, max-image-preview:large, max-video-preview:-1\" \/>\n<link rel=\"canonical\" href=\"https:\/\/scolopi.org\/48cg\/materiales\/\" \/>\n<meta property=\"og:locale\" content=\"fr_FR\" \/>\n<meta property=\"og:type\" content=\"article\" \/>\n<meta property=\"og:title\" content=\"Mat\u00e9riaux - Ordre des \u00c9coles Pies\" \/>\n<meta property=\"og:description\" content=\"Mat&eacute;riaux #48CGExplication de la devise La devise du 48e Chapitre g&eacute;n&eacute;ral (&quot;Sous la conduite du Saint-Esprit&quot;) comprend une citation des Constitutions et sous-tend le graphisme du logo o&ugrave; la force expressive et &eacute;vang&eacute;lisatrice de la flamme et de la colombe reprend le devant de la sc&egrave;ne, refl&eacute;tant la dynamisme de certaines &Eacute;coles P&iacute;as en Salida, [&hellip;]\" \/>\n<meta property=\"og:url\" content=\"https:\/\/scolopi.org\/48cg\/materiales\/\" \/>\n<meta property=\"og:site_name\" content=\"Ordre des \u00c9coles Pies\" \/>\n<meta property=\"article:modified_time\" content=\"2021-10-13T18:41:08+00:00\" \/>\n<meta name=\"twitter:card\" content=\"summary_large_image\" \/>\n<meta name=\"twitter:label1\" content=\"Dur\u00e9e de lecture estim\u00e9e\" \/>\n\t<meta name=\"twitter:data1\" content=\"9 minutes\" \/>\n<script type=\"application\/ld+json\" class=\"yoast-schema-graph\">{\"@context\":\"https:\/\/schema.org\",\"@graph\":[{\"@type\":\"WebPage\",\"@id\":\"https:\/\/scolopi.org\/48cg\/materiales\/\",\"url\":\"https:\/\/scolopi.org\/48cg\/materiales\/\",\"name\":\"Mat\u00e9riaux - Ordre des \u00c9coles Pies\",\"isPartOf\":{\"@id\":\"https:\/\/scolopi.org\/#website\"},\"datePublished\":\"2021-10-05T08:44:34+00:00\",\"dateModified\":\"2021-10-13T18:41:08+00:00\",\"breadcrumb\":{\"@id\":\"https:\/\/scolopi.org\/48cg\/materiales\/#breadcrumb\"},\"inLanguage\":\"fr-FR\",\"potentialAction\":[{\"@type\":\"ReadAction\",\"target\":[\"https:\/\/scolopi.org\/48cg\/materiales\/\"]}]},{\"@type\":\"BreadcrumbList\",\"@id\":\"https:\/\/scolopi.org\/48cg\/materiales\/#breadcrumb\",\"itemListElement\":[{\"@type\":\"ListItem\",\"position\":1,\"name\":\"Portada\",\"item\":\"https:\/\/scolopi.org\/fr\/\"},{\"@type\":\"ListItem\",\"position\":2,\"name\":\"48CG\",\"item\":\"https:\/\/scolopi.org\/48cg\/\"},{\"@type\":\"ListItem\",\"position\":3,\"name\":\"Mat\u00e9riaux\"}]},{\"@type\":\"WebSite\",\"@id\":\"https:\/\/scolopi.org\/#website\",\"url\":\"https:\/\/scolopi.org\/\",\"name\":\"Ordre des \u00c9coles Pies\",\"description\":\"Site Internet Officiel de l\u2019Ordre des \u00c9coles Pies\",\"potentialAction\":[{\"@type\":\"SearchAction\",\"target\":{\"@type\":\"EntryPoint\",\"urlTemplate\":\"https:\/\/scolopi.org\/?s={search_term_string}\"},\"query-input\":{\"@type\":\"PropertyValueSpecification\",\"valueRequired\":true,\"valueName\":\"search_term_string\"}}],\"inLanguage\":\"fr-FR\"}]}<\/script>\n<!-- \/ Yoast SEO plugin. -->","yoast_head_json":{"title":"Mat\u00e9riaux - Ordre des \u00c9coles Pies","robots":{"index":"index","follow":"follow","max-snippet":"max-snippet:-1","max-image-preview":"max-image-preview:large","max-video-preview":"max-video-preview:-1"},"canonical":"https:\/\/scolopi.org\/48cg\/materiales\/","og_locale":"fr_FR","og_type":"article","og_title":"Mat\u00e9riaux - Ordre des \u00c9coles Pies","og_description":"Mat&eacute;riaux #48CGExplication de la devise La devise du 48e Chapitre g&eacute;n&eacute;ral (\"Sous la conduite du Saint-Esprit\") comprend une citation des Constitutions et sous-tend le graphisme du logo o&ugrave; la force expressive et &eacute;vang&eacute;lisatrice de la flamme et de la colombe reprend le devant de la sc&egrave;ne, refl&eacute;tant la dynamisme de certaines &Eacute;coles P&iacute;as en Salida, [&hellip;]","og_url":"https:\/\/scolopi.org\/48cg\/materiales\/","og_site_name":"Ordre des \u00c9coles Pies","article_modified_time":"2021-10-13T18:41:08+00:00","twitter_card":"summary_large_image","twitter_misc":{"Dur\u00e9e de lecture estim\u00e9e":"9 minutes"},"schema":{"@context":"https:\/\/schema.org","@graph":[{"@type":"WebPage","@id":"https:\/\/scolopi.org\/48cg\/materiales\/","url":"https:\/\/scolopi.org\/48cg\/materiales\/","name":"Mat\u00e9riaux - Ordre des \u00c9coles Pies","isPartOf":{"@id":"https:\/\/scolopi.org\/#website"},"datePublished":"2021-10-05T08:44:34+00:00","dateModified":"2021-10-13T18:41:08+00:00","breadcrumb":{"@id":"https:\/\/scolopi.org\/48cg\/materiales\/#breadcrumb"},"inLanguage":"fr-FR","potentialAction":[{"@type":"ReadAction","target":["https:\/\/scolopi.org\/48cg\/materiales\/"]}]},{"@type":"BreadcrumbList","@id":"https:\/\/scolopi.org\/48cg\/materiales\/#breadcrumb","itemListElement":[{"@type":"ListItem","position":1,"name":"Portada","item":"https:\/\/scolopi.org\/fr\/"},{"@type":"ListItem","position":2,"name":"48CG","item":"https:\/\/scolopi.org\/48cg\/"},{"@type":"ListItem","position":3,"name":"Mat\u00e9riaux"}]},{"@type":"WebSite","@id":"https:\/\/scolopi.org\/#website","url":"https:\/\/scolopi.org\/","name":"Ordre des \u00c9coles Pies","description":"Site Internet Officiel de l\u2019Ordre des \u00c9coles Pies","potentialAction":[{"@type":"SearchAction","target":{"@type":"EntryPoint","urlTemplate":"https:\/\/scolopi.org\/?s={search_term_string}"},"query-input":{"@type":"PropertyValueSpecification","valueRequired":true,"valueName":"search_term_string"}}],"inLanguage":"fr-FR"}]}},"_links":{"self":[{"href":"https:\/\/scolopi.org\/fr\/wp-json\/wp\/v2\/pages\/64942"}],"collection":[{"href":"https:\/\/scolopi.org\/fr\/wp-json\/wp\/v2\/pages"}],"about":[{"href":"https:\/\/scolopi.org\/fr\/wp-json\/wp\/v2\/types\/page"}],"author":[{"embeddable":true,"href":"https:\/\/scolopi.org\/fr\/wp-json\/wp\/v2\/users\/2"}],"replies":[{"embeddable":true,"href":"https:\/\/scolopi.org\/fr\/wp-json\/wp\/v2\/comments?post=64942"}],"version-history":[{"count":0,"href":"https:\/\/scolopi.org\/fr\/wp-json\/wp\/v2\/pages\/64942\/revisions"}],"up":[{"embeddable":true,"href":"https:\/\/scolopi.org\/fr\/wp-json\/wp\/v2\/pages\/64916"}],"wp:attachment":[{"href":"https:\/\/scolopi.org\/fr\/wp-json\/wp\/v2\/media?parent=64942"}],"curies":[{"name":"wp","href":"https:\/\/api.w.org\/{rel}","templated":true}]}}