{"id":64972,"date":"2021-09-20T10:34:02","date_gmt":"2021-09-20T08:34:02","guid":{"rendered":"https:\/\/scolopi.org\/48cg\/oracion-capitular\/"},"modified":"2021-10-11T13:12:22","modified_gmt":"2021-10-11T11:12:22","slug":"chapitre-priere","status":"publish","type":"page","link":"https:\/\/scolopi.org\/fr\/48cg\/chapitre-priere\/","title":{"rendered":"Chapitre Pri\u00e8re"},"content":{"rendered":"[et_pb_section fb_built=\u00a0\u00bb1&Prime; fullwidth=\u00a0\u00bbon\u00a0\u00bb _builder_version=\u00a0\u00bb4.11.1&Prime; _module_preset=\u00a0\u00bbdefault\u00a0\u00bb global_colors_info=\u00a0\u00bb{}\u00a0\u00bb][et_pb_fullwidth_menu menu_id=\u00a0\u00bb266&Prime; active_link_color=\u00a0\u00bb#FFFFFF\u00a0\u00bb _builder_version=\u00a0\u00bb4.11.1&Prime; _module_preset=\u00a0\u00bbdefault\u00a0\u00bb menu_text_color=\u00a0\u00bb#FFFFFF\u00a0\u00bb menu_font_size=\u00a0\u00bb18px\u00a0\u00bb background_color=\u00a0\u00bb#0C71C3&Prime; sticky_position=\u00a0\u00bbtop\u00a0\u00bb global_colors_info=\u00a0\u00bb{}\u00a0\u00bb][\/et_pb_fullwidth_menu][\/et_pb_section][et_pb_section fb_built=\u00a0\u00bb1&Prime; next_background_color=\u00a0\u00bb#ffffff\u00a0\u00bb admin_label=\u00a0\u00bbHero Section\u00a0\u00bb _builder_version=\u00a0\u00bb4.10.7&Prime; use_background_color_gradient=\u00a0\u00bbon\u00a0\u00bb background_color_gradient_start=\u00a0\u00bbrgba(0,0,0,0.4)\u00a0\u00bb background_color_gradient_end=\u00a0\u00bbrgba(0,0,0,0.4)\u00a0\u00bb background_color_gradient_overlays_image=\u00a0\u00bbon\u00a0\u00bb background_image=\u00a0\u00bbhttps:\/\/scolopi.org\/wp-content\/uploads\/2020\/10\/entradilla-48cg.png\u00a0\u00bb background_position=\u00a0\u00bbcenter_right\u00a0\u00bb vertical_offset_tablet=\u00a0\u00bb0&Prime; horizontal_offset_tablet=\u00a0\u00bb0&Prime; min_height=\u00a0\u00bb270px\u00a0\u00bb max_height=\u00a0\u00bb500px\u00a0\u00bb custom_padding=\u00a0\u00bb3.6%||1.7%|||\u00a0\u00bb bottom_divider_style=\u00a0\u00bbslant\u00a0\u00bb bottom_divider_height=\u00a0\u00bb60px\u00a0\u00bb box_shadow_horizontal_tablet=\u00a0\u00bb0px\u00a0\u00bb box_shadow_vertical_tablet=\u00a0\u00bb0px\u00a0\u00bb box_shadow_blur_tablet=\u00a0\u00bb40px\u00a0\u00bb box_shadow_spread_tablet=\u00a0\u00bb0px\u00a0\u00bb global_colors_info=\u00a0\u00bb{}\u00a0\u00bb background_color_gradient_direction__hover=\u00a0\u00bb180deg\u00a0\u00bb background_color_gradient_direction__hover_enabled=\u00a0\u00bb180deg\u00a0\u00bb background_color_gradient_start_position__hover=\u00a0\u00bb0%\u00a0\u00bb background_color_gradient_start_position__hover_enabled=\u00a0\u00bb0%\u00a0\u00bb background_color_gradient_end_position__hover=\u00a0\u00bb100%\u00a0\u00bb background_color_gradient_end_position__hover_enabled=\u00a0\u00bb100%\u00a0\u00bb][et_pb_row _builder_version=\u00a0\u00bb4.6.5&Prime; vertical_offset_tablet=\u00a0\u00bb0&Prime; horizontal_offset_tablet=\u00a0\u00bb0&Prime; z_index_tablet=\u00a0\u00bb0&Prime; box_shadow_horizontal_tablet=\u00a0\u00bb0px\u00a0\u00bb box_shadow_vertical_tablet=\u00a0\u00bb0px\u00a0\u00bb box_shadow_blur_tablet=\u00a0\u00bb40px\u00a0\u00bb box_shadow_spread_tablet=\u00a0\u00bb0px\u00a0\u00bb global_colors_info=\u00a0\u00bb{}\u00a0\u00bb][et_pb_column type=\u00a0\u00bb4_4&Prime; _builder_version=\u00a0\u00bb3.0.47&Prime; custom_padding=\u00a0\u00bb|||\u00a0\u00bb global_colors_info=\u00a0\u00bb{}\u00a0\u00bb custom_padding__hover=\u00a0\u00bb|||\u00a0\u00bb][et_pb_text admin_label=\u00a0\u00bbHero Section Title\u00a0\u00bb _builder_version=\u00a0\u00bb4.11.1&Prime; text_font=\u00a0\u00bb|||on|||||\u00a0\u00bb header_font=\u00a0\u00bbMontserrat|600|||||||\u00a0\u00bb header_font_size=\u00a0\u00bb48px\u00a0\u00bb header_letter_spacing=\u00a0\u00bb3px\u00a0\u00bb header_line_height=\u00a0\u00bb1.3em\u00a0\u00bb header_2_font=\u00a0\u00bbMontserrat|700|||||||\u00a0\u00bb header_2_text_color=\u00a0\u00bbrgba(255,255,255,0.6)\u00a0\u00bb header_2_font_size=\u00a0\u00bb90px\u00a0\u00bb header_2_letter_spacing=\u00a0\u00bb3px\u00a0\u00bb header_2_line_height=\u00a0\u00bb1.1em\u00a0\u00bb vertical_offset_tablet=\u00a0\u00bb0&Prime; horizontal_offset_tablet=\u00a0\u00bb0&Prime; text_orientation=\u00a0\u00bbcenter\u00a0\u00bb background_layout=\u00a0\u00bbdark\u00a0\u00bb module_alignment=\u00a0\u00bbcenter\u00a0\u00bb custom_margin=\u00a0\u00bb||11px|||\u00a0\u00bb custom_padding=\u00a0\u00bb23px|||||\u00a0\u00bb animation_style=\u00a0\u00bbslide\u00a0\u00bb animation_direction=\u00a0\u00bbbottom\u00a0\u00bb animation_intensity_slide=\u00a0\u00bb5%\u00a0\u00bb header_font_size_tablet=\u00a0\u00bb\u00a0\u00bb header_font_size_phone=\u00a0\u00bb28px\u00a0\u00bb header_font_size_last_edited=\u00a0\u00bbon|phone\u00a0\u00bb header_2_font_size_tablet=\u00a0\u00bb\u00a0\u00bb header_2_font_size_phone=\u00a0\u00bb50px\u00a0\u00bb header_2_font_size_last_edited=\u00a0\u00bbon|phone\u00a0\u00bb z_index_tablet=\u00a0\u00bb0&Prime; text_text_shadow_horizontal_length_tablet=\u00a0\u00bb0px\u00a0\u00bb text_text_shadow_vertical_length_tablet=\u00a0\u00bb0px\u00a0\u00bb text_text_shadow_blur_strength_tablet=\u00a0\u00bb1px\u00a0\u00bb link_text_shadow_horizontal_length_tablet=\u00a0\u00bb0px\u00a0\u00bb link_text_shadow_vertical_length_tablet=\u00a0\u00bb0px\u00a0\u00bb link_text_shadow_blur_strength_tablet=\u00a0\u00bb1px\u00a0\u00bb ul_text_shadow_horizontal_length_tablet=\u00a0\u00bb0px\u00a0\u00bb ul_text_shadow_vertical_length_tablet=\u00a0\u00bb0px\u00a0\u00bb ul_text_shadow_blur_strength_tablet=\u00a0\u00bb1px\u00a0\u00bb ol_text_shadow_horizontal_length_tablet=\u00a0\u00bb0px\u00a0\u00bb ol_text_shadow_vertical_length_tablet=\u00a0\u00bb0px\u00a0\u00bb ol_text_shadow_blur_strength_tablet=\u00a0\u00bb1px\u00a0\u00bb quote_text_shadow_horizontal_length_tablet=\u00a0\u00bb0px\u00a0\u00bb quote_text_shadow_vertical_length_tablet=\u00a0\u00bb0px\u00a0\u00bb quote_text_shadow_blur_strength_tablet=\u00a0\u00bb1px\u00a0\u00bb header_text_shadow_horizontal_length_tablet=\u00a0\u00bb0px\u00a0\u00bb header_text_shadow_vertical_length_tablet=\u00a0\u00bb0px\u00a0\u00bb header_text_shadow_blur_strength_tablet=\u00a0\u00bb1px\u00a0\u00bb header_2_text_shadow_horizontal_length_tablet=\u00a0\u00bb0px\u00a0\u00bb header_2_text_shadow_vertical_length_tablet=\u00a0\u00bb0px\u00a0\u00bb header_2_text_shadow_blur_strength_tablet=\u00a0\u00bb1px\u00a0\u00bb header_3_text_shadow_horizontal_length_tablet=\u00a0\u00bb0px\u00a0\u00bb header_3_text_shadow_vertical_length_tablet=\u00a0\u00bb0px\u00a0\u00bb header_3_text_shadow_blur_strength_tablet=\u00a0\u00bb1px\u00a0\u00bb header_4_text_shadow_horizontal_length_tablet=\u00a0\u00bb0px\u00a0\u00bb header_4_text_shadow_vertical_length_tablet=\u00a0\u00bb0px\u00a0\u00bb header_4_text_shadow_blur_strength_tablet=\u00a0\u00bb1px\u00a0\u00bb header_5_text_shadow_horizontal_length_tablet=\u00a0\u00bb0px\u00a0\u00bb header_5_text_shadow_vertical_length_tablet=\u00a0\u00bb0px\u00a0\u00bb header_5_text_shadow_blur_strength_tablet=\u00a0\u00bb1px\u00a0\u00bb header_6_text_shadow_horizontal_length_tablet=\u00a0\u00bb0px\u00a0\u00bb header_6_text_shadow_vertical_length_tablet=\u00a0\u00bb0px\u00a0\u00bb header_6_text_shadow_blur_strength_tablet=\u00a0\u00bb1px\u00a0\u00bb box_shadow_horizontal_tablet=\u00a0\u00bb0px\u00a0\u00bb box_shadow_vertical_tablet=\u00a0\u00bb0px\u00a0\u00bb box_shadow_blur_tablet=\u00a0\u00bb40px\u00a0\u00bb box_shadow_spread_tablet=\u00a0\u00bb0px\u00a0\u00bb saved_tabs=\u00a0\u00bball\u00a0\u00bb global_colors_info=\u00a0\u00bb{}\u00a0\u00bb]\n<h1>Pri\u00e8re<\/h1>\n<h1>pour le #48CG<\/h1>\n<p>&nbsp;<\/p>\n[\/et_pb_text][\/et_pb_column][\/et_pb_row][\/et_pb_section][et_pb_section fb_built=\u00a0\u00bb1&Prime; _builder_version=\u00a0\u00bb4.10.7&Prime; _module_preset=\u00a0\u00bbdefault\u00a0\u00bb global_colors_info=\u00a0\u00bb{}\u00a0\u00bb][et_pb_row column_structure=\u00a0\u00bb1_4,1_2,1_4&Prime; _builder_version=\u00a0\u00bb4.10.7&Prime; _module_preset=\u00a0\u00bbdefault\u00a0\u00bb global_colors_info=\u00a0\u00bb{}\u00a0\u00bb][et_pb_column type=\u00a0\u00bb1_4&Prime; _builder_version=\u00a0\u00bb4.10.7&Prime; _module_preset=\u00a0\u00bbdefault\u00a0\u00bb global_colors_info=\u00a0\u00bb{}\u00a0\u00bb][et_pb_image src=\u00a0\u00bbhttps:\/\/scolopi.org\/wp-content\/uploads\/2021\/10\/CARTEL02.png\u00a0\u00bb title_text=\u00a0\u00bbCARTEL02&Prime; _builder_version=\u00a0\u00bb4.11.1&Prime; _module_preset=\u00a0\u00bbdefault\u00a0\u00bb global_colors_info=\u00a0\u00bb{}\u00a0\u00bb][\/et_pb_image][\/et_pb_column][et_pb_column type=\u00a0\u00bb1_2&Prime; _builder_version=\u00a0\u00bb4.10.7&Prime; _module_preset=\u00a0\u00bbdefault\u00a0\u00bb global_colors_info=\u00a0\u00bb{}\u00a0\u00bb][et_pb_text _builder_version=\u00a0\u00bb4.11.1&Prime; _module_preset=\u00a0\u00bbdefault\u00a0\u00bb global_colors_info=\u00a0\u00bb{}\u00a0\u00bb]\n<h2>Sous la direction du Saint-Esprit<\/h2>\n<h4>Pri\u00e8re pour le 48\u00ba Chapitre G\u00e9n\u00e9ral de l&rsquo;Ordre des \u00c9coles Pies<\/h4>\n<p>&nbsp;<\/p>\n<p><strong>Viens, Esprit Saint,<\/strong> aide ton \u00c9glise pour que J\u00e9sus, le Seigneur, soit au centre de la communaut\u00e9 et de la mission, de sorte que rien ni personne ne la supplante. Augmente en nous la fid\u00e9lit\u00e9 \u00e0 l\u2019\u00c9vangile, et fais que ton \u00c9glise soit v\u00e9ritablement un sacrement universel de salut.<\/p>\n<p><strong>Viens, Esprit Saint,<\/strong> encourage et renforce la vocation de tous les piaristes, afin que nous puissions grandir en fid\u00e9lit\u00e9 \u00e0 ton appel et \u00eatre t\u00e9moins de l\u2019amour \u00e9ducatif de Dieu pour les pauvres et pour les petits.<\/p>\n<p><strong>Viens, Esprit Saint,<\/strong> inspire les d\u00e9sirs et les espoirs des jeunes, afin qu\u2019ils d\u00e9couvrent l\u2019appel de Dieu \u00e0 une vie de pl\u00e9nitude et d\u2019amour et, si c\u2019est ta volont\u00e9, de don g\u00e9n\u00e9reux \u00e0 la vie et \u00e0 la mission piaristes.<\/p>\n<p><strong>Viens, Esprit Saint,<\/strong> appelle toute la Famille Calasanctienne \u00e0 grandir dans la saintet\u00e9 et l\u2019identit\u00e9 missionnaire avec Notre Saint P\u00e8re Saint Joseph de Calasanz, pour le bien de tant d\u2019enfants, de filles et de jeunes, en particulier les plus pauvres, qui ont besoin du pain de l\u2019\u00e9ducation et de la foi.<\/p>\n<p><strong>Viens, Esprit Saint,<\/strong> enrichis par ta pr\u00e9sence vivifiante toutes les personnes qui partagent le charisme de Calasanz depuis la Fraternit\u00e9 des \u00c9coles Pies et de tous les processus piaristes, afin que le don que tu as fait \u00e0 Calasanz puisse s\u2019incarner, avec<br \/>authenticit\u00e9, dans toutes les vocations.<\/p>\n<p><strong>Viens, Esprit Saint,<\/strong> que ta pr\u00e9sence et ton encouragement inspirent le travail du Chapitre G\u00e9n\u00e9ral de l\u2019Ordre des \u00c9coles Pies, afin que le travail des capitulaires cherche toujours le bien de l\u2019Ordre et, surtout, celui des enfants et des jeunes au nom desquels nous nous r\u00e9unissons et pour le bien desquels nous avons \u00e9t\u00e9 convoqu\u00e9s.<\/p>\n<p><strong>Viens, Esprit Saint,<\/strong> inspire la r\u00e9flexion du Chapitre G\u00e9n\u00e9ral, pour que ses d\u00e9cisions et ses enseignements contribuent \u00e0 faire des \u00c9coles Pies plus dignes de Calasanz, \u00e9clairent le profil du piariste dont nous avons besoin, nous envoient dans un minist\u00e8re<br \/>irrempla\u00e7able et, surtout, nous aident \u00e0 vivre de la centralit\u00e9 de J\u00e9sus, le seul Seigneur.<\/p>\n<p><strong>Viens, Esprit Saint,<\/strong> aidez-nous \u00e0 contempler la vie et le monde avec les yeux de J\u00e9sus. Fais de nous des disciples humbles et fid\u00e8les du Seigneur, comme Marie, notre M\u00e8re, et comme Calasanz, notre fondateur. Que, par leur intercession, le Chapitre G\u00e9n\u00e9ral de notre Ordre soit vivant, c\u00e9l\u00e9br\u00e9 et accueilli pour la Gloire de Dieu et le Salut du Prochain.<\/p>\n<p><strong>GLOIRE AU P\u00c8RE, AU FILS ET AU SAINT ESPRIT.<\/strong> Comme il \u00e9tait au commencement, maintenant et toujours, pour les si\u00e8cles des si\u00e8cles. AMEN.<\/p>\n<p><strong>SAINT JOSEPH DE CALASANZ,<\/strong> priez pour nous.<\/p>\n[\/et_pb_text][\/et_pb_column][et_pb_column type=\u00a0\u00bb1_4&Prime; _builder_version=\u00a0\u00bb4.10.7&Prime; _module_preset=\u00a0\u00bbdefault\u00a0\u00bb global_colors_info=\u00a0\u00bb{}\u00a0\u00bb][et_pb_image src=\u00a0\u00bbhttps:\/\/scolopi.org\/wp-content\/uploads\/2021\/10\/ORACION-48cg-IMAGEN-FRA-1.png\u00a0\u00bb title_text=\u00a0\u00bbORACION 48cg IMAGEN FRA\u00a0\u00bb url=\u00a0\u00bbhttps:\/\/scolopi.org\/wp-content\/uploads\/2021\/10\/oracion-48cg-fra.pdf\u00a0\u00bb _builder_version=\u00a0\u00bb4.11.1&Prime; _module_preset=\u00a0\u00bbdefault\u00a0\u00bb global_colors_info=\u00a0\u00bb{}\u00a0\u00bb][\/et_pb_image][et_pb_button button_url=\u00a0\u00bbhttps:\/\/scolopi.org\/wp-content\/uploads\/2021\/10\/oracion-48cg-fra.pdf\u00a0\u00bb button_text=\u00a0\u00bbT\u00e9l\u00e9charger PDF \u00a0\u00bb _builder_version=\u00a0\u00bb4.11.1&Prime; _module_preset=\u00a0\u00bbdefault\u00a0\u00bb global_colors_info=\u00a0\u00bb{}\u00a0\u00bb][\/et_pb_button][\/et_pb_column][\/et_pb_row][\/et_pb_section]\n","protected":false},"excerpt":{"rendered":"<p>Pri&egrave;re pour le #48CG &nbsp;Sous la direction du Saint-Esprit Pri&egrave;re pour le 48&ordm; Chapitre G&eacute;n&eacute;ral de l&rsquo;Ordre des &Eacute;coles Pies &nbsp; Viens, Esprit Saint, aide ton &Eacute;glise pour que J&eacute;sus, le Seigneur, soit au centre de la communaut&eacute; et de la mission, de sorte que rien ni personne ne la supplante. Augmente en nous la [&hellip;]<\/p>\n","protected":false},"author":2,"featured_media":0,"parent":64916,"menu_order":0,"comment_status":"closed","ping_status":"closed","template":"","meta":{"_et_pb_use_builder":"on","_et_pb_old_content":"","_et_gb_content_width":"","footnotes":""},"class_list":["post-64972","page","type-page","status-publish","hentry"],"yoast_head":"<!-- This site is optimized with the Yoast SEO plugin v24.6 - https:\/\/yoast.com\/wordpress\/plugins\/seo\/ -->\n<title>Chapitre Pri\u00e8re - Ordre des \u00c9coles Pies<\/title>\n<meta name=\"robots\" content=\"index, follow, max-snippet:-1, max-image-preview:large, max-video-preview:-1\" \/>\n<link rel=\"canonical\" href=\"https:\/\/scolopi.org\/48cg\/oracion-capitular\/\" \/>\n<meta property=\"og:locale\" content=\"fr_FR\" \/>\n<meta property=\"og:type\" content=\"article\" \/>\n<meta property=\"og:title\" content=\"Chapitre Pri\u00e8re - Ordre des \u00c9coles Pies\" \/>\n<meta property=\"og:description\" content=\"Pri&egrave;re pour le #48CG &nbsp;Sous la direction du Saint-Esprit Pri&egrave;re pour le 48&ordm; Chapitre G&eacute;n&eacute;ral de l&#039;Ordre des &Eacute;coles Pies &nbsp; Viens, Esprit Saint, aide ton &Eacute;glise pour que J&eacute;sus, le Seigneur, soit au centre de la communaut&eacute; et de la mission, de sorte que rien ni personne ne la supplante. Augmente en nous la [&hellip;]\" \/>\n<meta property=\"og:url\" content=\"https:\/\/scolopi.org\/48cg\/oracion-capitular\/\" \/>\n<meta property=\"og:site_name\" content=\"Ordre des \u00c9coles Pies\" \/>\n<meta property=\"article:modified_time\" content=\"2021-10-11T11:12:22+00:00\" \/>\n<meta name=\"twitter:card\" content=\"summary_large_image\" \/>\n<meta name=\"twitter:label1\" content=\"Dur\u00e9e de lecture estim\u00e9e\" \/>\n\t<meta name=\"twitter:data1\" content=\"6 minutes\" \/>\n<script type=\"application\/ld+json\" class=\"yoast-schema-graph\">{\"@context\":\"https:\/\/schema.org\",\"@graph\":[{\"@type\":\"WebPage\",\"@id\":\"https:\/\/scolopi.org\/48cg\/oracion-capitular\/\",\"url\":\"https:\/\/scolopi.org\/48cg\/oracion-capitular\/\",\"name\":\"Chapitre Pri\u00e8re - Ordre des \u00c9coles Pies\",\"isPartOf\":{\"@id\":\"https:\/\/scolopi.org\/#website\"},\"datePublished\":\"2021-09-20T08:34:02+00:00\",\"dateModified\":\"2021-10-11T11:12:22+00:00\",\"breadcrumb\":{\"@id\":\"https:\/\/scolopi.org\/48cg\/oracion-capitular\/#breadcrumb\"},\"inLanguage\":\"fr-FR\",\"potentialAction\":[{\"@type\":\"ReadAction\",\"target\":[\"https:\/\/scolopi.org\/48cg\/oracion-capitular\/\"]}]},{\"@type\":\"BreadcrumbList\",\"@id\":\"https:\/\/scolopi.org\/48cg\/oracion-capitular\/#breadcrumb\",\"itemListElement\":[{\"@type\":\"ListItem\",\"position\":1,\"name\":\"Portada\",\"item\":\"https:\/\/scolopi.org\/fr\/\"},{\"@type\":\"ListItem\",\"position\":2,\"name\":\"48CG\",\"item\":\"https:\/\/scolopi.org\/48cg\/\"},{\"@type\":\"ListItem\",\"position\":3,\"name\":\"Chapitre Pri\u00e8re\"}]},{\"@type\":\"WebSite\",\"@id\":\"https:\/\/scolopi.org\/#website\",\"url\":\"https:\/\/scolopi.org\/\",\"name\":\"Ordre des \u00c9coles Pies\",\"description\":\"Site Internet Officiel de l\u2019Ordre des \u00c9coles Pies\",\"potentialAction\":[{\"@type\":\"SearchAction\",\"target\":{\"@type\":\"EntryPoint\",\"urlTemplate\":\"https:\/\/scolopi.org\/?s={search_term_string}\"},\"query-input\":{\"@type\":\"PropertyValueSpecification\",\"valueRequired\":true,\"valueName\":\"search_term_string\"}}],\"inLanguage\":\"fr-FR\"}]}<\/script>\n<!-- \/ Yoast SEO plugin. -->","yoast_head_json":{"title":"Chapitre Pri\u00e8re - Ordre des \u00c9coles Pies","robots":{"index":"index","follow":"follow","max-snippet":"max-snippet:-1","max-image-preview":"max-image-preview:large","max-video-preview":"max-video-preview:-1"},"canonical":"https:\/\/scolopi.org\/48cg\/oracion-capitular\/","og_locale":"fr_FR","og_type":"article","og_title":"Chapitre Pri\u00e8re - Ordre des \u00c9coles Pies","og_description":"Pri&egrave;re pour le #48CG &nbsp;Sous la direction du Saint-Esprit Pri&egrave;re pour le 48&ordm; Chapitre G&eacute;n&eacute;ral de l'Ordre des &Eacute;coles Pies &nbsp; Viens, Esprit Saint, aide ton &Eacute;glise pour que J&eacute;sus, le Seigneur, soit au centre de la communaut&eacute; et de la mission, de sorte que rien ni personne ne la supplante. Augmente en nous la [&hellip;]","og_url":"https:\/\/scolopi.org\/48cg\/oracion-capitular\/","og_site_name":"Ordre des \u00c9coles Pies","article_modified_time":"2021-10-11T11:12:22+00:00","twitter_card":"summary_large_image","twitter_misc":{"Dur\u00e9e de lecture estim\u00e9e":"6 minutes"},"schema":{"@context":"https:\/\/schema.org","@graph":[{"@type":"WebPage","@id":"https:\/\/scolopi.org\/48cg\/oracion-capitular\/","url":"https:\/\/scolopi.org\/48cg\/oracion-capitular\/","name":"Chapitre Pri\u00e8re - Ordre des \u00c9coles Pies","isPartOf":{"@id":"https:\/\/scolopi.org\/#website"},"datePublished":"2021-09-20T08:34:02+00:00","dateModified":"2021-10-11T11:12:22+00:00","breadcrumb":{"@id":"https:\/\/scolopi.org\/48cg\/oracion-capitular\/#breadcrumb"},"inLanguage":"fr-FR","potentialAction":[{"@type":"ReadAction","target":["https:\/\/scolopi.org\/48cg\/oracion-capitular\/"]}]},{"@type":"BreadcrumbList","@id":"https:\/\/scolopi.org\/48cg\/oracion-capitular\/#breadcrumb","itemListElement":[{"@type":"ListItem","position":1,"name":"Portada","item":"https:\/\/scolopi.org\/fr\/"},{"@type":"ListItem","position":2,"name":"48CG","item":"https:\/\/scolopi.org\/48cg\/"},{"@type":"ListItem","position":3,"name":"Chapitre Pri\u00e8re"}]},{"@type":"WebSite","@id":"https:\/\/scolopi.org\/#website","url":"https:\/\/scolopi.org\/","name":"Ordre des \u00c9coles Pies","description":"Site Internet Officiel de l\u2019Ordre des \u00c9coles Pies","potentialAction":[{"@type":"SearchAction","target":{"@type":"EntryPoint","urlTemplate":"https:\/\/scolopi.org\/?s={search_term_string}"},"query-input":{"@type":"PropertyValueSpecification","valueRequired":true,"valueName":"search_term_string"}}],"inLanguage":"fr-FR"}]}},"_links":{"self":[{"href":"https:\/\/scolopi.org\/fr\/wp-json\/wp\/v2\/pages\/64972"}],"collection":[{"href":"https:\/\/scolopi.org\/fr\/wp-json\/wp\/v2\/pages"}],"about":[{"href":"https:\/\/scolopi.org\/fr\/wp-json\/wp\/v2\/types\/page"}],"author":[{"embeddable":true,"href":"https:\/\/scolopi.org\/fr\/wp-json\/wp\/v2\/users\/2"}],"replies":[{"embeddable":true,"href":"https:\/\/scolopi.org\/fr\/wp-json\/wp\/v2\/comments?post=64972"}],"version-history":[{"count":0,"href":"https:\/\/scolopi.org\/fr\/wp-json\/wp\/v2\/pages\/64972\/revisions"}],"up":[{"embeddable":true,"href":"https:\/\/scolopi.org\/fr\/wp-json\/wp\/v2\/pages\/64916"}],"wp:attachment":[{"href":"https:\/\/scolopi.org\/fr\/wp-json\/wp\/v2\/media?parent=64972"}],"curies":[{"name":"wp","href":"https:\/\/api.w.org\/{rel}","templated":true}]}}