{"id":6890,"date":"2017-03-10T10:18:06","date_gmt":"2017-03-10T09:18:06","guid":{"rendered":"http:\/\/scolopi.org\/mar-25\/"},"modified":"2017-03-10T15:40:46","modified_gmt":"2017-03-10T14:40:46","slug":"mar-25","status":"publish","type":"page","link":"https:\/\/scolopi.org\/fr\/mar-25\/","title":{"rendered":"MAR 25"},"content":{"rendered":"[et_pb_section admin_label=\u00a0\u00bbsection\u00a0\u00bb][et_pb_row admin_label=\u00a0\u00bbFila\u00a0\u00bb][et_pb_column type=\u00a0\u00bb4_4&Prime;][et_pb_image admin_label=\u00a0\u00bbImagen\u00a0\u00bb src=\u00a0\u00bbhttps:\/\/scolopi.org\/wp-content\/uploads\/2017\/03\/portadilla-evento-25-marz-1.jpg\u00a0\u00bb show_in_lightbox=\u00a0\u00bboff\u00a0\u00bb url_new_window=\u00a0\u00bboff\u00a0\u00bb use_overlay=\u00a0\u00bboff\u00a0\u00bb animation=\u00a0\u00bbfade_in\u00a0\u00bb sticky=\u00a0\u00bboff\u00a0\u00bb align=\u00a0\u00bbleft\u00a0\u00bb force_fullwidth=\u00a0\u00bboff\u00a0\u00bb always_center_on_mobile=\u00a0\u00bbon\u00a0\u00bb use_border_color=\u00a0\u00bboff\u00a0\u00bb border_color=\u00a0\u00bb#ffffff\u00a0\u00bb border_style=\u00a0\u00bbsolid\u00a0\u00bb] [\/et_pb_image][et_pb_divider admin_label=\u00a0\u00bbSeparador\u00a0\u00bb color=\u00a0\u00bb#ffffff\u00a0\u00bb show_divider=\u00a0\u00bboff\u00a0\u00bb height=\u00a0\u00bb3&Prime; divider_style=\u00a0\u00bbsolid\u00a0\u00bb divider_position=\u00a0\u00bbtop\u00a0\u00bb hide_on_mobile=\u00a0\u00bbon\u00a0\u00bb] [\/et_pb_divider][\/et_pb_column][\/et_pb_row][et_pb_row admin_label=\u00a0\u00bbrow\u00a0\u00bb][et_pb_column type=\u00a0\u00bb1_4&Prime;][et_pb_image admin_label=\u00a0\u00bbImagen\u00a0\u00bb show_in_lightbox=\u00a0\u00bboff\u00a0\u00bb url_new_window=\u00a0\u00bboff\u00a0\u00bb use_overlay=\u00a0\u00bboff\u00a0\u00bb animation=\u00a0\u00bbfade_in\u00a0\u00bb sticky=\u00a0\u00bboff\u00a0\u00bb align=\u00a0\u00bbleft\u00a0\u00bb force_fullwidth=\u00a0\u00bboff\u00a0\u00bb always_center_on_mobile=\u00a0\u00bbon\u00a0\u00bb use_border_color=\u00a0\u00bboff\u00a0\u00bb border_color=\u00a0\u00bb#ffffff\u00a0\u00bb border_style=\u00a0\u00bbsolid\u00a0\u00bb src=\u00a0\u00bbhttps:\/\/scolopi.org\/wp-content\/uploads\/2017\/03\/boton-descarga-25-mar.jpg\u00a0\u00bb] [\/et_pb_image][\/et_pb_column][et_pb_column type=\u00a0\u00bb3_4&Prime;][et_pb_accordion admin_label=\u00a0\u00bbAcorde\u00f3n\u00a0\u00bb use_border_color=\u00a0\u00bboff\u00a0\u00bb border_color=\u00a0\u00bb#ffffff\u00a0\u00bb border_style=\u00a0\u00bbsolid\u00a0\u00bb] [et_pb_accordion_item title=\u00a0\u00bbJourn\u00e9e de pri\u00e8re pour les novices de l\u2019Ordre\u00a0\u00bb]\n<p>En cette ann\u00e9e jubilaire, nous mettons \u00e0 votre disposition un mat\u00e9riel simple que vous pouvez t\u00e9l\u00e9charger ici. Dedans, vous trouverez une br\u00e8ve introduction historique, ainsi que d\u2019une proposition pour une c\u00e9l\u00e9bration.<\/p>\n<p>&nbsp;<\/p>\n<a href=\"https:\/\/scolopi.org\/wp-content\/uploads\/2017\/03\/jubilae-25-marz-fra.pdf\" class=\"su-button su-button-style-default\" style=\"color:#FFFFFF;background-color:#002f52;border-color:#002642;border-radius:5px\" target=\"_blank\" rel=\"noopener noreferrer\"><span style=\"color:#FFFFFF;padding:6px 16px;font-size:13px;line-height:20px;border-color:#4d6e86;border-radius:5px;text-shadow:none\"><i class=\"sui sui-hand-o-right\" style=\"font-size:13px;color:#FFFFFF\"><\/i> <small style=\"padding-bottom:6px;color:#FFFFFF\">DOWNLOAD FRA PDF<\/small><\/span><\/a> [\/et_pb_accordion_item][et_pb_accordion_item title=\u00a0\u00bbD\u00eda de plegaria por los novicios de la Orden\u00a0\u00bb]\n<p>En este A\u00f1o Jubilar, ponemos a vuestra disposici\u00f3n un sencillo material que puedes descargar aqu\u00ed. En \u00e9l encontrar\u00e1s una breve introducci\u00f3n hist\u00f3rica as\u00ed como una propuesta de celebraci\u00f3n.<\/p>\n<p>&nbsp;<\/p>\n<a href=\"https:\/\/scolopi.org\/wp-content\/uploads\/2017\/03\/jubilae-25-marz-esp.pdf\" class=\"su-button su-button-style-default\" style=\"color:#FFFFFF;background-color:#002f52;border-color:#002642;border-radius:5px\" target=\"_blank\" rel=\"noopener noreferrer\"><span style=\"color:#FFFFFF;padding:6px 16px;font-size:13px;line-height:20px;border-color:#4d6e86;border-radius:5px;text-shadow:none\"><i class=\"sui sui-hand-o-right\" style=\"font-size:13px;color:#FFFFFF\"><\/i> <small style=\"padding-bottom:6px;color:#FFFFFF\">DOWNLOAD PDF<\/small><\/span><\/a> [\/et_pb_accordion_item][et_pb_accordion_item title=\u00a0\u00bbDay of prayer for the novices of the Order\u00a0\u00bb]\n<p>In this Jubilee Year, we put at your disposal a simple material that you can download here. In it you will find a brief historical introduction, as well as a proposal for a celebration.<\/p>\n<p>&nbsp;<\/p>\n<a href=\"https:\/\/scolopi.org\/wp-content\/uploads\/2017\/03\/jubilae-25-marz-eng.pdf\" class=\"su-button su-button-style-default\" style=\"color:#FFFFFF;background-color:#002f52;border-color:#002642;border-radius:5px\" target=\"_blank\" rel=\"noopener noreferrer\"><span style=\"color:#FFFFFF;padding:6px 16px;font-size:13px;line-height:20px;border-color:#4d6e86;border-radius:5px;text-shadow:none\"><i class=\"sui sui-hand-o-right\" style=\"font-size:13px;color:#FFFFFF\"><\/i> <small style=\"padding-bottom:6px;color:#FFFFFF\">DOWNLOAD ENGLISH PDF<\/small><\/span><\/a> [\/et_pb_accordion_item][et_pb_accordion_item title=\u00a0\u00bbGiornata di preghiera per i novizi dell\u2019Ordine\u00a0\u00bb]\n<p>In questo Anno Giubilare, mettiamo a vostra disposizione un materiale semplice che potete scaricare qui. In esso troverete una breve introduzione storica, nonch\u00e9 una proposta per una celebrazione.<\/p>\n<p>&nbsp;<\/p>\n<a href=\"https:\/\/scolopi.org\/wp-content\/uploads\/2017\/03\/jubilae-25-marz-ita.pdf\" class=\"su-button su-button-style-default\" style=\"color:#FFFFFF;background-color:#002f52;border-color:#002642;border-radius:5px\" target=\"_blank\" rel=\"noopener noreferrer\"><span style=\"color:#FFFFFF;padding:6px 16px;font-size:13px;line-height:20px;border-color:#4d6e86;border-radius:5px;text-shadow:none\"><i class=\"sui sui-hand-o-right\" style=\"font-size:13px;color:#FFFFFF\"><\/i> <small style=\"padding-bottom:6px;color:#FFFFFF\">DOWNLOAD ITA PDF<\/small><\/span><\/a> [\/et_pb_accordion_item] [\/et_pb_accordion][et_pb_divider admin_label=\u00a0\u00bbSeparador\u00a0\u00bb color=\u00a0\u00bb#ffffff\u00a0\u00bb show_divider=\u00a0\u00bboff\u00a0\u00bb height=\u00a0\u00bb3&Prime; divider_style=\u00a0\u00bbsolid\u00a0\u00bb divider_position=\u00a0\u00bbtop\u00a0\u00bb hide_on_mobile=\u00a0\u00bbon\u00a0\u00bb] [\/et_pb_divider][\/et_pb_column][\/et_pb_row][\/et_pb_section]\n","protected":false},"excerpt":{"rendered":"<p>En cette ann&eacute;e jubilaire, nous mettons &agrave; votre disposition un mat&eacute;riel simple que vous pouvez t&eacute;l&eacute;charger ici. Dedans, vous trouverez une br&egrave;ve introduction historique, ainsi que d&rsquo;une proposition pour une c&eacute;l&eacute;bration. &nbsp; <a href=\"https:\/\/scolopi.org\/wp-content\/uploads\/2017\/03\/jubilae-25-marz-fra.pdf\" class=\"su-button su-button-style-default\" style=\"color:#FFFFFF;background-color:#002f52;border-color:#002642;border-radius:5px\" target=\"_blank\" rel=\"noopener noreferrer\"><span style=\"color:#FFFFFF;padding:6px 16px;font-size:13px;line-height:20px;border-color:#4d6e86;border-radius:5px;text-shadow:none\"><i class=\"sui sui-hand-o-right\" style=\"font-size:13px;color:#FFFFFF\"><\/i> <small style=\"padding-bottom:6px;color:#FFFFFF\">DOWNLOAD FRA PDF<\/small><\/span><\/a> En este A&ntilde;o Jubilar, ponemos a vuestra disposici&oacute;n un sencillo material que puedes descargar [&hellip;]<\/p>\n","protected":false},"author":2,"featured_media":0,"parent":0,"menu_order":0,"comment_status":"closed","ping_status":"closed","template":"","meta":{"_et_pb_use_builder":"on","_et_pb_old_content":"","_et_gb_content_width":"","footnotes":""},"class_list":["post-6890","page","type-page","status-publish","hentry"],"yoast_head":"<!-- This site is optimized with the Yoast SEO plugin v24.6 - https:\/\/yoast.com\/wordpress\/plugins\/seo\/ -->\n<title>MAR 25 - Ordre des \u00c9coles Pies<\/title>\n<meta name=\"robots\" content=\"index, follow, max-snippet:-1, max-image-preview:large, max-video-preview:-1\" \/>\n<link rel=\"canonical\" href=\"https:\/\/scolopi.org\/mar-25\/\" \/>\n<meta property=\"og:locale\" content=\"fr_FR\" \/>\n<meta property=\"og:type\" content=\"article\" \/>\n<meta property=\"og:title\" content=\"MAR 25 - Ordre des \u00c9coles Pies\" \/>\n<meta property=\"og:description\" content=\"En cette ann&eacute;e jubilaire, nous mettons &agrave; votre disposition un mat&eacute;riel simple que vous pouvez t&eacute;l&eacute;charger ici. Dedans, vous trouverez une br&egrave;ve introduction historique, ainsi que d&rsquo;une proposition pour une c&eacute;l&eacute;bration. &nbsp; En este A&ntilde;o Jubilar, ponemos a vuestra disposici&oacute;n un sencillo material que puedes descargar [&hellip;]\" \/>\n<meta property=\"og:url\" content=\"https:\/\/scolopi.org\/mar-25\/\" \/>\n<meta property=\"og:site_name\" content=\"Ordre des \u00c9coles Pies\" \/>\n<meta property=\"article:modified_time\" content=\"2017-03-10T14:40:46+00:00\" \/>\n<meta name=\"twitter:card\" content=\"summary_large_image\" \/>\n<meta name=\"twitter:label1\" content=\"Dur\u00e9e de lecture estim\u00e9e\" \/>\n\t<meta name=\"twitter:data1\" content=\"3 minutes\" \/>\n<script type=\"application\/ld+json\" class=\"yoast-schema-graph\">{\"@context\":\"https:\/\/schema.org\",\"@graph\":[{\"@type\":\"WebPage\",\"@id\":\"https:\/\/scolopi.org\/mar-25\/\",\"url\":\"https:\/\/scolopi.org\/mar-25\/\",\"name\":\"MAR 25 - Ordre des \u00c9coles Pies\",\"isPartOf\":{\"@id\":\"https:\/\/scolopi.org\/#website\"},\"datePublished\":\"2017-03-10T09:18:06+00:00\",\"dateModified\":\"2017-03-10T14:40:46+00:00\",\"breadcrumb\":{\"@id\":\"https:\/\/scolopi.org\/mar-25\/#breadcrumb\"},\"inLanguage\":\"fr-FR\",\"potentialAction\":[{\"@type\":\"ReadAction\",\"target\":[\"https:\/\/scolopi.org\/mar-25\/\"]}]},{\"@type\":\"BreadcrumbList\",\"@id\":\"https:\/\/scolopi.org\/mar-25\/#breadcrumb\",\"itemListElement\":[{\"@type\":\"ListItem\",\"position\":1,\"name\":\"Portada\",\"item\":\"https:\/\/scolopi.org\/fr\/\"},{\"@type\":\"ListItem\",\"position\":2,\"name\":\"MAR 25\"}]},{\"@type\":\"WebSite\",\"@id\":\"https:\/\/scolopi.org\/#website\",\"url\":\"https:\/\/scolopi.org\/\",\"name\":\"Ordre des \u00c9coles Pies\",\"description\":\"Site Internet Officiel de l\u2019Ordre des \u00c9coles Pies\",\"potentialAction\":[{\"@type\":\"SearchAction\",\"target\":{\"@type\":\"EntryPoint\",\"urlTemplate\":\"https:\/\/scolopi.org\/?s={search_term_string}\"},\"query-input\":{\"@type\":\"PropertyValueSpecification\",\"valueRequired\":true,\"valueName\":\"search_term_string\"}}],\"inLanguage\":\"fr-FR\"}]}<\/script>\n<!-- \/ Yoast SEO plugin. -->","yoast_head_json":{"title":"MAR 25 - Ordre des \u00c9coles Pies","robots":{"index":"index","follow":"follow","max-snippet":"max-snippet:-1","max-image-preview":"max-image-preview:large","max-video-preview":"max-video-preview:-1"},"canonical":"https:\/\/scolopi.org\/mar-25\/","og_locale":"fr_FR","og_type":"article","og_title":"MAR 25 - Ordre des \u00c9coles Pies","og_description":"En cette ann&eacute;e jubilaire, nous mettons &agrave; votre disposition un mat&eacute;riel simple que vous pouvez t&eacute;l&eacute;charger ici. Dedans, vous trouverez une br&egrave;ve introduction historique, ainsi que d&rsquo;une proposition pour une c&eacute;l&eacute;bration. &nbsp; En este A&ntilde;o Jubilar, ponemos a vuestra disposici&oacute;n un sencillo material que puedes descargar [&hellip;]","og_url":"https:\/\/scolopi.org\/mar-25\/","og_site_name":"Ordre des \u00c9coles Pies","article_modified_time":"2017-03-10T14:40:46+00:00","twitter_card":"summary_large_image","twitter_misc":{"Dur\u00e9e de lecture estim\u00e9e":"3 minutes"},"schema":{"@context":"https:\/\/schema.org","@graph":[{"@type":"WebPage","@id":"https:\/\/scolopi.org\/mar-25\/","url":"https:\/\/scolopi.org\/mar-25\/","name":"MAR 25 - Ordre des \u00c9coles Pies","isPartOf":{"@id":"https:\/\/scolopi.org\/#website"},"datePublished":"2017-03-10T09:18:06+00:00","dateModified":"2017-03-10T14:40:46+00:00","breadcrumb":{"@id":"https:\/\/scolopi.org\/mar-25\/#breadcrumb"},"inLanguage":"fr-FR","potentialAction":[{"@type":"ReadAction","target":["https:\/\/scolopi.org\/mar-25\/"]}]},{"@type":"BreadcrumbList","@id":"https:\/\/scolopi.org\/mar-25\/#breadcrumb","itemListElement":[{"@type":"ListItem","position":1,"name":"Portada","item":"https:\/\/scolopi.org\/fr\/"},{"@type":"ListItem","position":2,"name":"MAR 25"}]},{"@type":"WebSite","@id":"https:\/\/scolopi.org\/#website","url":"https:\/\/scolopi.org\/","name":"Ordre des \u00c9coles Pies","description":"Site Internet Officiel de l\u2019Ordre des \u00c9coles Pies","potentialAction":[{"@type":"SearchAction","target":{"@type":"EntryPoint","urlTemplate":"https:\/\/scolopi.org\/?s={search_term_string}"},"query-input":{"@type":"PropertyValueSpecification","valueRequired":true,"valueName":"search_term_string"}}],"inLanguage":"fr-FR"}]}},"_links":{"self":[{"href":"https:\/\/scolopi.org\/fr\/wp-json\/wp\/v2\/pages\/6890"}],"collection":[{"href":"https:\/\/scolopi.org\/fr\/wp-json\/wp\/v2\/pages"}],"about":[{"href":"https:\/\/scolopi.org\/fr\/wp-json\/wp\/v2\/types\/page"}],"author":[{"embeddable":true,"href":"https:\/\/scolopi.org\/fr\/wp-json\/wp\/v2\/users\/2"}],"replies":[{"embeddable":true,"href":"https:\/\/scolopi.org\/fr\/wp-json\/wp\/v2\/comments?post=6890"}],"version-history":[{"count":0,"href":"https:\/\/scolopi.org\/fr\/wp-json\/wp\/v2\/pages\/6890\/revisions"}],"wp:attachment":[{"href":"https:\/\/scolopi.org\/fr\/wp-json\/wp\/v2\/media?parent=6890"}],"curies":[{"name":"wp","href":"https:\/\/api.w.org\/{rel}","templated":true}]}}