{"id":10501,"date":"2017-07-10T09:54:02","date_gmt":"2017-07-10T07:54:02","guid":{"rendered":"http:\/\/scolopi.org\/jul16\/"},"modified":"2017-07-10T10:36:26","modified_gmt":"2017-07-10T08:36:26","slug":"jul16","status":"publish","type":"page","link":"https:\/\/scolopi.org\/it\/jul16\/","title":{"rendered":"jul16"},"content":{"rendered":"[et_pb_section bb_built=&#8221;1&#8243; admin_label=&#8221;section&#8221;][et_pb_row admin_label=&#8221;Fila&#8221;][et_pb_column type=&#8221;4_4&#8243;][et_pb_image admin_label=&#8221;Imagen&#8221; src=&#8221;https:\/\/scolopi.org\/wp-content\/uploads\/2017\/07\/evento-16jul.jpg&#8221; show_in_lightbox=&#8221;off&#8221; url_new_window=&#8221;off&#8221; use_overlay=&#8221;off&#8221; animation=&#8221;fade_in&#8221; sticky=&#8221;off&#8221; align=&#8221;left&#8221; force_fullwidth=&#8221;off&#8221; always_center_on_mobile=&#8221;on&#8221; use_border_color=&#8221;off&#8221; border_color=&#8221;#ffffff&#8221; border_style=&#8221;solid&#8221; \/][et_pb_divider admin_label=&#8221;Separador&#8221; color=&#8221;#ffffff&#8221; show_divider=&#8221;off&#8221; height=&#8221;3&#8243; divider_style=&#8221;solid&#8221; divider_position=&#8221;top&#8221; hide_on_mobile=&#8221;on&#8221; \/][\/et_pb_column][\/et_pb_row][et_pb_row admin_label=&#8221;row&#8221;][et_pb_column type=&#8221;1_4&#8243;][et_pb_image admin_label=&#8221;Imagen&#8221; show_in_lightbox=&#8221;off&#8221; url_new_window=&#8221;off&#8221; use_overlay=&#8221;off&#8221; animation=&#8221;fade_in&#8221; sticky=&#8221;off&#8221; align=&#8221;left&#8221; force_fullwidth=&#8221;off&#8221; always_center_on_mobile=&#8221;on&#8221; use_border_color=&#8221;off&#8221; border_color=&#8221;#ffffff&#8221; border_style=&#8221;solid&#8221; src=&#8221;https:\/\/scolopi.org\/wp-content\/uploads\/2017\/07\/boton-16jul.jpg&#8221; \/][\/et_pb_column][et_pb_column type=&#8221;3_4&#8243;][et_pb_accordion admin_label=&#8221;Acorde\u00f3n&#8221; use_border_color=&#8221;off&#8221; border_color=&#8221;#ffffff&#8221; border_style=&#8221;solid&#8221;] [et_pb_accordion_item title=&#8221;CELEBRAZIONE DELLA GIORNATA DI PREGHIERA PER IL DONO DELLA SANTITA\u2019 NELLE SCUOLE PIE&#8221;]\n<p>Il 16 luglio tutto l\u2019Ordine celebra la GIORNATA DI PREGHIERA PER IL DONO DELLA SANTITA\u2019 NELLE SCUOLE PIE. In questo Anno Giubilare, mettiamo a vostra disposizione un materiale semplice che potete scaricare qui. In esso troverete una breve introduzione storica, nonch\u00e9 una proposta per una celebrazione.<\/p>\n<p>&nbsp;<\/p>\n<a href=\"https:\/\/scolopi.org\/wp-content\/uploads\/2017\/07\/jubilae-16-JUL-ita-1.pdf\" class=\"su-button su-button-style-default\" style=\"color:#FFFFFF;background-color:#002f52;border-color:#002642;border-radius:5px\" target=\"_blank\" rel=\"noopener noreferrer\"><span style=\"color:#FFFFFF;padding:6px 16px;font-size:13px;line-height:20px;border-color:#4d6e86;border-radius:5px;text-shadow:none\"><i class=\"sui sui-hand-o-right\" style=\"font-size:13px;color:#FFFFFF\"><\/i> <small style=\"padding-bottom:6px;color:#FFFFFF\">DOWNLOAD ITA PDF<\/small><\/span><\/a> [\/et_pb_accordion_item][et_pb_accordion_item title=&#8221;DIA DE ORACI\u00d3N POR EL DON DE LA SANTIDAD EN LAS ESCUELAS P\u00cdAS&#8221;]\n<p>El pr\u00f3ximo 16 de julio el conjunto de la Orden celebra el <strong>D\u00eda de oraci\u00f3n por el don de la Santidad <\/strong><strong>en las Escuelas P\u00edas<\/strong>. En este A\u00f1o Jubilar, ponemos a vuestra disposici\u00f3n un sencillo material que puedes descargar aqu\u00ed. En \u00e9l encontrar\u00e1s una breve introducci\u00f3n hist\u00f3rica as\u00ed como una propuesta de celebraci\u00f3n.<\/p>\n<p>&nbsp;<\/p>\n<a href=\"https:\/\/scolopi.org\/wp-content\/uploads\/2017\/07\/jubilae-16-JUL-esp.pdf\" class=\"su-button su-button-style-default\" style=\"color:#FFFFFF;background-color:#002f52;border-color:#002642;border-radius:5px\" target=\"_blank\" rel=\"noopener noreferrer\"><span style=\"color:#FFFFFF;padding:6px 16px;font-size:13px;line-height:20px;border-color:#4d6e86;border-radius:5px;text-shadow:none\"><i class=\"sui sui-hand-o-right\" style=\"font-size:13px;color:#FFFFFF\"><\/i> <small style=\"padding-bottom:6px;color:#FFFFFF\">DOWNLOAD PDF<\/small><\/span><\/a> [\/et_pb_accordion_item][et_pb_accordion_item title=&#8221;CELEBRATION IN THE PRAYER DAY FOR THE GIFT OF HOLINESS IN THE PIOUS SCHOOLS &#8220;]\n<p>On July 16 the whole Order will celebrates the CELEBRATION IN THE PRAYER DAY FOR THE GIFT OF HOLINESS IN THE PIOUS SCHOOLS. In this Jubilee Year, we put at your disposal a simple material that you can download here. In it you will find a brief historical introduction, as well as a proposal for a celebration.<\/p>\n<p>&nbsp;<\/p>\n<a href=\"https:\/\/scolopi.org\/wp-content\/uploads\/2017\/07\/jubilae-16-JUL-eng.pdf\" class=\"su-button su-button-style-default\" style=\"color:#FFFFFF;background-color:#002f52;border-color:#002642;border-radius:5px\" target=\"_blank\" rel=\"noopener noreferrer\"><span style=\"color:#FFFFFF;padding:6px 16px;font-size:13px;line-height:20px;border-color:#4d6e86;border-radius:5px;text-shadow:none\"><i class=\"sui sui-hand-o-right\" style=\"font-size:13px;color:#FFFFFF\"><\/i> <small style=\"padding-bottom:6px;color:#FFFFFF\">DOWNLOAD ENGLISH PDF<\/small><\/span><\/a> [\/et_pb_accordion_item][et_pb_accordion_item title=&#8221;CELEBRATION DE LA JOURNEE DE PRIERE POUR LE DON DE LA SAINTETE DANS LES ECOLES PIES &#8220;]\n<p>Le 16 juillet, l\u2019ensemble de l\u2019Ordre c\u00e9l\u00e8bre le CELEBRATION DE LA JOURNEE DE PRIERE POUR LE DON DE LA SAINTETE DANS LES ECOLES PIES\u00a0 . En cette ann\u00e9e jubilaire, nous mettons \u00e0 votre disposition un mat\u00e9riel simple que vous pouvez t\u00e9l\u00e9charger ici. Dedans, vous trouverez une br\u00e8ve introduction historique, ainsi que d\u2019une proposition pour une c\u00e9l\u00e9bration.<\/p>\n<p>&nbsp;<\/p>\n<a href=\"https:\/\/scolopi.org\/wp-content\/uploads\/2017\/07\/jubilae-16-JUL-fra.pdf\" class=\"su-button su-button-style-default\" style=\"color:#FFFFFF;background-color:#002f52;border-color:#002642;border-radius:5px\" target=\"_blank\" rel=\"noopener noreferrer\"><span style=\"color:#FFFFFF;padding:6px 16px;font-size:13px;line-height:20px;border-color:#4d6e86;border-radius:5px;text-shadow:none\"><i class=\"sui sui-hand-o-right\" style=\"font-size:13px;color:#FFFFFF\"><\/i> <small style=\"padding-bottom:6px;color:#FFFFFF\">DOWNLOAD FRA PDF<\/small><\/span><\/a> [\/et_pb_accordion_item] [\/et_pb_accordion][et_pb_divider admin_label=&#8221;Separador&#8221; color=&#8221;#ffffff&#8221; show_divider=&#8221;off&#8221; height=&#8221;3&#8243; divider_style=&#8221;solid&#8221; divider_position=&#8221;top&#8221; hide_on_mobile=&#8221;on&#8221; \/][\/et_pb_column][\/et_pb_row][\/et_pb_section][et_pb_section bb_built=&#8221;1&#8243; admin_label=&#8221;section&#8221;][et_pb_row admin_label=&#8221;row&#8221;][\/et_pb_row][\/et_pb_section]\n","protected":false},"excerpt":{"rendered":"<p>Il 16 luglio tutto l&rsquo;Ordine celebra la GIORNATA DI PREGHIERA PER IL DONO DELLA SANTITA&rsquo; NELLE SCUOLE PIE. In questo Anno Giubilare, mettiamo a vostra disposizione un materiale semplice che potete scaricare qui. In esso troverete una breve introduzione storica, nonch&eacute; una proposta per una celebrazione. &nbsp; <a href=\"\" class=\"su-button su-button-style-default\" style=\"color:#FFFFFF;background-color:#8221#002f52#8243;border-color:#8221#002f52#8243;border-radius:5px\" target=\"_8221blank8221\"><span style=\"color:#FFFFFF;padding:6px 16px;font-size:13px;line-height:20px;border-color:#8221#002f52#8243;border-radius:5px;text-shadow:none\"><i class=\"sui sui-8221\" style=\"font-size:13px;color:#FFFFFF\"><\/i> <small style=\"padding-bottom:6px;color:#FFFFFF\">&#8221;DOWNLOAD<\/small><\/span><\/a><\/p>\n","protected":false},"author":2,"featured_media":0,"parent":0,"menu_order":0,"comment_status":"closed","ping_status":"closed","template":"","meta":{"_et_pb_use_builder":"on","_et_pb_old_content":"","_et_gb_content_width":"","footnotes":""},"class_list":["post-10501","page","type-page","status-publish","hentry"],"yoast_head":"<!-- This site is optimized with the Yoast SEO plugin v24.6 - https:\/\/yoast.com\/wordpress\/plugins\/seo\/ -->\n<title>jul16 - Ordine delle Scuole Pie<\/title>\n<meta name=\"robots\" content=\"index, follow, max-snippet:-1, max-image-preview:large, max-video-preview:-1\" \/>\n<link rel=\"canonical\" href=\"https:\/\/scolopi.org\/jul16\/\" \/>\n<meta property=\"og:locale\" content=\"it_IT\" \/>\n<meta property=\"og:type\" content=\"article\" \/>\n<meta property=\"og:title\" content=\"jul16 - Ordine delle Scuole Pie\" \/>\n<meta property=\"og:description\" content=\"Il 16 luglio tutto l&rsquo;Ordine celebra la GIORNATA DI PREGHIERA PER IL DONO DELLA SANTITA&rsquo; NELLE SCUOLE PIE. In questo Anno Giubilare, mettiamo a vostra disposizione un materiale semplice che potete scaricare qui. In esso troverete una breve introduzione storica, nonch&eacute; una proposta per una celebrazione. &nbsp;\" \/>\n<meta property=\"og:url\" content=\"https:\/\/scolopi.org\/jul16\/\" \/>\n<meta property=\"og:site_name\" content=\"Ordine delle Scuole Pie\" \/>\n<meta property=\"article:modified_time\" content=\"2017-07-10T08:36:26+00:00\" \/>\n<meta name=\"twitter:card\" content=\"summary_large_image\" \/>\n<meta name=\"twitter:label1\" content=\"Tempo di lettura stimato\" \/>\n\t<meta name=\"twitter:data1\" content=\"3 minuti\" \/>\n<script type=\"application\/ld+json\" class=\"yoast-schema-graph\">{\"@context\":\"https:\/\/schema.org\",\"@graph\":[{\"@type\":\"WebPage\",\"@id\":\"https:\/\/scolopi.org\/jul16\/\",\"url\":\"https:\/\/scolopi.org\/jul16\/\",\"name\":\"jul16 - Ordine delle Scuole Pie\",\"isPartOf\":{\"@id\":\"https:\/\/scolopi.org\/#website\"},\"datePublished\":\"2017-07-10T07:54:02+00:00\",\"dateModified\":\"2017-07-10T08:36:26+00:00\",\"breadcrumb\":{\"@id\":\"https:\/\/scolopi.org\/jul16\/#breadcrumb\"},\"inLanguage\":\"it-IT\",\"potentialAction\":[{\"@type\":\"ReadAction\",\"target\":[\"https:\/\/scolopi.org\/jul16\/\"]}]},{\"@type\":\"BreadcrumbList\",\"@id\":\"https:\/\/scolopi.org\/jul16\/#breadcrumb\",\"itemListElement\":[{\"@type\":\"ListItem\",\"position\":1,\"name\":\"Portada\",\"item\":\"https:\/\/scolopi.org\/it\/\"},{\"@type\":\"ListItem\",\"position\":2,\"name\":\"jul16\"}]},{\"@type\":\"WebSite\",\"@id\":\"https:\/\/scolopi.org\/#website\",\"url\":\"https:\/\/scolopi.org\/\",\"name\":\"Ordine delle Scuole Pie\",\"description\":\"Web Ufficiale dell'Ordine delle Scuole Pie\",\"potentialAction\":[{\"@type\":\"SearchAction\",\"target\":{\"@type\":\"EntryPoint\",\"urlTemplate\":\"https:\/\/scolopi.org\/?s={search_term_string}\"},\"query-input\":{\"@type\":\"PropertyValueSpecification\",\"valueRequired\":true,\"valueName\":\"search_term_string\"}}],\"inLanguage\":\"it-IT\"}]}<\/script>\n<!-- \/ Yoast SEO plugin. -->","yoast_head_json":{"title":"jul16 - Ordine delle Scuole Pie","robots":{"index":"index","follow":"follow","max-snippet":"max-snippet:-1","max-image-preview":"max-image-preview:large","max-video-preview":"max-video-preview:-1"},"canonical":"https:\/\/scolopi.org\/jul16\/","og_locale":"it_IT","og_type":"article","og_title":"jul16 - Ordine delle Scuole Pie","og_description":"Il 16 luglio tutto l&rsquo;Ordine celebra la GIORNATA DI PREGHIERA PER IL DONO DELLA SANTITA&rsquo; NELLE SCUOLE PIE. In questo Anno Giubilare, mettiamo a vostra disposizione un materiale semplice che potete scaricare qui. In esso troverete una breve introduzione storica, nonch&eacute; una proposta per una celebrazione. &nbsp;","og_url":"https:\/\/scolopi.org\/jul16\/","og_site_name":"Ordine delle Scuole Pie","article_modified_time":"2017-07-10T08:36:26+00:00","twitter_card":"summary_large_image","twitter_misc":{"Tempo di lettura stimato":"3 minuti"},"schema":{"@context":"https:\/\/schema.org","@graph":[{"@type":"WebPage","@id":"https:\/\/scolopi.org\/jul16\/","url":"https:\/\/scolopi.org\/jul16\/","name":"jul16 - Ordine delle Scuole Pie","isPartOf":{"@id":"https:\/\/scolopi.org\/#website"},"datePublished":"2017-07-10T07:54:02+00:00","dateModified":"2017-07-10T08:36:26+00:00","breadcrumb":{"@id":"https:\/\/scolopi.org\/jul16\/#breadcrumb"},"inLanguage":"it-IT","potentialAction":[{"@type":"ReadAction","target":["https:\/\/scolopi.org\/jul16\/"]}]},{"@type":"BreadcrumbList","@id":"https:\/\/scolopi.org\/jul16\/#breadcrumb","itemListElement":[{"@type":"ListItem","position":1,"name":"Portada","item":"https:\/\/scolopi.org\/it\/"},{"@type":"ListItem","position":2,"name":"jul16"}]},{"@type":"WebSite","@id":"https:\/\/scolopi.org\/#website","url":"https:\/\/scolopi.org\/","name":"Ordine delle Scuole Pie","description":"Web Ufficiale dell'Ordine delle Scuole Pie","potentialAction":[{"@type":"SearchAction","target":{"@type":"EntryPoint","urlTemplate":"https:\/\/scolopi.org\/?s={search_term_string}"},"query-input":{"@type":"PropertyValueSpecification","valueRequired":true,"valueName":"search_term_string"}}],"inLanguage":"it-IT"}]}},"_links":{"self":[{"href":"https:\/\/scolopi.org\/it\/wp-json\/wp\/v2\/pages\/10501"}],"collection":[{"href":"https:\/\/scolopi.org\/it\/wp-json\/wp\/v2\/pages"}],"about":[{"href":"https:\/\/scolopi.org\/it\/wp-json\/wp\/v2\/types\/page"}],"author":[{"embeddable":true,"href":"https:\/\/scolopi.org\/it\/wp-json\/wp\/v2\/users\/2"}],"replies":[{"embeddable":true,"href":"https:\/\/scolopi.org\/it\/wp-json\/wp\/v2\/comments?post=10501"}],"version-history":[{"count":0,"href":"https:\/\/scolopi.org\/it\/wp-json\/wp\/v2\/pages\/10501\/revisions"}],"wp:attachment":[{"href":"https:\/\/scolopi.org\/it\/wp-json\/wp\/v2\/media?parent=10501"}],"curies":[{"name":"wp","href":"https:\/\/api.w.org\/{rel}","templated":true}]}}