{"id":127013,"date":"2024-07-22T08:57:04","date_gmt":"2024-07-22T06:57:04","guid":{"rendered":"https:\/\/scolopi.org\/safeguarding\/"},"modified":"2025-10-16T18:57:01","modified_gmt":"2025-10-16T16:57:01","slug":"safeguarding","status":"publish","type":"page","link":"https:\/\/scolopi.org\/it\/safeguarding\/","title":{"rendered":"Dipartimento di Tutela nelle Scuole Pie"},"content":{"rendered":"[et_pb_section fb_built=&#8221;1&#8243; _builder_version=&#8221;4.16&#8243; global_colors_info=&#8221;{}&#8221;][et_pb_row _builder_version=&#8221;4.27.0&#8243; background_enable_image=&#8221;off&#8221; parallax=&#8221;on&#8221; min_height=&#8221;385.2px&#8221; custom_padding=&#8221;18px|||||&#8221; global_colors_info=&#8221;{}&#8221;][et_pb_column type=&#8221;4_4&#8243; _builder_version=&#8221;4.16&#8243; custom_padding=&#8221;|||&#8221; global_colors_info=&#8221;{}&#8221; custom_padding__hover=&#8221;|||&#8221;][et_pb_slider _builder_version=&#8221;4.27.0&#8243; _module_preset=&#8221;default&#8221; body_text_align=&#8221;right&#8221; body_font_size=&#8221;10px&#8221; background_image=&#8221;https:\/\/scolopi.org\/wp-content\/uploads\/2025\/10\/fondo-salvaguarda-scaled.jpg&#8221; parallax=&#8221;on&#8221; background_blend=&#8221;lighten&#8221; text_orientation=&#8221;right&#8221; custom_padding=&#8221;||169px|||&#8221; global_colors_info=&#8221;{}&#8221;][et_pb_slide _builder_version=&#8221;4.27.0&#8243; _module_preset=&#8221;default&#8221; header_text_align=&#8221;right&#8221; header_font_size=&#8221;36px&#8221; body_font_size=&#8221;10px&#8221; background_image=&#8221;https:\/\/scolopi.org\/wp-content\/uploads\/2025\/10\/fondo-salvaguarda-scaled.jpg&#8221; background_enable_image=&#8221;on&#8221; parallax=&#8221;on&#8221; background_blend=&#8221;soft-light&#8221; text_orientation=&#8221;right&#8221; background_layout=&#8221;light&#8221; width=&#8221;100%&#8221; global_colors_info=&#8221;{}&#8221; sticky_transition=&#8221;on&#8221;]\n<h2 style=\"text-align: center;\">Dipartimento di Tutela nelle Scuole Pie<\/h2>\n[\/et_pb_slide][\/et_pb_slider][\/et_pb_column][\/et_pb_row][et_pb_row column_structure=&#8221;1_4,3_4&#8243; _builder_version=&#8221;4.16&#8243; background_size=&#8221;initial&#8221; background_position=&#8221;top_left&#8221; background_repeat=&#8221;repeat&#8221; custom_margin=&#8221;|auto|36px|auto||&#8221; custom_padding=&#8221;39px|||||&#8221; global_colors_info=&#8221;{}&#8221;][et_pb_column type=&#8221;1_4&#8243; _builder_version=&#8221;4.16&#8243; custom_padding=&#8221;|||&#8221; global_colors_info=&#8221;{}&#8221; custom_padding__hover=&#8221;|||&#8221;][et_pb_image src=&#8221;https:\/\/scolopi.org\/wp-content\/uploads\/2025\/10\/logo-safeguarding-300&#215;242.png&#8221; title_text=&#8221;logo safeguarding&#8221; _builder_version=&#8221;4.27.0&#8243; _module_preset=&#8221;default&#8221; width=&#8221;67%&#8221; max_width=&#8221;67%&#8221; module_alignment=&#8221;center&#8221; custom_margin=&#8221;10px|10px|10px|10px|false|false&#8221; custom_padding=&#8221;||24px|||&#8221; global_colors_info=&#8221;{}&#8221;][\/et_pb_image][\/et_pb_column][et_pb_column type=&#8221;3_4&#8243; _builder_version=&#8221;4.16&#8243; custom_padding=&#8221;|||&#8221; global_colors_info=&#8221;{}&#8221; custom_padding__hover=&#8221;|||&#8221;][et_pb_text _builder_version=&#8221;4.27.0&#8243; background_size=&#8221;initial&#8221; background_position=&#8221;top_left&#8221; background_repeat=&#8221;repeat&#8221; custom_padding=&#8221;12px|||||&#8221; global_colors_info=&#8221;{}&#8221;]\n<h4 style=\"font-weight: 400;\">L&#8217;Ordine delle Scuole Pie \u00e8 impegnato nella protezione dei minori e delle persone vulnerabili in tutte le nostre istituzioni. Radicati nel Vangelo, diamo priorit\u00e0 alla sicurezza, alla giustizia e alla cura di coloro che ci sono affidati. Riconosciamo i torti del passato e riaffermiamo il nostro impegno per la trasparenza, la responsabilit\u00e0 e la riparazione. Promuovendo una cultura di protezione e fiducia, garantiamo che la Tutela rimanga al centro della nostra missione.<\/p>\n<\/h4>\n<p style=\"font-weight: 400;\">[\/et_pb_text][\/et_pb_column][\/et_pb_row][et_pb_row column_structure=&#8221;1_3,1_3,1_3&#8243; _builder_version=&#8221;4.16&#8243; background_size=&#8221;initial&#8221; background_position=&#8221;top_left&#8221; background_repeat=&#8221;repeat&#8221; collapsed=&#8221;off&#8221; global_colors_info=&#8221;{}&#8221;][et_pb_column type=&#8221;1_3&#8243; _builder_version=&#8221;4.16&#8243; custom_padding=&#8221;|||&#8221; global_colors_info=&#8221;{}&#8221; custom_padding__hover=&#8221;|||&#8221;][et_pb_image src=&#8221;https:\/\/scolopi.org\/wp-content\/uploads\/2025\/10\/banner3-scaled.jpg&#8221; title_text=&#8221;banner3&#8243; _builder_version=&#8221;4.27.0&#8243; _module_preset=&#8221;default&#8221; global_colors_info=&#8221;{}&#8221;][\/et_pb_image][\/et_pb_column][et_pb_column type=&#8221;1_3&#8243; _builder_version=&#8221;4.16&#8243; custom_padding=&#8221;|||&#8221; global_colors_info=&#8221;{}&#8221; custom_padding__hover=&#8221;|||&#8221;][et_pb_text _builder_version=&#8221;4.27.0&#8243; background_size=&#8221;initial&#8221; background_position=&#8221;top_left&#8221; background_repeat=&#8221;repeat&#8221; custom_padding=&#8221;0px|||||&#8221; global_colors_info=&#8221;{}&#8221;]\n<hr \/>\n<p><strong>Struttura e funzionamento<\/strong><\/p>\n<p>Il dipartimento opera secondo il quadro stabilito nel documento istituzionale &#8220;Le Scuole Pie, uno spazio sicuro per minori e adulti vulnerabili&#8221;. Questo documento ci guida nel mantenimento di una struttura organizzata e funzionale con obiettivi chiari:<\/p>\n<p>Direttore Generale: J\u00f3zsef Urb\u00e1n Sch.P.<br \/>Team di lavoro:<br \/>Grzegorz Misiura Sch.P. (Provincia di Polonia)<br \/>Gladis Cu\u00e9llar (Provincia di Nazareth)<br \/>Mayra Medina (Provincia del Messico)<br \/>Collaborazione e consulenza esterna: il dipartimento si avvale di consulenti esperti esterni per garantire le migliori pratiche negli sforzi di tutela.<br \/>Triplice approccio: promozione, prevenzione e intervento<\/p>\n<hr \/>\n<p><strong>Riconosciamo l&#8217;importanza di distinguere tra queste tre dimensioni della tutela:<\/strong><\/p>\n<p>Promozione: promuovere una cultura di consapevolezza della tutela in tutte le nostre comunit\u00e0 e luoghi di lavoro.<br \/>Prevenzione: implementare politiche e programmi di formazione per ridurre i rischi e prevenire gli abusi. Intervento: rispondere tempestivamente ed efficacemente alle preoccupazioni in materia di tutela e garantire giustizia e risarcimento alle vittime.<\/p>\n[\/et_pb_text][\/et_pb_column][et_pb_column type=&#8221;1_3&#8243; _builder_version=&#8221;4.16&#8243; custom_padding=&#8221;|||&#8221; global_colors_info=&#8221;{}&#8221; custom_padding__hover=&#8221;|||&#8221;][et_pb_text _builder_version=&#8221;4.27.0&#8243; _module_preset=&#8221;default&#8221; global_colors_info=&#8221;{}&#8221;]\n<hr \/>\n<h2>Documenti di salvaguardia<\/h2>\n<p>Scarica cliccando sull&#8217;immagine<\/p>\n[\/et_pb_text][et_pb_image src=&#8221;https:\/\/scolopi.org\/wp-content\/uploads\/2025\/10\/PORTADA-PROTOCOLO-212&#215;300.jpg&#8221; title_text=&#8221;PORTADA PROTOCOLO&#8221; url=&#8221;https:\/\/scolopi.org\/wp-content\/uploads\/2025\/10\/PROTOCOLO-PROTECCION-DEL-MENOR-ITA.pdf&#8221; _builder_version=&#8221;4.27.0&#8243; _module_preset=&#8221;default&#8221; global_colors_info=&#8221;{}&#8221;][\/et_pb_image][et_pb_image src=&#8221;https:\/\/scolopi.org\/wp-content\/uploads\/2025\/10\/PORTADA-DOCUMENTO-MARCO-212&#215;300.jpg&#8221; title_text=&#8221;PORTADA DOCUMENTO MARCO&#8221; url=&#8221;https:\/\/scolopi.org\/wp-content\/uploads\/2025\/10\/DOCUMENTO-MARCO-PROTECCION-DEL-MENOR-ITA.pdf&#8221; _builder_version=&#8221;4.27.0&#8243; _module_preset=&#8221;default&#8221; global_colors_info=&#8221;{}&#8221;][\/et_pb_image][\/et_pb_column][\/et_pb_row][\/et_pb_section][et_pb_section fb_built=&#8221;1&#8243; _builder_version=&#8221;4.16&#8243; global_colors_info=&#8221;{}&#8221;][et_pb_row _builder_version=&#8221;4.27.0&#8243; _module_preset=&#8221;default&#8221; min_height=&#8221;147.5px&#8221; global_colors_info=&#8221;{}&#8221;][et_pb_column type=&#8221;4_4&#8243; _builder_version=&#8221;4.27.0&#8243; _module_preset=&#8221;default&#8221; global_colors_info=&#8221;{}&#8221;][et_pb_divider color=&#8221;#0C71C3&#8243; divider_style=&#8221;dotted&#8221; _builder_version=&#8221;4.27.0&#8243; _module_preset=&#8221;default&#8221; custom_margin=&#8221;||20px|||&#8221; global_colors_info=&#8221;{}&#8221;][\/et_pb_divider][et_pb_heading title=&#8221;Gu\u00edas Salvaguarda Escuelas P\u00edas&#8221; _builder_version=&#8221;4.27.0&#8243; _module_preset=&#8221;default&#8221; custom_margin=&#8221;||14px|||&#8221; global_colors_info=&#8221;{}&#8221;][\/et_pb_heading][et_pb_text _builder_version=&#8221;4.27.0&#8243; _module_preset=&#8221;default&#8221; global_colors_info=&#8221;{}&#8221;]\n<h4><span style=\"font-size: large;\">Os ofrecemos a continuaci\u00f3n una serie de gu\u00edas de Salvaguarda para trabajar desde diferentes \u00e1mbitos. El objetivo es ayudar a construir de forma conjunta espacios seguros para ni\u00f1os, j\u00f3venes y adultos. <em>Descarga clicando en la imagen<\/em><\/span><\/h4>\n[\/et_pb_text][\/et_pb_column][\/et_pb_row][\/et_pb_section][et_pb_section fb_built=&#8221;1&#8243; _builder_version=&#8221;4.16&#8243; global_colors_info=&#8221;{}&#8221;][et_pb_row column_structure=&#8221;2_3,1_3&#8243; _builder_version=&#8221;4.27.0&#8243; _module_preset=&#8221;default&#8221; custom_margin=&#8221;|auto|43px|auto||&#8221; global_colors_info=&#8221;{}&#8221;][et_pb_column type=&#8221;2_3&#8243; _builder_version=&#8221;4.27.0&#8243; _module_preset=&#8221;default&#8221; global_colors_info=&#8221;{}&#8221;][et_pb_accordion _builder_version=&#8221;4.27.0&#8243; _module_preset=&#8221;default&#8221; hover_enabled=&#8221;0&#8243; global_colors_info=&#8221;{}&#8221; sticky_enabled=&#8221;0&#8243;][et_pb_accordion_item title=&#8221;Segnalazione di problemi: come contattarci&#8221; open=&#8221;on&#8221; _builder_version=&#8221;4.27.0&#8243; _module_preset=&#8221;default&#8221; hover_enabled=&#8221;0&#8243; global_colors_info=&#8221;{}&#8221; sticky_enabled=&#8221;0&#8243;]\n<p>Invitiamo chiunque sia preoccupato per una violazione della protezione di minori o adulti vulnerabili o per possibili abusi a segnalarlo. Ogni segnalazione viene presa seriamente e la riservatezza sar\u00e0 rispettata ove necessario per garantire la loro sicurezza e il loro benessere.<\/p>\n<p>Come segnalare:<\/p>\n<p>Email: protezione@scolopi.net<br \/>Se un minore o un adulto vulnerabile si trova in pericolo immediato, si prega di contattare le autorit\u00e0 locali e informarci del problema il prima possibile.<\/p>\n[\/et_pb_accordion_item][et_pb_accordion_item title=&#8221;Politiche e linee guida di salvaguardia&#8221; _builder_version=&#8221;4.27.0&#8243; _module_preset=&#8221;default&#8221; hover_enabled=&#8221;0&#8243; global_colors_info=&#8221;{}&#8221; open=&#8221;off&#8221; sticky_enabled=&#8221;0&#8243;]\n<p>Per garantire la responsabilit\u00e0, forniamo politiche chiare e accessibili:<\/p>\n<p>Politiche globali:<br \/>[Le Scuole Pie, uno spazio sicuro per minori e adulti vulnerabili]Protocollo di indagine e risposta:<br \/>PROTOCOLLO per l&#8217;azione in caso di crimini contro l&#8217;integrit\u00e0 di minori e persone vulnerabili commessi da membri religiosi delle Scuole Pie.<\/p>\n[\/et_pb_accordion_item][et_pb_accordion_item title=&#8221;Risorse per le vittime e le loro famiglie&#8221; _builder_version=&#8221;4.27.0&#8243; _module_preset=&#8221;default&#8221; hover_enabled=&#8221;0&#8243; global_colors_info=&#8221;{}&#8221; open=&#8221;off&#8221; sticky_enabled=&#8221;0&#8243;]\n<p>Se tu o qualcuno che conosci \u00e8 stato vittima di abusi, siamo qui per ascoltarti e aiutarti. L&#8217;Ordine delle Scuole Pie si impegna a garantire che tutte le preoccupazioni relative alla Tutela siano ascoltate e affrontate con compassione e attenzione.<br \/>Facilitiamo attivamente i contatti con gli uffici provinciali di Tutela di fiducia e con le organizzazioni indipendenti di supporto alle vittime.<\/p>\n<p>Se hai bisogno di assistenza, contattaci all&#8217;indirizzo protezione@scolopi.org. Un rappresentante della Tutela ti guider\u00e0 attraverso il processo di segnalazione.<\/p>\n<p>A seconda delle tue esigenze, possiamo:<\/p>\n<p>Metterti in contatto con l&#8217;ufficio provinciale di Tutela appropriato se il tuo caso \u00e8 correlato all&#8217;Ordine.<br \/>Indirizzarti a organizzazioni indipendenti di supporto alle vittime che offrono servizi legali, psicologici e di advocacy.<br \/>Fornire accompagnamento pastorale se stai cercando supporto spirituale nel tuo percorso di guarigione.<br \/>Ogni segnalazione \u00e8 importante. Il nostro impegno \u00e8 garantire che le vittime ricevano l&#8217;assistenza di cui hanno bisogno in modo sicuro, riservato e appropriato alle loro circostanze.<\/p>\n[\/et_pb_accordion_item][et_pb_accordion_item title=&#8221;Domande frecuenti (FAQ)&#8221; _builder_version=&#8221;4.27.0&#8243; _module_preset=&#8221;default&#8221; hover_enabled=&#8221;0&#8243; global_colors_info=&#8221;{}&#8221; open=&#8221;off&#8221; sticky_enabled=&#8221;0&#8243;]\n<p>Cos&#8217;\u00e8 la Tutela e perch\u00e9 \u00e8 importante?<\/p>\n<p>La Tutela si riferisce a tutte le misure adottate per proteggere i bambini e gli adulti vulnerabili da danni, inclusi abusi, negligenza e sfruttamento. \u00c8 una missione fondamentale della Chiesa e dell&#8217;Ordine delle Scuole Pie.<\/p>\n<p>Come posso segnalare un incidente?<\/p>\n<p>\u00c8 possibile segnalare gli incidenti via e-mail o telefono. Le segnalazioni possono essere effettuate in forma anonima, se si preferisce.<\/p>\n<p>La mia segnalazione sar\u00e0 mantenuta riservata?<\/p>\n<p>S\u00ec. Tutte le segnalazioni vengono gestite con la massima riservatezza e in conformit\u00e0 con le leggi sulla protezione dei dati.<\/p>\n<p>Cosa succede dopo aver segnalato un problema?<\/p>\n<p>La tua segnalazione sar\u00e0 esaminata dal nostro team di tutela e saranno intraprese azioni appropriate secondo i protocolli stabiliti.<\/p>\n<p>In che modo l&#8217;Ordine garantisce la responsabilit\u00e0?<\/p>\n<p>Abbiamo politiche chiare, meccanismi di revisione indipendenti e formazione regolare per garantire la responsabilit\u00e0 in tutte le questioni relative alla Tutela.<\/p>\n[\/et_pb_accordion_item][\/et_pb_accordion][\/et_pb_column][et_pb_column type=&#8221;1_3&#8243; _builder_version=&#8221;4.27.0&#8243; _module_preset=&#8221;default&#8221; global_colors_info=&#8221;{}&#8221;][et_pb_text _builder_version=&#8221;4.27.0&#8243; _module_preset=&#8221;default&#8221; global_colors_info=&#8221;{}&#8221;]\n<h2><strong>P\u00f3ngase en contacto con nosotros para obtener m\u00e1s informaci\u00f3n<\/strong><\/h2>\n<p>Para m\u00e1s consultas u orientaci\u00f3n sobre la Salvaguarda dentro de la Orden Escolapia, p\u00f3ngase en contacto con nuestra Oficina de Salvaguarda:<\/p>\n<ul>\n<li><strong>Equipo de Salvaguarda de la Curia General<\/strong><br \/>Correo electr\u00f3nico:\u00a0<a href=\"mailto:protezione@scolopi.net\">protezione@scolopi.net<\/a><\/li>\n<\/ul>\n[\/et_pb_text][\/et_pb_column][\/et_pb_row][\/et_pb_section]\n","protected":false},"excerpt":{"rendered":"<p>Dipartimento di Tutela nelle Scuole PieL&#8217;Ordine delle Scuole Pie &egrave; impegnato nella protezione dei minori e delle persone vulnerabili in tutte le nostre istituzioni. Radicati nel Vangelo, diamo priorit&agrave; alla sicurezza, alla giustizia e alla cura di coloro che ci sono affidati. Riconosciamo i torti del passato e riaffermiamo il nostro impegno per la trasparenza, [&hellip;]<\/p>\n","protected":false},"author":2,"featured_media":0,"parent":0,"menu_order":0,"comment_status":"closed","ping_status":"closed","template":"","meta":{"_et_pb_use_builder":"on","_et_pb_old_content":"<p style=\"font-weight: 400;\">El departamento, establecido por la Congregaci\u00f3n General, se dedica a asegurar un entorno seguro y protector para menores y personas vulnerables en nuestras instituciones.<\/p><p style=\"font-weight: 400;\"><strong>Estructura y Funcionamiento<\/strong><\/p><p style=\"font-weight: 400;\">El departamento opera bajo el marco establecido en el documento institucional \u201cLas Escuelas P\u00edas, un espacio seguro para los menores y personas vulnerables\u201d. Esto nos gu\u00eda para tener una estructura organizada y funcional con objetivos claros:<\/p><ul style=\"font-weight: 400;\"><li><strong>Responsable General<\/strong>: Delegado del P. General, P. J\u00f3zsef Urb\u00e1n Sch.P.<\/li><li><strong>Equipo de Trabajo<\/strong>:<ul><li>P. Grzegorz Misiura Sch.P. (Provincia de Polonia)<\/li><li>Sra. Gladis Cu\u00e9llar (Provincia Nazaret)<\/li><li>Sra. Mayra Medina (Provincia de M\u00e9xico)<\/li><li>Sr. Ernest Botarges (Provincia de Catalunya)<\/li><\/ul><\/li><\/ul><p style=\"font-weight: 400;\"><strong>Colaboraci\u00f3n y Asesor\u00eda Externa<\/strong><\/p><p style=\"font-weight: 400;\">El departamento cuenta con consultores expertos externos.<\/p><p style=\"font-weight: 400;\"><strong>Enfoque Triple: Promoci\u00f3n, Prevenci\u00f3n e Intervenci\u00f3n<\/strong><\/p><p style=\"font-weight: 400;\">Reconocemos la importancia de distinguir entre promoci\u00f3n, prevenci\u00f3n e intervenci\u00f3n. Aunque interrelacionadas, cada dimensi\u00f3n tiene objetivos espec\u00edficos que abordamos de manera diferenciada.<\/p><p style=\"font-weight: 400;\"><strong>Compromiso y Mejora Continua<\/strong><\/p><p style=\"font-weight: 400;\">Nos comprometemos a:<\/p><ol><li>Mantenernos actualizados en el \u00e1mbito de la protecci\u00f3n del menor.<\/li><li>Integrar este departamento en la estructura de la Orden y sus demarcaciones.<\/li><li>Garantizar la formaci\u00f3n continua y la toma de decisiones informadas.<\/li><li>Crear una red de responsables en las demarcaciones para formaci\u00f3n e intercambio de experiencias.<\/li><li>Relacionarnos con organismos similares, especialmente en el contexto eclesial.<\/li><li>Solicitar asesor\u00eda y control externo regularmente para mejorar nuestras pr\u00e1cticas.<\/li><\/ol><p style=\"font-weight: 400;\"><strong>Contacto<\/strong><\/p><p><span style=\"font-weight: 400;\">Para cualquier consulta, pueden contactarnos a trav\u00e9s de nuestro correo electr\u00f3nico:\u00a0<a href=\"mailto:protezione@scolopi.net\">protezione@scolopi.net<\/a>.<\/span><\/p>","_et_gb_content_width":"","footnotes":""},"class_list":["post-127013","page","type-page","status-publish","hentry"],"yoast_head":"<!-- This site is optimized with the Yoast SEO plugin v24.6 - https:\/\/yoast.com\/wordpress\/plugins\/seo\/ -->\n<title>Dipartimento di Tutela nelle Scuole Pie - Ordine delle Scuole Pie<\/title>\n<meta name=\"robots\" content=\"index, follow, max-snippet:-1, max-image-preview:large, max-video-preview:-1\" \/>\n<link rel=\"canonical\" href=\"https:\/\/scolopi.org\/it\/safeguarding\/\" \/>\n<meta property=\"og:locale\" content=\"it_IT\" \/>\n<meta property=\"og:type\" content=\"article\" \/>\n<meta property=\"og:title\" content=\"Dipartimento di Tutela nelle Scuole Pie - Ordine delle Scuole Pie\" \/>\n<meta property=\"og:description\" content=\"Dipartimento di Tutela nelle Scuole PieL&#039;Ordine delle Scuole Pie &egrave; impegnato nella protezione dei minori e delle persone vulnerabili in tutte le nostre istituzioni. Radicati nel Vangelo, diamo priorit&agrave; alla sicurezza, alla giustizia e alla cura di coloro che ci sono affidati. Riconosciamo i torti del passato e riaffermiamo il nostro impegno per la trasparenza, [&hellip;]\" \/>\n<meta property=\"og:url\" content=\"https:\/\/scolopi.org\/it\/safeguarding\/\" \/>\n<meta property=\"og:site_name\" content=\"Ordine delle Scuole Pie\" \/>\n<meta property=\"article:modified_time\" content=\"2025-10-16T16:57:01+00:00\" \/>\n<meta name=\"twitter:card\" content=\"summary_large_image\" \/>\n<meta name=\"twitter:label1\" content=\"Tempo di lettura stimato\" \/>\n\t<meta name=\"twitter:data1\" content=\"5 minuti\" \/>\n<script type=\"application\/ld+json\" class=\"yoast-schema-graph\">{\"@context\":\"https:\/\/schema.org\",\"@graph\":[{\"@type\":\"WebPage\",\"@id\":\"https:\/\/scolopi.org\/it\/safeguarding\/\",\"url\":\"https:\/\/scolopi.org\/it\/safeguarding\/\",\"name\":\"Dipartimento di Tutela nelle Scuole Pie - Ordine delle Scuole Pie\",\"isPartOf\":{\"@id\":\"https:\/\/scolopi.org\/#website\"},\"datePublished\":\"2024-07-22T06:57:04+00:00\",\"dateModified\":\"2025-10-16T16:57:01+00:00\",\"breadcrumb\":{\"@id\":\"https:\/\/scolopi.org\/it\/safeguarding\/#breadcrumb\"},\"inLanguage\":\"it-IT\",\"potentialAction\":[{\"@type\":\"ReadAction\",\"target\":[\"https:\/\/scolopi.org\/it\/safeguarding\/\"]}]},{\"@type\":\"BreadcrumbList\",\"@id\":\"https:\/\/scolopi.org\/it\/safeguarding\/#breadcrumb\",\"itemListElement\":[{\"@type\":\"ListItem\",\"position\":1,\"name\":\"Portada\",\"item\":\"https:\/\/scolopi.org\/it\/\"},{\"@type\":\"ListItem\",\"position\":2,\"name\":\"Dipartimento di Tutela nelle Scuole Pie\"}]},{\"@type\":\"WebSite\",\"@id\":\"https:\/\/scolopi.org\/#website\",\"url\":\"https:\/\/scolopi.org\/\",\"name\":\"Ordine delle Scuole Pie\",\"description\":\"Web Ufficiale dell'Ordine delle Scuole Pie\",\"potentialAction\":[{\"@type\":\"SearchAction\",\"target\":{\"@type\":\"EntryPoint\",\"urlTemplate\":\"https:\/\/scolopi.org\/?s={search_term_string}\"},\"query-input\":{\"@type\":\"PropertyValueSpecification\",\"valueRequired\":true,\"valueName\":\"search_term_string\"}}],\"inLanguage\":\"it-IT\"}]}<\/script>\n<!-- \/ Yoast SEO plugin. -->","yoast_head_json":{"title":"Dipartimento di Tutela nelle Scuole Pie - Ordine delle Scuole Pie","robots":{"index":"index","follow":"follow","max-snippet":"max-snippet:-1","max-image-preview":"max-image-preview:large","max-video-preview":"max-video-preview:-1"},"canonical":"https:\/\/scolopi.org\/it\/safeguarding\/","og_locale":"it_IT","og_type":"article","og_title":"Dipartimento di Tutela nelle Scuole Pie - Ordine delle Scuole Pie","og_description":"Dipartimento di Tutela nelle Scuole PieL'Ordine delle Scuole Pie &egrave; impegnato nella protezione dei minori e delle persone vulnerabili in tutte le nostre istituzioni. Radicati nel Vangelo, diamo priorit&agrave; alla sicurezza, alla giustizia e alla cura di coloro che ci sono affidati. Riconosciamo i torti del passato e riaffermiamo il nostro impegno per la trasparenza, [&hellip;]","og_url":"https:\/\/scolopi.org\/it\/safeguarding\/","og_site_name":"Ordine delle Scuole Pie","article_modified_time":"2025-10-16T16:57:01+00:00","twitter_card":"summary_large_image","twitter_misc":{"Tempo di lettura stimato":"5 minuti"},"schema":{"@context":"https:\/\/schema.org","@graph":[{"@type":"WebPage","@id":"https:\/\/scolopi.org\/it\/safeguarding\/","url":"https:\/\/scolopi.org\/it\/safeguarding\/","name":"Dipartimento di Tutela nelle Scuole Pie - Ordine delle Scuole Pie","isPartOf":{"@id":"https:\/\/scolopi.org\/#website"},"datePublished":"2024-07-22T06:57:04+00:00","dateModified":"2025-10-16T16:57:01+00:00","breadcrumb":{"@id":"https:\/\/scolopi.org\/it\/safeguarding\/#breadcrumb"},"inLanguage":"it-IT","potentialAction":[{"@type":"ReadAction","target":["https:\/\/scolopi.org\/it\/safeguarding\/"]}]},{"@type":"BreadcrumbList","@id":"https:\/\/scolopi.org\/it\/safeguarding\/#breadcrumb","itemListElement":[{"@type":"ListItem","position":1,"name":"Portada","item":"https:\/\/scolopi.org\/it\/"},{"@type":"ListItem","position":2,"name":"Dipartimento di Tutela nelle Scuole Pie"}]},{"@type":"WebSite","@id":"https:\/\/scolopi.org\/#website","url":"https:\/\/scolopi.org\/","name":"Ordine delle Scuole Pie","description":"Web Ufficiale dell'Ordine delle Scuole Pie","potentialAction":[{"@type":"SearchAction","target":{"@type":"EntryPoint","urlTemplate":"https:\/\/scolopi.org\/?s={search_term_string}"},"query-input":{"@type":"PropertyValueSpecification","valueRequired":true,"valueName":"search_term_string"}}],"inLanguage":"it-IT"}]}},"_links":{"self":[{"href":"https:\/\/scolopi.org\/it\/wp-json\/wp\/v2\/pages\/127013"}],"collection":[{"href":"https:\/\/scolopi.org\/it\/wp-json\/wp\/v2\/pages"}],"about":[{"href":"https:\/\/scolopi.org\/it\/wp-json\/wp\/v2\/types\/page"}],"author":[{"embeddable":true,"href":"https:\/\/scolopi.org\/it\/wp-json\/wp\/v2\/users\/2"}],"replies":[{"embeddable":true,"href":"https:\/\/scolopi.org\/it\/wp-json\/wp\/v2\/comments?post=127013"}],"version-history":[{"count":4,"href":"https:\/\/scolopi.org\/it\/wp-json\/wp\/v2\/pages\/127013\/revisions"}],"predecessor-version":[{"id":127032,"href":"https:\/\/scolopi.org\/it\/wp-json\/wp\/v2\/pages\/127013\/revisions\/127032"}],"wp:attachment":[{"href":"https:\/\/scolopi.org\/it\/wp-json\/wp\/v2\/media?parent=127013"}],"curies":[{"name":"wp","href":"https:\/\/api.w.org\/{rel}","templated":true}]}}