{"id":18975,"date":"2018-04-25T11:22:50","date_gmt":"2018-04-25T09:22:50","guid":{"rendered":"https:\/\/scolopi.org\/aviso-legal\/"},"modified":"2018-05-10T13:16:04","modified_gmt":"2018-05-10T11:16:04","slug":"aviso-legale","status":"publish","type":"page","link":"https:\/\/scolopi.org\/it\/aviso-legale\/","title":{"rendered":"Aviso Legale"},"content":{"rendered":"<h2 style=\"text-align: center;\"><\/h2>\n<h2 style=\"text-align: center;\">AVISO LEGALE SCOLOPI.ORG<\/h2>\n<p>Il responsabile di questa pagina web \u00e8: \u201cDELEGACI\u00d3N GENERAL ESCUELAS P\u00cdAS\u00a0 ESPA\u00d1A\u201d, entit\u00e0 iscritta con il numero 954-\/0-SE\/B nel Registro di \u2018Entidades\u00a0\u00a0 Religiosas\u00a0\u00a0 del\u00a0\u00a0 Ministerio\u00a0\u00a0 de\u00a0\u00a0 Justicia\u2019,\u00a0\u00a0 con\u00a0\u00a0 C.I.F. R-2800024-H, e con domicilio sociale all\u2019indirizzo Calle Conde de Pe\u00f1alver, 51, 28006 &#8211; Madrid. E\u2019 possibile anche mettersi in contatto con noi telefonando al numero +34 914 449 401 o per mezzo dell\u2019indirizzo di posta elettronica: scolopi@scolopi.net<\/p>\n<p>&nbsp;<\/p>\n<h2 style=\"text-align: center;\">POLITICA SULLA PRIVACY<\/h2>\n<p>MODULO DI CONTATTO E INFORMAZIONI COMMERCIALI<\/p>\n<p>In conformit\u00e0 con le normative sulla protezione dei dati di carattere personale, vi informiamo che i dati personali da voi raccolti verranno incorporati in un file di cui \u00e8 proprietario &#8220;DELEGACI\u00d3N GENERAL ESCUELAS P\u00cdAS ESPA\u00d1A&#8221;, con C.I.F R- 2800024-H e indirizzo \u2018Calle Conde de Pe\u00f1alver, 51, 28006 \u2013Madrid\u2019.<\/p>\n<p>Il trattamento trova la sua base legale nel consenso da voi dato facendo \u2018clic\u2019 sulla casella &#8220;Accetto l&#8217;informativa sulla privacy&#8221; e, di conseguenza, si accetta che la raccolta dati abbia la seguente finalit\u00e0: gestione degli utenti del sito web; gestione dei servizi offerti attraverso il sito Web; gestione del modulo di contatto.<\/p>\n<p>Informiamo che \u00e8 possibile esercitare i diritti di: accesso, rettifica, cancellazione, limitazione, portabilit\u00e0, opposizione, per presentare un reclamo davanti a un&#8217;autorit\u00e0 di controllo e ritirare il consenso in qualsiasi momento, per lettera, allegando una fotocopia della carta di identit\u00e0\/ passaporto all\u2019indirizzo postale sopra indicato.<\/p>\n<p>Allo stesso modo, indichiamo che saranno conservati fino a quando si manterr\u00e0 la relazione tra le parti o negli anni necessari in conformit\u00e0 con gli obblighi legali.<\/p>\n<p>&nbsp;<\/p>\n<h2 style=\"text-align: center;\">CONDIZIONI GENERALI DEL SITO WEB SCOLOPI<\/h2>\n<p>1.- Oggetto.<\/p>\n<p>Queste condizioni generali (di seguito\u00a0 Condizioni Generali) regolano l&#8217;accesso e l&#8217;utilizzo del sito web sotto il dominio <u>scolopi.org<\/u>\u00a0(di seguito Website) \u00a0di propriet\u00e0 di &#8220;DELEGACI\u00d3N GENERAL ESCUELAS P\u00cdAS ESPA\u00d1A\u201d \u00a0(di seguito ESCOLAPIOS), messo a disposizione degli utenti (di seguito Utente \/ i).<\/p>\n<p>In caso di domande o dubbi relativi all&#8217;uso e all&#8217;accesso al Websiite o alle presenti Condizioni Generali, \u00e8 possibile scrivere un&#8217;e-mail con la richiesta e le informazioni di contatto a webmaster@escolapiosbetanio.es. E\u2019 anche possibile contattarci tramite posta ordinaria, indirizzando la\u00a0 richiesta e le informazioni di contatto a:<\/p>\n<p>Delegaci\u00f3n General Escuelas P\u00edas <a href=\"https:\/\/maps.google.com\/?q=Espa%C3%B1a+%0D%0A%0D%0A+Conde+de%0D%0APe%C3%B1alver,+51&amp;entry=gmail&amp;source=g\">Espa\u00f1a<\/a><\/p>\n<p>Conde de Pe\u00f1alver, 51<\/p>\n<p>28006 Madrid<\/p>\n<p>2.- Rispetto delle presenti condizioni generali.<\/p>\n<p><em><u>L&#8217;utilizzo del Website implica la piena accettazione da parte dell&#8217;Utente di tutte le Condizioni Generali in vigore in ogni momento in cui l&#8217;Utente lo accede. Pertanto, se non si \u00e8 d&#8217;accordo con una delle condizioni stabilite qui, \u00e8 necessario astenersi dall&#8217;utilizzare questo\u00a0 Website.<\/u><\/em><\/p>\n<p>Di conseguenza, l&#8217;Utente deve leggere attentamente le Condizioni Generali ogni volta che intende utilizzare il Website.<\/p>\n<p>In ogni caso, ESCOLAPIOS si riserva il diritto di modificare, senza preavviso e in qualsiasi momento queste Condizioni Generali, \u00a0come la sua configurazione, la posizione e qualsiasi altro termine generale o specifico, regolamenti d&#8217;uso, istruzioni o avvisi che possono applicarsi. Allo stesso modo, ESCOLAPIOS si riserva il diritto di sospendere, interrompere o non operare pi\u00f9 il Website in qualsiasi momento.<\/p>\n<p>Con <em>&#8220;utilizzo del Website<\/em>&#8220;, si intende qualsiasi utente che accede e naviga nel Website \u00a0indipendentemente dal fatto che completi i moduli di registrazione.<\/p>\n<p>3.- Condizioni di Accesso e utilizzo del Website e dei suoi Contenuti.<\/p>\n<p>L&#8217;accesso al Website e\/o ai Contenuti in esso inclusi non implica alcun tipo di garanzia in merito all&#8217;idoneit\u00e0 del Website e\/o dei Contenuti inclusi in esso per scopi particolari o specifici degli Utenti.<\/p>\n<p>ESCOLAPIOS pu\u00f2 stabilire limiti \u00a0e\/o condizioni aggiuntive per l&#8217;uso e\/o l&#8217;accesso al\u00a0 Webaite \u00a0e\/o ai Contenuti, che devono essere osservati dagli Utenti in ogni caso.<\/p>\n<p>3.1- <em>Accesso e utilizzo del Website<\/em><\/p>\n<p>Salvo diversa indicazione, l&#8217;utilizzo del sito Web sar\u00e0 gratuito, senza pregiudizio del costo della connessione attraverso la corrispondente rete di telecomunicazioni che l&#8217;Utente ha stipulato.<\/p>\n<p>L&#8217;Utente riconosce di avere pi\u00f9 di diciotto anni, \u00e8 anche consapevole e accetta volontariamente ed espressamente che l&#8217;utilizzo del\u00a0 Website \u00e8 in ogni caso effettuato sotto la sua esclusiva responsabilit\u00e0.<\/p>\n<p>L&#8217;Utente si impegna a rispettare le presenti Condizioni Generali, nonch\u00e9 a rispettare le avvertenze o le istruzioni speciali contenute nel Website e ad agire sempre in conformit\u00e0 con la legge, le buone abitudini e le esigenza di buona fede, utilizzando la sua massima attenzione tenendo conto della natura e della considerazione del servizio di cui usufruisce. \u00a0A tale scopo, non utilizzare il Sito in alcun modo che possa impedire, danneggiare o mettere in pericolo il suo normale funzionamento, beni o diritti di ESCOLAPIOS, i suoi fornitori, distributori, altri Utenti o, in generale, qualsiasi terza parte.<\/p>\n<p>Specificamente e senza implicare alcuna restrizione all&#8217;obbligo assunto dall&#8217;Utente in generale in conformit\u00e0 con la sezione precedente, l&#8217;Utente accetta nell\u2019 utilizzare il\u00a0 Website:<\/p>\n<ol>\n<li>a) a non introdurre, conservare o distribuire in o dal Website qualsiasi informazione o materiale diffamatorio, offensivo, osceno, minaccioso, xenofobo, pornografico, di apologia del terrorismo, che incita alla violenza, alla discriminazione basata sulla razza , il sesso, l\u2019ideologia, la religione o che in qualsiasi modo violi la forma, l&#8217;ordine pubblico, i diritti fondamentali, le libert\u00e0 pubbliche, l&#8217;onore, la privacy o l&#8217;immagine di terzi e in generale le normative vigenti.<\/li>\n<li>b) a non introdurre, archiviare o divulgare tramite il Website alcun programma, dato, virus, codice o altro strumento o dispositivo elettronico o fisico che possa causare danni al Website, a uno qualsiasi dei servizi o qualsiasi apparecchiatura, sistemi o reti scolopiche, di qualsiasi utente, fornitori o distributori di ESCOLAPIOS o in generale qualsiasi terza parte, in grado di causare qualsiasi tipo di alterazione o di impedire il normale funzionamento.<\/li>\n<li>c) a non introdurre, archiviare o divulgare attraverso il Website alcun contenuto che v\u00ecola le norme di propriet\u00e0 intellettuale, i diritti industriali o di terzi, o in generale qualsiasi contenuto che non ostenti, in conformit\u00e0 con la legge, il diritto di renderlo disponibile di terzi.<\/li>\n<\/ol>\n<p><em>3.2- Accesso e uso dei contenuti.<\/em><\/p>\n<p>I Contenuti del Website sono messi a disposizione dell&#8217;Utente con informazioni provenienti da fonti proprie e da terzi..<\/p>\n<p>ESCOLAPIOS garantisce che i Contenuti siano della massima qualit\u00e0 possibile e siano ragionevolmente aggiornati, ma non garantisce l&#8217;utilit\u00e0, l&#8217;accuratezza, la completezza, la pertinenza e\/o la tempestivit\u00e0 dei Contenuti.<\/p>\n<p>4.- Diritti di propriet\u00e0 intellettuale e industriale.<\/p>\n<p>Attraverso queste Condizioni Generali non si cede nessun diritto di propriet\u00e0 intellettuale o industriale sul Website n\u00e9 su nessuno dei suoi elementi \u00a0\u00a0che lo compongono, \u00a0e all&#8217;Utente \u00e8 espressamente vietato la riproduzione, trasformazione, distribuzione, comunicazione pubblica, messa a disposizione, estrazione, riutilizzo, ritrasmissione o l&#8217;uso di qualsiasi natura, con qualsiasi mezzo o procedura, di uno qualsiasi di essi, tranne nei casi in cui \u00e8 legalmente consentito o autorizzato dal proprietario dei diritti corrispondenti.<\/p>\n<p>L&#8217;Utente pu\u00f2 visualizzare e ottenere una copia privata temporanea dei \u00a0Contenuti per il suo esclusivo uso personale e privato nei suoi sistemi informatici (software e hardware), a condizione che non abbia lo scopo di sviluppare attivit\u00e0 commerciali o professionali. L&#8217;Utente deve astenersi dall&#8217;ottenere, o tentare di ottenere, i Contenuti con mezzi o procedure diversi da quelli che in ogni caso sono stati resi disponibili o indicati a tale scopo o da quelli che sono abitualmente utilizzati su Internet (a condizione che questi ultimi non comportino un rischio di danno o disabilitazione del Websit). L&#8217;Utente deve rispettare in ogni momento tutti i diritti di propriet\u00e0 intellettuale e industriale sul Website, di propriet\u00e0 di ESCOLAPIOS o di terzi.<\/p>\n<p>4.- Esclusione di garanzie e responsabilit\u00e0.<\/p>\n<p>4.1.- Esclusione di garanzie e responsabilit\u00e0 per il funzionamento del Website.<\/p>\n<p>ESCOLAPIOS non garantisce la disponibilit\u00e0 e la continuit\u00e0 del funzionamento del\u00a0 Website e dei servizi o dei Contenuti ivi offerti, n\u00e9 che i contenuti del suo Website siano aggiornati, essendo esenti da qualsiasi responsabilit\u00e0 per danni di qualsiasi tipo che dovessero sorgere per tali circostanze.<\/p>\n<p>ESCOLAPIOS eseguir\u00e0, a condizione che non vi siano circostanze che lo rendono impossibile o di difficile esecuzione e non appena ha notizie di errori, disconnessioni e\/o mancato aggiornamento dei contenuti, tutte quelle attivit\u00e0 volte a correggere errori, ristabilire la comunicazione e\/o aggiornare i contenuti indicati.<\/p>\n<p>Allo stesso modo, ESCOLAPIOS non garantisce l&#8217;affidabilit\u00e0 tecnica del suo Website, n\u00e9 l&#8217;accesso alle sue diverse pagine, essendo allo stesso modo esente da qualsiasi responsabilit\u00e0 per danni di qualsiasi tipo che possono derivare da questa causa.<\/p>\n<p>Inoltre, ESCOLAPIOS non \u00e8 responsabile per eventuali errori o problemi di sicurezza che possono verificarsi a causa dell&#8217;utilizzo da parte dell&#8217;Utente di un browser di una versione non aggiornata o non sicura nel browser o dei danni, errori o imprecisioni che possono derivare dal suo malfunzionamento.<\/p>\n<p>Al fine di ridurre il rischio di introdurre virus nel sito Web, si utilizzano programmi di rilevamento dei virus per controllare tutti i contenuti che vi entrano. Tuttavia, ESCOLAPIOS non garantisce l\u2019assenza di virus o di altri elementi sul Website introdotti da terzi al di fuori di ESCOLAPIOS che possono produrre alterazioni nei sistemi fisici o logici degli utenti o in documenti elettronici e file memorizzati nei sistemi. Di conseguenza, ESCOLAPIOS non sar\u00e0 in nessun caso responsabile per eventuali danni e perdite di qualsiasi tipo e natura che potrebbero derivare dalla presenza di virus o altri elementi che possono produrre alterazioni nei sistemi fisici o nei documenti o file logici, elettronici degli Utenti.<\/p>\n<p>ESCOLAPIOS adotta varie misure di protezione per proteggere il \u00a0Webite, \u00a0i dati raccolti e i contenuti contro attacchi informatici di terzi. Tuttavia, ESCOLAPIOS non garantisce che terzi non autorizzati possano avere accesso al tipo di utilizzo o alla navigazione del Website che fa l\u2019utente o alle condizioni, caratteristiche e circostanze in cui viene fatto. Di conseguenza, ESCOLAPIOS non sar\u00e0 in nessun caso responsabile dei danni che possono derivare da detto accesso non autorizzato.<\/p>\n<p>ESCOLAPIOS non sar\u00e0 responsabile in nessun caso per l&#8217;uso che utenti e\/o terzi potrebbero fare del sito Web o dei Contenuti, o dei danni che potrebbero derivarne.<\/p>\n<p><em>4.2.- Esclusione di garanzie e responsabilit\u00e0 per i contenuti.<\/em><\/p>\n<p>ESCOLAPIOS non edita i contenuti di terzi pubblicati sul Website e, di conseguenza, non garantisce e non \u00e8 responsabile della legalit\u00e0, affidabilit\u00e0, utilit\u00e0, veridicit\u00e0, accuratezza, completezza e tempestivit\u00e0 di detto Contenuto, cos\u00ec come dei \u00a0Contenuti di propriet\u00e0 di ESCOLAPIOS. \u00a0ESCOLAPIOS non sar\u00e0 in alcun caso responsabile di eventuali danni che possono derivare da:<\/p>\n<p>(i) la mancanza di legalit\u00e0, veridicit\u00e0, accuratezza, esaustivit\u00e0 e\/o attualit\u00e0 di Contenuti originati \u00a0da terzi e suoi; (ii) l&#8217;inadeguatezza per qualsiasi scopo e la delusione delle aspettative generate dai Contenuti; (iii) decisioni o azioni adottate o evitate da parte dell&#8217;Utente che si basa sulle informazioni o sui dati forniti nei Contenuti, includendo senza limiti la perdita di benefici o opportunit\u00e0 imprenditoriali.<\/p>\n<p>5.- Collegamenti ipertestuali.<\/p>\n<p>Le persone che intendono stabilire collegamenti ipertestuali tra loro e il Website devono osservare e rispettare le condizioni seguenti:<\/p>\n<ol>\n<li>i) L&#8217;autorizzazione preventiva non sar\u00e0 necessaria quando il collegamento ipertestuale consente solo l&#8217;accesso alla home page del Website, ma non \u00e8 possibile riprodurlo in alcun modo. Qualsiasi altra forma di collegamento ipertestuale richiede un&#8217;autorizzazione scritta esplicita e inequivocabile da ESCOLAPIOS.<\/li>\n<li>ii) La pagina Web in cui \u00e8 stabilito il collegamento ipertestuale pu\u00f2 contenere solo ci\u00f2 che \u00e8 strettamente necessario per identificare la destinazione del collegamento ipertestuale.<\/li>\n<\/ol>\n<p>iii) La pagina Web in cui \u00e8 stato stabilito il collegamento ipertestuale non pu\u00f2 contenere informazioni o contenuti illeciti, contrari alla morale e in generale non accettati dalle buone abitudini e dall\u2019ordine pubblico, n\u00e9 deve contenere contenuti contrari a diritti di terzi.<\/p>\n<ol>\n<li>iv) ESCOLAPIOS si riserva il diritto di bloccare i collegamenti ipertestuali diretti al website che non hanno espressa autorizzazione con carattere precedente anche se conformi alle disposizioni su questo punto indicate nelle Condizioni generali.<\/li>\n<\/ol>\n<p>6.- Azioni in caso di Default.<\/p>\n<p>ESCOLAPIOS si riserva il diritto di esercitare quante pi\u00f9 azioni possibili a disposizione della legge per esigere le responsabilit\u00e0 che derivano dalla violazione da parte di un Utente di una qualsiasi delle disposizioni delle presenti Condizioni Generale del\u00a0 Website.<\/p>\n<p>7.- Nullit\u00e0 parziale.<\/p>\n<p>La dichiarazione di una qualsiasi delle clausole contenute in queste Condizioni generali come nulle, non valide o inefficaci non influenzer\u00e0 la validit\u00e0 o efficacia delle altre, che rimarranno vincolanti tra il parti.<\/p>\n<p>8.- Legge applicabile e giurisdizione.<\/p>\n<p>Le presenti Condizioni Generali saranno regolate dalle disposizioni della Legislazione spagnola.<\/p>\n<p>9.- Notifiche.<\/p>\n<p>Al fine di effettuare le notifiche appropriate, ESCOLAPIOS designa come indirizzo di contatto quello specificato nell&#8217;avviso legale.<\/p>\n<p>La posta elettronica fornita dall&#8217;utente durante il processo di registrazione sul Website, \u00a0sar\u00e0 utilizzata da ESCOLAPIOS per le notifiche all\u2019Utente.<\/p>\n<p>L&#8217;Utente \u00e8 tenuto a conservare i dati debitamente aggiornati di cui si fa riferimento in questa clausola ai fini delle notifiche .<\/p>\n<p style=\"text-align: left;\">Si considereranno validamente eseguite tutte le notifiche fatte da ESCOLAPIOS all&#8217;Utente se fatte utilizzando i dati e attraverso i mezzi precedentemente indicati. ESCOLAPIOS non si assume responsabilit\u00e0 per eventuali danni che possano verificarsi a causa della violazione dell&#8217;Utente del suo obbligo di manutenzione aggiornata dei suoi dati di contatto.<\/p>\n","protected":false},"excerpt":{"rendered":"<p>AVISO LEGALE SCOLOPI.ORG Il responsabile di questa pagina web &egrave;: &ldquo;DELEGACI&Oacute;N GENERAL ESCUELAS P&Iacute;AS&nbsp; ESPA&Ntilde;A&rdquo;, entit&agrave; iscritta con il numero 954-\/0-SE\/B nel Registro di &lsquo;Entidades&nbsp;&nbsp; Religiosas&nbsp;&nbsp; del&nbsp;&nbsp; Ministerio&nbsp;&nbsp; de&nbsp;&nbsp; Justicia&rsquo;,&nbsp;&nbsp; con&nbsp;&nbsp; C.I.F. R-2800024-H, e con domicilio sociale all&rsquo;indirizzo Calle Conde de Pe&ntilde;alver, 51, 28006 &ndash; Madrid. E&rsquo; possibile anche mettersi in contatto con noi telefonando [&hellip;]<\/p>\n","protected":false},"author":1,"featured_media":0,"parent":0,"menu_order":0,"comment_status":"closed","ping_status":"closed","template":"","meta":{"_et_pb_use_builder":"","_et_pb_old_content":"","_et_gb_content_width":"","footnotes":""},"class_list":["post-18975","page","type-page","status-publish","hentry"],"yoast_head":"<!-- This site is optimized with the Yoast SEO plugin v24.6 - https:\/\/yoast.com\/wordpress\/plugins\/seo\/ -->\n<title>Aviso Legale - Ordine delle Scuole Pie<\/title>\n<meta name=\"robots\" content=\"index, follow, max-snippet:-1, max-image-preview:large, max-video-preview:-1\" \/>\n<link rel=\"canonical\" href=\"https:\/\/scolopi.org\/aviso-legal\/\" \/>\n<meta property=\"og:locale\" content=\"it_IT\" \/>\n<meta property=\"og:type\" content=\"article\" \/>\n<meta property=\"og:title\" content=\"Aviso Legale - Ordine delle Scuole Pie\" \/>\n<meta property=\"og:description\" content=\"AVISO LEGALE SCOLOPI.ORG Il responsabile di questa pagina web &egrave;: &ldquo;DELEGACI&Oacute;N GENERAL ESCUELAS P&Iacute;AS&nbsp; ESPA&Ntilde;A&rdquo;, entit&agrave; iscritta con il numero 954-\/0-SE\/B nel Registro di &lsquo;Entidades&nbsp;&nbsp; Religiosas&nbsp;&nbsp; del&nbsp;&nbsp; Ministerio&nbsp;&nbsp; de&nbsp;&nbsp; Justicia&rsquo;,&nbsp;&nbsp; con&nbsp;&nbsp; C.I.F. R-2800024-H, e con domicilio sociale all&rsquo;indirizzo Calle Conde de Pe&ntilde;alver, 51, 28006 &ndash; Madrid. E&rsquo; possibile anche mettersi in contatto con noi telefonando [&hellip;]\" \/>\n<meta property=\"og:url\" content=\"https:\/\/scolopi.org\/aviso-legal\/\" \/>\n<meta property=\"og:site_name\" content=\"Ordine delle Scuole Pie\" \/>\n<meta property=\"article:modified_time\" content=\"2018-05-10T11:16:04+00:00\" \/>\n<meta name=\"twitter:card\" content=\"summary_large_image\" \/>\n<meta name=\"twitter:label1\" content=\"Tempo di lettura stimato\" \/>\n\t<meta name=\"twitter:data1\" content=\"10 minuti\" \/>\n<script type=\"application\/ld+json\" class=\"yoast-schema-graph\">{\"@context\":\"https:\/\/schema.org\",\"@graph\":[{\"@type\":\"WebPage\",\"@id\":\"https:\/\/scolopi.org\/aviso-legal\/\",\"url\":\"https:\/\/scolopi.org\/aviso-legal\/\",\"name\":\"Aviso Legale - Ordine delle Scuole Pie\",\"isPartOf\":{\"@id\":\"https:\/\/scolopi.org\/#website\"},\"datePublished\":\"2018-04-25T09:22:50+00:00\",\"dateModified\":\"2018-05-10T11:16:04+00:00\",\"breadcrumb\":{\"@id\":\"https:\/\/scolopi.org\/aviso-legal\/#breadcrumb\"},\"inLanguage\":\"it-IT\",\"potentialAction\":[{\"@type\":\"ReadAction\",\"target\":[\"https:\/\/scolopi.org\/aviso-legal\/\"]}]},{\"@type\":\"BreadcrumbList\",\"@id\":\"https:\/\/scolopi.org\/aviso-legal\/#breadcrumb\",\"itemListElement\":[{\"@type\":\"ListItem\",\"position\":1,\"name\":\"Portada\",\"item\":\"https:\/\/scolopi.org\/it\/\"},{\"@type\":\"ListItem\",\"position\":2,\"name\":\"Aviso Legale\"}]},{\"@type\":\"WebSite\",\"@id\":\"https:\/\/scolopi.org\/#website\",\"url\":\"https:\/\/scolopi.org\/\",\"name\":\"Ordine delle Scuole Pie\",\"description\":\"Web Ufficiale dell'Ordine delle Scuole Pie\",\"potentialAction\":[{\"@type\":\"SearchAction\",\"target\":{\"@type\":\"EntryPoint\",\"urlTemplate\":\"https:\/\/scolopi.org\/?s={search_term_string}\"},\"query-input\":{\"@type\":\"PropertyValueSpecification\",\"valueRequired\":true,\"valueName\":\"search_term_string\"}}],\"inLanguage\":\"it-IT\"}]}<\/script>\n<!-- \/ Yoast SEO plugin. -->","yoast_head_json":{"title":"Aviso Legale - Ordine delle Scuole Pie","robots":{"index":"index","follow":"follow","max-snippet":"max-snippet:-1","max-image-preview":"max-image-preview:large","max-video-preview":"max-video-preview:-1"},"canonical":"https:\/\/scolopi.org\/aviso-legal\/","og_locale":"it_IT","og_type":"article","og_title":"Aviso Legale - Ordine delle Scuole Pie","og_description":"AVISO LEGALE SCOLOPI.ORG Il responsabile di questa pagina web &egrave;: &ldquo;DELEGACI&Oacute;N GENERAL ESCUELAS P&Iacute;AS&nbsp; ESPA&Ntilde;A&rdquo;, entit&agrave; iscritta con il numero 954-\/0-SE\/B nel Registro di &lsquo;Entidades&nbsp;&nbsp; Religiosas&nbsp;&nbsp; del&nbsp;&nbsp; Ministerio&nbsp;&nbsp; de&nbsp;&nbsp; Justicia&rsquo;,&nbsp;&nbsp; con&nbsp;&nbsp; C.I.F. R-2800024-H, e con domicilio sociale all&rsquo;indirizzo Calle Conde de Pe&ntilde;alver, 51, 28006 &ndash; Madrid. E&rsquo; possibile anche mettersi in contatto con noi telefonando [&hellip;]","og_url":"https:\/\/scolopi.org\/aviso-legal\/","og_site_name":"Ordine delle Scuole Pie","article_modified_time":"2018-05-10T11:16:04+00:00","twitter_card":"summary_large_image","twitter_misc":{"Tempo di lettura stimato":"10 minuti"},"schema":{"@context":"https:\/\/schema.org","@graph":[{"@type":"WebPage","@id":"https:\/\/scolopi.org\/aviso-legal\/","url":"https:\/\/scolopi.org\/aviso-legal\/","name":"Aviso Legale - Ordine delle Scuole Pie","isPartOf":{"@id":"https:\/\/scolopi.org\/#website"},"datePublished":"2018-04-25T09:22:50+00:00","dateModified":"2018-05-10T11:16:04+00:00","breadcrumb":{"@id":"https:\/\/scolopi.org\/aviso-legal\/#breadcrumb"},"inLanguage":"it-IT","potentialAction":[{"@type":"ReadAction","target":["https:\/\/scolopi.org\/aviso-legal\/"]}]},{"@type":"BreadcrumbList","@id":"https:\/\/scolopi.org\/aviso-legal\/#breadcrumb","itemListElement":[{"@type":"ListItem","position":1,"name":"Portada","item":"https:\/\/scolopi.org\/it\/"},{"@type":"ListItem","position":2,"name":"Aviso Legale"}]},{"@type":"WebSite","@id":"https:\/\/scolopi.org\/#website","url":"https:\/\/scolopi.org\/","name":"Ordine delle Scuole Pie","description":"Web Ufficiale dell'Ordine delle Scuole Pie","potentialAction":[{"@type":"SearchAction","target":{"@type":"EntryPoint","urlTemplate":"https:\/\/scolopi.org\/?s={search_term_string}"},"query-input":{"@type":"PropertyValueSpecification","valueRequired":true,"valueName":"search_term_string"}}],"inLanguage":"it-IT"}]}},"_links":{"self":[{"href":"https:\/\/scolopi.org\/it\/wp-json\/wp\/v2\/pages\/18975"}],"collection":[{"href":"https:\/\/scolopi.org\/it\/wp-json\/wp\/v2\/pages"}],"about":[{"href":"https:\/\/scolopi.org\/it\/wp-json\/wp\/v2\/types\/page"}],"author":[{"embeddable":true,"href":"https:\/\/scolopi.org\/it\/wp-json\/wp\/v2\/users\/1"}],"replies":[{"embeddable":true,"href":"https:\/\/scolopi.org\/it\/wp-json\/wp\/v2\/comments?post=18975"}],"version-history":[{"count":0,"href":"https:\/\/scolopi.org\/it\/wp-json\/wp\/v2\/pages\/18975\/revisions"}],"wp:attachment":[{"href":"https:\/\/scolopi.org\/it\/wp-json\/wp\/v2\/media?parent=18975"}],"curies":[{"name":"wp","href":"https:\/\/api.w.org\/{rel}","templated":true}]}}