{"id":4459,"date":"2016-06-23T14:10:07","date_gmt":"2016-06-23T14:10:07","guid":{"rendered":"http:\/\/scolopi.org\/it\/mision\/"},"modified":"2016-10-13T10:37:59","modified_gmt":"2016-10-13T08:37:59","slug":"missione","status":"publish","type":"page","link":"https:\/\/scolopi.org\/it\/missione\/","title":{"rendered":"Missione"},"content":{"rendered":"[et_pb_section admin_label=&#8221;section&#8221;][et_pb_row admin_label=&#8221;row&#8221;][et_pb_column type=&#8221;1_3&#8243;][et_pb_image admin_label=&#8221;Imagen&#8221; src=&#8221;https:\/\/scolopi.org\/wp-content\/uploads\/2016\/06\/13442587_10154260852282292_8846160399813651505_o-e1466693001686.jpg&#8221; show_in_lightbox=&#8221;off&#8221; url_new_window=&#8221;off&#8221; use_overlay=&#8221;off&#8221; animation=&#8221;fade_in&#8221; sticky=&#8221;off&#8221; align=&#8221;left&#8221; force_fullwidth=&#8221;off&#8221; always_center_on_mobile=&#8221;on&#8221; use_border_color=&#8221;off&#8221; border_color=&#8221;#ffffff&#8221; border_style=&#8221;solid&#8221;] [\/et_pb_image][et_pb_testimonial admin_label=&#8221;Recomendaci\u00f3n&#8221; url_new_window=&#8221;off&#8221; quote_icon=&#8221;on&#8221; use_background_color=&#8221;on&#8221; background_color=&#8221;#f5f5f5&#8243; background_layout=&#8221;light&#8221; text_orientation=&#8221;left&#8221; use_border_color=&#8221;off&#8221; border_color=&#8221;#ffffff&#8221; border_style=&#8221;solid&#8221;]\n<p>Evangelizzare educando bambini e giovani fin dalla prima infanzia, e specialmente i bambini poveri integrando Fede e Cultura (Piet\u00e0 e Lettere) per rinnovare la Chiesa e trasformare la societ\u00e0 secondo i valori del Vangelo, creando fraternit\u00e0.<\/p>\n[\/et_pb_testimonial][\/et_pb_column][et_pb_column type=&#8221;2_3&#8243;][et_pb_text admin_label=&#8221;Texto&#8221; background_layout=&#8221;light&#8221; text_orientation=&#8221;left&#8221; use_border_color=&#8221;off&#8221; border_color=&#8221;#ffffff&#8221; border_style=&#8221;solid&#8221;]\n<h1>Missione<\/h1>\n[\/et_pb_text][et_pb_divider admin_label=&#8221;Separador&#8221; color=&#8221;#727272&#8243; show_divider=&#8221;on&#8221; divider_style=&#8221;solid&#8221; divider_position=&#8221;top&#8221; hide_on_mobile=&#8221;on&#8221; height=&#8221;2&#8243;] [\/et_pb_divider][et_pb_text admin_label=&#8221;Texto&#8221; background_layout=&#8221;light&#8221; text_orientation=&#8221;left&#8221; use_border_color=&#8221;off&#8221; border_color=&#8221;#ffffff&#8221; border_style=&#8221;solid&#8221;]\n<p>Evangelizzare educando bambini e giovani fin dalla prima infanzia, e specialmente i bambini poveri integrando Fede e Cultura (Piet\u00e0 e Lettere) per rinnovare la Chiesa e trasformare la societ\u00e0 secondo i valori del Vangelo, creando fraternit\u00e0.<\/p>\n<p>Oggi, nella memoria delle nazioni, l&#8217;educazione pubblica \u00e8 considerata normale, un diritto indiscusso.\u00a0 San Giuseppe Calasanzio e i primi scolopi iniziarono qualcosa di sconosciuto al mondo del XVII secolo.\u00a0 Essi credettero, ed oggi noi continuiamo a crederlo con tutte le nostre forze, che la societ\u00e0 pu\u00f2 andare avanti solo se educa tutti i suoi membri, senza nessuna discriminazione, e specialmente i bambini.\u00a0 Gli scolopi iniziarono cos\u00ec ci\u00f2 che molti considerano il primo sistema di educazione pubblica.\u00a0 Ci dedichiamo all&#8217;educazione dell&#8217;infanzia e della giovent\u00f9 bisognosa in modo da renderli bravi cittadini e buoni cristiani.<\/p>\n<p>Oggi continua vivo il sogno di dare a tutti i bambini un&#8217;educazione cristiana.\u00a0 Noi scolopi seguiamo Ges\u00f9 Cristo dedicandoci all&#8217;educazione della giovent\u00f9 in America, Europa, Africa ed Asia. \u00a0Abbiamo promosso l&#8217;educazione per oltre quattro secoli ed ancora oggi ci preoccupiamo dei sogni e delle aspirazioni della giovent\u00f9.\u00a0 La nostra vita religiosa testimonia il Vangelo in molti modi: mediante l&#8217;educazione, in classe, ispirando i giovani nei gruppi giovanili, e guidandoli in modo che facciano l&#8217;esperienza dell&#8217;amore di Dio.<\/p>\n<p>Noi scolopi scopriamo Ges\u00f9 nei bambini e condividiamo la chiamata di Dio a servirli mediante un voto religioso specifico di dedizione all&#8217;educazione cristiana della giovent\u00f9.\u00a0 Per questo, la dedizione all&#8217;educazione dei bambini per noi scolopi \u00e8 una vocazione sacra.<\/p>\n[\/et_pb_text][et_pb_image admin_label=&#8221;Imagen&#8221; src=&#8221;https:\/\/scolopi.org\/wp-content\/uploads\/2016\/06\/missione-ita.jpg&#8221; show_in_lightbox=&#8221;off&#8221; url_new_window=&#8221;on&#8221; use_overlay=&#8221;off&#8221; animation=&#8221;fade_in&#8221; sticky=&#8221;on&#8221; align=&#8221;left&#8221; force_fullwidth=&#8221;off&#8221; always_center_on_mobile=&#8221;on&#8221; use_border_color=&#8221;off&#8221; border_color=&#8221;#ffffff&#8221; border_style=&#8221;solid&#8221; url=&#8221;https:\/\/scolopi.org\/wp-content\/uploads\/2016\/06\/mision-ESP.pdf&#8221;] [\/et_pb_image][et_pb_text admin_label=&#8221;Texto&#8221; background_layout=&#8221;light&#8221; text_orientation=&#8221;left&#8221; use_border_color=&#8221;off&#8221; border_color=&#8221;#ffffff&#8221; border_style=&#8221;solid&#8221;]\n<p>&nbsp;<\/p>\n<p>Scaricati l&#8217;immagine facendo click \ud83d\ude42<\/p>\n[\/et_pb_text][\/et_pb_column][\/et_pb_row][\/et_pb_section]\n","protected":false},"excerpt":{"rendered":"<p>Evangelizzare educando bambini e giovani fin dalla prima infanzia, e specialmente i bambini poveri integrando Fede e Cultura (Piet&agrave; e Lettere) per rinnovare la Chiesa e trasformare la societ&agrave; secondo i valori del Vangelo, creando fraternit&agrave;. Missione Evangelizzare educando bambini e giovani fin dalla prima infanzia, e specialmente i bambini poveri integrando Fede e Cultura [&hellip;]<\/p>\n","protected":false},"author":2,"featured_media":0,"parent":0,"menu_order":0,"comment_status":"closed","ping_status":"closed","template":"","meta":{"_et_pb_use_builder":"on","_et_pb_old_content":"","_et_gb_content_width":"","footnotes":""},"class_list":["post-4459","page","type-page","status-publish","hentry"],"yoast_head":"<!-- This site is optimized with the Yoast SEO plugin v24.6 - https:\/\/yoast.com\/wordpress\/plugins\/seo\/ -->\n<title>Missione - Ordine delle Scuole Pie<\/title>\n<meta name=\"robots\" content=\"index, follow, max-snippet:-1, max-image-preview:large, max-video-preview:-1\" \/>\n<link rel=\"canonical\" href=\"https:\/\/scolopi.org\/mision\/\" \/>\n<meta property=\"og:locale\" content=\"it_IT\" \/>\n<meta property=\"og:type\" content=\"article\" \/>\n<meta property=\"og:title\" content=\"Missione - Ordine delle Scuole Pie\" \/>\n<meta property=\"og:description\" content=\"Evangelizzare educando bambini e giovani fin dalla prima infanzia, e specialmente i bambini poveri integrando Fede e Cultura (Piet&agrave; e Lettere) per rinnovare la Chiesa e trasformare la societ&agrave; secondo i valori del Vangelo, creando fraternit&agrave;. Missione Evangelizzare educando bambini e giovani fin dalla prima infanzia, e specialmente i bambini poveri integrando Fede e Cultura [&hellip;]\" \/>\n<meta property=\"og:url\" content=\"https:\/\/scolopi.org\/mision\/\" \/>\n<meta property=\"og:site_name\" content=\"Ordine delle Scuole Pie\" \/>\n<meta property=\"article:modified_time\" content=\"2016-10-13T08:37:59+00:00\" \/>\n<meta name=\"twitter:card\" content=\"summary_large_image\" \/>\n<meta name=\"twitter:label1\" content=\"Tempo di lettura stimato\" \/>\n\t<meta name=\"twitter:data1\" content=\"3 minuti\" \/>\n<script type=\"application\/ld+json\" class=\"yoast-schema-graph\">{\"@context\":\"https:\/\/schema.org\",\"@graph\":[{\"@type\":\"WebPage\",\"@id\":\"https:\/\/scolopi.org\/mision\/\",\"url\":\"https:\/\/scolopi.org\/mision\/\",\"name\":\"Missione - Ordine delle Scuole Pie\",\"isPartOf\":{\"@id\":\"https:\/\/scolopi.org\/#website\"},\"datePublished\":\"2016-06-23T14:10:07+00:00\",\"dateModified\":\"2016-10-13T08:37:59+00:00\",\"breadcrumb\":{\"@id\":\"https:\/\/scolopi.org\/mision\/#breadcrumb\"},\"inLanguage\":\"it-IT\",\"potentialAction\":[{\"@type\":\"ReadAction\",\"target\":[\"https:\/\/scolopi.org\/mision\/\"]}]},{\"@type\":\"BreadcrumbList\",\"@id\":\"https:\/\/scolopi.org\/mision\/#breadcrumb\",\"itemListElement\":[{\"@type\":\"ListItem\",\"position\":1,\"name\":\"Portada\",\"item\":\"https:\/\/scolopi.org\/it\/\"},{\"@type\":\"ListItem\",\"position\":2,\"name\":\"Missione\"}]},{\"@type\":\"WebSite\",\"@id\":\"https:\/\/scolopi.org\/#website\",\"url\":\"https:\/\/scolopi.org\/\",\"name\":\"Ordine delle Scuole Pie\",\"description\":\"Web Ufficiale dell'Ordine delle Scuole Pie\",\"potentialAction\":[{\"@type\":\"SearchAction\",\"target\":{\"@type\":\"EntryPoint\",\"urlTemplate\":\"https:\/\/scolopi.org\/?s={search_term_string}\"},\"query-input\":{\"@type\":\"PropertyValueSpecification\",\"valueRequired\":true,\"valueName\":\"search_term_string\"}}],\"inLanguage\":\"it-IT\"}]}<\/script>\n<!-- \/ Yoast SEO plugin. -->","yoast_head_json":{"title":"Missione - Ordine delle Scuole Pie","robots":{"index":"index","follow":"follow","max-snippet":"max-snippet:-1","max-image-preview":"max-image-preview:large","max-video-preview":"max-video-preview:-1"},"canonical":"https:\/\/scolopi.org\/mision\/","og_locale":"it_IT","og_type":"article","og_title":"Missione - Ordine delle Scuole Pie","og_description":"Evangelizzare educando bambini e giovani fin dalla prima infanzia, e specialmente i bambini poveri integrando Fede e Cultura (Piet&agrave; e Lettere) per rinnovare la Chiesa e trasformare la societ&agrave; secondo i valori del Vangelo, creando fraternit&agrave;. Missione Evangelizzare educando bambini e giovani fin dalla prima infanzia, e specialmente i bambini poveri integrando Fede e Cultura [&hellip;]","og_url":"https:\/\/scolopi.org\/mision\/","og_site_name":"Ordine delle Scuole Pie","article_modified_time":"2016-10-13T08:37:59+00:00","twitter_card":"summary_large_image","twitter_misc":{"Tempo di lettura stimato":"3 minuti"},"schema":{"@context":"https:\/\/schema.org","@graph":[{"@type":"WebPage","@id":"https:\/\/scolopi.org\/mision\/","url":"https:\/\/scolopi.org\/mision\/","name":"Missione - Ordine delle Scuole Pie","isPartOf":{"@id":"https:\/\/scolopi.org\/#website"},"datePublished":"2016-06-23T14:10:07+00:00","dateModified":"2016-10-13T08:37:59+00:00","breadcrumb":{"@id":"https:\/\/scolopi.org\/mision\/#breadcrumb"},"inLanguage":"it-IT","potentialAction":[{"@type":"ReadAction","target":["https:\/\/scolopi.org\/mision\/"]}]},{"@type":"BreadcrumbList","@id":"https:\/\/scolopi.org\/mision\/#breadcrumb","itemListElement":[{"@type":"ListItem","position":1,"name":"Portada","item":"https:\/\/scolopi.org\/it\/"},{"@type":"ListItem","position":2,"name":"Missione"}]},{"@type":"WebSite","@id":"https:\/\/scolopi.org\/#website","url":"https:\/\/scolopi.org\/","name":"Ordine delle Scuole Pie","description":"Web Ufficiale dell'Ordine delle Scuole Pie","potentialAction":[{"@type":"SearchAction","target":{"@type":"EntryPoint","urlTemplate":"https:\/\/scolopi.org\/?s={search_term_string}"},"query-input":{"@type":"PropertyValueSpecification","valueRequired":true,"valueName":"search_term_string"}}],"inLanguage":"it-IT"}]}},"_links":{"self":[{"href":"https:\/\/scolopi.org\/it\/wp-json\/wp\/v2\/pages\/4459"}],"collection":[{"href":"https:\/\/scolopi.org\/it\/wp-json\/wp\/v2\/pages"}],"about":[{"href":"https:\/\/scolopi.org\/it\/wp-json\/wp\/v2\/types\/page"}],"author":[{"embeddable":true,"href":"https:\/\/scolopi.org\/it\/wp-json\/wp\/v2\/users\/2"}],"replies":[{"embeddable":true,"href":"https:\/\/scolopi.org\/it\/wp-json\/wp\/v2\/comments?post=4459"}],"version-history":[{"count":0,"href":"https:\/\/scolopi.org\/it\/wp-json\/wp\/v2\/pages\/4459\/revisions"}],"wp:attachment":[{"href":"https:\/\/scolopi.org\/it\/wp-json\/wp\/v2\/media?parent=4459"}],"curies":[{"name":"wp","href":"https:\/\/api.w.org\/{rel}","templated":true}]}}