{"id":4847,"date":"2016-05-11T11:17:03","date_gmt":"2016-05-11T11:17:03","guid":{"rendered":"http:\/\/scolopi.org\/it\/calasanz\/"},"modified":"2020-11-27T13:27:02","modified_gmt":"2020-11-27T12:27:02","slug":"il-calasanzio","status":"publish","type":"page","link":"https:\/\/scolopi.org\/it\/il-calasanzio\/","title":{"rendered":"Il Calasanzio"},"content":{"rendered":"[et_pb_section bb_built=&#8221;1&#8243; admin_label=&#8221;section&#8221;][et_pb_row background_position=&#8221;top_left&#8221; background_repeat=&#8221;repeat&#8221; background_size=&#8221;initial&#8221;][et_pb_column type=&#8221;4_4&#8243;][et_pb_divider color=&#8221;#ffffff&#8221; show_divider=&#8221;off&#8221; height=&#8221;8&#8243; divider_style=&#8221;solid&#8221; divider_position=&#8221;top&#8221; hide_on_mobile=&#8221;on&#8221; disabled_on=&#8221;on|on|off&#8221;]\n[\/et_pb_divider][\/et_pb_column][\/et_pb_row][et_pb_row admin_label=&#8221;row&#8221; background_position=&#8221;top_left&#8221; background_repeat=&#8221;repeat&#8221; background_size=&#8221;initial&#8221;][et_pb_column type=&#8221;1_3&#8243;][et_pb_gallery fullwidth=&#8221;on&#8221; show_title_and_caption=&#8221;on&#8221; show_pagination=&#8221;on&#8221; background_layout=&#8221;light&#8221; auto=&#8221;on&#8221; hover_overlay_color=&#8221;rgba(255,255,255,0.9)&#8221; caption_all_caps=&#8221;off&#8221; use_border_color=&#8221;off&#8221; border_color=&#8221;#ffffff&#8221; border_style=&#8221;solid&#8221; gallery_ids=&#8221;3189&#8243;]\n[\/et_pb_gallery][\/et_pb_column][et_pb_column type=&#8221;2_3&#8243;][et_pb_text background_layout=&#8221;light&#8221; text_orientation=&#8221;left&#8221; use_border_color=&#8221;off&#8221; border_color=&#8221;#ffffff&#8221; border_style=&#8221;solid&#8221; background_position=&#8221;top_left&#8221; background_repeat=&#8221;repeat&#8221; background_size=&#8221;initial&#8221;]\n<h1>San Giuseppe Calasanzio<\/h1>\n[\/et_pb_text][et_pb_divider color=&#8221;#727272&#8243; show_divider=&#8221;on&#8221; divider_style=&#8221;solid&#8221; divider_position=&#8221;top&#8221; hide_on_mobile=&#8221;on&#8221; height=&#8221;2&#8243; saved_tabs=&#8221;all&#8221; disabled_on=&#8221;on|on|off&#8221;]\n[\/et_pb_divider][et_pb_text use_border_color=&#8221;off&#8221; background_position=&#8221;top_left&#8221; background_repeat=&#8221;repeat&#8221; background_size=&#8221;initial&#8221; _builder_version=&#8221;3.11.1&#8243;]\n<p>San Giuseppe Calasanzio, fondatore della prima scuola popolare cristiana d&#8217;Europa e dei Padri Scolopi nacque nel 1557 a Peralta de la Sal (Aragona, Spagna). Nella persona del Calasanzio Dio prepar\u00f2 un mediatore per arricchire la sua Chiesa con un nuovo dono carismatico.\u00a0 Gli concesse doni naturali e l&#8217;ambiente di una famiglia che gli facilit\u00f2 un&#8217;ottima e lunga formazione cristiana e culturale.<\/p>\n<p>Dio lo chiam\u00f2 al sacerdozio e lui svolse questo ministero in diverse missioni curiali e pastorali. Nove anni dopo essere stato ordinato sacerdote, part\u00ec alla volta di Roma, dove, mentre camminava nel quartiere pi\u00f9 povero della citt\u00e0, si commosse vedendo la miseria in cui vivevano i giovani e i bambini del posto.\u00a0 La sua vocazione sorse proprio in questa cornice.\u00a0 Ascolt\u00f2 la voce del Signore, che gli disse: &#8220;Giuseppe, datti ai poveri. \u00a0Insegna ai bambini poveri ed abbine cura\u201d.<\/p>\n<p>Nella primavera del 1597, Giuseppe Calasanzio, mosso dalla compassione verso i bambini poveri e abbandonati \u00a0visit\u00f2 il quartiere romano di Trastevere nella parrocchia di Santa Dorotea e scopr\u00ec una piccola scuola parrocchiale, che fece sorgere nel suo cuore il cammino decisivo della sua vita.\u00a0 Fonda cos\u00ed la &#8220;prima scuola popolare e gratuita d&#8217;Europa&#8221;. La sua meta educativa rimase riassunta nel motto: \u201cPiet\u00e0 e Lettere&#8221;, oggi traducibile in &#8220;fede e cultura&#8221;. E chiam\u00f2 la sua opera le \u201cScuole Pie&#8221;.<\/p>\n<p>Il perno delle sue attivit\u00e0 educative era il rispetto per la personalit\u00e0\u00a0 di ciascun bambino e vedere in loro l&#8217;immagine di Cristo.\u00a0 Per mezzo delle Scuole Pie, cerc\u00f2 di sopperire ai bisogni intellettuali, fisici e spirituali dei giovani a lui affidati.\u00a0 Il Calasanzio fu amico di Galileo, il famoso scienziato, e nell&#8217;educare i giovani dette molta importanza alle scienze, alla matematica e alle lettere.<\/p>\n<p>Volendo continuare la sua opera educativa fond\u00f2 l&#8217;Ordine delle Scuole Pie, un ordine religioso i cui membri, conosciuti con il nome di scolopi, professiamo quattro voti religiosi solenni:\u00a0 povert\u00e0, castit\u00e0, obbedienza e il voto di dedicarci all&#8217;educazione della giovent\u00f9.<\/p>\n<p>Il sogno di San Giuseppe Calasanzio di educare tutti i bambini, le sue scuole per i poveri, il suo appoggio alla scienza di Galileo e la sua vita santa al servizio\u00a0 dei bambini e dei giovani, scatenarono l&#8217;opposizione di molti dirigenti della societ\u00e0 ed anche di alcuni membri della gerarchia ecclesiastica.\u00a0 Ma il Calasanzio mostr\u00f2 sempre una pazienza esemplare dinanzi ai problemi ed alle avversit\u00e0 della vita.<\/p>\n<p>Il Calasanzio ricevette questo carisma, innanzi tutto, come l&#8217;accettazione di una nuova missione evangelizzatrice ed educativa in cui parteciparono i suoi primi compagni;\u00a0 questa missione dette vita ad un rapporto particolare con loro, e con loro il Calasanzio condivise non solo il ministero, ma anche la casa, la preghiera e i beni in una comunit\u00e0 pi\u00f9 stabile; e finalmente si manifest\u00f2 quando il Calasanzio e un piccolo gruppo di seguaci abbracciarono una forma di vita religiosa, che consolid\u00f2 e dette unit\u00e0 a quanto fatto e vissuto fino a quel momento.\u00a0 La Chiesa l&#8217;approv\u00f2 come Congregazione nel 1617 e nel 1622 come Ordine, con un voto specifico di dedizione all&#8217;educazione della giovent\u00f9, sotto il nome di Chierici Regolari Poveri della Madre di Dio delle Scuole Pie.<\/p>\n<p>Gli anni successivi e fino alla sua morte, Guseppe Calasanzio promosse l&#8217;espansione del carisma, cur\u00f2 con attenzione l&#8217;incarnazione del dono delle origini e lo difese da esperienze e interpretazioni che non rispondevano all&#8217;intuizione delle origini.<\/p>\n<p>Fondatore del primo Ordine religioso dedicato in modo specifico all&#8217;educazione cristiana, insistette sempre sui suoi tre punti carismatici, presenti in modo germinale fin dal principio, affermati in modo esplicito nelle Costituzioni del 1621 e ripresi e migliorati negli anni di espansione e di conflitto: dare all&#8217;educazione la priorit\u00e0 fin dall&#8217;infanzia, l&#8217;educazione dei poveri e l&#8217;educazione nella piet\u00e0.<\/p>\n<p>Mor\u00ec a Roma il 25 agosto del 1648, convinto che il suo ordine e il suo sogno non sarebbero morti con lui.\u00a0 E cos\u00ec fu, e fu dichiarato santo nel 1767, e nel 1948 \u00a0il Papa Pio XII lo dichiar\u00f2\u00a0 &#8220;celeste patrono di tutte le scuole popolari cristiane&#8221;. \u00a0Il Papa Santo \u00a0Giovanni Paolo II afferm\u00f2 che San Giuseppe Calasanzio prese Cristo per modello e cerc\u00f2 di trasmettere ai giovani, oltre alla scienza profana, la saggezza del Vangelo insegnando\u00a0 loro a cogliere l&#8217;azione amorevole di Dio.<\/p>\n[\/et_pb_text][et_pb_image animation_style=&#8221;fade&#8221; animation_duration=&#8221;500ms&#8221; animation_intensity_slide=&#8221;10%&#8221; animation_direction=&#8221;center&#8221; show_bottom_space=&#8221;on&#8221;]\n[\/et_pb_image][\/et_pb_column][\/et_pb_row][\/et_pb_section]\n","protected":false},"excerpt":{"rendered":"<p>San Giuseppe Calasanzio San Giuseppe Calasanzio, fondatore della prima scuola popolare cristiana d&#8217;Europa e dei Padri Scolopi nacque nel 1557 a Peralta de la Sal (Aragona, Spagna). Nella persona del Calasanzio Dio prepar&ograve; un mediatore per arricchire la sua Chiesa con un nuovo dono carismatico.&nbsp; Gli concesse doni naturali e l&#8217;ambiente di una famiglia che [&hellip;]<\/p>\n","protected":false},"author":1,"featured_media":0,"parent":0,"menu_order":0,"comment_status":"closed","ping_status":"closed","template":"","meta":{"_et_pb_use_builder":"on","_et_pb_old_content":"<p>San Jos\u00e9 de Calasanz, el fundador de la primera escuela popular cristiana de Europa y de los Padres Escolapios, naci\u00f3 en 1557, en Peralta de la Sal (Arag\u00f3n, Espa\u00f1a). Dios prepar\u00f3 en la persona de Calasanz a un mediador para enriquecer a su Iglesia con un nuevo don carism\u00e1tico. Le concedi\u00f3 dones naturales y el ambiente de una familia que le facilit\u00f3 una excelente y larga formaci\u00f3n cristiana y cultural.<\/p><p>Dios le llam\u00f3 al sacerdocio, cuyo ministerio ejerci\u00f3 en diversas misiones curiales y pastorales. Nueve a\u00f1os despu\u00e9s de ser ordenado sacerdote, parti\u00f3 hacia Roma, donde caminando por el barrio m\u00e1s pobre de la ciudad se conmovi\u00f3 frente a la miseria en la que viv\u00edan los j\u00f3venes y ni\u00f1os del lugar. En este marco surge su vocaci\u00f3n. Escuch\u00f3 la voz del Se\u00f1or, que le dijo: \"Jos\u00e9, entr\u00e9gate a los pobres. Ense\u00f1a a estos ni\u00f1os y cuida de ellos\u201d.<\/p><p>Jos\u00e9 de Calasanz, en la primavera de 1597, movido por la compasi\u00f3n hacia los ni\u00f1os pobres y abandonados visit\u00f3 la vecindad romana del Trastevere y en la parroquia de Santa Dorotea descubri\u00f3 una peque\u00f1a escuela parroquial, que hizo eclosionar en su coraz\u00f3n el camino decisivo de su vida. Funda as\u00ed la \"primera escuela popular y gratuita de Europa\". Su meta educativa qued\u00f3 resumida en el lema: \u201cPiedad y Letras\", que hoy podemos traducir como \"fe y cultura\". Llam\u00f3 a su obra las \u201cEscuelas P\u00edas\".<\/p><p>El centro de sus ideas educativas era el respeto por la personalidad de cada ni\u00f1o y el ver en ellos la imagen de Cristo. Por medio de sus Escuelas P\u00edas, trat\u00f3 de servir las necesidades intelectuales, f\u00edsicas y espirituales de los j\u00f3venes bajo su cuidado. Calasanz fue amigo de Galileo, el destacado cient\u00edfico, y dio gran importancia a las ciencias y a las matem\u00e1ticas, as\u00ed como a las humanidades, en la educaci\u00f3n de la juventud.<\/p><p>Para continuar su labor educativ<img class=\"size-medium wp-image-3184 alignleft\" src=\"https:\/\/scolopi.org.mialias.net\/wp-content\/uploads\/2016\/05\/iconografia_calasanziana-300x205.jpg\" alt=\"iconografia_calasanziana\" width=\"300\" height=\"205\" \/>a fund\u00f3 la Orden de las Escuelas P\u00edas, una orden religiosa cuyos miembros, conocidos como los Escolapios, profesamos cuatro votos religiosos solemnes: pobreza, castidad, obediencia, y el de la dedicaci\u00f3n a la educaci\u00f3n de la juventud.<\/p><p>El sue\u00f1o de San Jos\u00e9 de Calasanz de educar a todos los ni\u00f1os, sus escuelas para los pobres, su apoyo a la ciencia de Galileo, y su vida de santidad en servicio a los ni\u00f1os y j\u00f3venes, le ganaron la oposici\u00f3n de muchos de las clases dirigentes de la sociedad y tambi\u00e9n de buena parte de la jerarqu\u00eda eclesi\u00e1stica. Pero Calasanz mostr\u00f3 una paciencia ejemplar frente a los problemas y adversidades de la vida.<\/p><p>Este carisma fue recibido por Calasanz, ante todo, como la aceptaci\u00f3n de una nueva misi\u00f3n evangelizadora y educativa de la que participaron sus primeros compa\u00f1eros; dio lugar despu\u00e9s a una relaci\u00f3n particular con ellos al compartir, adem\u00e1s del ministerio, vivienda, oraci\u00f3n y bienes en una comunidad m\u00e1s estable; y finalmente se expres\u00f3 cuando Calasanz y un peque\u00f1o grupo de sus seguidores abrazaron una forma de vida religiosa, que consolid\u00f3 y dio unidad a lo realizado y vivido hasta entonces. La Iglesia la aprob\u00f3 como Congregaci\u00f3n en 1617 y como Orden con un voto espec\u00edfico de dedicaci\u00f3n a la educaci\u00f3n de la juventud, en 1622, con el nombre de Cl\u00e9rigos Regulares Pobres de la Madre de Dios de las Escuelas P\u00edas.<\/p><p>En los a\u00f1os sucesivos hasta su muerte, Jos\u00e9 de Calasanz promovi\u00f3 la expansi\u00f3n del carisma, cuid\u00f3 atentamente la encarnaci\u00f3n del don fundacional y lo defendi\u00f3 frente a experiencias e interpretaciones que no respond\u00edan a la intuici\u00f3n de los or\u00edgenes.<\/p><p>Fundador de la primera Orden religiosa dedicada espec\u00edficamente a la educaci\u00f3n cristiana popular a trav\u00e9s de la escuela, insisti\u00f3 siempre en tres rasgos carism\u00e1ticos de la misma, presentes germinalmente desde el principio, afirmados expl\u00edcitamente en las Constituciones de 1621 y perfilados en los a\u00f1os de expansi\u00f3n y de conflicto: dar prioridad a la educaci\u00f3n desde la infancia, a la educaci\u00f3n de los pobres y a la educaci\u00f3n en la piedad.<\/p><p>Muri\u00f3 en Roma el 25 de agosto de 1648, convencido de que su orden y su sue\u00f1o no morir\u00edan. Y as\u00ed fue, pues fue declarado santo en 1767, y el Papa P\u00edo XII le declar\u00f3 en 1948 \"celestial patrono de todas las escuelas populares cristianas\". El Papa Juan Pablo II afirm\u00f3 que San Jos\u00e9 de Calasanz tom\u00f3 por modelo a Cristo e intent\u00f3 transmitir a los j\u00f3venes, adem\u00e1s de la ciencia profana, la sabidur\u00eda del Evangelio ense\u00f1\u00e1ndoles a captar la acci\u00f3n amorosa de Dios.<\/p>","_et_gb_content_width":"","footnotes":""},"class_list":["post-4847","page","type-page","status-publish","hentry"],"yoast_head":"<!-- This site is optimized with the Yoast SEO plugin v24.6 - https:\/\/yoast.com\/wordpress\/plugins\/seo\/ -->\n<title>Il Calasanzio - Ordine delle Scuole Pie<\/title>\n<meta name=\"robots\" content=\"index, follow, max-snippet:-1, max-image-preview:large, max-video-preview:-1\" \/>\n<link rel=\"canonical\" href=\"https:\/\/scolopi.org\/calasanz\/\" \/>\n<meta property=\"og:locale\" content=\"it_IT\" \/>\n<meta property=\"og:type\" content=\"article\" \/>\n<meta property=\"og:title\" content=\"Il Calasanzio - Ordine delle Scuole Pie\" \/>\n<meta property=\"og:description\" content=\"San Giuseppe Calasanzio San Giuseppe Calasanzio, fondatore della prima scuola popolare cristiana d&#039;Europa e dei Padri Scolopi nacque nel 1557 a Peralta de la Sal (Aragona, Spagna). Nella persona del Calasanzio Dio prepar&ograve; un mediatore per arricchire la sua Chiesa con un nuovo dono carismatico.&nbsp; Gli concesse doni naturali e l&#039;ambiente di una famiglia che [&hellip;]\" \/>\n<meta property=\"og:url\" content=\"https:\/\/scolopi.org\/calasanz\/\" \/>\n<meta property=\"og:site_name\" content=\"Ordine delle Scuole Pie\" \/>\n<meta property=\"article:modified_time\" content=\"2020-11-27T12:27:02+00:00\" \/>\n<meta name=\"twitter:card\" content=\"summary_large_image\" \/>\n<meta name=\"twitter:label1\" content=\"Tempo di lettura stimato\" \/>\n\t<meta name=\"twitter:data1\" content=\"5 minuti\" \/>\n<script type=\"application\/ld+json\" class=\"yoast-schema-graph\">{\"@context\":\"https:\/\/schema.org\",\"@graph\":[{\"@type\":\"WebPage\",\"@id\":\"https:\/\/scolopi.org\/calasanz\/\",\"url\":\"https:\/\/scolopi.org\/calasanz\/\",\"name\":\"Il Calasanzio - Ordine delle Scuole Pie\",\"isPartOf\":{\"@id\":\"https:\/\/scolopi.org\/#website\"},\"datePublished\":\"2016-05-11T11:17:03+00:00\",\"dateModified\":\"2020-11-27T12:27:02+00:00\",\"breadcrumb\":{\"@id\":\"https:\/\/scolopi.org\/calasanz\/#breadcrumb\"},\"inLanguage\":\"it-IT\",\"potentialAction\":[{\"@type\":\"ReadAction\",\"target\":[\"https:\/\/scolopi.org\/calasanz\/\"]}]},{\"@type\":\"BreadcrumbList\",\"@id\":\"https:\/\/scolopi.org\/calasanz\/#breadcrumb\",\"itemListElement\":[{\"@type\":\"ListItem\",\"position\":1,\"name\":\"Portada\",\"item\":\"https:\/\/scolopi.org\/it\/\"},{\"@type\":\"ListItem\",\"position\":2,\"name\":\"Il Calasanzio\"}]},{\"@type\":\"WebSite\",\"@id\":\"https:\/\/scolopi.org\/#website\",\"url\":\"https:\/\/scolopi.org\/\",\"name\":\"Ordine delle Scuole Pie\",\"description\":\"Web Ufficiale dell'Ordine delle Scuole Pie\",\"potentialAction\":[{\"@type\":\"SearchAction\",\"target\":{\"@type\":\"EntryPoint\",\"urlTemplate\":\"https:\/\/scolopi.org\/?s={search_term_string}\"},\"query-input\":{\"@type\":\"PropertyValueSpecification\",\"valueRequired\":true,\"valueName\":\"search_term_string\"}}],\"inLanguage\":\"it-IT\"}]}<\/script>\n<!-- \/ Yoast SEO plugin. -->","yoast_head_json":{"title":"Il Calasanzio - Ordine delle Scuole Pie","robots":{"index":"index","follow":"follow","max-snippet":"max-snippet:-1","max-image-preview":"max-image-preview:large","max-video-preview":"max-video-preview:-1"},"canonical":"https:\/\/scolopi.org\/calasanz\/","og_locale":"it_IT","og_type":"article","og_title":"Il Calasanzio - Ordine delle Scuole Pie","og_description":"San Giuseppe Calasanzio San Giuseppe Calasanzio, fondatore della prima scuola popolare cristiana d'Europa e dei Padri Scolopi nacque nel 1557 a Peralta de la Sal (Aragona, Spagna). Nella persona del Calasanzio Dio prepar&ograve; un mediatore per arricchire la sua Chiesa con un nuovo dono carismatico.&nbsp; Gli concesse doni naturali e l'ambiente di una famiglia che [&hellip;]","og_url":"https:\/\/scolopi.org\/calasanz\/","og_site_name":"Ordine delle Scuole Pie","article_modified_time":"2020-11-27T12:27:02+00:00","twitter_card":"summary_large_image","twitter_misc":{"Tempo di lettura stimato":"5 minuti"},"schema":{"@context":"https:\/\/schema.org","@graph":[{"@type":"WebPage","@id":"https:\/\/scolopi.org\/calasanz\/","url":"https:\/\/scolopi.org\/calasanz\/","name":"Il Calasanzio - Ordine delle Scuole Pie","isPartOf":{"@id":"https:\/\/scolopi.org\/#website"},"datePublished":"2016-05-11T11:17:03+00:00","dateModified":"2020-11-27T12:27:02+00:00","breadcrumb":{"@id":"https:\/\/scolopi.org\/calasanz\/#breadcrumb"},"inLanguage":"it-IT","potentialAction":[{"@type":"ReadAction","target":["https:\/\/scolopi.org\/calasanz\/"]}]},{"@type":"BreadcrumbList","@id":"https:\/\/scolopi.org\/calasanz\/#breadcrumb","itemListElement":[{"@type":"ListItem","position":1,"name":"Portada","item":"https:\/\/scolopi.org\/it\/"},{"@type":"ListItem","position":2,"name":"Il Calasanzio"}]},{"@type":"WebSite","@id":"https:\/\/scolopi.org\/#website","url":"https:\/\/scolopi.org\/","name":"Ordine delle Scuole Pie","description":"Web Ufficiale dell'Ordine delle Scuole Pie","potentialAction":[{"@type":"SearchAction","target":{"@type":"EntryPoint","urlTemplate":"https:\/\/scolopi.org\/?s={search_term_string}"},"query-input":{"@type":"PropertyValueSpecification","valueRequired":true,"valueName":"search_term_string"}}],"inLanguage":"it-IT"}]}},"_links":{"self":[{"href":"https:\/\/scolopi.org\/it\/wp-json\/wp\/v2\/pages\/4847"}],"collection":[{"href":"https:\/\/scolopi.org\/it\/wp-json\/wp\/v2\/pages"}],"about":[{"href":"https:\/\/scolopi.org\/it\/wp-json\/wp\/v2\/types\/page"}],"author":[{"embeddable":true,"href":"https:\/\/scolopi.org\/it\/wp-json\/wp\/v2\/users\/1"}],"replies":[{"embeddable":true,"href":"https:\/\/scolopi.org\/it\/wp-json\/wp\/v2\/comments?post=4847"}],"version-history":[{"count":0,"href":"https:\/\/scolopi.org\/it\/wp-json\/wp\/v2\/pages\/4847\/revisions"}],"wp:attachment":[{"href":"https:\/\/scolopi.org\/it\/wp-json\/wp\/v2\/media?parent=4847"}],"curies":[{"name":"wp","href":"https:\/\/api.w.org\/{rel}","templated":true}]}}