{"id":56825,"date":"2021-02-26T16:22:28","date_gmt":"2021-02-26T15:22:28","guid":{"rendered":"https:\/\/scolopi.org\/le-piariste-laic\/"},"modified":"2021-03-04T17:41:04","modified_gmt":"2021-03-04T16:41:04","slug":"lo-scolopio-laico","status":"publish","type":"page","link":"https:\/\/scolopi.org\/it\/lo-scolopio-laico\/","title":{"rendered":"Lo Scolopio Laico"},"content":{"rendered":"[et_pb_section fb_built=&#8221;1&#8243; admin_label=&#8221;section&#8221; _builder_version=&#8221;3.22&#8243;][et_pb_row column_structure=&#8221;1_3,2_3&#8243; _builder_version=&#8221;3.25&#8243; background_size=&#8221;initial&#8221; background_position=&#8221;top_left&#8221; background_repeat=&#8221;repeat&#8221; max_width=&#8221;1080px&#8221;][et_pb_column type=&#8221;1_3&#8243; _builder_version=&#8221;3.25&#8243; custom_padding=&#8221;|||&#8221; custom_padding__hover=&#8221;|||&#8221;][et_pb_image src=&#8221;https:\/\/scolopi.org\/wp-content\/uploads\/2021\/02\/banner-seccion-web-laico.jpg&#8221; title_text=&#8221;banner seccion web laico&#8221; _builder_version=&#8221;4.9.0&#8243; _module_preset=&#8221;default&#8221;][\/et_pb_image][\/et_pb_column][et_pb_column type=&#8221;2_3&#8243; _builder_version=&#8221;3.25&#8243; custom_padding=&#8221;|||&#8221; custom_padding__hover=&#8221;|||&#8221;][et_pb_text _builder_version=&#8221;4.9.0&#8243; background_size=&#8221;initial&#8221; background_position=&#8221;top_left&#8221; background_repeat=&#8221;repeat&#8221; hover_enabled=&#8221;0&#8243; use_border_color=&#8221;off&#8221; border_color=&#8221;#ffffff&#8221; border_style=&#8221;solid&#8221; sticky_enabled=&#8221;0&#8243;]\n<h1>Lo Scolopio Laico<\/h1>\n[\/et_pb_text][et_pb_divider color=&#8221;#727272&#8243; disabled_on=&#8221;on|on|off&#8221; _builder_version=&#8221;3.2&#8243; height=&#8221;2px&#8221; hide_on_mobile=&#8221;on&#8221; saved_tabs=&#8221;all&#8221;]\n[\/et_pb_divider][et_pb_text _builder_version=&#8221;4.9.0&#8243; background_size=&#8221;initial&#8221; background_position=&#8221;top_left&#8221; background_repeat=&#8221;repeat&#8221; hover_enabled=&#8221;0&#8243; use_border_color=&#8221;off&#8221; border_color=&#8221;#ffffff&#8221; border_style=&#8221;solid&#8221; sticky_enabled=&#8221;0&#8243;]\n<p>INTEGRAZIONE CARISMATICA E GIURIDICA NELLE SCUOLE PIE<\/p>\n<p>Gli scolopi laici e laiche viviamo con profonda gioia la condivisione della spiritualit\u00e0, della vita e della missione con gli scolopi religiosi. Abbiamo scelto di rendere presente con il nostro modo di vivere il carisma del Calasanzio nel mondo, nella societ\u00e0 e tra le persone con cui viviamo e condividiamo la nostra vita e il nostro tempo.<\/p>\n<p>Siamo seguaci di Ges\u00f9 che vogliono vivere pienamente la nostra vocazione nello stile del Calasanzio. Questa vocazione si realizza nel Direttorio di Partecipazione nelle Scuole Pie, approvato dal 47\u00b0 Capitolo Generale, dove si sviluppano le linee da cui l&#8217;Ordine Scolopio propone lo sviluppo della straordinaria sfida della comunione tra religiosi e laici.<\/p>\n<p>Gli scolopi laici\/che sono &#8220;persone che, con un&#8217;esperienza carismatica scolopica nella Fraternit\u00e0, fanno parte dell&#8217;Ordine con un impegno giuridico, dal loro status laico, dopo un processo di discernimento con la loro successiva richiesta e accettazione&#8221;<\/p>\n<p>Il 15 giugno 2002, abbiamo fatto la promessa a questa vocazione i primi 7 scolopi laici\/che nella cappella della Scuola Calasancio di Bilbao. In questa lettera vogliamo presentare brevemente come da allora abbiamo realizato questa forma di partecipazione nella Provincia Emmaus.<\/p>\n<p>Come spiega P. Generale, Pedro Aguado, &#8220;ci troviamo di fronte a una vocazione che deve essere molto attentamente curata e valorizzata, riconosciuta in persone di chiaro cammino vocazionale e di formazione coerente, finalmente accettate dai superiori maggiori tenendo conto del parere del Concilio della Fraternit\u00e0&#8221;. &#8220;Ringraziamo Dio per il dono della pluralit\u00e0 vocazionale scolopica, e per la sua infinita bont\u00e0 speriamo di poter tutti capire che c&#8217;\u00e8 un solo modo di vivere la vocazione scolopica (religiosa o laicale) che abbiamo ricevuta: intensamente, pienamente, nell&#8217;onesta ricerca dell&#8217;autenticit\u00e0. Solo cos\u00ec la pluralit\u00e0 vocazionale sar\u00e0 feconda e nel bene dei bambini e dei giovani, specialmente dei poveri&#8221;.<\/p>\n[\/et_pb_text][et_pb_divider color=&#8221;#afafaf&#8221; disabled_on=&#8221;on|on|off&#8221; _builder_version=&#8221;4.9.0&#8243; height=&#8221;2px&#8221; hide_on_mobile=&#8221;on&#8221; saved_tabs=&#8221;all&#8221;]\n[\/et_pb_divider][\/et_pb_column][\/et_pb_row][et_pb_row column_structure=&#8221;1_5,1_5,1_5,1_5,1_5&#8243; _builder_version=&#8221;3.25&#8243; background_size=&#8221;initial&#8221; background_position=&#8221;top_left&#8221; background_repeat=&#8221;repeat&#8221; max_width=&#8221;1080px&#8221;][et_pb_column type=&#8221;1_5&#8243; _builder_version=&#8221;3.25&#8243; custom_padding=&#8221;|||&#8221; custom_padding__hover=&#8221;|||&#8221;][\/et_pb_column][et_pb_column type=&#8221;1_5&#8243; _builder_version=&#8221;3.25&#8243; custom_padding=&#8221;|||&#8221; custom_padding__hover=&#8221;|||&#8221;][\/et_pb_column][et_pb_column type=&#8221;1_5&#8243; _builder_version=&#8221;3.25&#8243; custom_padding=&#8221;|||&#8221; custom_padding__hover=&#8221;|||&#8221;][et_pb_image src=&#8221;https:\/\/scolopi.org\/wp-content\/uploads\/2021\/02\/mockup1.png&#8221; alt=&#8221;Download&#8221; title_text=&#8221;Download&#8221; url=&#8221;https:\/\/scolopi.org\/wp-content\/uploads\/2021\/02\/LAICO-EEPP-I.pdf&#8221; url_new_window=&#8221;on&#8221; _builder_version=&#8221;4.9.0&#8243; _module_preset=&#8221;default&#8221;][\/et_pb_image][\/et_pb_column][et_pb_column type=&#8221;1_5&#8243; _builder_version=&#8221;3.25&#8243; custom_padding=&#8221;|||&#8221; custom_padding__hover=&#8221;|||&#8221;][et_pb_image src=&#8221;https:\/\/scolopi.org\/wp-content\/uploads\/2021\/02\/mockup2.png&#8221; title_text=&#8221;Download&#8221; url=&#8221;https:\/\/scolopi.org\/wp-content\/uploads\/2021\/02\/LAICO-EEPP-II.pdf&#8221; url_new_window=&#8221;on&#8221; _builder_version=&#8221;4.9.0&#8243; _module_preset=&#8221;default&#8221;][\/et_pb_image][\/et_pb_column][et_pb_column type=&#8221;1_5&#8243; _builder_version=&#8221;3.25&#8243; custom_padding=&#8221;|||&#8221; custom_padding__hover=&#8221;|||&#8221;][et_pb_image src=&#8221;https:\/\/scolopi.org\/wp-content\/uploads\/2021\/02\/mockup3.png&#8221; title_text=&#8221;Download&#8221; url=&#8221;https:\/\/scolopi.org\/wp-content\/uploads\/2021\/02\/LAICO-EEPP-III.pdf&#8221; url_new_window=&#8221;on&#8221; _builder_version=&#8221;4.9.0&#8243; _module_preset=&#8221;default&#8221;][\/et_pb_image][\/et_pb_column][\/et_pb_row][\/et_pb_section]\n","protected":false},"excerpt":{"rendered":"<p>Lo Scolopio Laico INTEGRAZIONE CARISMATICA E GIURIDICA NELLE SCUOLE PIE Gli scolopi laici e laiche viviamo con profonda gioia la condivisione della spiritualit&agrave;, della vita e della missione con gli scolopi religiosi. Abbiamo scelto di rendere presente con il nostro modo di vivere il carisma del Calasanzio nel mondo, nella societ&agrave; e tra le persone [&hellip;]<\/p>\n","protected":false},"author":2,"featured_media":0,"parent":0,"menu_order":0,"comment_status":"closed","ping_status":"closed","template":"","meta":{"_et_pb_use_builder":"on","_et_pb_old_content":"","_et_gb_content_width":"","footnotes":""},"class_list":["post-56825","page","type-page","status-publish","hentry"],"yoast_head":"<!-- This site is optimized with the Yoast SEO plugin v24.6 - https:\/\/yoast.com\/wordpress\/plugins\/seo\/ -->\n<title>Lo Scolopio Laico - Ordine delle Scuole Pie<\/title>\n<meta name=\"robots\" content=\"index, follow, max-snippet:-1, max-image-preview:large, max-video-preview:-1\" \/>\n<link rel=\"canonical\" href=\"https:\/\/scolopi.org\/escolapio-laico\/\" \/>\n<meta property=\"og:locale\" content=\"it_IT\" \/>\n<meta property=\"og:type\" content=\"article\" \/>\n<meta property=\"og:title\" content=\"Lo Scolopio Laico - Ordine delle Scuole Pie\" \/>\n<meta property=\"og:description\" content=\"Lo Scolopio Laico INTEGRAZIONE CARISMATICA E GIURIDICA NELLE SCUOLE PIE Gli scolopi laici e laiche viviamo con profonda gioia la condivisione della spiritualit&agrave;, della vita e della missione con gli scolopi religiosi. Abbiamo scelto di rendere presente con il nostro modo di vivere il carisma del Calasanzio nel mondo, nella societ&agrave; e tra le persone [&hellip;]\" \/>\n<meta property=\"og:url\" content=\"https:\/\/scolopi.org\/escolapio-laico\/\" \/>\n<meta property=\"og:site_name\" content=\"Ordine delle Scuole Pie\" \/>\n<meta property=\"article:modified_time\" content=\"2021-03-04T16:41:04+00:00\" \/>\n<meta name=\"twitter:card\" content=\"summary_large_image\" \/>\n<meta name=\"twitter:label1\" content=\"Tempo di lettura stimato\" \/>\n\t<meta name=\"twitter:data1\" content=\"3 minuti\" \/>\n<script type=\"application\/ld+json\" class=\"yoast-schema-graph\">{\"@context\":\"https:\/\/schema.org\",\"@graph\":[{\"@type\":\"WebPage\",\"@id\":\"https:\/\/scolopi.org\/escolapio-laico\/\",\"url\":\"https:\/\/scolopi.org\/escolapio-laico\/\",\"name\":\"Lo Scolopio Laico - Ordine delle Scuole Pie\",\"isPartOf\":{\"@id\":\"https:\/\/scolopi.org\/#website\"},\"datePublished\":\"2021-02-26T15:22:28+00:00\",\"dateModified\":\"2021-03-04T16:41:04+00:00\",\"breadcrumb\":{\"@id\":\"https:\/\/scolopi.org\/escolapio-laico\/#breadcrumb\"},\"inLanguage\":\"it-IT\",\"potentialAction\":[{\"@type\":\"ReadAction\",\"target\":[\"https:\/\/scolopi.org\/escolapio-laico\/\"]}]},{\"@type\":\"BreadcrumbList\",\"@id\":\"https:\/\/scolopi.org\/escolapio-laico\/#breadcrumb\",\"itemListElement\":[{\"@type\":\"ListItem\",\"position\":1,\"name\":\"Portada\",\"item\":\"https:\/\/scolopi.org\/it\/\"},{\"@type\":\"ListItem\",\"position\":2,\"name\":\"Lo Scolopio Laico\"}]},{\"@type\":\"WebSite\",\"@id\":\"https:\/\/scolopi.org\/#website\",\"url\":\"https:\/\/scolopi.org\/\",\"name\":\"Ordine delle Scuole Pie\",\"description\":\"Web Ufficiale dell'Ordine delle Scuole Pie\",\"potentialAction\":[{\"@type\":\"SearchAction\",\"target\":{\"@type\":\"EntryPoint\",\"urlTemplate\":\"https:\/\/scolopi.org\/?s={search_term_string}\"},\"query-input\":{\"@type\":\"PropertyValueSpecification\",\"valueRequired\":true,\"valueName\":\"search_term_string\"}}],\"inLanguage\":\"it-IT\"}]}<\/script>\n<!-- \/ Yoast SEO plugin. -->","yoast_head_json":{"title":"Lo Scolopio Laico - Ordine delle Scuole Pie","robots":{"index":"index","follow":"follow","max-snippet":"max-snippet:-1","max-image-preview":"max-image-preview:large","max-video-preview":"max-video-preview:-1"},"canonical":"https:\/\/scolopi.org\/escolapio-laico\/","og_locale":"it_IT","og_type":"article","og_title":"Lo Scolopio Laico - Ordine delle Scuole Pie","og_description":"Lo Scolopio Laico INTEGRAZIONE CARISMATICA E GIURIDICA NELLE SCUOLE PIE Gli scolopi laici e laiche viviamo con profonda gioia la condivisione della spiritualit&agrave;, della vita e della missione con gli scolopi religiosi. Abbiamo scelto di rendere presente con il nostro modo di vivere il carisma del Calasanzio nel mondo, nella societ&agrave; e tra le persone [&hellip;]","og_url":"https:\/\/scolopi.org\/escolapio-laico\/","og_site_name":"Ordine delle Scuole Pie","article_modified_time":"2021-03-04T16:41:04+00:00","twitter_card":"summary_large_image","twitter_misc":{"Tempo di lettura stimato":"3 minuti"},"schema":{"@context":"https:\/\/schema.org","@graph":[{"@type":"WebPage","@id":"https:\/\/scolopi.org\/escolapio-laico\/","url":"https:\/\/scolopi.org\/escolapio-laico\/","name":"Lo Scolopio Laico - Ordine delle Scuole Pie","isPartOf":{"@id":"https:\/\/scolopi.org\/#website"},"datePublished":"2021-02-26T15:22:28+00:00","dateModified":"2021-03-04T16:41:04+00:00","breadcrumb":{"@id":"https:\/\/scolopi.org\/escolapio-laico\/#breadcrumb"},"inLanguage":"it-IT","potentialAction":[{"@type":"ReadAction","target":["https:\/\/scolopi.org\/escolapio-laico\/"]}]},{"@type":"BreadcrumbList","@id":"https:\/\/scolopi.org\/escolapio-laico\/#breadcrumb","itemListElement":[{"@type":"ListItem","position":1,"name":"Portada","item":"https:\/\/scolopi.org\/it\/"},{"@type":"ListItem","position":2,"name":"Lo Scolopio Laico"}]},{"@type":"WebSite","@id":"https:\/\/scolopi.org\/#website","url":"https:\/\/scolopi.org\/","name":"Ordine delle Scuole Pie","description":"Web Ufficiale dell'Ordine delle Scuole Pie","potentialAction":[{"@type":"SearchAction","target":{"@type":"EntryPoint","urlTemplate":"https:\/\/scolopi.org\/?s={search_term_string}"},"query-input":{"@type":"PropertyValueSpecification","valueRequired":true,"valueName":"search_term_string"}}],"inLanguage":"it-IT"}]}},"_links":{"self":[{"href":"https:\/\/scolopi.org\/it\/wp-json\/wp\/v2\/pages\/56825"}],"collection":[{"href":"https:\/\/scolopi.org\/it\/wp-json\/wp\/v2\/pages"}],"about":[{"href":"https:\/\/scolopi.org\/it\/wp-json\/wp\/v2\/types\/page"}],"author":[{"embeddable":true,"href":"https:\/\/scolopi.org\/it\/wp-json\/wp\/v2\/users\/2"}],"replies":[{"embeddable":true,"href":"https:\/\/scolopi.org\/it\/wp-json\/wp\/v2\/comments?post=56825"}],"version-history":[{"count":0,"href":"https:\/\/scolopi.org\/it\/wp-json\/wp\/v2\/pages\/56825\/revisions"}],"wp:attachment":[{"href":"https:\/\/scolopi.org\/it\/wp-json\/wp\/v2\/media?parent=56825"}],"curies":[{"name":"wp","href":"https:\/\/api.w.org\/{rel}","templated":true}]}}