{"id":6056,"date":"2017-01-10T14:37:32","date_gmt":"2017-01-10T13:37:32","guid":{"rendered":"http:\/\/scolopi.org\/january\/"},"modified":"2017-01-25T13:10:49","modified_gmt":"2017-01-25T12:10:49","slug":"ian31","status":"publish","type":"page","link":"https:\/\/scolopi.org\/it\/ian31\/","title":{"rendered":"IAN 31"},"content":{"rendered":"[et_pb_section admin_label=&#8221;section&#8221;][et_pb_row admin_label=&#8221;Fila&#8221;][et_pb_column type=&#8221;4_4&#8243;][et_pb_image admin_label=&#8221;Imagen&#8221; src=&#8221;https:\/\/scolopi.org\/wp-content\/uploads\/2017\/01\/portadilla-31-de-enero-1.jpg&#8221; show_in_lightbox=&#8221;off&#8221; url_new_window=&#8221;off&#8221; use_overlay=&#8221;off&#8221; animation=&#8221;fade_in&#8221; sticky=&#8221;off&#8221; align=&#8221;left&#8221; force_fullwidth=&#8221;off&#8221; always_center_on_mobile=&#8221;on&#8221; use_border_color=&#8221;off&#8221; border_color=&#8221;#ffffff&#8221; border_style=&#8221;solid&#8221;] [\/et_pb_image][et_pb_divider admin_label=&#8221;Separador&#8221; color=&#8221;#ffffff&#8221; show_divider=&#8221;off&#8221; height=&#8221;3&#8243; divider_style=&#8221;solid&#8221; divider_position=&#8221;top&#8221; hide_on_mobile=&#8221;on&#8221;] [\/et_pb_divider][\/et_pb_column][\/et_pb_row][et_pb_row admin_label=&#8221;row&#8221;][et_pb_column type=&#8221;1_4&#8243;][et_pb_image admin_label=&#8221;Imagen&#8221; show_in_lightbox=&#8221;off&#8221; url_new_window=&#8221;off&#8221; use_overlay=&#8221;off&#8221; animation=&#8221;fade_in&#8221; sticky=&#8221;off&#8221; align=&#8221;left&#8221; force_fullwidth=&#8221;off&#8221; always_center_on_mobile=&#8221;on&#8221; use_border_color=&#8221;off&#8221; border_color=&#8221;#ffffff&#8221; border_style=&#8221;solid&#8221; src=&#8221;https:\/\/scolopi.org\/wp-content\/uploads\/2017\/01\/vertical-31-de-enero.jpg&#8221;] [\/et_pb_image][\/et_pb_column][et_pb_column type=&#8221;3_4&#8243;][et_pb_accordion admin_label=&#8221;Acorde\u00f3n&#8221; use_border_color=&#8221;off&#8221; border_color=&#8221;#ffffff&#8221; border_style=&#8221;solid&#8221;] [et_pb_accordion_item title=&#8221;GIORNO DEL RINGRAZIAMENTO PER LA NOSTRA VOCAZIONE&#8221;]\n<p>Il 31 gennaio tutto l\u2019Ordine celebra il GIORNO DEL RINGRAZIAMENTO PER LA NOSTRA VOCAZIONE. In questo Anno Giubilare, mettiamo a vostra disposizione un materiale semplice che potete scaricare qui. In esso troverete una breve introduzione storica, nonch\u00e9 una proposta per una celebrazione.<\/p>\n<p>&nbsp;<\/p>\n<a href=\"https:\/\/scolopi.org\/wp-content\/uploads\/2017\/01\/jubilaei-31-enero-ITA.pdf\" class=\"su-button su-button-style-default\" style=\"color:#FFFFFF;background-color:#002f52;border-color:#002642;border-radius:5px\" target=\"_blank\" rel=\"noopener noreferrer\"><span style=\"color:#FFFFFF;padding:6px 16px;font-size:13px;line-height:20px;border-color:#4d6e86;border-radius:5px;text-shadow:none\"><i class=\"sui sui-hand-o-right\" style=\"font-size:13px;color:#FFFFFF\"><\/i> <small style=\"padding-bottom:6px;color:#FFFFFF\">DOWNLOAD ITA PDF<\/small><\/span><\/a>\n[\/et_pb_accordion_item][et_pb_accordion_item title=&#8221;D\u00cdA DE ACCI\u00d3N DE GRACIAS POR NUESTRA VOCACI\u00d3N&#8221;]\n<p>El pr\u00f3ximo 31 de enero el conjunto de la Orden celebra el D\u00cdA DE ACCI\u00d3N DE GRACIAS POR NUESTRA VOCACI\u00d3N. En este A\u00f1o Jubilar, ponemos a vuestra disposici\u00f3n un sencillo material que puedes descargar aqu\u00ed. En \u00e9l encontrar\u00e1s una breve introducci\u00f3n hist\u00f3rica as\u00ed como una propuesta de celebraci\u00f3n.<\/p>\n<p>&nbsp;<\/p>\n<a href=\"https:\/\/scolopi.org\/wp-content\/uploads\/2017\/01\/jubilaei-31-enero.pdf\" class=\"su-button su-button-style-default\" style=\"color:#FFFFFF;background-color:#002f52;border-color:#002642;border-radius:5px\" target=\"_blank\" rel=\"noopener noreferrer\"><span style=\"color:#FFFFFF;padding:6px 16px;font-size:13px;line-height:20px;border-color:#4d6e86;border-radius:5px;text-shadow:none\"><i class=\"sui sui-hand-o-right\" style=\"font-size:13px;color:#FFFFFF\"><\/i> <small style=\"padding-bottom:6px;color:#FFFFFF\">DOWNLOAD PDF<\/small><\/span><\/a> [\/et_pb_accordion_item][et_pb_accordion_item title=&#8221;DAY OF THANKSGIVING FOR OUR VOCATION&#8221;]\n<p>On January 31 the whole Order will celebrates the DAY OF THANKSGIVING FOR OUR VOCATION. In this Jubilee Year, we put at your disposal a simple material that you can download here. In it you will find a brief historical introduction, as well as a proposal for a celebration.<\/p>\n<p>&nbsp;<\/p>\n<a href=\"https:\/\/scolopi.org\/wp-content\/uploads\/2017\/01\/jubilaei-31-enero-ENG.pdf\" class=\"su-button su-button-style-default\" style=\"color:#FFFFFF;background-color:#002f52;border-color:#002642;border-radius:5px\" target=\"_blank\" rel=\"noopener noreferrer\"><span style=\"color:#FFFFFF;padding:6px 16px;font-size:13px;line-height:20px;border-color:#4d6e86;border-radius:5px;text-shadow:none\"><i class=\"sui sui-hand-o-right\" style=\"font-size:13px;color:#FFFFFF\"><\/i> <small style=\"padding-bottom:6px;color:#FFFFFF\">DOWNLOAD ENGLISH PDF<\/small><\/span><\/a> [\/et_pb_accordion_item][et_pb_accordion_item title=&#8221;JOUR DE REMERCIEMENT POUR NOTRE VOCATION&#8221;]\n<p>Le 31 janvier, l\u2019ensemble de l\u2019Ordre c\u00e9l\u00e8bre le JOUR DE REMERCIEMENT POUR NOTRE VOCATION. En cette ann\u00e9e jubilaire, nous mettons \u00e0 votre disposition un mat\u00e9riel simple que vous pouvez t\u00e9l\u00e9charger ici. Dedans, vous trouverez une br\u00e8ve introduction historique, ainsi que d\u2019une proposition pour une c\u00e9l\u00e9bration.<\/p>\n<p>&nbsp;<\/p>\n<a href=\"https:\/\/scolopi.org\/wp-content\/uploads\/2017\/01\/jubilaei-31-enero-FRA.pdf\" class=\"su-button su-button-style-default\" style=\"color:#FFFFFF;background-color:#002f52;border-color:#002642;border-radius:5px\" target=\"_blank\" rel=\"noopener noreferrer\"><span style=\"color:#FFFFFF;padding:6px 16px;font-size:13px;line-height:20px;border-color:#4d6e86;border-radius:5px;text-shadow:none\"><i class=\"sui sui-hand-o-right\" style=\"font-size:13px;color:#FFFFFF\"><\/i> <small style=\"padding-bottom:6px;color:#FFFFFF\">DOWNLOAD FRA PDF<\/small><\/span><\/a> [\/et_pb_accordion_item] [\/et_pb_accordion][et_pb_divider admin_label=&#8221;Separador&#8221; color=&#8221;#ffffff&#8221; show_divider=&#8221;off&#8221; height=&#8221;3&#8243; divider_style=&#8221;solid&#8221; divider_position=&#8221;top&#8221; hide_on_mobile=&#8221;on&#8221;] [\/et_pb_divider][\/et_pb_column][\/et_pb_row][\/et_pb_section]\n","protected":false},"excerpt":{"rendered":"<p>Il 31 gennaio tutto l&rsquo;Ordine celebra il GIORNO DEL RINGRAZIAMENTO PER LA NOSTRA VOCAZIONE. In questo Anno Giubilare, mettiamo a vostra disposizione un materiale semplice che potete scaricare qui. In esso troverete una breve introduzione storica, nonch&eacute; una proposta per una celebrazione. &nbsp; <a href=\"https:\/\/scolopi.org\/wp-content\/uploads\/2017\/01\/jubilaei-31-enero-ITA.pdf\" class=\"su-button su-button-style-default\" style=\"color:#FFFFFF;background-color:#002f52;border-color:#002642;border-radius:5px\" target=\"_blank\" rel=\"noopener noreferrer\"><span style=\"color:#FFFFFF;padding:6px 16px;font-size:13px;line-height:20px;border-color:#4d6e86;border-radius:5px;text-shadow:none\"><i class=\"sui sui-hand-o-right\" style=\"font-size:13px;color:#FFFFFF\"><\/i> <small style=\"padding-bottom:6px;color:#FFFFFF\">DOWNLOAD ITA PDF<\/small><\/span><\/a> El pr&oacute;ximo 31 [&hellip;]<\/p>\n","protected":false},"author":2,"featured_media":0,"parent":0,"menu_order":0,"comment_status":"closed","ping_status":"closed","template":"","meta":{"_et_pb_use_builder":"on","_et_pb_old_content":"","_et_gb_content_width":"","footnotes":""},"class_list":["post-6056","page","type-page","status-publish","hentry"],"yoast_head":"<!-- This site is optimized with the Yoast SEO plugin v24.6 - https:\/\/yoast.com\/wordpress\/plugins\/seo\/ -->\n<title>IAN 31 - Ordine delle Scuole Pie<\/title>\n<meta name=\"robots\" content=\"index, follow, max-snippet:-1, max-image-preview:large, max-video-preview:-1\" \/>\n<link rel=\"canonical\" href=\"https:\/\/scolopi.org\/ian31\/\" \/>\n<meta property=\"og:locale\" content=\"it_IT\" \/>\n<meta property=\"og:type\" content=\"article\" \/>\n<meta property=\"og:title\" content=\"IAN 31 - Ordine delle Scuole Pie\" \/>\n<meta property=\"og:description\" content=\"Il 31 gennaio tutto l&rsquo;Ordine celebra il GIORNO DEL RINGRAZIAMENTO PER LA NOSTRA VOCAZIONE. In questo Anno Giubilare, mettiamo a vostra disposizione un materiale semplice che potete scaricare qui. In esso troverete una breve introduzione storica, nonch&eacute; una proposta per una celebrazione. &nbsp; El pr&oacute;ximo 31 [&hellip;]\" \/>\n<meta property=\"og:url\" content=\"https:\/\/scolopi.org\/ian31\/\" \/>\n<meta property=\"og:site_name\" content=\"Ordine delle Scuole Pie\" \/>\n<meta property=\"article:modified_time\" content=\"2017-01-25T12:10:49+00:00\" \/>\n<meta name=\"twitter:card\" content=\"summary_large_image\" \/>\n<meta name=\"twitter:label1\" content=\"Tempo di lettura stimato\" \/>\n\t<meta name=\"twitter:data1\" content=\"3 minuti\" \/>\n<script type=\"application\/ld+json\" class=\"yoast-schema-graph\">{\"@context\":\"https:\/\/schema.org\",\"@graph\":[{\"@type\":\"WebPage\",\"@id\":\"https:\/\/scolopi.org\/ian31\/\",\"url\":\"https:\/\/scolopi.org\/ian31\/\",\"name\":\"IAN 31 - Ordine delle Scuole Pie\",\"isPartOf\":{\"@id\":\"https:\/\/scolopi.org\/#website\"},\"datePublished\":\"2017-01-10T13:37:32+00:00\",\"dateModified\":\"2017-01-25T12:10:49+00:00\",\"breadcrumb\":{\"@id\":\"https:\/\/scolopi.org\/ian31\/#breadcrumb\"},\"inLanguage\":\"it-IT\",\"potentialAction\":[{\"@type\":\"ReadAction\",\"target\":[\"https:\/\/scolopi.org\/ian31\/\"]}]},{\"@type\":\"BreadcrumbList\",\"@id\":\"https:\/\/scolopi.org\/ian31\/#breadcrumb\",\"itemListElement\":[{\"@type\":\"ListItem\",\"position\":1,\"name\":\"Portada\",\"item\":\"https:\/\/scolopi.org\/it\/\"},{\"@type\":\"ListItem\",\"position\":2,\"name\":\"IAN 31\"}]},{\"@type\":\"WebSite\",\"@id\":\"https:\/\/scolopi.org\/#website\",\"url\":\"https:\/\/scolopi.org\/\",\"name\":\"Ordine delle Scuole Pie\",\"description\":\"Web Ufficiale dell'Ordine delle Scuole Pie\",\"potentialAction\":[{\"@type\":\"SearchAction\",\"target\":{\"@type\":\"EntryPoint\",\"urlTemplate\":\"https:\/\/scolopi.org\/?s={search_term_string}\"},\"query-input\":{\"@type\":\"PropertyValueSpecification\",\"valueRequired\":true,\"valueName\":\"search_term_string\"}}],\"inLanguage\":\"it-IT\"}]}<\/script>\n<!-- \/ Yoast SEO plugin. -->","yoast_head_json":{"title":"IAN 31 - Ordine delle Scuole Pie","robots":{"index":"index","follow":"follow","max-snippet":"max-snippet:-1","max-image-preview":"max-image-preview:large","max-video-preview":"max-video-preview:-1"},"canonical":"https:\/\/scolopi.org\/ian31\/","og_locale":"it_IT","og_type":"article","og_title":"IAN 31 - Ordine delle Scuole Pie","og_description":"Il 31 gennaio tutto l&rsquo;Ordine celebra il GIORNO DEL RINGRAZIAMENTO PER LA NOSTRA VOCAZIONE. In questo Anno Giubilare, mettiamo a vostra disposizione un materiale semplice che potete scaricare qui. In esso troverete una breve introduzione storica, nonch&eacute; una proposta per una celebrazione. &nbsp; El pr&oacute;ximo 31 [&hellip;]","og_url":"https:\/\/scolopi.org\/ian31\/","og_site_name":"Ordine delle Scuole Pie","article_modified_time":"2017-01-25T12:10:49+00:00","twitter_card":"summary_large_image","twitter_misc":{"Tempo di lettura stimato":"3 minuti"},"schema":{"@context":"https:\/\/schema.org","@graph":[{"@type":"WebPage","@id":"https:\/\/scolopi.org\/ian31\/","url":"https:\/\/scolopi.org\/ian31\/","name":"IAN 31 - Ordine delle Scuole Pie","isPartOf":{"@id":"https:\/\/scolopi.org\/#website"},"datePublished":"2017-01-10T13:37:32+00:00","dateModified":"2017-01-25T12:10:49+00:00","breadcrumb":{"@id":"https:\/\/scolopi.org\/ian31\/#breadcrumb"},"inLanguage":"it-IT","potentialAction":[{"@type":"ReadAction","target":["https:\/\/scolopi.org\/ian31\/"]}]},{"@type":"BreadcrumbList","@id":"https:\/\/scolopi.org\/ian31\/#breadcrumb","itemListElement":[{"@type":"ListItem","position":1,"name":"Portada","item":"https:\/\/scolopi.org\/it\/"},{"@type":"ListItem","position":2,"name":"IAN 31"}]},{"@type":"WebSite","@id":"https:\/\/scolopi.org\/#website","url":"https:\/\/scolopi.org\/","name":"Ordine delle Scuole Pie","description":"Web Ufficiale dell'Ordine delle Scuole Pie","potentialAction":[{"@type":"SearchAction","target":{"@type":"EntryPoint","urlTemplate":"https:\/\/scolopi.org\/?s={search_term_string}"},"query-input":{"@type":"PropertyValueSpecification","valueRequired":true,"valueName":"search_term_string"}}],"inLanguage":"it-IT"}]}},"_links":{"self":[{"href":"https:\/\/scolopi.org\/it\/wp-json\/wp\/v2\/pages\/6056"}],"collection":[{"href":"https:\/\/scolopi.org\/it\/wp-json\/wp\/v2\/pages"}],"about":[{"href":"https:\/\/scolopi.org\/it\/wp-json\/wp\/v2\/types\/page"}],"author":[{"embeddable":true,"href":"https:\/\/scolopi.org\/it\/wp-json\/wp\/v2\/users\/2"}],"replies":[{"embeddable":true,"href":"https:\/\/scolopi.org\/it\/wp-json\/wp\/v2\/comments?post=6056"}],"version-history":[{"count":0,"href":"https:\/\/scolopi.org\/it\/wp-json\/wp\/v2\/pages\/6056\/revisions"}],"wp:attachment":[{"href":"https:\/\/scolopi.org\/it\/wp-json\/wp\/v2\/media?parent=6056"}],"curies":[{"name":"wp","href":"https:\/\/api.w.org\/{rel}","templated":true}]}}