{"id":65007,"date":"2021-09-20T13:31:39","date_gmt":"2021-09-20T11:31:39","guid":{"rendered":"https:\/\/scolopi.org\/48cg\/asistentes\/"},"modified":"2024-11-15T15:28:08","modified_gmt":"2024-11-15T14:28:08","slug":"partecipanti","status":"publish","type":"page","link":"https:\/\/scolopi.org\/it\/48cg\/partecipanti\/","title":{"rendered":"Partecipanti"},"content":{"rendered":"[et_pb_section fb_built=&#8221;1&#8243; fullwidth=&#8221;on&#8221; _builder_version=&#8221;4.16&#8243; _module_preset=&#8221;default&#8221; background_color=&#8221;#0c71c3&#8243; sticky_position=&#8221;top&#8221; global_colors_info=&#8221;{}&#8221;][et_pb_fullwidth_menu menu_id=&#8221;267&#8243; _builder_version=&#8221;4.16&#8243; _module_preset=&#8221;default&#8221; menu_font=&#8221;||||||||&#8221; menu_text_color=&#8221;#ffffff&#8221; menu_font_size=&#8221;18px&#8221; background_color=&#8221;#0c71c3&#8243; sticky_position=&#8221;top&#8221; global_colors_info=&#8221;{}&#8221;][\/et_pb_fullwidth_menu][\/et_pb_section][et_pb_section fb_built=&#8221;1&#8243; next_background_color=&#8221;#ffffff&#8221; admin_label=&#8221;Hero Section&#8221; _builder_version=&#8221;4.16&#8243; use_background_color_gradient=&#8221;on&#8221; background_color_gradient_stops=&#8221;rgba(0,0,0,0.4) 0%|rgba(0,0,0,0.4) 100%&#8221; background_color_gradient_overlays_image=&#8221;on&#8221; background_color_gradient_start=&#8221;rgba(0,0,0,0.4)&#8221; background_color_gradient_end=&#8221;rgba(0,0,0,0.4)&#8221; background_image=&#8221;https:\/\/scolopi.org\/wp-content\/uploads\/2020\/10\/entradilla-48cg.png&#8221; background_position=&#8221;center_right&#8221; vertical_offset_tablet=&#8221;0&#8243; horizontal_offset_tablet=&#8221;0&#8243; min_height=&#8221;270px&#8221; max_height=&#8221;500px&#8221; custom_padding=&#8221;3.6%||1.7%|||&#8221; bottom_divider_style=&#8221;slant&#8221; bottom_divider_height=&#8221;60px&#8221; box_shadow_horizontal_tablet=&#8221;0px&#8221; box_shadow_vertical_tablet=&#8221;0px&#8221; box_shadow_blur_tablet=&#8221;40px&#8221; box_shadow_spread_tablet=&#8221;0px&#8221; global_colors_info=&#8221;{}&#8221; background_color_gradient_direction__hover=&#8221;180deg&#8221; background_color_gradient_direction__hover_enabled=&#8221;180deg&#8221; background_color_gradient_start_position__hover=&#8221;0%&#8221; background_color_gradient_start_position__hover_enabled=&#8221;0%&#8221; background_color_gradient_end_position__hover=&#8221;100%&#8221; background_color_gradient_end_position__hover_enabled=&#8221;100%&#8221; background_color_gradient_stops__hover=&#8221;rgba(0,0,0,0.4) 0%|rgba(0,0,0,0.4) 100%&#8221;][et_pb_row _builder_version=&#8221;4.16&#8243; vertical_offset_tablet=&#8221;0&#8243; horizontal_offset_tablet=&#8221;0&#8243; z_index_tablet=&#8221;0&#8243; box_shadow_horizontal_tablet=&#8221;0px&#8221; box_shadow_vertical_tablet=&#8221;0px&#8221; box_shadow_blur_tablet=&#8221;40px&#8221; box_shadow_spread_tablet=&#8221;0px&#8221; global_colors_info=&#8221;{}&#8221;][et_pb_column type=&#8221;4_4&#8243; _builder_version=&#8221;4.16&#8243; custom_padding=&#8221;|||&#8221; global_colors_info=&#8221;{}&#8221; custom_padding__hover=&#8221;|||&#8221;][et_pb_text admin_label=&#8221;Hero Section Title&#8221; _builder_version=&#8221;4.16&#8243; text_font=&#8221;|||on|||||&#8221; header_font=&#8221;Montserrat|600|||||||&#8221; header_font_size=&#8221;48px&#8221; header_letter_spacing=&#8221;3px&#8221; header_line_height=&#8221;1.3em&#8221; header_2_font=&#8221;Montserrat|700|||||||&#8221; header_2_text_color=&#8221;rgba(255,255,255,0.6)&#8221; header_2_font_size=&#8221;90px&#8221; header_2_letter_spacing=&#8221;3px&#8221; header_2_line_height=&#8221;1.1em&#8221; vertical_offset_tablet=&#8221;0&#8243; horizontal_offset_tablet=&#8221;0&#8243; text_orientation=&#8221;center&#8221; background_layout=&#8221;dark&#8221; module_alignment=&#8221;center&#8221; custom_margin=&#8221;||11px|||&#8221; custom_padding=&#8221;23px|||||&#8221; animation_style=&#8221;slide&#8221; animation_direction=&#8221;bottom&#8221; animation_intensity_slide=&#8221;5%&#8221; header_font_size_tablet=&#8221;&#8221; header_font_size_phone=&#8221;28px&#8221; header_font_size_last_edited=&#8221;on|phone&#8221; header_2_font_size_tablet=&#8221;&#8221; header_2_font_size_phone=&#8221;50px&#8221; header_2_font_size_last_edited=&#8221;on|phone&#8221; z_index_tablet=&#8221;0&#8243; text_text_shadow_horizontal_length_tablet=&#8221;0px&#8221; text_text_shadow_vertical_length_tablet=&#8221;0px&#8221; text_text_shadow_blur_strength_tablet=&#8221;1px&#8221; link_text_shadow_horizontal_length_tablet=&#8221;0px&#8221; link_text_shadow_vertical_length_tablet=&#8221;0px&#8221; link_text_shadow_blur_strength_tablet=&#8221;1px&#8221; ul_text_shadow_horizontal_length_tablet=&#8221;0px&#8221; ul_text_shadow_vertical_length_tablet=&#8221;0px&#8221; ul_text_shadow_blur_strength_tablet=&#8221;1px&#8221; ol_text_shadow_horizontal_length_tablet=&#8221;0px&#8221; ol_text_shadow_vertical_length_tablet=&#8221;0px&#8221; ol_text_shadow_blur_strength_tablet=&#8221;1px&#8221; quote_text_shadow_horizontal_length_tablet=&#8221;0px&#8221; quote_text_shadow_vertical_length_tablet=&#8221;0px&#8221; quote_text_shadow_blur_strength_tablet=&#8221;1px&#8221; header_text_shadow_horizontal_length_tablet=&#8221;0px&#8221; header_text_shadow_vertical_length_tablet=&#8221;0px&#8221; header_text_shadow_blur_strength_tablet=&#8221;1px&#8221; header_2_text_shadow_horizontal_length_tablet=&#8221;0px&#8221; header_2_text_shadow_vertical_length_tablet=&#8221;0px&#8221; header_2_text_shadow_blur_strength_tablet=&#8221;1px&#8221; header_3_text_shadow_horizontal_length_tablet=&#8221;0px&#8221; header_3_text_shadow_vertical_length_tablet=&#8221;0px&#8221; header_3_text_shadow_blur_strength_tablet=&#8221;1px&#8221; header_4_text_shadow_horizontal_length_tablet=&#8221;0px&#8221; header_4_text_shadow_vertical_length_tablet=&#8221;0px&#8221; header_4_text_shadow_blur_strength_tablet=&#8221;1px&#8221; header_5_text_shadow_horizontal_length_tablet=&#8221;0px&#8221; header_5_text_shadow_vertical_length_tablet=&#8221;0px&#8221; header_5_text_shadow_blur_strength_tablet=&#8221;1px&#8221; header_6_text_shadow_horizontal_length_tablet=&#8221;0px&#8221; header_6_text_shadow_vertical_length_tablet=&#8221;0px&#8221; header_6_text_shadow_blur_strength_tablet=&#8221;1px&#8221; box_shadow_horizontal_tablet=&#8221;0px&#8221; box_shadow_vertical_tablet=&#8221;0px&#8221; box_shadow_blur_tablet=&#8221;40px&#8221; box_shadow_spread_tablet=&#8221;0px&#8221; saved_tabs=&#8221;all&#8221; global_colors_info=&#8221;{}&#8221;]\n<h1>Partecipanti<\/h1>\n<h1>#48CG<\/h1>\n<p>&nbsp;<\/p>\n[\/et_pb_text][\/et_pb_column][\/et_pb_row][\/et_pb_section][et_pb_section fb_built=&#8221;1&#8243; _builder_version=&#8221;4.16&#8243; _module_preset=&#8221;default&#8221; global_colors_info=&#8221;{}&#8221;][et_pb_row column_structure=&#8221;2_5,3_5&#8243; _builder_version=&#8221;4.16&#8243; _module_preset=&#8221;default&#8221; custom_margin=&#8221;|auto|49px|auto||&#8221; global_colors_info=&#8221;{}&#8221;][et_pb_column type=&#8221;2_5&#8243; _builder_version=&#8221;4.16&#8243; _module_preset=&#8221;default&#8221; global_colors_info=&#8221;{}&#8221;][et_pb_text admin_label=&#8221;CONGREGACI\u00d3N GENERAL&#8221; _builder_version=&#8221;4.16&#8243; _module_preset=&#8221;default&#8221; global_colors_info=&#8221;{}&#8221;]\n<p><strong>Congregazione Generale<\/strong><\/p>\n<p>P. Pedro AGUADO, P. Generale<\/p>\n<p>P. Miguel GIR\u00c1LDEZ, Assistente Generale per l\u2019Europa<\/p>\n<p>P. J\u00f3zsef URB\u00c1N, Assistente Generale per l\u2019Asia e Vice-provinciale dell\u2019India<\/p>\n<p>P. Pierre DIATTA, Assistente Generale per l\u2019Africa<\/p>\n<p>P. Francisco ANAYA, Assistente Generale per l\u2019America<\/p>\n[\/et_pb_text][et_pb_divider color=&#8221;#0C71C3&#8243; divider_style=&#8221;dotted&#8221; divider_weight=&#8221;2px&#8221; _builder_version=&#8221;4.16&#8243; _module_preset=&#8221;default&#8221; global_colors_info=&#8221;{}&#8221;][\/et_pb_divider][et_pb_text admin_label=&#8221;CURIA GENERAL&#8221; _builder_version=&#8221;4.27.0&#8243; _module_preset=&#8221;default&#8221; hover_enabled=&#8221;0&#8243; global_colors_info=&#8221;{}&#8221; sticky_enabled=&#8221;0&#8243;]\n<p>P. Ciro GUIDA, Procuratore Generale<\/p>\n<p>P. Francesc MULET, Segretario Generale<\/p>\n[\/et_pb_text][et_pb_divider color=&#8221;#0C71C3&#8243; divider_style=&#8221;dotted&#8221; divider_weight=&#8221;2px&#8221; _builder_version=&#8221;4.16&#8243; _module_preset=&#8221;default&#8221; global_colors_info=&#8221;{}&#8221;][\/et_pb_divider][et_pb_toggle title=&#8221;ITALIA&#8221; admin_label=&#8221;ITALIA&#8221; _builder_version=&#8221;4.16&#8243; _module_preset=&#8221;default&#8221; global_colors_info=&#8221;{}&#8221;]\n<p>P. Sergio SERENI, Provinciale<\/p>\n<p>P. Paolo BERTOLLO, Capitolare<\/p>\n<p>P. Martin BADIANE, Capitolare<\/p>\n[\/et_pb_toggle][et_pb_toggle title=&#8221;POLONIA&#8221; admin_label=&#8221;POLONIA&#8221; _builder_version=&#8221;4.16&#8243; _module_preset=&#8221;default&#8221; global_colors_info=&#8221;{}&#8221;]\n<p>P. Mateusz PINDELSKI, Provinciale<\/p>\n<p>P. J\u00f3zef MATRAS, Capitolare<\/p>\n<p>P. Jaros\u0142aw PABIAN, Capitolare<\/p>\n[\/et_pb_toggle][et_pb_toggle title=&#8221;UNGHERIA&#8221; admin_label=&#8221;HUNGR\u00cdA&#8221; _builder_version=&#8221;4.16&#8243; _module_preset=&#8221;default&#8221; global_colors_info=&#8221;{}&#8221;]\n<div>P. \u00c1d\u00e1m SZAK\u00c1L, Provinciale<\/div>\n<div>\u00a0<\/div>\n<div>\n<div>P. Zsolt CZEGL\u00c9DI, Capitolare<\/div>\n<div>\n<div>\u00a0<\/div>\n<div>P. Zsolt LABANCZ, Capitolare<\/div>\n<\/div>\n<\/div>\n[\/et_pb_toggle][et_pb_toggle title=&#8221;EMMAUS&#8221; admin_label=&#8221;EMA\u00daS&#8221; _builder_version=&#8221;4.16&#8243; _module_preset=&#8221;default&#8221; global_colors_info=&#8221;{}&#8221;]\n<div>P. Jes\u00fas ELIZARI, Provinciale<\/div>\n<div>\u00a0<\/div>\n<div>\n<div>P. Javier NEGRO, Capitolare<\/div>\n<div>\u00a0<\/div>\n<div>P. Mariano GRASSA, Capitolare<\/div>\n<\/div>\n[\/et_pb_toggle][et_pb_toggle title=&#8221;CATALOGNA&#8221; admin_label=&#8221;CATALU\u00d1A&#8221; _builder_version=&#8221;4.16&#8243; _module_preset=&#8221;default&#8221; global_colors_info=&#8221;{}&#8221;]\n<div>P. Eduard PINI, Provinciale<\/div>\n<div>\u00a0<\/div>\n<div>\n<div>Fr. Joan PRAT, Capitolare<\/div>\n<div>\u00a0<\/div>\n<div>P. Jordi VIL\u00c1, Capitolare<\/div>\n<\/div>\n[\/et_pb_toggle][et_pb_toggle title=&#8221;AUSTRIA&#8221; admin_label=&#8221;AUSTRIA&#8221; _builder_version=&#8221;4.16&#8243; _module_preset=&#8221;default&#8221; global_colors_info=&#8221;{}&#8221;]\n<div>P. Jean de Dieu TAGNE, Delegato Generale<\/div>\n[\/et_pb_toggle][et_pb_toggle title=&#8221;BETANIA&#8221; admin_label=&#8221;BETANIA&#8221; _builder_version=&#8221;4.16&#8243; _module_preset=&#8221;default&#8221; global_colors_info=&#8221;{}&#8221;]\n<div>P. Iv\u00e1n RUIZ, Provinciale<\/div>\n<div>\u00a0<\/div>\n<div>\n<div>P. Vicente CLIMENT, Capitolare<\/div>\n<div>\u00a0<\/div>\n<div>P. V\u00edctor GIL, Capitolare<\/div>\n<\/div>\n[\/et_pb_toggle][et_pb_toggle title=&#8221;SLOVACCHIA&#8221; admin_label=&#8221;ESLOVAQUIA&#8221; _builder_version=&#8221;4.16&#8243; _module_preset=&#8221;default&#8221; global_colors_info=&#8221;{}&#8221;]\n<div>P. Juraj \u010eURNEK, Provinciale<\/div>\n<div>\u00a0<\/div>\n<div>\n<div>P. Stanislav \u0160IMKOVI\u010c, Capitolare<\/div>\n<div>\u00a0<\/div>\n<div>\n<div>P. Mat\u00fa\u0161 PALAJ, Capitolare<\/div>\n<\/div>\n<\/div>\n[\/et_pb_toggle][et_pb_toggle title=&#8221;ARGENTINA&#8221; admin_label=&#8221;ARGENTINA&#8221; _builder_version=&#8221;4.16&#8243; _module_preset=&#8221;default&#8221; global_colors_info=&#8221;{}&#8221;]\n<div>P. Marcelo BEN\u00cdTEZ, Provinciale<\/div>\n<div>\u00a0<\/div>\n<div>\n<div>P. Ernesto HERRMANN, Capitolare<\/div>\n<div>\u00a0<\/div>\n<div>\n<div>P. Sergio CONCI, Capitolare<\/div>\n<\/div>\n<\/div>\n[\/et_pb_toggle][et_pb_toggle title=&#8221;USA &#8211; PR&#8221; admin_label=&#8221;USA-PUERTO RICO&#8221; _builder_version=&#8221;4.16&#8243; _module_preset=&#8221;default&#8221; global_colors_info=&#8221;{}&#8221;]\n<div>P. Fernando NEGRO, Provinciale<\/div>\n<div>\u00a0<\/div>\n<div>\n<div>P. Luis Alberto CRUZ, Capitolare<\/div>\n<div>\u00a0<\/div>\n<div>P. Emilio SOTOMAYOR, Vocal aggiunto<\/div>\n<\/div>\n[\/et_pb_toggle][et_pb_toggle title=&#8221;MESSICO&#8221; admin_label=&#8221;M\u00c9XICO&#8221; _builder_version=&#8221;4.16&#8243; _module_preset=&#8221;default&#8221; global_colors_info=&#8221;{}&#8221;]\n<div>P. Marco Antonio V\u00c9LIZ, Provinciale<\/div>\n<div>\u00a0<\/div>\n<div>\n<div>P. Julio Alberto \u00c1LVAREZ, Capitolare<\/div>\n<div>\u00a0<\/div>\n<div>\n<div>P. Emmanuel SU\u00c1REZ, Capitolare<\/div>\n<\/div>\n<\/div>\n[\/et_pb_toggle][et_pb_toggle title=&#8221;NAZARET&#8221; admin_label=&#8221;NAZARET&#8221; _builder_version=&#8221;4.16&#8243; _module_preset=&#8221;default&#8221; global_colors_info=&#8221;{}&#8221;]\n<div>P. Juan Carlos SEVILLANO, Provinciale<\/div>\n<div>\u00a0<\/div>\n<div>\n<div>P. Carles SUCH, Capitolare<\/div>\n<div>\u00a0<\/div>\n<\/div>\n<div>P. Juan Pablo ANDUQUIA, Capitolare<\/div>\n[\/et_pb_toggle][et_pb_toggle title=&#8221;AMERICA CENTRALE E CARAIBI&#8221; admin_label=&#8221;CENTROAM\u00c9RICA&#8221; _builder_version=&#8221;4.16&#8243; _module_preset=&#8221;default&#8221; global_colors_info=&#8221;{}&#8221;]\n<div>P. Juan Alfonso SERRA, Provinciale<\/div>\n<div>\u00a0<\/div>\n<div>\n<div>P. Javier ALONSO, Capitolare<\/div>\n<div>\u00a0<\/div>\n<div>P. Mauricio VALDIVIA, Capitolare<\/div>\n<\/div>\n[\/et_pb_toggle][et_pb_toggle title=&#8221;AFRICA CENTRALE&#8221; admin_label=&#8221;\u00c1FRICA CENTRAL&#8221; _builder_version=&#8221;4.16&#8243; _module_preset=&#8221;default&#8221; global_colors_info=&#8221;{}&#8221;]\n<div>P. Evaristus AKEM NDI, Provinciale<\/div>\n<div>\u00a0<\/div>\n<div>\n<div>P. Paulinus ABOSE, Capitolare aggiunto<\/div>\n<div>\u00a0<\/div>\n<div>P. Moses KONGMI, Capitolare<\/div>\n<\/div>\n[\/et_pb_toggle][et_pb_toggle title=&#8221;AFRICA OCCIDENTALE&#8221; admin_label=&#8221;\u00c1FRICA DEL OESTE&#8221; _builder_version=&#8221;4.16&#8243; _module_preset=&#8221;default&#8221; global_colors_info=&#8221;{}&#8221;]\n<div>P. Christian EHEMBA, Provinciale<\/div>\n<div>\u00a0<\/div>\n<div>\n<div>P. Samson EHEMBA, Capitolare<\/div>\n<div>\u00a0<\/div>\n<div>P. Pierre Canisius BADJI, Capitolare<\/div>\n<\/div>\n[\/et_pb_toggle][et_pb_toggle title=&#8221;BRASILE &#8211; BOLIVIA&#8221; admin_label=&#8221;BRASIL-BOLIVIA&#8221; _builder_version=&#8221;4.16&#8243; _module_preset=&#8221;default&#8221; global_colors_info=&#8221;{}&#8221;]\n<div>P. Javier AGUIRREGABIRIA, Provinciale<\/div>\n<div>\n<div>\u00a0<\/div>\n<div>P. Enivaldo JOAO DE OLIVEIRA, Capitolare<\/div>\n<div>\u00a0<\/div>\n<div>P. Arilson Aparecido DE OLIVEIRA, Capitolare<\/div>\n<\/div>\n[\/et_pb_toggle][et_pb_toggle title=&#8221;ASIA PACIFICO&#8221; admin_label=&#8221;ASIA PAC\u00cdFICO&#8221; _builder_version=&#8221;4.16&#8243; _module_preset=&#8221;default&#8221; global_colors_info=&#8221;{}&#8221;]\n<div>P. Miguel ARTOLA, Provinciale<\/div>\n<div>\u00a0<\/div>\n<div>P. Francis MOSENDE, Capitolare<\/div>\n<div>\u00a0<\/div>\n<div>P. Jes\u00fas BARI\u00d3N, Capitolare<\/div>\n[\/et_pb_toggle][et_pb_toggle title=&#8221;CILE&#8221; admin_label=&#8221;CHILE&#8221; _builder_version=&#8221;4.16&#8243; _module_preset=&#8221;default&#8221; global_colors_info=&#8221;{}&#8221;]\n<div>P. Miguel DEL CERRO, Delegato Generale<\/div>\n[\/et_pb_toggle][et_pb_toggle title=&#8221;VICE-PROVINCIA DELLE CALIFORNIE&#8221; admin_label=&#8221;CALIFORNIAS&#8221; _builder_version=&#8221;4.16&#8243; _module_preset=&#8221;default&#8221; global_colors_info=&#8221;{}&#8221;]\n<div>P. Hilario FLORES, Viceprovinciale<\/div>\n<div>\u00a0<\/div>\n<div>P. Daniel VEL\u00c1SQUEZ, Capitolare<\/div>\n[\/et_pb_toggle][et_pb_toggle title=&#8221;CONGO&#8221; admin_label=&#8221;CONGO&#8221; _builder_version=&#8221;4.16&#8243; _module_preset=&#8221;default&#8221; global_colors_info=&#8221;{}&#8221;]\n<p>P. Felicien MOUENDJI, Superiore Vicariale<\/p>\n[\/et_pb_toggle][et_pb_toggle title=&#8221;VICE-PROVINCIA DELL&#8217;INDIA&#8221; admin_label=&#8221;INDIA&#8221; _builder_version=&#8221;4.16&#8243; _module_preset=&#8221;default&#8221; global_colors_info=&#8221;{}&#8221;]\n<div>P. Thomas PALLITHAZHATHU, Capitolare<\/div>\n<div>P. Stalin NASIANSE, Capitolare<\/div>\n[\/et_pb_toggle][et_pb_divider color=&#8221;#002f52&#8243; divider_style=&#8221;dotted&#8221; divider_weight=&#8221;2&#8243; disabled_on=&#8221;on|on|off&#8221; admin_label=&#8221;Separador Home&#8221; _builder_version=&#8221;4.16&#8243; height=&#8221;0px&#8221; hide_on_mobile=&#8221;on&#8221; saved_tabs=&#8221;all&#8221; global_colors_info=&#8221;{}&#8221;][\/et_pb_divider][et_pb_text admin_label=&#8221;INVITADOS&#8221; _builder_version=&#8221;4.16&#8243; _module_preset=&#8221;default&#8221; global_colors_info=&#8221;{}&#8221;]\n<p>Invitati:<\/p>\n<div>\n<p>P. Carles GIL, Coordinatore del Progetto \u201cSCUOLE PIE IN USCITA\u201d<\/p>\n<p>P. Roberto DALUSUNG, Coordinatore del Progetto di Espansione Vocazionale in Asia.<\/p>\n<\/div>\n[\/et_pb_text][\/et_pb_column][et_pb_column type=&#8221;3_5&#8243; _builder_version=&#8221;4.16&#8243; _module_preset=&#8221;default&#8221; global_colors_info=&#8221;{}&#8221;][et_pb_gallery gallery_ids=&#8221;65435,65439,65443,65447,65451,65455,65459,65467,65471,65475,65479,65483,65487,65491,65495,65499,65503,65511,65515,65519&#8243; gallery_orderby=&#8221;rand&#8221; fullwidth=&#8221;on&#8221; _builder_version=&#8221;4.16&#8243; _module_preset=&#8221;default&#8221; global_colors_info=&#8221;{}&#8221;][\/et_pb_gallery][\/et_pb_column][\/et_pb_row][\/et_pb_section]\n","protected":false},"excerpt":{"rendered":"<p>Partecipanti #48CG &nbsp;Congregazione Generale P. Pedro AGUADO, P. Generale P. Miguel GIR&Aacute;LDEZ, Assistente Generale per l&rsquo;Europa P. J&oacute;zsef URB&Aacute;N, Assistente Generale per l&rsquo;Asia e Vice-provinciale dell&rsquo;India P. Pierre DIATTA, Assistente Generale per l&rsquo;Africa P. Francisco ANAYA, Assistente Generale per l&rsquo;AmericaP. Ciro GUIDA, Procuratore Generale P. Francesc MULET, Segretario GeneraleP. Sergio SERENI, Provinciale P. Paolo BERTOLLO, [&hellip;]<\/p>\n","protected":false},"author":2,"featured_media":0,"parent":65002,"menu_order":0,"comment_status":"closed","ping_status":"closed","template":"","meta":{"_et_pb_use_builder":"on","_et_pb_old_content":"","_et_gb_content_width":"","footnotes":""},"class_list":["post-65007","page","type-page","status-publish","hentry"],"yoast_head":"<!-- This site is optimized with the Yoast SEO plugin v24.6 - https:\/\/yoast.com\/wordpress\/plugins\/seo\/ -->\n<title>Partecipanti - Ordine delle Scuole Pie<\/title>\n<meta name=\"robots\" content=\"index, follow, max-snippet:-1, max-image-preview:large, max-video-preview:-1\" \/>\n<link rel=\"canonical\" href=\"https:\/\/scolopi.org\/it\/48cg\/partecipanti\/\" \/>\n<meta property=\"og:locale\" content=\"it_IT\" \/>\n<meta property=\"og:type\" content=\"article\" \/>\n<meta property=\"og:title\" content=\"Partecipanti - Ordine delle Scuole Pie\" \/>\n<meta property=\"og:description\" content=\"Partecipanti #48CG &nbsp;Congregazione Generale P. Pedro AGUADO, P. Generale P. Miguel GIR&Aacute;LDEZ, Assistente Generale per l&rsquo;Europa P. J&oacute;zsef URB&Aacute;N, Assistente Generale per l&rsquo;Asia e Vice-provinciale dell&rsquo;India P. Pierre DIATTA, Assistente Generale per l&rsquo;Africa P. Francisco ANAYA, Assistente Generale per l&rsquo;AmericaP. Ciro GUIDA, Procuratore Generale P. Francesc MULET, Segretario GeneraleP. Sergio SERENI, Provinciale P. Paolo BERTOLLO, [&hellip;]\" \/>\n<meta property=\"og:url\" content=\"https:\/\/scolopi.org\/it\/48cg\/partecipanti\/\" \/>\n<meta property=\"og:site_name\" content=\"Ordine delle Scuole Pie\" \/>\n<meta property=\"article:modified_time\" content=\"2024-11-15T14:28:08+00:00\" \/>\n<meta name=\"twitter:card\" content=\"summary_large_image\" \/>\n<meta name=\"twitter:label1\" content=\"Tempo di lettura stimato\" \/>\n\t<meta name=\"twitter:data1\" content=\"6 minuti\" \/>\n<script type=\"application\/ld+json\" class=\"yoast-schema-graph\">{\"@context\":\"https:\/\/schema.org\",\"@graph\":[{\"@type\":\"WebPage\",\"@id\":\"https:\/\/scolopi.org\/it\/48cg\/partecipanti\/\",\"url\":\"https:\/\/scolopi.org\/it\/48cg\/partecipanti\/\",\"name\":\"Partecipanti - Ordine delle Scuole Pie\",\"isPartOf\":{\"@id\":\"https:\/\/scolopi.org\/#website\"},\"datePublished\":\"2021-09-20T11:31:39+00:00\",\"dateModified\":\"2024-11-15T14:28:08+00:00\",\"breadcrumb\":{\"@id\":\"https:\/\/scolopi.org\/it\/48cg\/partecipanti\/#breadcrumb\"},\"inLanguage\":\"it-IT\",\"potentialAction\":[{\"@type\":\"ReadAction\",\"target\":[\"https:\/\/scolopi.org\/it\/48cg\/partecipanti\/\"]}]},{\"@type\":\"BreadcrumbList\",\"@id\":\"https:\/\/scolopi.org\/it\/48cg\/partecipanti\/#breadcrumb\",\"itemListElement\":[{\"@type\":\"ListItem\",\"position\":1,\"name\":\"Portada\",\"item\":\"https:\/\/scolopi.org\/it\/\"},{\"@type\":\"ListItem\",\"position\":2,\"name\":\"48CG\",\"item\":\"https:\/\/scolopi.org\/48cg\/\"},{\"@type\":\"ListItem\",\"position\":3,\"name\":\"Partecipanti\"}]},{\"@type\":\"WebSite\",\"@id\":\"https:\/\/scolopi.org\/#website\",\"url\":\"https:\/\/scolopi.org\/\",\"name\":\"Ordine delle Scuole Pie\",\"description\":\"Web Ufficiale dell'Ordine delle Scuole Pie\",\"potentialAction\":[{\"@type\":\"SearchAction\",\"target\":{\"@type\":\"EntryPoint\",\"urlTemplate\":\"https:\/\/scolopi.org\/?s={search_term_string}\"},\"query-input\":{\"@type\":\"PropertyValueSpecification\",\"valueRequired\":true,\"valueName\":\"search_term_string\"}}],\"inLanguage\":\"it-IT\"}]}<\/script>\n<!-- \/ Yoast SEO plugin. -->","yoast_head_json":{"title":"Partecipanti - Ordine delle Scuole Pie","robots":{"index":"index","follow":"follow","max-snippet":"max-snippet:-1","max-image-preview":"max-image-preview:large","max-video-preview":"max-video-preview:-1"},"canonical":"https:\/\/scolopi.org\/it\/48cg\/partecipanti\/","og_locale":"it_IT","og_type":"article","og_title":"Partecipanti - Ordine delle Scuole Pie","og_description":"Partecipanti #48CG &nbsp;Congregazione Generale P. Pedro AGUADO, P. Generale P. Miguel GIR&Aacute;LDEZ, Assistente Generale per l&rsquo;Europa P. J&oacute;zsef URB&Aacute;N, Assistente Generale per l&rsquo;Asia e Vice-provinciale dell&rsquo;India P. Pierre DIATTA, Assistente Generale per l&rsquo;Africa P. Francisco ANAYA, Assistente Generale per l&rsquo;AmericaP. Ciro GUIDA, Procuratore Generale P. Francesc MULET, Segretario GeneraleP. Sergio SERENI, Provinciale P. Paolo BERTOLLO, [&hellip;]","og_url":"https:\/\/scolopi.org\/it\/48cg\/partecipanti\/","og_site_name":"Ordine delle Scuole Pie","article_modified_time":"2024-11-15T14:28:08+00:00","twitter_card":"summary_large_image","twitter_misc":{"Tempo di lettura stimato":"6 minuti"},"schema":{"@context":"https:\/\/schema.org","@graph":[{"@type":"WebPage","@id":"https:\/\/scolopi.org\/it\/48cg\/partecipanti\/","url":"https:\/\/scolopi.org\/it\/48cg\/partecipanti\/","name":"Partecipanti - Ordine delle Scuole Pie","isPartOf":{"@id":"https:\/\/scolopi.org\/#website"},"datePublished":"2021-09-20T11:31:39+00:00","dateModified":"2024-11-15T14:28:08+00:00","breadcrumb":{"@id":"https:\/\/scolopi.org\/it\/48cg\/partecipanti\/#breadcrumb"},"inLanguage":"it-IT","potentialAction":[{"@type":"ReadAction","target":["https:\/\/scolopi.org\/it\/48cg\/partecipanti\/"]}]},{"@type":"BreadcrumbList","@id":"https:\/\/scolopi.org\/it\/48cg\/partecipanti\/#breadcrumb","itemListElement":[{"@type":"ListItem","position":1,"name":"Portada","item":"https:\/\/scolopi.org\/it\/"},{"@type":"ListItem","position":2,"name":"48CG","item":"https:\/\/scolopi.org\/48cg\/"},{"@type":"ListItem","position":3,"name":"Partecipanti"}]},{"@type":"WebSite","@id":"https:\/\/scolopi.org\/#website","url":"https:\/\/scolopi.org\/","name":"Ordine delle Scuole Pie","description":"Web Ufficiale dell'Ordine delle Scuole Pie","potentialAction":[{"@type":"SearchAction","target":{"@type":"EntryPoint","urlTemplate":"https:\/\/scolopi.org\/?s={search_term_string}"},"query-input":{"@type":"PropertyValueSpecification","valueRequired":true,"valueName":"search_term_string"}}],"inLanguage":"it-IT"}]}},"_links":{"self":[{"href":"https:\/\/scolopi.org\/it\/wp-json\/wp\/v2\/pages\/65007"}],"collection":[{"href":"https:\/\/scolopi.org\/it\/wp-json\/wp\/v2\/pages"}],"about":[{"href":"https:\/\/scolopi.org\/it\/wp-json\/wp\/v2\/types\/page"}],"author":[{"embeddable":true,"href":"https:\/\/scolopi.org\/it\/wp-json\/wp\/v2\/users\/2"}],"replies":[{"embeddable":true,"href":"https:\/\/scolopi.org\/it\/wp-json\/wp\/v2\/comments?post=65007"}],"version-history":[{"count":1,"href":"https:\/\/scolopi.org\/it\/wp-json\/wp\/v2\/pages\/65007\/revisions"}],"predecessor-version":[{"id":112283,"href":"https:\/\/scolopi.org\/it\/wp-json\/wp\/v2\/pages\/65007\/revisions\/112283"}],"up":[{"embeddable":true,"href":"https:\/\/scolopi.org\/it\/wp-json\/wp\/v2\/pages\/65002"}],"wp:attachment":[{"href":"https:\/\/scolopi.org\/it\/wp-json\/wp\/v2\/media?parent=65007"}],"curies":[{"name":"wp","href":"https:\/\/api.w.org\/{rel}","templated":true}]}}