{"id":65012,"date":"2021-10-05T10:44:34","date_gmt":"2021-10-05T08:44:34","guid":{"rendered":"https:\/\/scolopi.org\/48cg\/materiales\/"},"modified":"2021-10-13T20:51:26","modified_gmt":"2021-10-13T18:51:26","slug":"materiali","status":"publish","type":"page","link":"https:\/\/scolopi.org\/it\/48cg\/materiali\/","title":{"rendered":"Materiali"},"content":{"rendered":"[et_pb_section fb_built=&#8221;1&#8243; fullwidth=&#8221;on&#8221; _builder_version=&#8221;4.11.1&#8243; _module_preset=&#8221;default&#8221; global_colors_info=&#8221;{}&#8221;][et_pb_fullwidth_menu menu_id=&#8221;267&#8243; active_link_color=&#8221;#FFFFFF&#8221; _builder_version=&#8221;4.11.1&#8243; _module_preset=&#8221;default&#8221; menu_text_color=&#8221;#FFFFFF&#8221; menu_font_size=&#8221;18px&#8221; background_color=&#8221;#0C71C3&#8243; sticky_position=&#8221;top&#8221; global_colors_info=&#8221;{}&#8221;][\/et_pb_fullwidth_menu][\/et_pb_section][et_pb_section fb_built=&#8221;1&#8243; next_background_color=&#8221;#ffffff&#8221; admin_label=&#8221;Hero Section&#8221; _builder_version=&#8221;4.11.1&#8243; use_background_color_gradient=&#8221;on&#8221; background_color_gradient_start=&#8221;rgba(0,0,0,0.4)&#8221; background_color_gradient_end=&#8221;rgba(0,0,0,0.4)&#8221; background_color_gradient_overlays_image=&#8221;on&#8221; background_image=&#8221;https:\/\/scolopi.org\/wp-content\/uploads\/2020\/10\/entradilla-48cg.png&#8221; background_position=&#8221;center_right&#8221; vertical_offset_tablet=&#8221;0&#8243; horizontal_offset_tablet=&#8221;0&#8243; min_height=&#8221;270px&#8221; max_height=&#8221;500px&#8221; custom_padding=&#8221;12.8%||0%|||&#8221; bottom_divider_style=&#8221;slant&#8221; bottom_divider_height=&#8221;60px&#8221; box_shadow_horizontal_tablet=&#8221;0px&#8221; box_shadow_vertical_tablet=&#8221;0px&#8221; box_shadow_blur_tablet=&#8221;40px&#8221; box_shadow_spread_tablet=&#8221;0px&#8221; global_colors_info=&#8221;{}&#8221; background_color_gradient_direction__hover=&#8221;180deg&#8221; background_color_gradient_direction__hover_enabled=&#8221;180deg&#8221; background_color_gradient_start_position__hover=&#8221;0%&#8221; background_color_gradient_start_position__hover_enabled=&#8221;0%&#8221; background_color_gradient_end_position__hover=&#8221;100%&#8221; background_color_gradient_end_position__hover_enabled=&#8221;100%&#8221;][et_pb_row _builder_version=&#8221;4.6.5&#8243; vertical_offset_tablet=&#8221;0&#8243; horizontal_offset_tablet=&#8221;0&#8243; z_index_tablet=&#8221;0&#8243; box_shadow_horizontal_tablet=&#8221;0px&#8221; box_shadow_vertical_tablet=&#8221;0px&#8221; box_shadow_blur_tablet=&#8221;40px&#8221; box_shadow_spread_tablet=&#8221;0px&#8221; global_colors_info=&#8221;{}&#8221;][et_pb_column type=&#8221;4_4&#8243; _builder_version=&#8221;3.0.47&#8243; custom_padding=&#8221;|||&#8221; global_colors_info=&#8221;{}&#8221; custom_padding__hover=&#8221;|||&#8221;][et_pb_text admin_label=&#8221;Hero Section Title&#8221; _builder_version=&#8221;4.11.1&#8243; text_font=&#8221;|||on|||||&#8221; header_font=&#8221;Montserrat|600|||||||&#8221; header_font_size=&#8221;48px&#8221; header_letter_spacing=&#8221;3px&#8221; header_line_height=&#8221;1.3em&#8221; header_2_font=&#8221;Montserrat|700|||||||&#8221; header_2_text_color=&#8221;rgba(255,255,255,0.6)&#8221; header_2_font_size=&#8221;90px&#8221; header_2_letter_spacing=&#8221;3px&#8221; header_2_line_height=&#8221;1.1em&#8221; vertical_offset_tablet=&#8221;0&#8243; horizontal_offset_tablet=&#8221;0&#8243; text_orientation=&#8221;center&#8221; background_layout=&#8221;dark&#8221; module_alignment=&#8221;center&#8221; custom_margin=&#8221;||60px|&#8221; animation_style=&#8221;slide&#8221; animation_direction=&#8221;bottom&#8221; animation_intensity_slide=&#8221;5%&#8221; header_font_size_tablet=&#8221;&#8221; header_font_size_phone=&#8221;28px&#8221; header_font_size_last_edited=&#8221;on|phone&#8221; header_2_font_size_tablet=&#8221;&#8221; header_2_font_size_phone=&#8221;50px&#8221; header_2_font_size_last_edited=&#8221;on|phone&#8221; z_index_tablet=&#8221;0&#8243; text_text_shadow_horizontal_length_tablet=&#8221;0px&#8221; text_text_shadow_vertical_length_tablet=&#8221;0px&#8221; text_text_shadow_blur_strength_tablet=&#8221;1px&#8221; link_text_shadow_horizontal_length_tablet=&#8221;0px&#8221; link_text_shadow_vertical_length_tablet=&#8221;0px&#8221; link_text_shadow_blur_strength_tablet=&#8221;1px&#8221; ul_text_shadow_horizontal_length_tablet=&#8221;0px&#8221; ul_text_shadow_vertical_length_tablet=&#8221;0px&#8221; ul_text_shadow_blur_strength_tablet=&#8221;1px&#8221; ol_text_shadow_horizontal_length_tablet=&#8221;0px&#8221; ol_text_shadow_vertical_length_tablet=&#8221;0px&#8221; ol_text_shadow_blur_strength_tablet=&#8221;1px&#8221; quote_text_shadow_horizontal_length_tablet=&#8221;0px&#8221; quote_text_shadow_vertical_length_tablet=&#8221;0px&#8221; quote_text_shadow_blur_strength_tablet=&#8221;1px&#8221; header_text_shadow_horizontal_length_tablet=&#8221;0px&#8221; header_text_shadow_vertical_length_tablet=&#8221;0px&#8221; header_text_shadow_blur_strength_tablet=&#8221;1px&#8221; header_2_text_shadow_horizontal_length_tablet=&#8221;0px&#8221; header_2_text_shadow_vertical_length_tablet=&#8221;0px&#8221; header_2_text_shadow_blur_strength_tablet=&#8221;1px&#8221; header_3_text_shadow_horizontal_length_tablet=&#8221;0px&#8221; header_3_text_shadow_vertical_length_tablet=&#8221;0px&#8221; header_3_text_shadow_blur_strength_tablet=&#8221;1px&#8221; header_4_text_shadow_horizontal_length_tablet=&#8221;0px&#8221; header_4_text_shadow_vertical_length_tablet=&#8221;0px&#8221; header_4_text_shadow_blur_strength_tablet=&#8221;1px&#8221; header_5_text_shadow_horizontal_length_tablet=&#8221;0px&#8221; header_5_text_shadow_vertical_length_tablet=&#8221;0px&#8221; header_5_text_shadow_blur_strength_tablet=&#8221;1px&#8221; header_6_text_shadow_horizontal_length_tablet=&#8221;0px&#8221; header_6_text_shadow_vertical_length_tablet=&#8221;0px&#8221; header_6_text_shadow_blur_strength_tablet=&#8221;1px&#8221; box_shadow_horizontal_tablet=&#8221;0px&#8221; box_shadow_vertical_tablet=&#8221;0px&#8221; box_shadow_blur_tablet=&#8221;40px&#8221; box_shadow_spread_tablet=&#8221;0px&#8221; global_colors_info=&#8221;{}&#8221;]\n<h1>Materiali<\/h1>\n<h1>#48CG<\/h1>\n[\/et_pb_text][\/et_pb_column][\/et_pb_row][\/et_pb_section][et_pb_section fb_built=&#8221;1&#8243; _builder_version=&#8221;4.10.7&#8243; _module_preset=&#8221;default&#8221; min_height=&#8221;649.9px&#8221; global_colors_info=&#8221;{}&#8221;][et_pb_row column_structure=&#8221;1_5,3_5,1_5&#8243; _builder_version=&#8221;4.10.7&#8243; _module_preset=&#8221;default&#8221; global_colors_info=&#8221;{}&#8221;][et_pb_column type=&#8221;1_5&#8243; _builder_version=&#8221;4.10.7&#8243; _module_preset=&#8221;default&#8221; global_colors_info=&#8221;{}&#8221;][et_pb_image src=&#8221;https:\/\/scolopi.org\/wp-content\/uploads\/2021\/10\/CARTEL01.png&#8221; title_text=&#8221;CARTEL01&#8243; _builder_version=&#8221;4.10.7&#8243; _module_preset=&#8221;default&#8221; global_colors_info=&#8221;{}&#8221;][\/et_pb_image][\/et_pb_column][et_pb_column type=&#8221;3_5&#8243; _builder_version=&#8221;4.10.7&#8243; _module_preset=&#8221;default&#8221; global_colors_info=&#8221;{}&#8221;][et_pb_text _builder_version=&#8221;4.11.1&#8243; _module_preset=&#8221;default&#8221; global_colors_info=&#8221;{}&#8221;]\n<h2>Spiegazione del motto<\/h2>\n<p>&nbsp;<\/p>\n<p>Il Motto del 48\u00b0 Capitolo Generale (&#8220;Sotto la guida dello Spirito Santo&#8221;) contiene una citazione delle Costituzioni e sottende la grafica del logo dove tornano in scena la forza espressiva ed evangelizzatrice della fiamma e della colomba, a testimonianza della dinamismo di alcune Scuole P\u00edas en Salida, alla base delle quali spicca l&#8217;anagramma ufficiale dell&#8217;Ordine, che rappresenta l&#8217;eredit\u00e0 della vita di un&#8217;istituzione con pi\u00f9 di 400 anni di storia.<\/p>\n<p>Allo stesso modo, il disegno dell&#8217;isotipo fa un cenno alla demarcazione che accoglie i Padri Capitolari, poich\u00e9 lo spazio inferiore imita la geografia del Messico, il paese ospitante. Il colore rosso del marchio rafforza l&#8217;idea di \u201cvita\u201d e rivitalizzazione dell&#8217;Ordine.<\/p>\n<p>La composizione del set \u00e8 compensata dal resto degli elementi tipografici, nella loro versione semplice o pi\u00f9 completa, con gli slogan inclusi. Anche nella sua versione abbreviata verr\u00e0 utilizzato l&#8217;hashtag che inizier\u00e0 ad essere utilizzato in tutti i documenti ufficiali da quest&#8217;anno: #48CG. Il risultato \u00e8 un marchio moderno, semplice, chiaro e facile da implementare su qualsiasi materiale, supporto o superficie.<\/p>\n<p>&nbsp;<\/p>\n[\/et_pb_text][et_pb_image src=&#8221;https:\/\/scolopi.org\/wp-content\/uploads\/2021\/10\/INFO-LOGO.jpg&#8221; title_text=&#8221;INFO LOGO&#8221; _builder_version=&#8221;4.11.1&#8243; _module_preset=&#8221;default&#8221; global_colors_info=&#8221;{}&#8221;][\/et_pb_image][\/et_pb_column][et_pb_column type=&#8221;1_5&#8243; _builder_version=&#8221;4.10.7&#8243; _module_preset=&#8221;default&#8221; global_colors_info=&#8221;{}&#8221;][et_pb_image src=&#8221;https:\/\/scolopi.org\/wp-content\/uploads\/2021\/10\/logo-48cg.png&#8221; title_text=&#8221;logo 48cg&#8221; _builder_version=&#8221;4.11.1&#8243; _module_preset=&#8221;default&#8221; width=&#8221;100%&#8221; custom_margin=&#8221;|-10px||||&#8221; global_colors_info=&#8221;{}&#8221;][\/et_pb_image][et_pb_button button_url=&#8221;https:\/\/scolopi.org\/wp-content\/uploads\/2021\/10\/LOGO-48CG.zip&#8221; button_text=&#8221;Scaricate il logo in diversi formati&#8221; _builder_version=&#8221;4.11.1&#8243; _module_preset=&#8221;default&#8221; global_colors_info=&#8221;{}&#8221;][\/et_pb_button][et_pb_text _builder_version=&#8221;4.11.1&#8243; _module_preset=&#8221;default&#8221; global_colors_info=&#8221;{}&#8221;]\n<hr \/>\n<p>Se avete bisogno del logo in qualsiasi altro formato puoi richiederlo a\u00a0<a href=\"mailto:scolopi@scolopi.net\">scolopi@scolopi.net<\/a><\/p>\n[\/et_pb_text][\/et_pb_column][\/et_pb_row][et_pb_row _builder_version=&#8221;4.10.7&#8243; _module_preset=&#8221;default&#8221; global_colors_info=&#8221;{}&#8221;][et_pb_column type=&#8221;4_4&#8243; _builder_version=&#8221;4.10.7&#8243; _module_preset=&#8221;default&#8221; global_colors_info=&#8221;{}&#8221;][et_pb_divider _builder_version=&#8221;4.10.7&#8243; _module_preset=&#8221;default&#8221; global_colors_info=&#8221;{}&#8221;][\/et_pb_divider][\/et_pb_column][\/et_pb_row][et_pb_row column_structure=&#8221;2_5,3_5&#8243; _builder_version=&#8221;4.10.7&#8243; _module_preset=&#8221;default&#8221; custom_margin=&#8221;|auto|43px|auto||&#8221; global_colors_info=&#8221;{}&#8221;][et_pb_column type=&#8221;2_5&#8243; _builder_version=&#8221;4.10.7&#8243; _module_preset=&#8221;default&#8221; global_colors_info=&#8221;{}&#8221;][et_pb_gallery gallery_ids=&#8221;64409,64413,64417,64421,64425&#8243; gallery_orderby=&#8221;rand&#8221; fullwidth=&#8221;on&#8221; _builder_version=&#8221;4.10.7&#8243; _module_preset=&#8221;default&#8221; global_colors_info=&#8221;{}&#8221;][\/et_pb_gallery][et_pb_text _builder_version=&#8221;4.11.1&#8243; _module_preset=&#8221;default&#8221; global_colors_info=&#8221;{}&#8221;]\n<hr \/>\n<p>Se avete bisogno del logo in qualsiasi altro formato puoi richiederlo a\u00a0<a href=\"mailto:scolopi@scolopi.net\">scolopi@scolopi.net<\/a><\/p>\n[\/et_pb_text][\/et_pb_column][et_pb_column type=&#8221;3_5&#8243; _builder_version=&#8221;4.10.7&#8243; _module_preset=&#8221;default&#8221; global_colors_info=&#8221;{}&#8221;][et_pb_text _builder_version=&#8221;4.11.1&#8243; _module_preset=&#8221;default&#8221; global_colors_info=&#8221;{}&#8221;]\n<h1>Manifesti<\/h1>\n<p>&nbsp;<\/p>\n<h4>La serie di immagini di #48CG mira a riflettere l&#8217;essenza dell&#8217;essere scolopi attraverso un&#8217;estetica minimalista e moderna.<\/h4>\n<p>&nbsp;<\/p>\n<p>Il bambino (il giovane, la persona&#8230;) al centro, su cui gravita l&#8217;essere scolopio \u00e8 il protagonista dell&#8217;immagine del #48CG. Il figlio di qualsiasi cultura, di qualsiasi societ\u00e0. Cos\u00ec, grezzo, su uno sfondo debole. Il bambino nella sua interezza, a volte in tutto il corpo. Lo sfondo, racchiuso in una forma organica, mostra il contesto del bambino, perch\u00e9 \u00e8 anche l\u00ec che lo scolopio lavora e, alla fine, \u00e8 il fine ultimo: trasformare le strutture e le sinergie che facilitano o valorizzano i contesti di emarginazione e disuguaglianza in cui i piccoli sono i pi\u00f9 indifesi. L&#8217;educazione, come sanno gli scolopi, \u00e8 una delle armi pi\u00f9 potenti in questo senso.<\/p>\n<p>I diversi manifesti presentano diversi ambienti in cui si sviluppano gli scolopi e i giovani e, sebbene ci siano contesti esplicitamente educativi, si riflettono anche altri ambienti extrascolastici (campi, ecc.) in riferimento a questa scuola &#8220;a tempo pieno&#8221;, oltre l&#8217;orario scolastico.<\/p>\n<p>La composizione moderna non \u00e8 una questione di posture circostanziali. Moderne, come le nostre Scuole Pie, che lavorano per aggiornare il messaggio di Ges\u00f9 e della Chiesa ai nuovi tempi attraverso tante iniziative, un costante impulso di creativit\u00e0 e una continua cura per l&#8217;accoglienza dei pi\u00f9 piccoli. Si tratta di rispondere alle nuove sfide in ognuna delle presenze e di assumere le sfide costanti di questa societ\u00e0 in continua trasformazione e a volte cos\u00ec sbagliata. Da qui l&#8217;estetica moderna, che si collega al mondo di oggi ed \u00e8 visibile a tutti i livelli, dalla composizione, ai colori, alla tipografia&#8230; si tratta anche di collegarsi con le nuove generazioni. Infine, la colomba e le nuvole si riferiscono chiaramente all&#8217;ambiente spirituale e di fede, \u00e8 un elemento grafico che ci aiuta a integrare gli elementi nel poster ed \u00e8 un riferimento esplicito al logo.<\/p>\n[\/et_pb_text][\/et_pb_column][\/et_pb_row][et_pb_row column_structure=&#8221;1_3,1_3,1_3&#8243; _builder_version=&#8221;4.11.1&#8243; _module_preset=&#8221;default&#8221; global_colors_info=&#8221;{}&#8221;][et_pb_column type=&#8221;1_3&#8243; _builder_version=&#8221;4.11.1&#8243; _module_preset=&#8221;default&#8221; global_colors_info=&#8221;{}&#8221;][et_pb_divider _builder_version=&#8221;4.11.1&#8243; _module_preset=&#8221;default&#8221; global_colors_info=&#8221;{}&#8221;][\/et_pb_divider][et_pb_text _builder_version=&#8221;4.11.1&#8243; _module_preset=&#8221;default&#8221; global_colors_info=&#8221;{}&#8221;]\n<p>INFOGRAFICA<\/p>\n<h3>Chiavi del #48CG<\/h3>\n[\/et_pb_text][et_pb_image src=&#8221;https:\/\/scolopi.org\/wp-content\/uploads\/2021\/10\/PORTADA-CLAVES-ITA.png&#8221; title_text=&#8221;PORTADA CLAVES ITA&#8221; url=&#8221;https:\/\/scolopi.org\/wp-content\/uploads\/2021\/10\/CLAVES-48cg-ita.pdf&#8221; _builder_version=&#8221;4.11.1&#8243; _module_preset=&#8221;default&#8221; hover_enabled=&#8221;0&#8243; global_colors_info=&#8221;{}&#8221; sticky_enabled=&#8221;0&#8243;][\/et_pb_image][\/et_pb_column][et_pb_column type=&#8221;1_3&#8243; _builder_version=&#8221;4.11.1&#8243; _module_preset=&#8221;default&#8221; global_colors_info=&#8221;{}&#8221;][et_pb_divider _builder_version=&#8221;4.11.1&#8243; _module_preset=&#8221;default&#8221; global_colors_info=&#8221;{}&#8221;][\/et_pb_divider][et_pb_text _builder_version=&#8221;4.11.1&#8243; _module_preset=&#8221;default&#8221; global_colors_info=&#8221;{}&#8221;]\n<p>PREGHIERA<\/p>\n<h3>Preghiera per il #48CG<\/h3>\n[\/et_pb_text][et_pb_image src=&#8221;https:\/\/scolopi.org\/wp-content\/uploads\/2021\/10\/ORACION-48cg-IMAGEN-ITA.png&#8221; title_text=&#8221;ORACION 48cg IMAGEN ITA&#8221; url=&#8221;https:\/\/scolopi.org\/wp-content\/uploads\/2021\/10\/oracion-48cg-ita.pdf&#8221; _builder_version=&#8221;4.11.1&#8243; _module_preset=&#8221;default&#8221; global_colors_info=&#8221;{}&#8221;][\/et_pb_image][\/et_pb_column][et_pb_column type=&#8221;1_3&#8243; _builder_version=&#8221;4.11.1&#8243; _module_preset=&#8221;default&#8221; global_colors_info=&#8221;{}&#8221;][\/et_pb_column][\/et_pb_row][\/et_pb_section]\n","protected":false},"excerpt":{"rendered":"<p>Materiali #48CGSpiegazione del motto &nbsp; Il Motto del 48&deg; Capitolo Generale (&#8220;Sotto la guida dello Spirito Santo&#8221;) contiene una citazione delle Costituzioni e sottende la grafica del logo dove tornano in scena la forza espressiva ed evangelizzatrice della fiamma e della colomba, a testimonianza della dinamismo di alcune Scuole P&iacute;as en Salida, alla base delle [&hellip;]<\/p>\n","protected":false},"author":2,"featured_media":0,"parent":65002,"menu_order":0,"comment_status":"closed","ping_status":"closed","template":"","meta":{"_et_pb_use_builder":"on","_et_pb_old_content":"","_et_gb_content_width":"","footnotes":""},"class_list":["post-65012","page","type-page","status-publish","hentry"],"yoast_head":"<!-- This site is optimized with the Yoast SEO plugin v24.6 - https:\/\/yoast.com\/wordpress\/plugins\/seo\/ -->\n<title>Materiali - Ordine delle Scuole Pie<\/title>\n<meta name=\"robots\" content=\"index, follow, max-snippet:-1, max-image-preview:large, max-video-preview:-1\" \/>\n<link rel=\"canonical\" href=\"https:\/\/scolopi.org\/48cg\/materiales\/\" \/>\n<meta property=\"og:locale\" content=\"it_IT\" \/>\n<meta property=\"og:type\" content=\"article\" \/>\n<meta property=\"og:title\" content=\"Materiali - Ordine delle Scuole Pie\" \/>\n<meta property=\"og:description\" content=\"Materiali #48CGSpiegazione del motto &nbsp; Il Motto del 48&deg; Capitolo Generale (&quot;Sotto la guida dello Spirito Santo&quot;) contiene una citazione delle Costituzioni e sottende la grafica del logo dove tornano in scena la forza espressiva ed evangelizzatrice della fiamma e della colomba, a testimonianza della dinamismo di alcune Scuole P&iacute;as en Salida, alla base delle [&hellip;]\" \/>\n<meta property=\"og:url\" content=\"https:\/\/scolopi.org\/48cg\/materiales\/\" \/>\n<meta property=\"og:site_name\" content=\"Ordine delle Scuole Pie\" \/>\n<meta property=\"article:modified_time\" content=\"2021-10-13T18:51:26+00:00\" \/>\n<meta name=\"twitter:card\" content=\"summary_large_image\" \/>\n<meta name=\"twitter:label1\" content=\"Tempo di lettura stimato\" \/>\n\t<meta name=\"twitter:data1\" content=\"8 minuti\" \/>\n<script type=\"application\/ld+json\" class=\"yoast-schema-graph\">{\"@context\":\"https:\/\/schema.org\",\"@graph\":[{\"@type\":\"WebPage\",\"@id\":\"https:\/\/scolopi.org\/48cg\/materiales\/\",\"url\":\"https:\/\/scolopi.org\/48cg\/materiales\/\",\"name\":\"Materiali - Ordine delle Scuole Pie\",\"isPartOf\":{\"@id\":\"https:\/\/scolopi.org\/#website\"},\"datePublished\":\"2021-10-05T08:44:34+00:00\",\"dateModified\":\"2021-10-13T18:51:26+00:00\",\"breadcrumb\":{\"@id\":\"https:\/\/scolopi.org\/48cg\/materiales\/#breadcrumb\"},\"inLanguage\":\"it-IT\",\"potentialAction\":[{\"@type\":\"ReadAction\",\"target\":[\"https:\/\/scolopi.org\/48cg\/materiales\/\"]}]},{\"@type\":\"BreadcrumbList\",\"@id\":\"https:\/\/scolopi.org\/48cg\/materiales\/#breadcrumb\",\"itemListElement\":[{\"@type\":\"ListItem\",\"position\":1,\"name\":\"Portada\",\"item\":\"https:\/\/scolopi.org\/it\/\"},{\"@type\":\"ListItem\",\"position\":2,\"name\":\"48CG\",\"item\":\"https:\/\/scolopi.org\/48cg\/\"},{\"@type\":\"ListItem\",\"position\":3,\"name\":\"Materiali\"}]},{\"@type\":\"WebSite\",\"@id\":\"https:\/\/scolopi.org\/#website\",\"url\":\"https:\/\/scolopi.org\/\",\"name\":\"Ordine delle Scuole Pie\",\"description\":\"Web Ufficiale dell'Ordine delle Scuole Pie\",\"potentialAction\":[{\"@type\":\"SearchAction\",\"target\":{\"@type\":\"EntryPoint\",\"urlTemplate\":\"https:\/\/scolopi.org\/?s={search_term_string}\"},\"query-input\":{\"@type\":\"PropertyValueSpecification\",\"valueRequired\":true,\"valueName\":\"search_term_string\"}}],\"inLanguage\":\"it-IT\"}]}<\/script>\n<!-- \/ Yoast SEO plugin. -->","yoast_head_json":{"title":"Materiali - Ordine delle Scuole Pie","robots":{"index":"index","follow":"follow","max-snippet":"max-snippet:-1","max-image-preview":"max-image-preview:large","max-video-preview":"max-video-preview:-1"},"canonical":"https:\/\/scolopi.org\/48cg\/materiales\/","og_locale":"it_IT","og_type":"article","og_title":"Materiali - Ordine delle Scuole Pie","og_description":"Materiali #48CGSpiegazione del motto &nbsp; Il Motto del 48&deg; Capitolo Generale (\"Sotto la guida dello Spirito Santo\") contiene una citazione delle Costituzioni e sottende la grafica del logo dove tornano in scena la forza espressiva ed evangelizzatrice della fiamma e della colomba, a testimonianza della dinamismo di alcune Scuole P&iacute;as en Salida, alla base delle [&hellip;]","og_url":"https:\/\/scolopi.org\/48cg\/materiales\/","og_site_name":"Ordine delle Scuole Pie","article_modified_time":"2021-10-13T18:51:26+00:00","twitter_card":"summary_large_image","twitter_misc":{"Tempo di lettura stimato":"8 minuti"},"schema":{"@context":"https:\/\/schema.org","@graph":[{"@type":"WebPage","@id":"https:\/\/scolopi.org\/48cg\/materiales\/","url":"https:\/\/scolopi.org\/48cg\/materiales\/","name":"Materiali - Ordine delle Scuole Pie","isPartOf":{"@id":"https:\/\/scolopi.org\/#website"},"datePublished":"2021-10-05T08:44:34+00:00","dateModified":"2021-10-13T18:51:26+00:00","breadcrumb":{"@id":"https:\/\/scolopi.org\/48cg\/materiales\/#breadcrumb"},"inLanguage":"it-IT","potentialAction":[{"@type":"ReadAction","target":["https:\/\/scolopi.org\/48cg\/materiales\/"]}]},{"@type":"BreadcrumbList","@id":"https:\/\/scolopi.org\/48cg\/materiales\/#breadcrumb","itemListElement":[{"@type":"ListItem","position":1,"name":"Portada","item":"https:\/\/scolopi.org\/it\/"},{"@type":"ListItem","position":2,"name":"48CG","item":"https:\/\/scolopi.org\/48cg\/"},{"@type":"ListItem","position":3,"name":"Materiali"}]},{"@type":"WebSite","@id":"https:\/\/scolopi.org\/#website","url":"https:\/\/scolopi.org\/","name":"Ordine delle Scuole Pie","description":"Web Ufficiale dell'Ordine delle Scuole Pie","potentialAction":[{"@type":"SearchAction","target":{"@type":"EntryPoint","urlTemplate":"https:\/\/scolopi.org\/?s={search_term_string}"},"query-input":{"@type":"PropertyValueSpecification","valueRequired":true,"valueName":"search_term_string"}}],"inLanguage":"it-IT"}]}},"_links":{"self":[{"href":"https:\/\/scolopi.org\/it\/wp-json\/wp\/v2\/pages\/65012"}],"collection":[{"href":"https:\/\/scolopi.org\/it\/wp-json\/wp\/v2\/pages"}],"about":[{"href":"https:\/\/scolopi.org\/it\/wp-json\/wp\/v2\/types\/page"}],"author":[{"embeddable":true,"href":"https:\/\/scolopi.org\/it\/wp-json\/wp\/v2\/users\/2"}],"replies":[{"embeddable":true,"href":"https:\/\/scolopi.org\/it\/wp-json\/wp\/v2\/comments?post=65012"}],"version-history":[{"count":0,"href":"https:\/\/scolopi.org\/it\/wp-json\/wp\/v2\/pages\/65012\/revisions"}],"up":[{"embeddable":true,"href":"https:\/\/scolopi.org\/it\/wp-json\/wp\/v2\/pages\/65002"}],"wp:attachment":[{"href":"https:\/\/scolopi.org\/it\/wp-json\/wp\/v2\/media?parent=65012"}],"curies":[{"name":"wp","href":"https:\/\/api.w.org\/{rel}","templated":true}]}}