{"id":65070,"date":"2021-09-20T10:34:02","date_gmt":"2021-09-20T08:34:02","guid":{"rendered":"https:\/\/scolopi.org\/48cg\/oracion-capitular\/"},"modified":"2021-10-11T13:00:18","modified_gmt":"2021-10-11T11:00:18","slug":"preghiera-capitolare","status":"publish","type":"page","link":"https:\/\/scolopi.org\/it\/48cg\/preghiera-capitolare\/","title":{"rendered":"Preghiera Capitolare"},"content":{"rendered":"[et_pb_section fb_built=&#8221;1&#8243; fullwidth=&#8221;on&#8221; _builder_version=&#8221;4.11.1&#8243; _module_preset=&#8221;default&#8221;][et_pb_fullwidth_menu _builder_version=&#8221;4.11.1&#8243; _module_preset=&#8221;default&#8221; menu_id=&#8221;267&#8243; active_link_color=&#8221;#FFFFFF&#8221; menu_text_color=&#8221;#FFFFFF&#8221; menu_font_size=&#8221;18px&#8221; sticky_position=&#8221;top&#8221; background_color=&#8221;#0C71C3&#8243; hover_enabled=&#8221;0&#8243; sticky_enabled=&#8221;0&#8243;][\/et_pb_fullwidth_menu][\/et_pb_section][et_pb_section fb_built=&#8221;1&#8243; next_background_color=&#8221;#ffffff&#8221; admin_label=&#8221;Hero Section&#8221; _builder_version=&#8221;4.10.7&#8243; use_background_color_gradient=&#8221;on&#8221; background_color_gradient_start=&#8221;rgba(0,0,0,0.4)&#8221; background_color_gradient_end=&#8221;rgba(0,0,0,0.4)&#8221; background_color_gradient_overlays_image=&#8221;on&#8221; background_image=&#8221;https:\/\/scolopi.org\/wp-content\/uploads\/2020\/10\/entradilla-48cg.png&#8221; background_position=&#8221;center_right&#8221; vertical_offset_tablet=&#8221;0&#8243; horizontal_offset_tablet=&#8221;0&#8243; min_height=&#8221;270px&#8221; max_height=&#8221;500px&#8221; custom_padding=&#8221;3.6%||1.7%|||&#8221; bottom_divider_style=&#8221;slant&#8221; bottom_divider_height=&#8221;60px&#8221; box_shadow_horizontal_tablet=&#8221;0px&#8221; box_shadow_vertical_tablet=&#8221;0px&#8221; box_shadow_blur_tablet=&#8221;40px&#8221; box_shadow_spread_tablet=&#8221;0px&#8221; global_colors_info=&#8221;{}&#8221; background_color_gradient_direction__hover=&#8221;180deg&#8221; background_color_gradient_direction__hover_enabled=&#8221;180deg&#8221; background_color_gradient_start_position__hover=&#8221;0%&#8221; background_color_gradient_start_position__hover_enabled=&#8221;0%&#8221; background_color_gradient_end_position__hover=&#8221;100%&#8221; background_color_gradient_end_position__hover_enabled=&#8221;100%&#8221;][et_pb_row _builder_version=&#8221;4.6.5&#8243; vertical_offset_tablet=&#8221;0&#8243; horizontal_offset_tablet=&#8221;0&#8243; z_index_tablet=&#8221;0&#8243; box_shadow_horizontal_tablet=&#8221;0px&#8221; box_shadow_vertical_tablet=&#8221;0px&#8221; box_shadow_blur_tablet=&#8221;40px&#8221; box_shadow_spread_tablet=&#8221;0px&#8221; global_colors_info=&#8221;{}&#8221;][et_pb_column type=&#8221;4_4&#8243; _builder_version=&#8221;3.0.47&#8243; custom_padding=&#8221;|||&#8221; global_colors_info=&#8221;{}&#8221; custom_padding__hover=&#8221;|||&#8221;][et_pb_text admin_label=&#8221;Hero Section Title&#8221; _builder_version=&#8221;4.11.1&#8243; text_font=&#8221;|||on|||||&#8221; header_font=&#8221;Montserrat|600|||||||&#8221; header_font_size=&#8221;48px&#8221; header_letter_spacing=&#8221;3px&#8221; header_line_height=&#8221;1.3em&#8221; header_2_font=&#8221;Montserrat|700|||||||&#8221; header_2_text_color=&#8221;rgba(255,255,255,0.6)&#8221; header_2_font_size=&#8221;90px&#8221; header_2_letter_spacing=&#8221;3px&#8221; header_2_line_height=&#8221;1.1em&#8221; vertical_offset_tablet=&#8221;0&#8243; horizontal_offset_tablet=&#8221;0&#8243; text_orientation=&#8221;center&#8221; background_layout=&#8221;dark&#8221; module_alignment=&#8221;center&#8221; custom_margin=&#8221;||11px|||&#8221; custom_padding=&#8221;23px|||||&#8221; animation_style=&#8221;slide&#8221; animation_direction=&#8221;bottom&#8221; animation_intensity_slide=&#8221;5%&#8221; hover_enabled=&#8221;0&#8243; header_font_size_tablet=&#8221;&#8221; header_font_size_phone=&#8221;28px&#8221; header_font_size_last_edited=&#8221;on|phone&#8221; header_2_font_size_tablet=&#8221;&#8221; header_2_font_size_phone=&#8221;50px&#8221; header_2_font_size_last_edited=&#8221;on|phone&#8221; z_index_tablet=&#8221;0&#8243; text_text_shadow_horizontal_length_tablet=&#8221;0px&#8221; text_text_shadow_vertical_length_tablet=&#8221;0px&#8221; text_text_shadow_blur_strength_tablet=&#8221;1px&#8221; link_text_shadow_horizontal_length_tablet=&#8221;0px&#8221; link_text_shadow_vertical_length_tablet=&#8221;0px&#8221; link_text_shadow_blur_strength_tablet=&#8221;1px&#8221; ul_text_shadow_horizontal_length_tablet=&#8221;0px&#8221; ul_text_shadow_vertical_length_tablet=&#8221;0px&#8221; ul_text_shadow_blur_strength_tablet=&#8221;1px&#8221; ol_text_shadow_horizontal_length_tablet=&#8221;0px&#8221; ol_text_shadow_vertical_length_tablet=&#8221;0px&#8221; ol_text_shadow_blur_strength_tablet=&#8221;1px&#8221; quote_text_shadow_horizontal_length_tablet=&#8221;0px&#8221; quote_text_shadow_vertical_length_tablet=&#8221;0px&#8221; quote_text_shadow_blur_strength_tablet=&#8221;1px&#8221; header_text_shadow_horizontal_length_tablet=&#8221;0px&#8221; header_text_shadow_vertical_length_tablet=&#8221;0px&#8221; header_text_shadow_blur_strength_tablet=&#8221;1px&#8221; header_2_text_shadow_horizontal_length_tablet=&#8221;0px&#8221; header_2_text_shadow_vertical_length_tablet=&#8221;0px&#8221; header_2_text_shadow_blur_strength_tablet=&#8221;1px&#8221; header_3_text_shadow_horizontal_length_tablet=&#8221;0px&#8221; header_3_text_shadow_vertical_length_tablet=&#8221;0px&#8221; header_3_text_shadow_blur_strength_tablet=&#8221;1px&#8221; header_4_text_shadow_horizontal_length_tablet=&#8221;0px&#8221; header_4_text_shadow_vertical_length_tablet=&#8221;0px&#8221; header_4_text_shadow_blur_strength_tablet=&#8221;1px&#8221; header_5_text_shadow_horizontal_length_tablet=&#8221;0px&#8221; header_5_text_shadow_vertical_length_tablet=&#8221;0px&#8221; header_5_text_shadow_blur_strength_tablet=&#8221;1px&#8221; header_6_text_shadow_horizontal_length_tablet=&#8221;0px&#8221; header_6_text_shadow_vertical_length_tablet=&#8221;0px&#8221; header_6_text_shadow_blur_strength_tablet=&#8221;1px&#8221; box_shadow_horizontal_tablet=&#8221;0px&#8221; box_shadow_vertical_tablet=&#8221;0px&#8221; box_shadow_blur_tablet=&#8221;40px&#8221; box_shadow_spread_tablet=&#8221;0px&#8221; saved_tabs=&#8221;all&#8221; global_colors_info=&#8221;{}&#8221; sticky_enabled=&#8221;0&#8243;]\n<h1>Preghiera<\/h1>\n<h1>per il #48CG<\/h1>\n<p>&nbsp;<\/p>\n[\/et_pb_text][\/et_pb_column][\/et_pb_row][\/et_pb_section][et_pb_section fb_built=&#8221;1&#8243; _builder_version=&#8221;4.10.7&#8243; _module_preset=&#8221;default&#8221; global_colors_info=&#8221;{}&#8221;][et_pb_row column_structure=&#8221;1_4,1_2,1_4&#8243; _builder_version=&#8221;4.10.7&#8243; _module_preset=&#8221;default&#8221; global_colors_info=&#8221;{}&#8221;][et_pb_column type=&#8221;1_4&#8243; _builder_version=&#8221;4.10.7&#8243; _module_preset=&#8221;default&#8221; global_colors_info=&#8221;{}&#8221;][et_pb_image src=&#8221;https:\/\/scolopi.org\/wp-content\/uploads\/2021\/10\/CARTEL02.png&#8221; title_text=&#8221;CARTEL02&#8243; _builder_version=&#8221;4.11.1&#8243; _module_preset=&#8221;default&#8221; hover_enabled=&#8221;0&#8243; global_colors_info=&#8221;{}&#8221; sticky_enabled=&#8221;0&#8243;][\/et_pb_image][\/et_pb_column][et_pb_column type=&#8221;1_2&#8243; _builder_version=&#8221;4.10.7&#8243; _module_preset=&#8221;default&#8221; global_colors_info=&#8221;{}&#8221;][et_pb_text _builder_version=&#8221;4.11.1&#8243; _module_preset=&#8221;default&#8221; hover_enabled=&#8221;0&#8243; global_colors_info=&#8221;{}&#8221; sticky_enabled=&#8221;0&#8243;]\n<h2>Sotto la guida dello Spirito Santo<\/h2>\n<h4>Preghiera per il 48\u00b0 capitolo Generale dell&#8217;Ordine delle Scuole Pie<\/h4>\n<p>&nbsp;<\/p>\n<p><strong>Vieni, Spirito Santo.<\/strong> Aiuta la tua Chiesa affinch\u00e9 Ges\u00f9, il Signore, sia al centro della comunit\u00e0 e della missione, affinch\u00e9 niente e nessuno lo sostituisca. Accresci in noi la fedelt\u00e0 al Vangelo, e fai della tua Chiesa un vero sacramento universale di salvezza.<\/p>\n<p><strong>Vieni, Spirito Santo.<\/strong> Incoraggia e rafforza la vocazione di tutti gli scolopi, affinch\u00e9 possiamo crescere nella fedelt\u00e0 alla tua chiamata e testimoniare l\u2019amore educativo di Dio per i poveri e i piccoli.<\/p>\n<p><strong>Vieni, Spirito Santo.<\/strong> Ispira i desideri e le speranze dei giovani, affinch\u00e9 scoprano la chiamata di Dio a una vita di pienezza e di amore e, se \u00e8 la tua volont\u00e0, di generosa dedizione alla vita e alla missione scolopica.<\/p>\n<p><strong>Vieni, Spirito Santo.<\/strong> Chiama tutta la Famiglia Calasanziana a crescere in santit\u00e0 e in identit\u00e0 missionaria con il Nostro Santo Fondatore San Giuseppe Calasanzio, per il bene di tanti bambini e giovani, specialmente i pi\u00f9 poveri, che hanno bisogno del pane<br \/>dell\u2019educazione e della fede.<\/p>\n<p><strong>Vieni, Spirito Santo.<\/strong> Arricchisci con la tua presenza vivificante tutte le persone che condividono il carisma del Calasanzio nella Fraternit\u00e0 delle Scuole Pie e di tutti gli sviluppi scolopici, affinch\u00e9 il dono che hai fatto al Calasanzio si incarni, con autenticit\u00e0, in tutte le vocazioni.<\/p>\n<p><strong>Vieni, Spirito Santo.<\/strong> La tua presenza e il tuo incoraggiamento ispirino il lavoro del Capitolo Generale dell\u2019Ordine delle Scuole Pie, affinch\u00e9 l\u2019impegno dei capitolari cerchi sempre il bene dell\u2019Ordine e, soprattutto, quello dei bambini e dei giovani nel cui nome<br \/>siamo riuniti e per il cui bene siamo stati chiamati insieme.<\/p>\n<p><strong>Vieni, Spirito Santo.<\/strong> Ispira la riflessione del Capitolo Generale, affinch\u00e9 le sue decisioni e i suoi insegnamenti contribuiscano a rendere le Scuole Pie pi\u00f9 degne del Calasanzio, illumini il profilo dello scolopio di cui abbiamo bisogno, ci invii ad un ministero<br \/>insostituibile e, soprattutto, ci aiuti a vivere della centralit\u00e0 di Ges\u00f9, unico Signore.<\/p>\n<p><strong>Vieni, Spirito Santo.<\/strong> Aiutaci a contemplare la vita e il mondo con gli occhi di Ges\u00f9. Rendici umili e fedeli discepoli del Signore, come Maria, nostra Madre, e come il Calasanzio, nostro Fondatore. Per la sua intercessione, che il Capitolo Generale del nostro<br \/>Ordine sia vissuto, celebrato e accolto per la Gloria di Dio e l\u2019utilit\u00e0 del prossimo.<\/p>\n<p><strong>GLORIA AL PADRE, AL FIGLIO E ALLO SPIRITO SANTO<\/strong>. Come era in principio, e ora e sempre, nei secoli dei secoli. AMEN.<\/p>\n<p><strong>SAN GIUSEPPE CALASANZIO<\/strong>, prega per noi.<\/p>\n[\/et_pb_text][\/et_pb_column][et_pb_column type=&#8221;1_4&#8243; _builder_version=&#8221;4.10.7&#8243; _module_preset=&#8221;default&#8221; global_colors_info=&#8221;{}&#8221;][et_pb_image src=&#8221;https:\/\/scolopi.org\/wp-content\/uploads\/2021\/10\/ORACION-48cg-IMAGEN-ITA.png&#8221; title_text=&#8221;ORACION 48cg IMAGEN ITA&#8221; url=&#8221;https:\/\/scolopi.org\/wp-content\/uploads\/2021\/10\/oracion-48cg-ita.pdf&#8221; _builder_version=&#8221;4.11.1&#8243; _module_preset=&#8221;default&#8221; hover_enabled=&#8221;0&#8243; global_colors_info=&#8221;{}&#8221; sticky_enabled=&#8221;0&#8243;][\/et_pb_image][et_pb_button button_url=&#8221;https:\/\/scolopi.org\/wp-content\/uploads\/2021\/10\/oracion-48cg-ita.pdf&#8221; button_text=&#8221;Scarica PDF&#8221; _builder_version=&#8221;4.11.1&#8243; _module_preset=&#8221;default&#8221; hover_enabled=&#8221;0&#8243; global_colors_info=&#8221;{}&#8221; sticky_enabled=&#8221;0&#8243;][\/et_pb_button][\/et_pb_column][\/et_pb_row][\/et_pb_section]\n","protected":false},"excerpt":{"rendered":"<p>Preghiera per il #48CG &nbsp;Sotto la guida dello Spirito Santo Preghiera per il 48&deg; capitolo Generale dell&#8217;Ordine delle Scuole Pie &nbsp; Vieni, Spirito Santo. Aiuta la tua Chiesa affinch&eacute; Ges&ugrave;, il Signore, sia al centro della comunit&agrave; e della missione, affinch&eacute; niente e nessuno lo sostituisca. Accresci in noi la fedelt&agrave; al Vangelo, e fai [&hellip;]<\/p>\n","protected":false},"author":2,"featured_media":0,"parent":65002,"menu_order":0,"comment_status":"closed","ping_status":"closed","template":"","meta":{"_et_pb_use_builder":"on","_et_pb_old_content":"","_et_gb_content_width":"","footnotes":""},"class_list":["post-65070","page","type-page","status-publish","hentry"],"yoast_head":"<!-- This site is optimized with the Yoast SEO plugin v24.6 - https:\/\/yoast.com\/wordpress\/plugins\/seo\/ -->\n<title>Preghiera Capitolare - Ordine delle Scuole Pie<\/title>\n<meta name=\"robots\" content=\"index, follow, max-snippet:-1, max-image-preview:large, max-video-preview:-1\" \/>\n<link rel=\"canonical\" href=\"https:\/\/scolopi.org\/48cg\/oracion-capitular\/\" \/>\n<meta property=\"og:locale\" content=\"it_IT\" \/>\n<meta property=\"og:type\" content=\"article\" \/>\n<meta property=\"og:title\" content=\"Preghiera Capitolare - Ordine delle Scuole Pie\" \/>\n<meta property=\"og:description\" content=\"Preghiera per il #48CG &nbsp;Sotto la guida dello Spirito Santo Preghiera per il 48&deg; capitolo Generale dell&#039;Ordine delle Scuole Pie &nbsp; Vieni, Spirito Santo. Aiuta la tua Chiesa affinch&eacute; Ges&ugrave;, il Signore, sia al centro della comunit&agrave; e della missione, affinch&eacute; niente e nessuno lo sostituisca. Accresci in noi la fedelt&agrave; al Vangelo, e fai [&hellip;]\" \/>\n<meta property=\"og:url\" content=\"https:\/\/scolopi.org\/48cg\/oracion-capitular\/\" \/>\n<meta property=\"og:site_name\" content=\"Ordine delle Scuole Pie\" \/>\n<meta property=\"article:modified_time\" content=\"2021-10-11T11:00:18+00:00\" \/>\n<meta name=\"twitter:card\" content=\"summary_large_image\" \/>\n<meta name=\"twitter:label1\" content=\"Tempo di lettura stimato\" \/>\n\t<meta name=\"twitter:data1\" content=\"6 minuti\" \/>\n<script type=\"application\/ld+json\" class=\"yoast-schema-graph\">{\"@context\":\"https:\/\/schema.org\",\"@graph\":[{\"@type\":\"WebPage\",\"@id\":\"https:\/\/scolopi.org\/48cg\/oracion-capitular\/\",\"url\":\"https:\/\/scolopi.org\/48cg\/oracion-capitular\/\",\"name\":\"Preghiera Capitolare - Ordine delle Scuole Pie\",\"isPartOf\":{\"@id\":\"https:\/\/scolopi.org\/#website\"},\"datePublished\":\"2021-09-20T08:34:02+00:00\",\"dateModified\":\"2021-10-11T11:00:18+00:00\",\"breadcrumb\":{\"@id\":\"https:\/\/scolopi.org\/48cg\/oracion-capitular\/#breadcrumb\"},\"inLanguage\":\"it-IT\",\"potentialAction\":[{\"@type\":\"ReadAction\",\"target\":[\"https:\/\/scolopi.org\/48cg\/oracion-capitular\/\"]}]},{\"@type\":\"BreadcrumbList\",\"@id\":\"https:\/\/scolopi.org\/48cg\/oracion-capitular\/#breadcrumb\",\"itemListElement\":[{\"@type\":\"ListItem\",\"position\":1,\"name\":\"Portada\",\"item\":\"https:\/\/scolopi.org\/it\/\"},{\"@type\":\"ListItem\",\"position\":2,\"name\":\"48CG\",\"item\":\"https:\/\/scolopi.org\/48cg\/\"},{\"@type\":\"ListItem\",\"position\":3,\"name\":\"Preghiera Capitolare\"}]},{\"@type\":\"WebSite\",\"@id\":\"https:\/\/scolopi.org\/#website\",\"url\":\"https:\/\/scolopi.org\/\",\"name\":\"Ordine delle Scuole Pie\",\"description\":\"Web Ufficiale dell'Ordine delle Scuole Pie\",\"potentialAction\":[{\"@type\":\"SearchAction\",\"target\":{\"@type\":\"EntryPoint\",\"urlTemplate\":\"https:\/\/scolopi.org\/?s={search_term_string}\"},\"query-input\":{\"@type\":\"PropertyValueSpecification\",\"valueRequired\":true,\"valueName\":\"search_term_string\"}}],\"inLanguage\":\"it-IT\"}]}<\/script>\n<!-- \/ Yoast SEO plugin. -->","yoast_head_json":{"title":"Preghiera Capitolare - Ordine delle Scuole Pie","robots":{"index":"index","follow":"follow","max-snippet":"max-snippet:-1","max-image-preview":"max-image-preview:large","max-video-preview":"max-video-preview:-1"},"canonical":"https:\/\/scolopi.org\/48cg\/oracion-capitular\/","og_locale":"it_IT","og_type":"article","og_title":"Preghiera Capitolare - Ordine delle Scuole Pie","og_description":"Preghiera per il #48CG &nbsp;Sotto la guida dello Spirito Santo Preghiera per il 48&deg; capitolo Generale dell'Ordine delle Scuole Pie &nbsp; Vieni, Spirito Santo. Aiuta la tua Chiesa affinch&eacute; Ges&ugrave;, il Signore, sia al centro della comunit&agrave; e della missione, affinch&eacute; niente e nessuno lo sostituisca. Accresci in noi la fedelt&agrave; al Vangelo, e fai [&hellip;]","og_url":"https:\/\/scolopi.org\/48cg\/oracion-capitular\/","og_site_name":"Ordine delle Scuole Pie","article_modified_time":"2021-10-11T11:00:18+00:00","twitter_card":"summary_large_image","twitter_misc":{"Tempo di lettura stimato":"6 minuti"},"schema":{"@context":"https:\/\/schema.org","@graph":[{"@type":"WebPage","@id":"https:\/\/scolopi.org\/48cg\/oracion-capitular\/","url":"https:\/\/scolopi.org\/48cg\/oracion-capitular\/","name":"Preghiera Capitolare - Ordine delle Scuole Pie","isPartOf":{"@id":"https:\/\/scolopi.org\/#website"},"datePublished":"2021-09-20T08:34:02+00:00","dateModified":"2021-10-11T11:00:18+00:00","breadcrumb":{"@id":"https:\/\/scolopi.org\/48cg\/oracion-capitular\/#breadcrumb"},"inLanguage":"it-IT","potentialAction":[{"@type":"ReadAction","target":["https:\/\/scolopi.org\/48cg\/oracion-capitular\/"]}]},{"@type":"BreadcrumbList","@id":"https:\/\/scolopi.org\/48cg\/oracion-capitular\/#breadcrumb","itemListElement":[{"@type":"ListItem","position":1,"name":"Portada","item":"https:\/\/scolopi.org\/it\/"},{"@type":"ListItem","position":2,"name":"48CG","item":"https:\/\/scolopi.org\/48cg\/"},{"@type":"ListItem","position":3,"name":"Preghiera Capitolare"}]},{"@type":"WebSite","@id":"https:\/\/scolopi.org\/#website","url":"https:\/\/scolopi.org\/","name":"Ordine delle Scuole Pie","description":"Web Ufficiale dell'Ordine delle Scuole Pie","potentialAction":[{"@type":"SearchAction","target":{"@type":"EntryPoint","urlTemplate":"https:\/\/scolopi.org\/?s={search_term_string}"},"query-input":{"@type":"PropertyValueSpecification","valueRequired":true,"valueName":"search_term_string"}}],"inLanguage":"it-IT"}]}},"_links":{"self":[{"href":"https:\/\/scolopi.org\/it\/wp-json\/wp\/v2\/pages\/65070"}],"collection":[{"href":"https:\/\/scolopi.org\/it\/wp-json\/wp\/v2\/pages"}],"about":[{"href":"https:\/\/scolopi.org\/it\/wp-json\/wp\/v2\/types\/page"}],"author":[{"embeddable":true,"href":"https:\/\/scolopi.org\/it\/wp-json\/wp\/v2\/users\/2"}],"replies":[{"embeddable":true,"href":"https:\/\/scolopi.org\/it\/wp-json\/wp\/v2\/comments?post=65070"}],"version-history":[{"count":0,"href":"https:\/\/scolopi.org\/it\/wp-json\/wp\/v2\/pages\/65070\/revisions"}],"up":[{"embeddable":true,"href":"https:\/\/scolopi.org\/it\/wp-json\/wp\/v2\/pages\/65002"}],"wp:attachment":[{"href":"https:\/\/scolopi.org\/it\/wp-json\/wp\/v2\/media?parent=65070"}],"curies":[{"name":"wp","href":"https:\/\/api.w.org\/{rel}","templated":true}]}}