{"id":7144,"date":"2017-03-28T14:48:52","date_gmt":"2017-03-28T12:48:52","guid":{"rendered":"http:\/\/scolopi.org\/abr2\/"},"modified":"2017-03-30T10:26:59","modified_gmt":"2017-03-30T08:26:59","slug":"abr2","status":"publish","type":"page","link":"https:\/\/scolopi.org\/it\/abr2\/","title":{"rendered":"ABR 2"},"content":{"rendered":"[et_pb_section bb_built=&#8221;1&#8243; admin_label=&#8221;section&#8221;][et_pb_row admin_label=&#8221;Fila&#8221;][et_pb_column type=&#8221;4_4&#8243;][et_pb_image admin_label=&#8221;Imagen&#8221; src=&#8221;https:\/\/scolopi.org\/wp-content\/uploads\/2017\/03\/portadilla-evento-2-abr.jpg&#8221; show_in_lightbox=&#8221;off&#8221; url_new_window=&#8221;off&#8221; use_overlay=&#8221;off&#8221; animation=&#8221;fade_in&#8221; sticky=&#8221;off&#8221; align=&#8221;left&#8221; force_fullwidth=&#8221;off&#8221; always_center_on_mobile=&#8221;on&#8221; use_border_color=&#8221;off&#8221; border_color=&#8221;#ffffff&#8221; border_style=&#8221;solid&#8221; \/][et_pb_divider admin_label=&#8221;Separador&#8221; color=&#8221;#ffffff&#8221; show_divider=&#8221;off&#8221; height=&#8221;3&#8243; divider_style=&#8221;solid&#8221; divider_position=&#8221;top&#8221; hide_on_mobile=&#8221;on&#8221; \/][\/et_pb_column][\/et_pb_row][et_pb_row admin_label=&#8221;row&#8221;][et_pb_column type=&#8221;1_4&#8243;][et_pb_image admin_label=&#8221;Imagen&#8221; show_in_lightbox=&#8221;off&#8221; url_new_window=&#8221;off&#8221; use_overlay=&#8221;off&#8221; animation=&#8221;fade_in&#8221; sticky=&#8221;off&#8221; align=&#8221;left&#8221; force_fullwidth=&#8221;off&#8221; always_center_on_mobile=&#8221;on&#8221; use_border_color=&#8221;off&#8221; border_color=&#8221;#ffffff&#8221; border_style=&#8221;solid&#8221; src=&#8221;https:\/\/scolopi.org\/wp-content\/uploads\/2017\/03\/boton-descarga-2abr.jpg&#8221; \/][\/et_pb_column][et_pb_column type=&#8221;3_4&#8243;][et_pb_accordion admin_label=&#8221;Acorde\u00f3n&#8221; use_border_color=&#8221;off&#8221; border_color=&#8221;#ffffff&#8221; border_style=&#8221;solid&#8221;] [et_pb_accordion_item title=&#8221;D\u00eda de las Misiones Escolapias&#8221;]\n<p>Ofrecemos un material pensado para la reflexi\u00f3n de nuestras comunidades, de la Orden y de las Fraternidades Escolapias. No es un material propio de una celebraci\u00f3n, sino para la formaci\u00f3n. A todos invitamos a reflexionar y orar sobre el esp\u00edritu misionero en las Escuelas P\u00edas.<\/p>\n<p>El material es largo, porque hemos querido respetar el texto completo de algunos de los valiosos testimonios misioneros de nuestros hermanos. Cada comunidad es libre de organizar este trabajo como considere m\u00e1s oportuno. Dios bendiga nuestro trabajo misionero.<\/p>\n<p>&nbsp;<\/p>\n<a href=\"https:\/\/scolopi.org\/wp-content\/uploads\/2017\/03\/jubilae-2-abr-esp.pdf\" class=\"su-button su-button-style-default\" style=\"color:#FFFFFF;background-color:#002f52;border-color:#002642;border-radius:5px\" target=\"_blank\" rel=\"noopener noreferrer\"><span style=\"color:#FFFFFF;padding:6px 16px;font-size:13px;line-height:20px;border-color:#4d6e86;border-radius:5px;text-shadow:none\"><i class=\"sui sui-hand-o-right\" style=\"font-size:13px;color:#FFFFFF\"><\/i> <small style=\"padding-bottom:6px;color:#FFFFFF\">DOWNLOAD PDF<\/small><\/span><\/a> [\/et_pb_accordion_item][et_pb_accordion_item title=&#8221;Piarist Missions Day&#8221;]\n<p>We offer a material intended for reflection in our communities, in the Order and in the Piarist Fraternities. It is not a material for a celebration, but for formation. We invite everyone to reflect on and to pray for the missionary spirit in the Pious Schools.<\/p>\n<p>The material is long, because we wanted to respect the full text of some of the valuable testimonies of our missionary brethren. Each community is free to organize this material as it seems most appropriate to them. God bless our missionary work.<\/p>\n<p>&nbsp;<\/p>\n<a href=\"https:\/\/scolopi.org\/wp-content\/uploads\/2017\/03\/jubilae-2-abr-ENG.pdf\" class=\"su-button su-button-style-default\" style=\"color:#FFFFFF;background-color:#002f52;border-color:#002642;border-radius:5px\" target=\"_blank\" rel=\"noopener noreferrer\"><span style=\"color:#FFFFFF;padding:6px 16px;font-size:13px;line-height:20px;border-color:#4d6e86;border-radius:5px;text-shadow:none\"><i class=\"sui sui-hand-o-right\" style=\"font-size:13px;color:#FFFFFF\"><\/i> <small style=\"padding-bottom:6px;color:#FFFFFF\">DOWNLOAD ENGLISH PDF<\/small><\/span><\/a> [\/et_pb_accordion_item][et_pb_accordion_item title=&#8221;Journ\u00e9e des Missions Piaristes&#8221;]\n<p>Nous offrons un mat\u00e9riel destin\u00e9 \u00e0 la r\u00e9flexion de nos communaut\u00e9s, de l\u2019Ordre et des Fraternit\u00e9s Piaristes. Ce n\u2019est pas du mat\u00e9riel pour une c\u00e9l\u00e9bration, mais pour la formation. Nous vous invitons tous \u00e0 r\u00e9fl\u00e9chir et prier sur l\u2019esprit missionnaire des \u00c9coles Pies.<\/p>\n<p>Le mat\u00e9riel est long, parce que nous avons voulu respecter le texte int\u00e9gral de certains des t\u00e9moignages pr\u00e9cieux de nos fr\u00e8res missionnaires. Chaque communaut\u00e9 est libre d\u2019organiser ce travail de la mani\u00e8re qu\u2019elle jugera la plus appropri\u00e9e. Que Dieu b\u00e9nisse notre travail missionnaire.<\/p>\n<p>&nbsp;<\/p>\n<a href=\"https:\/\/scolopi.org\/wp-content\/uploads\/2017\/03\/jubilae-2-abr-FRA-1.pdf\" class=\"su-button su-button-style-default\" style=\"color:#FFFFFF;background-color:#002f52;border-color:#002642;border-radius:5px\" target=\"_blank\" rel=\"noopener noreferrer\"><span style=\"color:#FFFFFF;padding:6px 16px;font-size:13px;line-height:20px;border-color:#4d6e86;border-radius:5px;text-shadow:none\"><i class=\"sui sui-hand-o-right\" style=\"font-size:13px;color:#FFFFFF\"><\/i> <small style=\"padding-bottom:6px;color:#FFFFFF\">DOWNLOAD FRA PDF<\/small><\/span><\/a>\n[\/et_pb_accordion_item][et_pb_accordion_item title=&#8221;Giornata delle Missioni Scolopiche&#8221;]\n<p>Offriamo un materiale pensato per la riflessione delle nostre comunit\u00e0, dell\u2019Ordine e delle Fraternit\u00e0 Scolopiche. Non \u00e8 un materiale tipico di una celebrazione, ma per la formazione. Invitiamo tutti a riflettere e a pregare sullo spirito missionario nelle Scuole Pie.<\/p>\n<p>Il materiale \u00e8 abbondante perch\u00e9 abbiamo voluto rispettare il testo completo di alcune valide testimonianze missionarie dei nostri fratelli.\u00a0 Ciascuna comunit\u00e0 \u00e8 libera di organizzare questo lavoro secondo le proprie necessit\u00e0. Dio benedica il nostro lavoro missionario.<\/p>\n<p>&nbsp;<\/p>\n<a href=\"https:\/\/scolopi.org\/wp-content\/uploads\/2017\/03\/jubilae-2-abr-ITA-1.pdf\" class=\"su-button su-button-style-default\" style=\"color:#FFFFFF;background-color:#002f52;border-color:#002642;border-radius:5px\" target=\"_blank\" rel=\"noopener noreferrer\"><span style=\"color:#FFFFFF;padding:6px 16px;font-size:13px;line-height:20px;border-color:#4d6e86;border-radius:5px;text-shadow:none\"><i class=\"sui sui-hand-o-right\" style=\"font-size:13px;color:#FFFFFF\"><\/i> <small style=\"padding-bottom:6px;color:#FFFFFF\">DOWNLOAD ITA PDF<\/small><\/span><\/a> [\/et_pb_accordion_item] [\/et_pb_accordion][et_pb_divider admin_label=&#8221;Separador&#8221; color=&#8221;#ffffff&#8221; show_divider=&#8221;off&#8221; height=&#8221;3&#8243; divider_style=&#8221;solid&#8221; divider_position=&#8221;top&#8221; hide_on_mobile=&#8221;on&#8221; \/][\/et_pb_column][\/et_pb_row][\/et_pb_section]\n","protected":false},"excerpt":{"rendered":"<p>Ofrecemos un material pensado para la reflexi&oacute;n de nuestras comunidades, de la Orden y de las Fraternidades Escolapias. No es un material propio de una celebraci&oacute;n, sino para la formaci&oacute;n. A todos invitamos a reflexionar y orar sobre el esp&iacute;ritu misionero en las Escuelas P&iacute;as. El material es largo, porque hemos querido respetar el texto [&hellip;]<\/p>\n","protected":false},"author":2,"featured_media":0,"parent":0,"menu_order":0,"comment_status":"closed","ping_status":"closed","template":"","meta":{"_et_pb_use_builder":"on","_et_pb_old_content":"","_et_gb_content_width":"","footnotes":""},"class_list":["post-7144","page","type-page","status-publish","hentry"],"yoast_head":"<!-- This site is optimized with the Yoast SEO plugin v24.6 - https:\/\/yoast.com\/wordpress\/plugins\/seo\/ -->\n<title>ABR 2 - Ordine delle Scuole Pie<\/title>\n<meta name=\"robots\" content=\"index, follow, max-snippet:-1, max-image-preview:large, max-video-preview:-1\" \/>\n<link rel=\"canonical\" href=\"https:\/\/scolopi.org\/abr2\/\" \/>\n<meta property=\"og:locale\" content=\"it_IT\" \/>\n<meta property=\"og:type\" content=\"article\" \/>\n<meta property=\"og:title\" content=\"ABR 2 - Ordine delle Scuole Pie\" \/>\n<meta property=\"og:description\" content=\"Ofrecemos un material pensado para la reflexi&oacute;n de nuestras comunidades, de la Orden y de las Fraternidades Escolapias. No es un material propio de una celebraci&oacute;n, sino para la formaci&oacute;n. A todos invitamos a reflexionar y orar sobre el esp&iacute;ritu misionero en las Escuelas P&iacute;as. El material es largo, porque hemos querido respetar el texto [&hellip;]\" \/>\n<meta property=\"og:url\" content=\"https:\/\/scolopi.org\/abr2\/\" \/>\n<meta property=\"og:site_name\" content=\"Ordine delle Scuole Pie\" \/>\n<meta property=\"article:modified_time\" content=\"2017-03-30T08:26:59+00:00\" \/>\n<meta name=\"twitter:card\" content=\"summary_large_image\" \/>\n<meta name=\"twitter:label1\" content=\"Tempo di lettura stimato\" \/>\n\t<meta name=\"twitter:data1\" content=\"4 minuti\" \/>\n<script type=\"application\/ld+json\" class=\"yoast-schema-graph\">{\"@context\":\"https:\/\/schema.org\",\"@graph\":[{\"@type\":\"WebPage\",\"@id\":\"https:\/\/scolopi.org\/abr2\/\",\"url\":\"https:\/\/scolopi.org\/abr2\/\",\"name\":\"ABR 2 - Ordine delle Scuole Pie\",\"isPartOf\":{\"@id\":\"https:\/\/scolopi.org\/#website\"},\"datePublished\":\"2017-03-28T12:48:52+00:00\",\"dateModified\":\"2017-03-30T08:26:59+00:00\",\"breadcrumb\":{\"@id\":\"https:\/\/scolopi.org\/abr2\/#breadcrumb\"},\"inLanguage\":\"it-IT\",\"potentialAction\":[{\"@type\":\"ReadAction\",\"target\":[\"https:\/\/scolopi.org\/abr2\/\"]}]},{\"@type\":\"BreadcrumbList\",\"@id\":\"https:\/\/scolopi.org\/abr2\/#breadcrumb\",\"itemListElement\":[{\"@type\":\"ListItem\",\"position\":1,\"name\":\"Portada\",\"item\":\"https:\/\/scolopi.org\/it\/\"},{\"@type\":\"ListItem\",\"position\":2,\"name\":\"ABR 2\"}]},{\"@type\":\"WebSite\",\"@id\":\"https:\/\/scolopi.org\/#website\",\"url\":\"https:\/\/scolopi.org\/\",\"name\":\"Ordine delle Scuole Pie\",\"description\":\"Web Ufficiale dell'Ordine delle Scuole Pie\",\"potentialAction\":[{\"@type\":\"SearchAction\",\"target\":{\"@type\":\"EntryPoint\",\"urlTemplate\":\"https:\/\/scolopi.org\/?s={search_term_string}\"},\"query-input\":{\"@type\":\"PropertyValueSpecification\",\"valueRequired\":true,\"valueName\":\"search_term_string\"}}],\"inLanguage\":\"it-IT\"}]}<\/script>\n<!-- \/ Yoast SEO plugin. -->","yoast_head_json":{"title":"ABR 2 - Ordine delle Scuole Pie","robots":{"index":"index","follow":"follow","max-snippet":"max-snippet:-1","max-image-preview":"max-image-preview:large","max-video-preview":"max-video-preview:-1"},"canonical":"https:\/\/scolopi.org\/abr2\/","og_locale":"it_IT","og_type":"article","og_title":"ABR 2 - Ordine delle Scuole Pie","og_description":"Ofrecemos un material pensado para la reflexi&oacute;n de nuestras comunidades, de la Orden y de las Fraternidades Escolapias. No es un material propio de una celebraci&oacute;n, sino para la formaci&oacute;n. A todos invitamos a reflexionar y orar sobre el esp&iacute;ritu misionero en las Escuelas P&iacute;as. El material es largo, porque hemos querido respetar el texto [&hellip;]","og_url":"https:\/\/scolopi.org\/abr2\/","og_site_name":"Ordine delle Scuole Pie","article_modified_time":"2017-03-30T08:26:59+00:00","twitter_card":"summary_large_image","twitter_misc":{"Tempo di lettura stimato":"4 minuti"},"schema":{"@context":"https:\/\/schema.org","@graph":[{"@type":"WebPage","@id":"https:\/\/scolopi.org\/abr2\/","url":"https:\/\/scolopi.org\/abr2\/","name":"ABR 2 - Ordine delle Scuole Pie","isPartOf":{"@id":"https:\/\/scolopi.org\/#website"},"datePublished":"2017-03-28T12:48:52+00:00","dateModified":"2017-03-30T08:26:59+00:00","breadcrumb":{"@id":"https:\/\/scolopi.org\/abr2\/#breadcrumb"},"inLanguage":"it-IT","potentialAction":[{"@type":"ReadAction","target":["https:\/\/scolopi.org\/abr2\/"]}]},{"@type":"BreadcrumbList","@id":"https:\/\/scolopi.org\/abr2\/#breadcrumb","itemListElement":[{"@type":"ListItem","position":1,"name":"Portada","item":"https:\/\/scolopi.org\/it\/"},{"@type":"ListItem","position":2,"name":"ABR 2"}]},{"@type":"WebSite","@id":"https:\/\/scolopi.org\/#website","url":"https:\/\/scolopi.org\/","name":"Ordine delle Scuole Pie","description":"Web Ufficiale dell'Ordine delle Scuole Pie","potentialAction":[{"@type":"SearchAction","target":{"@type":"EntryPoint","urlTemplate":"https:\/\/scolopi.org\/?s={search_term_string}"},"query-input":{"@type":"PropertyValueSpecification","valueRequired":true,"valueName":"search_term_string"}}],"inLanguage":"it-IT"}]}},"_links":{"self":[{"href":"https:\/\/scolopi.org\/it\/wp-json\/wp\/v2\/pages\/7144"}],"collection":[{"href":"https:\/\/scolopi.org\/it\/wp-json\/wp\/v2\/pages"}],"about":[{"href":"https:\/\/scolopi.org\/it\/wp-json\/wp\/v2\/types\/page"}],"author":[{"embeddable":true,"href":"https:\/\/scolopi.org\/it\/wp-json\/wp\/v2\/users\/2"}],"replies":[{"embeddable":true,"href":"https:\/\/scolopi.org\/it\/wp-json\/wp\/v2\/comments?post=7144"}],"version-history":[{"count":0,"href":"https:\/\/scolopi.org\/it\/wp-json\/wp\/v2\/pages\/7144\/revisions"}],"wp:attachment":[{"href":"https:\/\/scolopi.org\/it\/wp-json\/wp\/v2\/media?parent=7144"}],"curies":[{"name":"wp","href":"https:\/\/api.w.org\/{rel}","templated":true}]}}