{"id":7605,"date":"2017-04-10T20:06:12","date_gmt":"2017-04-10T18:06:12","guid":{"rendered":"http:\/\/scolopi.org\/abr-15\/"},"modified":"2024-05-31T08:57:56","modified_gmt":"2024-05-31T06:57:56","slug":"abr-15","status":"publish","type":"page","link":"https:\/\/scolopi.org\/it\/abr-15\/","title":{"rendered":"ABR 15"},"content":{"rendered":"[et_pb_section fb_built=&#8221;1&#8243; admin_label=&#8221;section&#8221; _builder_version=&#8221;4.16&#8243; global_colors_info=&#8221;{}&#8221;][et_pb_row admin_label=&#8221;Fila&#8221; _builder_version=&#8221;4.16&#8243; background_size=&#8221;initial&#8221; background_position=&#8221;top_left&#8221; background_repeat=&#8221;repeat&#8221; global_colors_info=&#8221;{}&#8221;][et_pb_column type=&#8221;4_4&#8243; _builder_version=&#8221;4.16&#8243; custom_padding=&#8221;|||&#8221; global_colors_info=&#8221;{}&#8221; custom_padding__hover=&#8221;|||&#8221;][et_pb_image src=&#8221;https:\/\/scolopi.org\/wp-content\/uploads\/2017\/04\/banner-grande-15-abril.jpg&#8221; align_tablet=&#8221;center&#8221; align_phone=&#8221;center&#8221; align_last_edited=&#8221;on|desktop&#8221; admin_label=&#8221;Imagen&#8221; _builder_version=&#8221;4.16&#8243; animation_style=&#8221;fade&#8221; animation_duration=&#8221;500ms&#8221; use_border_color=&#8221;off&#8221; border_color=&#8221;#ffffff&#8221; border_style=&#8221;solid&#8221; sticky=&#8221;off&#8221; always_center_on_mobile=&#8221;on&#8221; global_colors_info=&#8221;{}&#8221;][\/et_pb_image][et_pb_divider show_divider=&#8221;off&#8221; disabled_on=&#8221;on|on|off&#8221; admin_label=&#8221;Separador&#8221; _builder_version=&#8221;4.16&#8243; height=&#8221;3px&#8221; hide_on_mobile=&#8221;on&#8221; global_colors_info=&#8221;{}&#8221;][\/et_pb_divider][\/et_pb_column][\/et_pb_row][et_pb_row column_structure=&#8221;1_4,3_4&#8243; admin_label=&#8221;row&#8221; _builder_version=&#8221;4.16&#8243; background_size=&#8221;initial&#8221; background_position=&#8221;top_left&#8221; background_repeat=&#8221;repeat&#8221; global_colors_info=&#8221;{}&#8221;][et_pb_column type=&#8221;1_4&#8243; _builder_version=&#8221;4.16&#8243; custom_padding=&#8221;|||&#8221; global_colors_info=&#8221;{}&#8221; custom_padding__hover=&#8221;|||&#8221;][et_pb_image src=&#8221;https:\/\/scolopi.org\/wp-content\/uploads\/2017\/04\/banner-vertical-1.jpg&#8221; align_tablet=&#8221;center&#8221; align_phone=&#8221;center&#8221; align_last_edited=&#8221;on|desktop&#8221; admin_label=&#8221;Imagen&#8221; _builder_version=&#8221;4.16&#8243; animation_style=&#8221;fade&#8221; animation_duration=&#8221;500ms&#8221; use_border_color=&#8221;off&#8221; border_color=&#8221;#ffffff&#8221; border_style=&#8221;solid&#8221; sticky=&#8221;off&#8221; always_center_on_mobile=&#8221;on&#8221; global_colors_info=&#8221;{}&#8221;][\/et_pb_image][\/et_pb_column][et_pb_column type=&#8221;3_4&#8243; _builder_version=&#8221;4.16&#8243; custom_padding=&#8221;|||&#8221; global_colors_info=&#8221;{}&#8221; custom_padding__hover=&#8221;|||&#8221;][et_pb_accordion admin_label=&#8221;Acorde\u00f3n&#8221; _builder_version=&#8221;4.16&#8243; use_border_color=&#8221;off&#8221; border_color=&#8221;#ffffff&#8221; border_style=&#8221;solid&#8221; global_colors_info=&#8221;{}&#8221;][et_pb_accordion_item title=&#8221;D\u00eda de discernimiento sobre las claves de renovaci\u00f3n de las Escuelas P\u00edas&#8221; open=&#8221;on&#8221; _builder_version=&#8221;4.16&#8243; global_colors_info=&#8221;{}&#8221;]El pr\u00f3ximo 15 de abril el conjunto de la Orden celebra el <strong>D\u00eda de discernimiento sobre las claves de renovaci\u00f3n de las Escuelas P\u00edas<\/strong>. En este A\u00f1o Jubilar, ponemos a vuestra disposici\u00f3n un sencillo material que puedes descargar aqu\u00ed. En \u00e9l encontrar\u00e1s una breve introducci\u00f3n hist\u00f3rica as\u00ed como una propuesta de celebraci\u00f3n.<\/p>\n<p>&nbsp;<\/p>\n<a href=\"https:\/\/scolopi.org\/wp-content\/uploads\/2017\/04\/jubilae-15-abr-esp.pdf\" class=\"su-button su-button-style-default\" style=\"color:#FFFFFF;background-color:#002f52;border-color:#002642;border-radius:5px\" target=\"_blank\" rel=\"noopener noreferrer\"><span style=\"color:#FFFFFF;padding:6px 16px;font-size:13px;line-height:20px;border-color:#4d6e86;border-radius:5px;text-shadow:none\"><i class=\"sui sui-hand-o-right\" style=\"font-size:13px;color:#FFFFFF\"><\/i> <small style=\"padding-bottom:6px;color:#FFFFFF\">DOWNLOAD PDF<\/small><\/span><\/a>\n[\/et_pb_accordion_item][et_pb_accordion_item title=&#8221;Day of discernment of the keys to renewal of the Pious Schools&#8221; _builder_version=&#8221;4.16&#8243; global_colors_info=&#8221;{}&#8221; open=&#8221;off&#8221;]On April 15 the whole Order will celebrates the <strong>Day of discernment of the keys <\/strong><strong>to renewal of the Pious Schools<\/strong>. In this Jubilee Year, we put at your disposal a simple material that you can download here. In it you will find a brief historical introduction, as well as a proposal for a celebration.<\/p>\n<p>&nbsp;<\/p>\n<a href=\"https:\/\/scolopi.org\/wp-content\/uploads\/2017\/04\/jubilae-15-abr-ENG.pdf\" class=\"su-button su-button-style-default\" style=\"color:#FFFFFF;background-color:#002f52;border-color:#002642;border-radius:5px\" target=\"_blank\" rel=\"noopener noreferrer\"><span style=\"color:#FFFFFF;padding:6px 16px;font-size:13px;line-height:20px;border-color:#4d6e86;border-radius:5px;text-shadow:none\"><i class=\"sui sui-hand-o-right\" style=\"font-size:13px;color:#FFFFFF\"><\/i> <small style=\"padding-bottom:6px;color:#FFFFFF\">DOWNLOAD ENGLISH PDF<\/small><\/span><\/a> [\/et_pb_accordion_item][et_pb_accordion_item title=&#8221;Journ\u00e9e de discernement sur les cl\u00e9s de renouvellement des \u00c9coles Pies&#8221; _builder_version=&#8221;4.16&#8243; global_colors_info=&#8221;{}&#8221; open=&#8221;off&#8221;]Le 15 aprile, l\u2019ensemble de l\u2019Ordre c\u00e9l\u00e8bre le <strong>Journ\u00e9e de discernement sur les cl\u00e9s de renouvellement des \u00c9coles Pies<\/strong>. En cette ann\u00e9e jubilaire, nous mettons \u00e0 votre disposition un mat\u00e9riel simple que vous pouvez t\u00e9l\u00e9charger ici. Dedans, vous trouverez une br\u00e8ve introduction historique, ainsi que d\u2019une proposition pour une c\u00e9l\u00e9bration.<\/p>\n<p>&nbsp;<\/p>\n<a href=\"https:\/\/scolopi.org\/wp-content\/uploads\/2017\/04\/jubilae-15-abr-FRA.pdf\" class=\"su-button su-button-style-default\" style=\"color:#FFFFFF;background-color:#002f52;border-color:#002642;border-radius:5px\" target=\"_blank\" rel=\"noopener noreferrer\"><span style=\"color:#FFFFFF;padding:6px 16px;font-size:13px;line-height:20px;border-color:#4d6e86;border-radius:5px;text-shadow:none\"><i class=\"sui sui-hand-o-right\" style=\"font-size:13px;color:#FFFFFF\"><\/i> <small style=\"padding-bottom:6px;color:#FFFFFF\">DOWNLOAD FRA PDF<\/small><\/span><\/a> [\/et_pb_accordion_item][et_pb_accordion_item title=&#8221;Chiave di discernimento sulle chiavi di rinnovamento delle Scuole Pie&#8221; _builder_version=&#8221;4.16&#8243; global_colors_info=&#8221;{}&#8221; open=&#8221;off&#8221;]Il 15 abrile tutto l\u2019Ordine celebra il <strong>Chiave di discernimento sulle <\/strong><strong>chiavi di rinnovamento delle Scuole Pie<\/strong>. In questo Anno Giubilare, mettiamo a vostra disposizione un materiale semplice che potete scaricare qui. In esso troverete una breve introduzione storica, nonch\u00e9 una proposta per una celebrazione.<\/p>\n<p>&nbsp;<\/p>\n<a href=\"https:\/\/scolopi.org\/wp-content\/uploads\/2017\/04\/jubilae-15-abr-ita.pdf\" class=\"su-button su-button-style-default\" style=\"color:#FFFFFF;background-color:#002f52;border-color:#002642;border-radius:5px\" target=\"_blank\" rel=\"noopener noreferrer\"><span style=\"color:#FFFFFF;padding:6px 16px;font-size:13px;line-height:20px;border-color:#4d6e86;border-radius:5px;text-shadow:none\"><i class=\"sui sui-hand-o-right\" style=\"font-size:13px;color:#FFFFFF\"><\/i> <small style=\"padding-bottom:6px;color:#FFFFFF\">DOWNLOAD ITA PDF<\/small><\/span><\/a> [\/et_pb_accordion_item][\/et_pb_accordion][et_pb_divider show_divider=&#8221;off&#8221; disabled_on=&#8221;on|on|off&#8221; admin_label=&#8221;Separador&#8221; _builder_version=&#8221;4.16&#8243; height=&#8221;3px&#8221; hide_on_mobile=&#8221;on&#8221; global_colors_info=&#8221;{}&#8221;][\/et_pb_divider][\/et_pb_column][\/et_pb_row][\/et_pb_section]\n","protected":false},"excerpt":{"rendered":"<p>El pr&oacute;ximo 15 de abril el conjunto de la Orden celebra el D&iacute;a de discernimiento sobre las claves de renovaci&oacute;n de las Escuelas P&iacute;as. En este A&ntilde;o Jubilar, ponemos a vuestra disposici&oacute;n un sencillo material que puedes descargar aqu&iacute;. En &eacute;l encontrar&aacute;s una breve introducci&oacute;n hist&oacute;rica as&iacute; como una propuesta de celebraci&oacute;n. &nbsp; <a href=\"\" class=\"su-button su-button-style-default\" style=\"color:#FFFFFF;background-color:#2D89EF;border-color:#246ec0;border-radius:5px\" target=\"_self\"><span style=\"color:#FFFFFF;padding:0px 16px;font-size:13px;line-height:26px;border-color:#6cadf4;border-radius:5px;text-shadow:none\"> <\/span><\/a><\/p>\n","protected":false},"author":2,"featured_media":0,"parent":0,"menu_order":0,"comment_status":"closed","ping_status":"closed","template":"","meta":{"_et_pb_use_builder":"on","_et_pb_old_content":"","_et_gb_content_width":"","footnotes":""},"class_list":["post-7605","page","type-page","status-publish","hentry"],"yoast_head":"<!-- This site is optimized with the Yoast SEO plugin v24.6 - https:\/\/yoast.com\/wordpress\/plugins\/seo\/ -->\n<title>ABR 15 - Ordine delle Scuole Pie<\/title>\n<meta name=\"robots\" content=\"index, follow, max-snippet:-1, max-image-preview:large, max-video-preview:-1\" \/>\n<link rel=\"canonical\" href=\"https:\/\/scolopi.org\/it\/abr-15\/\" \/>\n<meta property=\"og:locale\" content=\"it_IT\" \/>\n<meta property=\"og:type\" content=\"article\" \/>\n<meta property=\"og:title\" content=\"ABR 15 - Ordine delle Scuole Pie\" \/>\n<meta property=\"og:description\" content=\"El pr&oacute;ximo 15 de abril el conjunto de la Orden celebra el D&iacute;a de discernimiento sobre las claves de renovaci&oacute;n de las Escuelas P&iacute;as. En este A&ntilde;o Jubilar, ponemos a vuestra disposici&oacute;n un sencillo material que puedes descargar aqu&iacute;. En &eacute;l encontrar&aacute;s una breve introducci&oacute;n hist&oacute;rica as&iacute; como una propuesta de celebraci&oacute;n. &nbsp;\" \/>\n<meta property=\"og:url\" content=\"https:\/\/scolopi.org\/it\/abr-15\/\" \/>\n<meta property=\"og:site_name\" content=\"Ordine delle Scuole Pie\" \/>\n<meta property=\"article:modified_time\" content=\"2024-05-31T06:57:56+00:00\" \/>\n<meta name=\"twitter:card\" content=\"summary_large_image\" \/>\n<script type=\"application\/ld+json\" class=\"yoast-schema-graph\">{\"@context\":\"https:\/\/schema.org\",\"@graph\":[{\"@type\":\"WebPage\",\"@id\":\"https:\/\/scolopi.org\/it\/abr-15\/\",\"url\":\"https:\/\/scolopi.org\/it\/abr-15\/\",\"name\":\"ABR 15 - Ordine delle Scuole Pie\",\"isPartOf\":{\"@id\":\"https:\/\/scolopi.org\/#website\"},\"datePublished\":\"2017-04-10T18:06:12+00:00\",\"dateModified\":\"2024-05-31T06:57:56+00:00\",\"breadcrumb\":{\"@id\":\"https:\/\/scolopi.org\/it\/abr-15\/#breadcrumb\"},\"inLanguage\":\"it-IT\",\"potentialAction\":[{\"@type\":\"ReadAction\",\"target\":[\"https:\/\/scolopi.org\/it\/abr-15\/\"]}]},{\"@type\":\"BreadcrumbList\",\"@id\":\"https:\/\/scolopi.org\/it\/abr-15\/#breadcrumb\",\"itemListElement\":[{\"@type\":\"ListItem\",\"position\":1,\"name\":\"Portada\",\"item\":\"https:\/\/scolopi.org\/it\/\"},{\"@type\":\"ListItem\",\"position\":2,\"name\":\"ABR 15\"}]},{\"@type\":\"WebSite\",\"@id\":\"https:\/\/scolopi.org\/#website\",\"url\":\"https:\/\/scolopi.org\/\",\"name\":\"Ordine delle Scuole Pie\",\"description\":\"Web Ufficiale dell'Ordine delle Scuole Pie\",\"potentialAction\":[{\"@type\":\"SearchAction\",\"target\":{\"@type\":\"EntryPoint\",\"urlTemplate\":\"https:\/\/scolopi.org\/?s={search_term_string}\"},\"query-input\":{\"@type\":\"PropertyValueSpecification\",\"valueRequired\":true,\"valueName\":\"search_term_string\"}}],\"inLanguage\":\"it-IT\"}]}<\/script>\n<!-- \/ Yoast SEO plugin. -->","yoast_head_json":{"title":"ABR 15 - Ordine delle Scuole Pie","robots":{"index":"index","follow":"follow","max-snippet":"max-snippet:-1","max-image-preview":"max-image-preview:large","max-video-preview":"max-video-preview:-1"},"canonical":"https:\/\/scolopi.org\/it\/abr-15\/","og_locale":"it_IT","og_type":"article","og_title":"ABR 15 - Ordine delle Scuole Pie","og_description":"El pr&oacute;ximo 15 de abril el conjunto de la Orden celebra el D&iacute;a de discernimiento sobre las claves de renovaci&oacute;n de las Escuelas P&iacute;as. En este A&ntilde;o Jubilar, ponemos a vuestra disposici&oacute;n un sencillo material que puedes descargar aqu&iacute;. En &eacute;l encontrar&aacute;s una breve introducci&oacute;n hist&oacute;rica as&iacute; como una propuesta de celebraci&oacute;n. &nbsp;","og_url":"https:\/\/scolopi.org\/it\/abr-15\/","og_site_name":"Ordine delle Scuole Pie","article_modified_time":"2024-05-31T06:57:56+00:00","twitter_card":"summary_large_image","schema":{"@context":"https:\/\/schema.org","@graph":[{"@type":"WebPage","@id":"https:\/\/scolopi.org\/it\/abr-15\/","url":"https:\/\/scolopi.org\/it\/abr-15\/","name":"ABR 15 - Ordine delle Scuole Pie","isPartOf":{"@id":"https:\/\/scolopi.org\/#website"},"datePublished":"2017-04-10T18:06:12+00:00","dateModified":"2024-05-31T06:57:56+00:00","breadcrumb":{"@id":"https:\/\/scolopi.org\/it\/abr-15\/#breadcrumb"},"inLanguage":"it-IT","potentialAction":[{"@type":"ReadAction","target":["https:\/\/scolopi.org\/it\/abr-15\/"]}]},{"@type":"BreadcrumbList","@id":"https:\/\/scolopi.org\/it\/abr-15\/#breadcrumb","itemListElement":[{"@type":"ListItem","position":1,"name":"Portada","item":"https:\/\/scolopi.org\/it\/"},{"@type":"ListItem","position":2,"name":"ABR 15"}]},{"@type":"WebSite","@id":"https:\/\/scolopi.org\/#website","url":"https:\/\/scolopi.org\/","name":"Ordine delle Scuole Pie","description":"Web Ufficiale dell'Ordine delle Scuole Pie","potentialAction":[{"@type":"SearchAction","target":{"@type":"EntryPoint","urlTemplate":"https:\/\/scolopi.org\/?s={search_term_string}"},"query-input":{"@type":"PropertyValueSpecification","valueRequired":true,"valueName":"search_term_string"}}],"inLanguage":"it-IT"}]}},"_links":{"self":[{"href":"https:\/\/scolopi.org\/it\/wp-json\/wp\/v2\/pages\/7605"}],"collection":[{"href":"https:\/\/scolopi.org\/it\/wp-json\/wp\/v2\/pages"}],"about":[{"href":"https:\/\/scolopi.org\/it\/wp-json\/wp\/v2\/types\/page"}],"author":[{"embeddable":true,"href":"https:\/\/scolopi.org\/it\/wp-json\/wp\/v2\/users\/2"}],"replies":[{"embeddable":true,"href":"https:\/\/scolopi.org\/it\/wp-json\/wp\/v2\/comments?post=7605"}],"version-history":[{"count":2,"href":"https:\/\/scolopi.org\/it\/wp-json\/wp\/v2\/pages\/7605\/revisions"}],"predecessor-version":[{"id":105976,"href":"https:\/\/scolopi.org\/it\/wp-json\/wp\/v2\/pages\/7605\/revisions\/105976"}],"wp:attachment":[{"href":"https:\/\/scolopi.org\/it\/wp-json\/wp\/v2\/media?parent=7605"}],"curies":[{"name":"wp","href":"https:\/\/api.w.org\/{rel}","templated":true}]}}